{"id":54163,"date":"2025-11-05T23:15:01","date_gmt":"2025-11-05T22:15:01","guid":{"rendered":"https:\/\/harrobia.net\/?page_id=54163"},"modified":"2026-03-11T15:55:26","modified_gmt":"2026-03-11T14:55:26","slug":"guia-por-itinerarios-en-bicicleta-2","status":"publish","type":"page","link":"https:\/\/harrobia.net\/es\/cursos\/guia-por-itinerarios-en-bicicleta-2\/","title":{"rendered":"Gu\u00eda por itinerarios en bicicleta"},"content":{"rendered":"<p>[et_pb_section fb_built=\u00bb1&#8243; _builder_version=\u00bb4.16&#8243; background_color=\u00bbrgba(171,206,227,0.15)\u00bb custom_padding=\u00bb30px|0px|30px|0px|false|false\u00bb da_disable_devices=\u00bboff|off|off\u00bb global_colors_info=\u00bb{}\u00bb da_is_popup=\u00bboff\u00bb da_exit_intent=\u00bboff\u00bb da_has_close=\u00bbon\u00bb da_alt_close=\u00bboff\u00bb da_dark_close=\u00bboff\u00bb da_not_modal=\u00bbon\u00bb da_is_singular=\u00bboff\u00bb da_with_loader=\u00bboff\u00bb da_has_shadow=\u00bbon\u00bb][et_pb_row _builder_version=\u00bb4.16&#8243; custom_padding=\u00bb0|0px|0|0px|false|false\u00bb global_colors_info=\u00bb{}\u00bb][et_pb_column type=\u00bb4_4&#8243; _builder_version=\u00bb4.16&#8243; custom_padding=\u00bb|||\u00bb global_colors_info=\u00bb{}\u00bb custom_padding__hover=\u00bb|||\u00bb][et_pb_dcsbcm_divi_breadcrumbs_module homebreadcrumbtext=\u00bb<i class=%22fas fa-school%22><\/i> Hasiera\u00bb _builder_version=\u00bb4.16&#8243; fontsbreadcrumbs_font=\u00bb||||||||\u00bb fontsbreadcrumbs_text_color=\u00bb#666666&#8243; fontsseperator_font=\u00bb||||||||\u00bb fontsseperator_text_color=\u00bb#003f7a\u00bb fontsbreadcrumblinks_font=\u00bb||||||||\u00bb fontsbreadcrumblinks_text_color=\u00bb#003f7a\u00bb global_colors_info=\u00bb{}\u00bb][\/et_pb_dcsbcm_divi_breadcrumbs_module][\/et_pb_column][\/et_pb_row][\/et_pb_section][et_pb_section fb_built=\u00bb1&#8243; _builder_version=\u00bb4.16&#8243; background_color=\u00bbrgba(171,206,227,0.15)\u00bb custom_padding=\u00bb0|0px|54px|0px|false|false\u00bb da_disable_devices=\u00bboff|off|off\u00bb global_colors_info=\u00bb{}\u00bb da_is_popup=\u00bboff\u00bb da_exit_intent=\u00bboff\u00bb da_has_close=\u00bbon\u00bb da_alt_close=\u00bboff\u00bb da_dark_close=\u00bboff\u00bb da_not_modal=\u00bbon\u00bb da_is_singular=\u00bboff\u00bb da_with_loader=\u00bboff\u00bb da_has_shadow=\u00bbon\u00bb][et_pb_row _builder_version=\u00bb4.16&#8243; background_color=\u00bb#ffffff\u00bb custom_padding=\u00bb|15px|0|15px|false|false\u00bb box_shadow_style=\u00bbpreset1&#8243; box_shadow_vertical=\u00bb12px\u00bb box_shadow_spread=\u00bb-6px\u00bb global_colors_info=\u00bb{}\u00bb][et_pb_column type=\u00bb4_4&#8243; _builder_version=\u00bb4.16&#8243; background_color=\u00bb#ffffff\u00bb custom_padding=\u00bb|||\u00bb global_colors_info=\u00bb{}\u00bb custom_padding__hover=\u00bb|||\u00bb][et_pb_post_title meta=\u00bboff\u00bb featured_image=\u00bboff\u00bb _builder_version=\u00bb4.27.0&#8243; title_font=\u00bb||||||||\u00bb title_font_size=\u00bb35px\u00bb meta_font=\u00bb||||||||\u00bb max_width=\u00bb80%\u00bb max_width_tablet=\u00bb\u00bb max_width_phone=\u00bb\u00bb max_width_last_edited=\u00bbon|phone\u00bb border_width_bottom=\u00bb1px\u00bb border_color_bottom=\u00bb#003f7a\u00bb global_colors_info=\u00bb{}\u00bb][\/et_pb_post_title][\/et_pb_column][\/et_pb_row][et_pb_row column_structure=\u00bb1_2,1_2&#8243; _builder_version=\u00bb4.25.0&#8243; _module_preset=\u00bbdefault\u00bb background_color=\u00bb#ffffff\u00bb custom_margin=\u00bb||-69px|||\u00bb global_colors_info=\u00bb{}\u00bb][et_pb_column type=\u00bb1_2&#8243; _builder_version=\u00bb4.24.2&#8243; _module_preset=\u00bbdefault\u00bb global_colors_info=\u00bb{}\u00bb][et_pb_gallery gallery_ids=\u00bb54233,54234,54232,54231,54230&#8243; fullwidth=\u00bbon\u00bb _builder_version=\u00bb4.27.4&#8243; _module_preset=\u00bbdefault\u00bb title_font=\u00bb|800|||||||\u00bb caption_text_align=\u00bbcenter\u00bb background_layout=\u00bbdark\u00bb custom_padding=\u00bb|||18px|false|false\u00bb child_mix_blend_mode=\u00bbcolor-dodge\u00bb global_colors_info=\u00bb{}\u00bb][\/et_pb_gallery][\/et_pb_column][et_pb_column type=\u00bb1_2&#8243; _builder_version=\u00bb4.24.2&#8243; _module_preset=\u00bbdefault\u00bb global_colors_info=\u00bb{}\u00bb][et_pb_text _builder_version=\u00bb4.27.4&#8243; _module_preset=\u00bbdefault\u00bb custom_padding=\u00bb||0px|||\u00bb global_colors_info=\u00bb{}\u00bb]<span style=\"color: #800000;\"><strong><b> Certificado profesional AFDA0109 &#8211; Gu\u00eda por itinerarios en bicicleta<br \/>\n<\/b><\/strong><\/span>[\/et_pb_text][et_pb_text _builder_version=\u00bb4.27.5&#8243; _module_preset=\u00bbdefault\u00bb custom_padding=\u00bb||0px|||\u00bb global_colors_info=\u00bb{}\u00bb]<\/p>\n<p><span style=\"color: #003366;\"><strong>-HORAS:<\/strong> 420h<\/span><br \/><span style=\"color: #003366;\"><strong>-CALENDARIO: <\/strong>18\/01\/2027 a 12\/05\/2027\u00a0<\/span><br \/><span style=\"color: #003366;\"><strong>-HORARIO: <\/strong>Lunes a Viernes 9:00 a 15:00 horas<strong><br \/>-LUGAR: <\/strong><a href=\"https:\/\/maps.app.goo.gl\/p4tFsz9cic1inXX19\" target=\"_blank\" rel=\"noopener\">Harrobia Lanbide Ikastola, Bilbao<\/a><br \/><\/span><span style=\"color: #003366;\">&#8211;<strong>\u00bfPARA QUI\u00c9N?:<\/strong> Prioritariamente Personas en desempleo<br \/><strong>-IDIOMA:<\/strong> Castellano<\/span><br \/><span style=\"color: #003366;\"><strong>-EMAIL:<\/strong>\u00a0<a style=\"color: #003366;\" href=\"mailto:ikasi@harrobia.net\" target=\"_blank\" rel=\"noopener\">ikasi@harrobia.net<\/a><br \/><strong>-TEL\u00c9FONO:<\/strong>\u00a0<a style=\"color: #003366;\" href=\"tel:944724366\" target=\"_blank\" rel=\"noopener\">944724366<\/a><br \/><strong>-WHATSAPP:<\/strong>\u00a0<a style=\"color: #003366;\" href=\"https:\/\/wa.me\/34688650113?text=Me%20gustar\u00eda%20saber%20m\u00e1s%20sobre%20el%20curso%20de%20Gu\u00eda%20de%20por%20itinerarios%20en%20bicicleta\" target=\"_blank\" rel=\"noopener\">688650113<\/a><\/span><\/p>\n<p><span style=\"color: #003366;\">\u00a0<\/span><\/p>\n<p>[\/et_pb_text][et_pb_button button_url=\u00bbhttps:\/\/web.lanbide.eus\/apps\/FR_CURSO_DETALLADO?LG=C&#038;ML=FORMEN1&#038;MS=Fcaa&#038;IDRG=25012878&#038;CTRG=1&#8243; url_new_window=\u00bbon\u00bb button_text=\u00bbInscr\u00edbete\u00bb _builder_version=\u00bb4.27.5&#8243; _module_preset=\u00bbdefault\u00bb background_layout=\u00bbdark\u00bb custom_margin=\u00bb-35px||||false|false\u00bb global_colors_info=\u00bb{}\u00bb][\/et_pb_button][\/et_pb_column][\/et_pb_row][et_pb_row _builder_version=\u00bb4.25.0&#8243; _module_preset=\u00bbdefault\u00bb background_color=\u00bb#ffffff\u00bb global_colors_info=\u00bb{}\u00bb][et_pb_column type=\u00bb4_4&#8243; _builder_version=\u00bb4.24.2&#8243; _module_preset=\u00bbdefault\u00bb global_colors_info=\u00bb{}\u00bb][et_pb_text _builder_version=\u00bb4.25.0&#8243; _module_preset=\u00bbdefault\u00bb header_font=\u00bb||||||||\u00bb background_color=\u00bb#003F7A\u00bb custom_margin=\u00bb20px||||false|false\u00bb custom_padding=\u00bb|||25px|false|false\u00bb global_colors_info=\u00bb{}\u00bb]<\/p>\n<p style=\"text-align: left;\"><span style=\"color: #ffffff;\"><em><strong>\u00bfQU\u00c9 VOY A APRENDER?<\/strong><\/em><\/span><\/p>\n<p>[\/et_pb_text][et_pb_text _builder_version=\u00bb4.27.4&#8243; _module_preset=\u00bbdefault\u00bb custom_margin=\u00bb|||24px|false|false\u00bb custom_padding=\u00bb|19px|||false|false\u00bb global_colors_info=\u00bb{}\u00bb]<\/p>\n<table width=\"1173\">\n<tbody>\n<tr>\n<td colspan=\"2\" rowspan=\"3\" width=\"936\">\n<p>Vas a aprender a determinar itinerarios y guiar usuarios en bicicleta por terrenos variados hasta media monta\u00f1a en condiciones de seguridad y respeto al medio ambiente, adapt\u00e1ndose a los usuarios, consiguiendo su satisfacci\u00f3n, la calidad del servicio y en los l\u00edmites de coste previstos.<\/p>\n<p>&nbsp;<\/p>\n<table width=\"936\">\n<tbody>\n<tr>\n<td colspan=\"2\" width=\"936\"><a href=\"https:\/\/drive.google.com\/file\/d\/1VB0CeL4oZxQr0wgl3NYeOi6JF7Th39M-\/view?usp=drive_link\" target=\"_blank\" rel=\"noopener\">Certificado profesional AFDA0109 &#8211; Gu\u00eda por itinerarios en bicicleta<\/a><\/td>\n<\/tr>\n<\/tbody>\n<\/table>\n<\/td>\n<\/tr>\n<\/tbody>\n<\/table>\n<p>[\/et_pb_text][\/et_pb_column][\/et_pb_row][et_pb_row _builder_version=\u00bb4.25.0&#8243; _module_preset=\u00bbdefault\u00bb background_color=\u00bb#ffffff\u00bb custom_margin=\u00bb-32px|auto|-46px|auto|false|false\u00bb custom_padding=\u00bb||0px||false|false\u00bb global_colors_info=\u00bb{}\u00bb][et_pb_column type=\u00bb4_4&#8243; _builder_version=\u00bb4.24.2&#8243; _module_preset=\u00bbdefault\u00bb global_colors_info=\u00bb{}\u00bb][et_pb_text _builder_version=\u00bb4.25.0&#8243; _module_preset=\u00bbdefault\u00bb header_font=\u00bb||||||||\u00bb background_color=\u00bb#003F7A\u00bb custom_padding=\u00bb|||25px|false|false\u00bb global_colors_info=\u00bb{}\u00bb]<\/p>\n<p style=\"text-align: left;\"><span style=\"color: #ffffff;\"><em><strong>SUBVENCIONADO<\/strong><\/em><\/span><\/p>\n<p>[\/et_pb_text][et_pb_text _builder_version=\u00bb4.27.4&#8243; _module_preset=\u00bbdefault\u00bb custom_margin=\u00bb|||24px|false|false\u00bb custom_padding=\u00bb|17px|||false|false\u00bb locked=\u00bboff\u00bb global_colors_info=\u00bb{}\u00bb]<\/p>\n<p>Este centro imparte formaci\u00f3n profesional para el empleo subvencionada por Lanbide Servicio Vasco de Empleo y el Fondo Social Europeo, en el marco del Programa FSE Plus del Pa\u00eds Vasco 2021-2027. Esta formaci\u00f3n pertenece a la convocatoria para personas desempleadas 2025 2027.<\/p>\n<table style=\"border-collapse: collapse; width: 100%;\" border=\"1\">\n<tbody>\n<tr>\n<td style=\"width: 33.3333%;\"><a href=\"https:\/\/www.lanbide.euskadi.eus\/lanbide-hasiera\/\" target=\"_blank\" rel=\"noopener\"><img loading=\"lazy\" decoding=\"async\" class=\"wp-image-49618 alignnone size-large\" style=\"display: block; margin-left: auto; margin-right: auto;\" src=\"https:\/\/harrobia.net\/wp-content\/uploads\/2024\/10\/LANBIDE-1024x492-1-1024x492-1.jpeg\" alt=\"\" width=\"213\" height=\"102\" \/><\/a><\/td>\n<td style=\"width: 33.3333%;\"><a href=\"https:\/\/www.euskadi.eus\/eusko-jaurlaritza\/lan-enplegu-saila\/\" target=\"_blank\" rel=\"noopener\"><img loading=\"lazy\" decoding=\"async\" class=\"wp-image-49620 alignnone size-large\" style=\"display: block; margin-left: auto; margin-right: auto;\" src=\"https:\/\/harrobia.net\/wp-content\/uploads\/2024\/10\/EUSKO-JAURLARITZA_ENPLEGUA-1024x496-2-1024x496-1.jpg\" alt=\"\" width=\"208\" height=\"101\" \/><\/a><\/td>\n<td style=\"width: 33.3333%;\"><a href=\"https:\/\/wayback.archive-it.org\/12090\/20220818103223\/https:\/\/ec.europa.eu\/esf\/\" target=\"_blank\" rel=\"noopener\"><img loading=\"lazy\" decoding=\"async\" class=\"wp-image-48284 alignnone size-full\" style=\"display: block; margin-left: auto; margin-right: auto;\" src=\"https:\/\/harrobia.net\/wp-content\/uploads\/2023\/11\/LOGO_FONDO_SOCIAL_EU-_gardena.png\" alt=\"\" width=\"236\" height=\"78\" \/><\/a><\/td>\n<\/tr>\n<\/tbody>\n<\/table>\n<p>&nbsp;<\/p>\n<table style=\"width: 100%; border-collapse: collapse; border-style: hidden; height: 10px;\" border=\"1\">\n<tbody>\n<tr style=\"height: 10px;\">\n<td style=\"width: 50%; height: 10px;\"><\/td>\n<td style=\"width: 50%; height: 10px;\"><\/td>\n<\/tr>\n<\/tbody>\n<\/table>\n<p>[\/et_pb_text][\/et_pb_column][\/et_pb_row][et_pb_row _builder_version=\u00bb4.25.0&#8243; _module_preset=\u00bbdefault\u00bb background_color=\u00bb#ffffff\u00bb custom_padding=\u00bb32px||||false|false\u00bb global_colors_info=\u00bb{}\u00bb][et_pb_column type=\u00bb4_4&#8243; _builder_version=\u00bb4.24.2&#8243; _module_preset=\u00bbdefault\u00bb global_colors_info=\u00bb{}\u00bb][et_pb_text _builder_version=\u00bb4.25.0&#8243; _module_preset=\u00bbdefault\u00bb header_font=\u00bb||||||||\u00bb background_color=\u00bb#003F7A\u00bb custom_padding=\u00bb|||25px|false|false\u00bb global_colors_info=\u00bb{}\u00bb]<\/p>\n<p style=\"text-align: left;\"><span style=\"color: #ffffff;\"><em><strong>M\u00c1S INFORMACI\u00d3N<\/strong><\/em><\/span><\/p>\n<p>[\/et_pb_text][et_pb_text _builder_version=\u00bb4.25.1&#8243; _module_preset=\u00bbdefault\u00bb custom_margin=\u00bb|||24px|false|false\u00bb custom_padding=\u00bb|16px|||false|false\u00bb global_colors_info=\u00bb{}\u00bb]<\/p>\n<p>El \u00fanico requisito para inscribirse es ser trabajador\/a activo o parado inscrito en <a href=\"https:\/\/apps.lanbide.euskadi.net\/apps\/ALTA_LANBIDE.GE_ALTA_LANBIDE_INI?LG=C\">LANBIDE<\/a>, Servicio Vasco de Empleo.<\/p>\n<p><span style=\"text-decoration: underline;\"><em><strong>Preinscripci\u00f3n:<\/strong><\/em><\/span><\/p>\n<p>En nuestro <a href=\"https:\/\/harrobia.net\/es\/catalogo-de-cursos\/cursos-lanbide-inscripcion\/\">formulario<\/a> recibir\u00e1s informaci\u00f3n en cuanto te apuntes y m\u00e1s informaci\u00f3n sobre otros cursos.<\/p>\n<p><span style=\"text-decoration: underline;\"><em><strong>Inscripci\u00f3n:<\/strong><\/em><\/span><\/p>\n<p>En la p\u00e1gina web de Lanbide, mediante el bot\u00f3n INSCRIPCI\u00d3N de la ficha correspondiente. Este bot\u00f3n s\u00f3lo estar\u00e1 disponible cuando Lanbide ampl\u00ede su formaci\u00f3n.<\/p>\n<p><span style=\"text-decoration: underline;\"><strong><em>Caracter\u00edsticas de la formaci\u00f3n:<\/em><\/strong><\/span><\/p>\n<p>En cada caso, se seguir\u00e1n las condiciones de participaci\u00f3n y gesti\u00f3n exigidas por el programa correspondiente.<\/p>\n<p><span style=\"text-decoration: underline;\"><strong><em>Titulaci\u00f3n:<\/em><\/strong><\/span><\/p>\n<p>Una vez finalizada correctamente la formaci\u00f3n se obtendr\u00e1 el diploma expedido por Lanbide.<\/p>\n<p>[\/et_pb_text][\/et_pb_column][\/et_pb_row][\/et_pb_section]<\/p>\n<span class=\"et_bloom_bottom_trigger\"><\/span>","protected":false},"excerpt":{"rendered":"<p>Certificado profesional AFDA0109 &#8211; Gu\u00eda por itinerarios en bicicleta -HORAS: 420h-CALENDARIO: 18\/01\/2027 a 12\/05\/2027\u00a0-HORARIO: Lunes a Viernes 9:00 a 15:00 horas-LUGAR: Harrobia Lanbide Ikastola, Bilbao-\u00bfPARA QUI\u00c9N?: Prioritariamente Personas en desempleo-IDIOMA: Castellano-EMAIL:\u00a0ikasi@harrobia.net-TEL\u00c9FONO:\u00a0944724366-WHATSAPP:\u00a0688650113 \u00a0\u00bfQU\u00c9 VOY A APRENDER? Vas a aprender a determinar itinerarios y guiar usuarios en bicicleta por terrenos variados hasta media monta\u00f1a en condiciones de [&hellip;]<\/p>\n","protected":false},"author":17,"featured_media":54233,"parent":49600,"menu_order":0,"comment_status":"closed","ping_status":"closed","template":"","meta":{"_acf_changed":false,"_et_pb_use_builder":"on","_et_pb_old_content":"","_et_gb_content_width":"","_joinchat":[],"footnotes":""},"class_list":["post-54163","page","type-page","status-publish","has-post-thumbnail","hentry"],"acf":[],"yoast_head":"<!-- This site is optimized with the Yoast SEO plugin v27.3 - https:\/\/yoast.com\/product\/yoast-seo-wordpress\/ -->\n<title>Gu\u00eda por itinerarios en bicicleta - Harrobia | Lanbide heziketa Bizkaian<\/title>\n<meta name=\"robots\" content=\"index, follow, max-snippet:-1, max-image-preview:large, max-video-preview:-1\" \/>\n<link rel=\"canonical\" href=\"https:\/\/harrobia.net\/es\/cursos\/guia-por-itinerarios-en-bicicleta-2\/\" \/>\n<meta property=\"og:locale\" content=\"es_ES\" \/>\n<meta property=\"og:type\" content=\"article\" \/>\n<meta property=\"og:title\" content=\"Gu\u00eda por itinerarios en bicicleta - Harrobia | Lanbide heziketa Bizkaian\" \/>\n<meta property=\"og:url\" content=\"https:\/\/harrobia.net\/es\/cursos\/guia-por-itinerarios-en-bicicleta-2\/\" \/>\n<meta property=\"og:site_name\" content=\"Harrobia Ikastola\" \/>\n<meta property=\"article:publisher\" content=\"https:\/\/www.facebook.com\/HarrobiaIkastola\" \/>\n<meta property=\"article:modified_time\" content=\"2026-03-11T14:55:26+00:00\" \/>\n<meta property=\"og:image\" content=\"https:\/\/harrobia.net\/wp-content\/uploads\/2025\/11\/4-1.jpg\" \/>\n\t<meta property=\"og:image:width\" content=\"596\" \/>\n\t<meta property=\"og:image:height\" content=\"597\" \/>\n\t<meta property=\"og:image:type\" content=\"image\/jpeg\" \/>\n<meta name=\"twitter:card\" content=\"summary_large_image\" \/>\n<meta name=\"twitter:site\" content=\"@harrobiaikas\" \/>\n<meta name=\"twitter:label1\" content=\"Tiempo de lectura\" \/>\n\t<meta name=\"twitter:data1\" content=\"3 minutos\" \/>\n<script type=\"application\/ld+json\" class=\"yoast-schema-graph\">{\"@context\":\"https:\\\/\\\/schema.org\",\"@graph\":[{\"@type\":\"WebPage\",\"@id\":\"https:\\\/\\\/harrobia.net\\\/es\\\/cursos\\\/guia-por-itinerarios-en-bicicleta-2\\\/\",\"url\":\"https:\\\/\\\/harrobia.net\\\/es\\\/cursos\\\/guia-por-itinerarios-en-bicicleta-2\\\/\",\"name\":\"Gu\u00eda por itinerarios en bicicleta - Harrobia | Lanbide heziketa Bizkaian\",\"isPartOf\":{\"@id\":\"https:\\\/\\\/harrobia.net\\\/#website\"},\"primaryImageOfPage\":{\"@id\":\"https:\\\/\\\/harrobia.net\\\/es\\\/cursos\\\/guia-por-itinerarios-en-bicicleta-2\\\/#primaryimage\"},\"image\":{\"@id\":\"https:\\\/\\\/harrobia.net\\\/es\\\/cursos\\\/guia-por-itinerarios-en-bicicleta-2\\\/#primaryimage\"},\"thumbnailUrl\":\"https:\\\/\\\/harrobia.net\\\/wp-content\\\/uploads\\\/2025\\\/11\\\/4-1.jpg\",\"datePublished\":\"2025-11-05T22:15:01+00:00\",\"dateModified\":\"2026-03-11T14:55:26+00:00\",\"breadcrumb\":{\"@id\":\"https:\\\/\\\/harrobia.net\\\/es\\\/cursos\\\/guia-por-itinerarios-en-bicicleta-2\\\/#breadcrumb\"},\"inLanguage\":\"es\",\"potentialAction\":[{\"@type\":\"ReadAction\",\"target\":[\"https:\\\/\\\/harrobia.net\\\/es\\\/cursos\\\/guia-por-itinerarios-en-bicicleta-2\\\/\"]}]},{\"@type\":\"ImageObject\",\"inLanguage\":\"es\",\"@id\":\"https:\\\/\\\/harrobia.net\\\/es\\\/cursos\\\/guia-por-itinerarios-en-bicicleta-2\\\/#primaryimage\",\"url\":\"https:\\\/\\\/harrobia.net\\\/wp-content\\\/uploads\\\/2025\\\/11\\\/4-1.jpg\",\"contentUrl\":\"https:\\\/\\\/harrobia.net\\\/wp-content\\\/uploads\\\/2025\\\/11\\\/4-1.jpg\",\"width\":596,\"height\":597,\"caption\":\"Gu\u00eda por itinerarios en bicicleta\"},{\"@type\":\"BreadcrumbList\",\"@id\":\"https:\\\/\\\/harrobia.net\\\/es\\\/cursos\\\/guia-por-itinerarios-en-bicicleta-2\\\/#breadcrumb\",\"itemListElement\":[{\"@type\":\"ListItem\",\"position\":1,\"name\":\"Home\",\"item\":\"https:\\\/\\\/harrobia.net\\\/\"},{\"@type\":\"ListItem\",\"position\":2,\"name\":\"Cursos\",\"item\":\"https:\\\/\\\/harrobia.net\\\/es\\\/cursos\\\/\"},{\"@type\":\"ListItem\",\"position\":3,\"name\":\"Gu\u00eda por itinerarios en bicicleta\"}]},{\"@type\":\"WebSite\",\"@id\":\"https:\\\/\\\/harrobia.net\\\/#website\",\"url\":\"https:\\\/\\\/harrobia.net\\\/\",\"name\":\"Harrobia Ikastola\",\"description\":\"Harrobia Lanbide Heziketaren Ikastola\",\"publisher\":{\"@id\":\"https:\\\/\\\/harrobia.net\\\/#organization\"},\"potentialAction\":[{\"@type\":\"SearchAction\",\"target\":{\"@type\":\"EntryPoint\",\"urlTemplate\":\"https:\\\/\\\/harrobia.net\\\/?s={search_term_string}\"},\"query-input\":{\"@type\":\"PropertyValueSpecification\",\"valueRequired\":true,\"valueName\":\"search_term_string\"}}],\"inLanguage\":\"es\"},{\"@type\":\"Organization\",\"@id\":\"https:\\\/\\\/harrobia.net\\\/#organization\",\"name\":\"Harrobia Ikastola\",\"url\":\"https:\\\/\\\/harrobia.net\\\/\",\"logo\":{\"@type\":\"ImageObject\",\"inLanguage\":\"es\",\"@id\":\"https:\\\/\\\/harrobia.net\\\/#\\\/schema\\\/logo\\\/image\\\/\",\"url\":\"https:\\\/\\\/harrobia.net\\\/wp-content\\\/uploads\\\/2014\\\/07\\\/harrobia.png\",\"contentUrl\":\"https:\\\/\\\/harrobia.net\\\/wp-content\\\/uploads\\\/2014\\\/07\\\/harrobia.png\",\"width\":256,\"height\":71,\"caption\":\"Harrobia Ikastola\"},\"image\":{\"@id\":\"https:\\\/\\\/harrobia.net\\\/#\\\/schema\\\/logo\\\/image\\\/\"},\"sameAs\":[\"https:\\\/\\\/www.facebook.com\\\/HarrobiaIkastola\",\"https:\\\/\\\/x.com\\\/harrobiaikas\",\"https:\\\/\\\/www.instagram.com\\\/harrobiaikastola\",\"https:\\\/\\\/www.youtube.com\\\/user\\\/IbarezkerraBilbo\"]}]}<\/script>\n<!-- \/ Yoast SEO plugin. -->","yoast_head_json":{"title":"Gu\u00eda por itinerarios en bicicleta - Harrobia | Lanbide heziketa Bizkaian","robots":{"index":"index","follow":"follow","max-snippet":"max-snippet:-1","max-image-preview":"max-image-preview:large","max-video-preview":"max-video-preview:-1"},"canonical":"https:\/\/harrobia.net\/es\/cursos\/guia-por-itinerarios-en-bicicleta-2\/","og_locale":"es_ES","og_type":"article","og_title":"Gu\u00eda por itinerarios en bicicleta - Harrobia | Lanbide heziketa Bizkaian","og_url":"https:\/\/harrobia.net\/es\/cursos\/guia-por-itinerarios-en-bicicleta-2\/","og_site_name":"Harrobia Ikastola","article_publisher":"https:\/\/www.facebook.com\/HarrobiaIkastola","article_modified_time":"2026-03-11T14:55:26+00:00","og_image":[{"width":596,"height":597,"url":"https:\/\/harrobia.net\/wp-content\/uploads\/2025\/11\/4-1.jpg","type":"image\/jpeg"}],"twitter_card":"summary_large_image","twitter_site":"@harrobiaikas","twitter_misc":{"Tiempo de lectura":"3 minutos"},"schema":{"@context":"https:\/\/schema.org","@graph":[{"@type":"WebPage","@id":"https:\/\/harrobia.net\/es\/cursos\/guia-por-itinerarios-en-bicicleta-2\/","url":"https:\/\/harrobia.net\/es\/cursos\/guia-por-itinerarios-en-bicicleta-2\/","name":"Gu\u00eda por itinerarios en bicicleta - Harrobia | Lanbide heziketa Bizkaian","isPartOf":{"@id":"https:\/\/harrobia.net\/#website"},"primaryImageOfPage":{"@id":"https:\/\/harrobia.net\/es\/cursos\/guia-por-itinerarios-en-bicicleta-2\/#primaryimage"},"image":{"@id":"https:\/\/harrobia.net\/es\/cursos\/guia-por-itinerarios-en-bicicleta-2\/#primaryimage"},"thumbnailUrl":"https:\/\/harrobia.net\/wp-content\/uploads\/2025\/11\/4-1.jpg","datePublished":"2025-11-05T22:15:01+00:00","dateModified":"2026-03-11T14:55:26+00:00","breadcrumb":{"@id":"https:\/\/harrobia.net\/es\/cursos\/guia-por-itinerarios-en-bicicleta-2\/#breadcrumb"},"inLanguage":"es","potentialAction":[{"@type":"ReadAction","target":["https:\/\/harrobia.net\/es\/cursos\/guia-por-itinerarios-en-bicicleta-2\/"]}]},{"@type":"ImageObject","inLanguage":"es","@id":"https:\/\/harrobia.net\/es\/cursos\/guia-por-itinerarios-en-bicicleta-2\/#primaryimage","url":"https:\/\/harrobia.net\/wp-content\/uploads\/2025\/11\/4-1.jpg","contentUrl":"https:\/\/harrobia.net\/wp-content\/uploads\/2025\/11\/4-1.jpg","width":596,"height":597,"caption":"Gu\u00eda por itinerarios en bicicleta"},{"@type":"BreadcrumbList","@id":"https:\/\/harrobia.net\/es\/cursos\/guia-por-itinerarios-en-bicicleta-2\/#breadcrumb","itemListElement":[{"@type":"ListItem","position":1,"name":"Home","item":"https:\/\/harrobia.net\/"},{"@type":"ListItem","position":2,"name":"Cursos","item":"https:\/\/harrobia.net\/es\/cursos\/"},{"@type":"ListItem","position":3,"name":"Gu\u00eda por itinerarios en bicicleta"}]},{"@type":"WebSite","@id":"https:\/\/harrobia.net\/#website","url":"https:\/\/harrobia.net\/","name":"Harrobia Ikastola","description":"Harrobia Lanbide Heziketaren Ikastola","publisher":{"@id":"https:\/\/harrobia.net\/#organization"},"potentialAction":[{"@type":"SearchAction","target":{"@type":"EntryPoint","urlTemplate":"https:\/\/harrobia.net\/?s={search_term_string}"},"query-input":{"@type":"PropertyValueSpecification","valueRequired":true,"valueName":"search_term_string"}}],"inLanguage":"es"},{"@type":"Organization","@id":"https:\/\/harrobia.net\/#organization","name":"Harrobia Ikastola","url":"https:\/\/harrobia.net\/","logo":{"@type":"ImageObject","inLanguage":"es","@id":"https:\/\/harrobia.net\/#\/schema\/logo\/image\/","url":"https:\/\/harrobia.net\/wp-content\/uploads\/2014\/07\/harrobia.png","contentUrl":"https:\/\/harrobia.net\/wp-content\/uploads\/2014\/07\/harrobia.png","width":256,"height":71,"caption":"Harrobia Ikastola"},"image":{"@id":"https:\/\/harrobia.net\/#\/schema\/logo\/image\/"},"sameAs":["https:\/\/www.facebook.com\/HarrobiaIkastola","https:\/\/x.com\/harrobiaikas","https:\/\/www.instagram.com\/harrobiaikastola","https:\/\/www.youtube.com\/user\/IbarezkerraBilbo"]}]}},"jetpack_sharing_enabled":true,"_links":{"self":[{"href":"https:\/\/harrobia.net\/es\/wp-json\/wp\/v2\/pages\/54163","targetHints":{"allow":["GET"]}}],"collection":[{"href":"https:\/\/harrobia.net\/es\/wp-json\/wp\/v2\/pages"}],"about":[{"href":"https:\/\/harrobia.net\/es\/wp-json\/wp\/v2\/types\/page"}],"author":[{"embeddable":true,"href":"https:\/\/harrobia.net\/es\/wp-json\/wp\/v2\/users\/17"}],"replies":[{"embeddable":true,"href":"https:\/\/harrobia.net\/es\/wp-json\/wp\/v2\/comments?post=54163"}],"version-history":[{"count":3,"href":"https:\/\/harrobia.net\/es\/wp-json\/wp\/v2\/pages\/54163\/revisions"}],"predecessor-version":[{"id":58559,"href":"https:\/\/harrobia.net\/es\/wp-json\/wp\/v2\/pages\/54163\/revisions\/58559"}],"up":[{"embeddable":true,"href":"https:\/\/harrobia.net\/es\/wp-json\/wp\/v2\/pages\/49600"}],"wp:featuredmedia":[{"embeddable":true,"href":"https:\/\/harrobia.net\/es\/wp-json\/wp\/v2\/media\/54233"}],"wp:attachment":[{"href":"https:\/\/harrobia.net\/es\/wp-json\/wp\/v2\/media?parent=54163"}],"curies":[{"name":"wp","href":"https:\/\/api.w.org\/{rel}","templated":true}]}}