{"id":53642,"date":"2025-09-12T09:36:19","date_gmt":"2025-09-12T07:36:19","guid":{"rendered":"https:\/\/harrobia.net\/?page_id=53642"},"modified":"2026-03-17T10:59:04","modified_gmt":"2026-03-17T09:59:04","slug":"vigilancia-seguridad-y-proteccion-de-personas-con-primeros-auxilios","status":"publish","type":"page","link":"https:\/\/harrobia.net\/es\/cursos\/vigilancia-seguridad-y-proteccion-de-personas-con-primeros-auxilios\/","title":{"rendered":"Vigilancia, seguridad y protecci\u00f3n de personas &#8211; Primeros Auxilios"},"content":{"rendered":"<p>[et_pb_section fb_built=\u00bb1&#8243; _builder_version=\u00bb4.16&#8243; background_color=\u00bbrgba(171,206,227,0.15)\u00bb custom_padding=\u00bb30px|0px|30px|0px|false|false\u00bb da_disable_devices=\u00bboff|off|off\u00bb global_colors_info=\u00bb{}\u00bb da_is_popup=\u00bboff\u00bb da_exit_intent=\u00bboff\u00bb da_has_close=\u00bbon\u00bb da_alt_close=\u00bboff\u00bb da_dark_close=\u00bboff\u00bb da_not_modal=\u00bbon\u00bb da_is_singular=\u00bboff\u00bb da_with_loader=\u00bboff\u00bb da_has_shadow=\u00bbon\u00bb][et_pb_row _builder_version=\u00bb4.16&#8243; custom_padding=\u00bb0|0px|0|0px|false|false\u00bb global_colors_info=\u00bb{}\u00bb][et_pb_column type=\u00bb4_4&#8243; _builder_version=\u00bb4.16&#8243; custom_padding=\u00bb|||\u00bb global_colors_info=\u00bb{}\u00bb custom_padding__hover=\u00bb|||\u00bb][et_pb_dcsbcm_divi_breadcrumbs_module homebreadcrumbtext=\u00bb<i class=%22fas fa-school%22><\/i> Hasiera\u00bb _builder_version=\u00bb4.16&#8243; fontsbreadcrumbs_font=\u00bb||||||||\u00bb fontsbreadcrumbs_text_color=\u00bb#666666&#8243; fontsseperator_font=\u00bb||||||||\u00bb fontsseperator_text_color=\u00bb#003f7a\u00bb fontsbreadcrumblinks_font=\u00bb||||||||\u00bb fontsbreadcrumblinks_text_color=\u00bb#003f7a\u00bb global_colors_info=\u00bb{}\u00bb][\/et_pb_dcsbcm_divi_breadcrumbs_module][\/et_pb_column][\/et_pb_row][\/et_pb_section][et_pb_section fb_built=\u00bb1&#8243; _builder_version=\u00bb4.16&#8243; background_color=\u00bbrgba(171,206,227,0.15)\u00bb custom_padding=\u00bb0|0px|54px|0px|false|false\u00bb da_disable_devices=\u00bboff|off|off\u00bb global_colors_info=\u00bb{}\u00bb da_is_popup=\u00bboff\u00bb da_exit_intent=\u00bboff\u00bb da_has_close=\u00bbon\u00bb da_alt_close=\u00bboff\u00bb da_dark_close=\u00bboff\u00bb da_not_modal=\u00bbon\u00bb da_is_singular=\u00bboff\u00bb da_with_loader=\u00bboff\u00bb da_has_shadow=\u00bbon\u00bb][et_pb_row _builder_version=\u00bb4.16&#8243; background_color=\u00bb#ffffff\u00bb custom_padding=\u00bb|15px|0|15px|false|false\u00bb box_shadow_style=\u00bbpreset1&#8243; box_shadow_vertical=\u00bb12px\u00bb box_shadow_spread=\u00bb-6px\u00bb global_colors_info=\u00bb{}\u00bb][et_pb_column type=\u00bb4_4&#8243; _builder_version=\u00bb4.16&#8243; background_color=\u00bb#ffffff\u00bb custom_padding=\u00bb|||\u00bb global_colors_info=\u00bb{}\u00bb custom_padding__hover=\u00bb|||\u00bb][et_pb_post_title meta=\u00bboff\u00bb featured_image=\u00bboff\u00bb _builder_version=\u00bb4.27.0&#8243; title_font=\u00bb||||||||\u00bb title_font_size=\u00bb35px\u00bb meta_font=\u00bb||||||||\u00bb max_width=\u00bb80%\u00bb max_width_tablet=\u00bb\u00bb max_width_phone=\u00bb\u00bb max_width_last_edited=\u00bbon|phone\u00bb border_width_bottom=\u00bb1px\u00bb border_color_bottom=\u00bb#003f7a\u00bb global_colors_info=\u00bb{}\u00bb][\/et_pb_post_title][\/et_pb_column][\/et_pb_row][et_pb_row column_structure=\u00bb1_2,1_2&#8243; _builder_version=\u00bb4.25.0&#8243; _module_preset=\u00bbdefault\u00bb background_color=\u00bb#ffffff\u00bb custom_margin=\u00bb||-69px|||\u00bb global_colors_info=\u00bb{}\u00bb][et_pb_column type=\u00bb1_2&#8243; _builder_version=\u00bb4.24.2&#8243; _module_preset=\u00bbdefault\u00bb global_colors_info=\u00bb{}\u00bb][et_pb_gallery gallery_ids=\u00bb54087&#8243; fullwidth=\u00bbon\u00bb _builder_version=\u00bb4.27.4&#8243; _module_preset=\u00bbdefault\u00bb title_font=\u00bb|800|||||||\u00bb caption_text_align=\u00bbcenter\u00bb background_layout=\u00bbdark\u00bb custom_padding=\u00bb|||18px|false|false\u00bb child_mix_blend_mode=\u00bbcolor-dodge\u00bb global_colors_info=\u00bb{}\u00bb][\/et_pb_gallery][\/et_pb_column][et_pb_column type=\u00bb1_2&#8243; _builder_version=\u00bb4.24.2&#8243; _module_preset=\u00bbdefault\u00bb global_colors_info=\u00bb{}\u00bb][et_pb_text _builder_version=\u00bb4.27.4&#8243; _module_preset=\u00bbdefault\u00bb custom_padding=\u00bb||0px|||\u00bb global_colors_info=\u00bb{}\u00bb]<\/p>\n<p><span style=\"color: #800000;\"><strong><b>Certificado Profesional SEAD0112 &#8211; Vigilancia, seguridad privada y protecci\u00f3n de personas<br \/>M\u00f3dulo Formativo, MF0272_2 Primeros auxilios<br \/><\/b><\/strong><\/span><\/p>\n<p>[\/et_pb_text][et_pb_text _builder_version=\u00bb4.27.5&#8243; _module_preset=\u00bbdefault\u00bb custom_padding=\u00bb||0px|||\u00bb global_colors_info=\u00bb{}\u00bb]<\/p>\n<p><span style=\"color: #003366;\"><strong>-HORAS:<\/strong> 337h<\/span><br \/><span style=\"color: #003366;\"><strong>-CALENDARIO:<\/strong> -\/-\/- &#8211; -\/-\/-<\/span><br \/><span style=\"color: #003366;\"><strong>-HORARIO: <\/strong>&#8211;<strong><br \/>-LUGAR: <\/strong><a href=\"https:\/\/www.google.com\/maps\/place\/\/data=!4m2!3m1!1s0xd4e4fd2eacd2137:0xb9a72dcd3ae9d87d?sa=X&amp;ved=1t:8290&amp;hl=eu&amp;ictx=111\">Harrobia Ikastola, Bilbao<\/a><br \/><strong>-\u00bfPARA QUI\u00c9N?:<\/strong> Residentes de Bizkaia en desempleo y<br \/>dadas de alta en <a href=\"https:\/\/apps.lanbide.euskadi.net\/apps\/GE_IDENTIFICAR?LG=C&amp;ML=&amp;TPRG=L\">Lanbide<\/a><br \/><strong>-IDIOMA:<\/strong> Castellano<\/span><br \/><span style=\"color: #003366;\"><strong>-EMAIL:<\/strong>\u00a0<a style=\"color: #003366;\" href=\"mailto:ikasi@harrobia.net\">ikasi@harrobia.net<\/a><br \/><strong>-TEL\u00c9FONO:<\/strong>\u00a0<a style=\"color: #003366;\" href=\"tel:944724366\">944724366<\/a><br \/><strong>-WHATSAPP: <\/strong><a href=\"&lt;a%20href=&quot;https:\/\/wa.me\/34688650113&quot; target=&quot;_blank&quot;&gt;688 650 113&lt;\/a&gt;\">688650113<\/a><\/span><\/p>\n<p><span style=\"color: #003366;\">\u00a0<\/span><\/p>\n<p>[\/et_pb_text][et_pb_button button_url=\u00bbhttps:\/\/harrobia.net\/es\/cursos-lanbide-inscripcion\/\u00bb url_new_window=\u00bbon\u00bb button_text=\u00bbConsultar\u00bb _builder_version=\u00bb4.27.5&#8243; _module_preset=\u00bbdefault\u00bb background_layout=\u00bbdark\u00bb custom_margin=\u00bb-35px||||false|false\u00bb hover_enabled=\u00bb0&#8243; global_colors_info=\u00bb{}\u00bb sticky_enabled=\u00bb0&#8243;][\/et_pb_button][\/et_pb_column][\/et_pb_row][et_pb_row _builder_version=\u00bb4.25.0&#8243; _module_preset=\u00bbdefault\u00bb background_color=\u00bb#ffffff\u00bb custom_padding=\u00bb||3px|||\u00bb global_colors_info=\u00bb{}\u00bb][et_pb_column type=\u00bb4_4&#8243; _builder_version=\u00bb4.24.2&#8243; _module_preset=\u00bbdefault\u00bb global_colors_info=\u00bb{}\u00bb][et_pb_text _builder_version=\u00bb4.25.0&#8243; _module_preset=\u00bbdefault\u00bb header_font=\u00bb||||||||\u00bb background_color=\u00bb#003F7A\u00bb custom_margin=\u00bb20px||||false|false\u00bb custom_padding=\u00bb|||25px|false|false\u00bb global_colors_info=\u00bb{}\u00bb]<\/p>\n<p style=\"text-align: left;\"><span style=\"color: #ffffff;\"><em><strong>\u00bfQU\u00c9 VOY A APRENDER?<\/strong><\/em><\/span><\/p>\n<p>[\/et_pb_text][et_pb_text _builder_version=\u00bb4.27.4&#8243; _module_preset=\u00bbdefault\u00bb custom_margin=\u00bb|||24px|false|false\u00bb custom_padding=\u00bb|19px|||false|false\u00bb global_colors_info=\u00bb{}\u00bb]<\/p>\n<p>En este Plan Formativo vas a adquirir una competencia general para Vigilar, y proteger a las personas y sus bienes, evitando la comisi\u00f3n de delitos e infracciones, en un entorno definido.<br \/>Y como persona implicada en la protecci\u00f3n y seguridad de otras personas adquirir\u00e1s los conocimientos necesarios para administrar los Primeros Auxilios a posibles personas que as\u00ed lo requieran. As\u00ed tendr\u00e1s una formaci\u00f3n m\u00e1s amplia para tu futuro laboral.<\/p>\n<p>&nbsp;<\/p>\n<table width=\"908\">\n<tbody>\n<tr>\n<td colspan=\"2\" width=\"908\"><a href=\"https:\/\/drive.google.com\/file\/d\/1FchWBHuDx0ru59AWfc9w_aLq-5TcAdN3\/view?usp=drive_link\">Certificado Profesional SEAD0112 &#8211; Vigilancia, seguridad privada y protecci\u00f3n de personas<\/a><\/td>\n<\/tr>\n<\/tbody>\n<\/table>\n<p>[\/et_pb_text][\/et_pb_column][\/et_pb_row][et_pb_row _builder_version=\u00bb4.25.0&#8243; _module_preset=\u00bbdefault\u00bb background_color=\u00bb#ffffff\u00bb custom_margin=\u00bb||-46px||false|false\u00bb custom_padding=\u00bb||0px||false|false\u00bb global_colors_info=\u00bb{}\u00bb][et_pb_column type=\u00bb4_4&#8243; _builder_version=\u00bb4.24.2&#8243; _module_preset=\u00bbdefault\u00bb global_colors_info=\u00bb{}\u00bb][et_pb_text _builder_version=\u00bb4.25.0&#8243; _module_preset=\u00bbdefault\u00bb header_font=\u00bb||||||||\u00bb background_color=\u00bb#003F7A\u00bb custom_padding=\u00bb|||25px|false|false\u00bb global_colors_info=\u00bb{}\u00bb]<\/p>\n<p style=\"text-align: left;\"><span style=\"color: #ffffff;\"><em><strong>SUBVENCIONADO<\/strong><\/em><\/span><\/p>\n<p>[\/et_pb_text][et_pb_text _builder_version=\u00bb4.27.4&#8243; _module_preset=\u00bbdefault\u00bb custom_margin=\u00bb|||24px|false|false\u00bb custom_padding=\u00bb4px|17px|||false|false\u00bb locked=\u00bboff\u00bb global_colors_info=\u00bb{}\u00bb]<\/p>\n<p>Este centro imparte formaci\u00f3n profesional para el empleo financiado por <a href=\"https:\/\/www.portaldeempleodebizkaia.eus\/itinerario\/detalle\/883?_locale=eu\" target=\"_blank\" rel=\"noopener\">DEMA, Agencia Foral de Empleo y Emprendimiento del Departamento de Empleo,<\/a> Cohesi\u00f3n Social e Igualdad de la Diputaci\u00f3n Foral de Bizkaia. Esta formaci\u00f3n pertence al Programa Lanberri 2025.<\/p>\n<p>&nbsp;<\/p>\n<table style=\"border-collapse: collapse; width: 100%; height: 168px;\" border=\"1\">\n<tbody>\n<tr style=\"height: 168px;\">\n<td style=\"width: 50%; height: 168px;\"><img loading=\"lazy\" decoding=\"async\" class=\"alignnone wp-image-53668 \" style=\"display: block; margin-left: auto; margin-right: auto;\" src=\"https:\/\/harrobia.net\/wp-content\/uploads\/2025\/09\/bizkaiko-foru-aldundia-diputacion-foral-300x226.jpg\" alt=\"\" width=\"190\" height=\"143\" \/><\/td>\n<td style=\"width: 50%; height: 168px;\"><a href=\"https:\/\/www.portaldeempleodebizkaia.eus\/itinerario\/detalle\/883\" title=\"Dema\" target=\"_blank\" rel=\"noopener\"><img loading=\"lazy\" decoding=\"async\" class=\"alignnone wp-image-53670 \" style=\"display: block; margin-left: auto; margin-right: auto;\" src=\"https:\/\/harrobia.net\/wp-content\/uploads\/2025\/09\/Bizkia-dema-300x226.jpg\" alt=\"\" width=\"201\" height=\"152\" \/><\/a><\/td>\n<\/tr>\n<\/tbody>\n<\/table>\n<table style=\"width: 100%; border-collapse: collapse; border-style: hidden; height: 10px;\" border=\"1\">\n<tbody>\n<tr style=\"height: 10px;\">\n<td style=\"width: 50%; height: 10px;\"><\/td>\n<\/tr>\n<\/tbody>\n<\/table>\n<p>[\/et_pb_text][\/et_pb_column][\/et_pb_row][et_pb_row _builder_version=\u00bb4.25.0&#8243; _module_preset=\u00bbdefault\u00bb background_color=\u00bb#ffffff\u00bb custom_padding=\u00bb32px||||false|false\u00bb global_colors_info=\u00bb{}\u00bb][et_pb_column type=\u00bb4_4&#8243; _builder_version=\u00bb4.24.2&#8243; _module_preset=\u00bbdefault\u00bb global_colors_info=\u00bb{}\u00bb][et_pb_text _builder_version=\u00bb4.25.0&#8243; _module_preset=\u00bbdefault\u00bb header_font=\u00bb||||||||\u00bb background_color=\u00bb#003F7A\u00bb custom_padding=\u00bb|||25px|false|false\u00bb global_colors_info=\u00bb{}\u00bb]<\/p>\n<p style=\"text-align: left;\"><span style=\"color: #ffffff;\"><em><strong>M\u00c1S INFORMACI\u00d3N<\/strong><\/em><\/span><\/p>\n<p>[\/et_pb_text][et_pb_text _builder_version=\u00bb4.25.1&#8243; _module_preset=\u00bbdefault\u00bb custom_margin=\u00bb|||24px|false|false\u00bb custom_padding=\u00bb|16px|||false|false\u00bb global_colors_info=\u00bb{}\u00bb]<\/p>\n<p>El \u00fanico requisito para inscribirse es ser trabajador\/a activo o parado inscrito en <a href=\"https:\/\/apps.lanbide.euskadi.net\/apps\/ALTA_LANBIDE.GE_ALTA_LANBIDE_INI?LG=C\">LANBIDE<\/a>, Servicio Vasco de Empleo.<\/p>\n<p><span style=\"text-decoration: underline;\"><em><strong>Preinscripci\u00f3n:<\/strong><\/em><\/span><\/p>\n<p>En nuestro <a href=\"https:\/\/harrobia.net\/es\/catalogo-de-cursos\/cursos-lanbide-inscripcion\/\">formulario<\/a> recibir\u00e1s informaci\u00f3n en cuanto te apuntes y m\u00e1s informaci\u00f3n sobre otros cursos.<\/p>\n<p><span style=\"text-decoration: underline;\"><em><strong>Inscripci\u00f3n:<\/strong><\/em><\/span><\/p>\n<p>En la p\u00e1gina web de Lanbide, mediante el bot\u00f3n INSCRIPCI\u00d3N de la ficha correspondiente. Este bot\u00f3n s\u00f3lo estar\u00e1 disponible cuando Lanbide ampl\u00ede su formaci\u00f3n.<\/p>\n<p><span style=\"text-decoration: underline;\"><strong><em>Caracter\u00edsticas de la formaci\u00f3n:<\/em><\/strong><\/span><\/p>\n<p>En cada caso, se seguir\u00e1n las condiciones de participaci\u00f3n y gesti\u00f3n exigidas por el programa correspondiente.<\/p>\n<p><span style=\"text-decoration: underline;\"><strong><em>Titulaci\u00f3n:<\/em><\/strong><\/span><\/p>\n<p>Una vez finalizada correctamente la formaci\u00f3n se obtendr\u00e1 el diploma expedido por Lanbide.<\/p>\n<p>[\/et_pb_text][\/et_pb_column][\/et_pb_row][\/et_pb_section]<\/p>\n<span class=\"et_bloom_bottom_trigger\"><\/span>","protected":false},"excerpt":{"rendered":"<p>Certificado Profesional SEAD0112 &#8211; Vigilancia, seguridad privada y protecci\u00f3n de personasM\u00f3dulo Formativo, MF0272_2 Primeros auxilios-HORAS: 337h-CALENDARIO: -\/-\/- &#8211; -\/-\/&#8211;HORARIO: &#8211;LUGAR: Harrobia Ikastola, Bilbao-\u00bfPARA QUI\u00c9N?: Residentes de Bizkaia en desempleo ydadas de alta en Lanbide-IDIOMA: Castellano-EMAIL:\u00a0ikasi@harrobia.net-TEL\u00c9FONO:\u00a0944724366-WHATSAPP: 688650113 \u00a0\u00bfQU\u00c9 VOY A APRENDER?En este Plan Formativo vas a adquirir una competencia general para Vigilar, y proteger a las [&hellip;]<\/p>\n","protected":false},"author":6,"featured_media":54087,"parent":49600,"menu_order":0,"comment_status":"closed","ping_status":"closed","template":"","meta":{"_acf_changed":false,"_et_pb_use_builder":"on","_et_pb_old_content":"","_et_gb_content_width":"","_joinchat":{"telephone":"+34688650113","message_text":"Kaixo! No te quedes con dudas, \u00a1escr\u00edbenos!"},"footnotes":""},"class_list":["post-53642","page","type-page","status-publish","has-post-thumbnail","hentry"],"acf":[],"yoast_head":"<!-- This site is optimized with the Yoast SEO plugin v26.8 - https:\/\/yoast.com\/product\/yoast-seo-wordpress\/ -->\n<title>Harrobia | Lanbide heziketa Bizkaian<\/title>\n<meta name=\"robots\" content=\"index, follow, max-snippet:-1, max-image-preview:large, max-video-preview:-1\" \/>\n<link rel=\"canonical\" href=\"https:\/\/harrobia.net\/es\/cursos\/vigilancia-seguridad-y-proteccion-de-personas-con-primeros-auxilios\/\" \/>\n<meta property=\"og:locale\" content=\"es_ES\" \/>\n<meta property=\"og:type\" content=\"article\" \/>\n<meta property=\"og:title\" content=\"Harrobia | Lanbide heziketa Bizkaian\" \/>\n<meta property=\"og:url\" content=\"https:\/\/harrobia.net\/es\/cursos\/vigilancia-seguridad-y-proteccion-de-personas-con-primeros-auxilios\/\" \/>\n<meta property=\"og:site_name\" content=\"Harrobia Ikastola\" \/>\n<meta property=\"article:publisher\" content=\"https:\/\/www.facebook.com\/HarrobiaIkastola\" \/>\n<meta property=\"article:modified_time\" content=\"2026-03-17T09:59:04+00:00\" \/>\n<meta property=\"og:image\" content=\"https:\/\/harrobia.net\/wp-content\/uploads\/2025\/10\/Vigilancia-1024x633.png\" \/>\n\t<meta property=\"og:image:width\" content=\"1024\" \/>\n\t<meta property=\"og:image:height\" content=\"633\" \/>\n\t<meta property=\"og:image:type\" content=\"image\/png\" \/>\n<meta name=\"twitter:card\" content=\"summary_large_image\" \/>\n<meta name=\"twitter:site\" content=\"@harrobiaikas\" \/>\n<meta name=\"twitter:label1\" content=\"Tiempo de lectura\" \/>\n\t<meta name=\"twitter:data1\" content=\"3 minutos\" \/>\n<script type=\"application\/ld+json\" class=\"yoast-schema-graph\">{\"@context\":\"https:\/\/schema.org\",\"@graph\":[{\"@type\":\"WebPage\",\"@id\":\"https:\/\/harrobia.net\/es\/cursos\/vigilancia-seguridad-y-proteccion-de-personas-con-primeros-auxilios\/\",\"url\":\"https:\/\/harrobia.net\/es\/cursos\/vigilancia-seguridad-y-proteccion-de-personas-con-primeros-auxilios\/\",\"name\":\"Harrobia | Lanbide heziketa Bizkaian\",\"isPartOf\":{\"@id\":\"https:\/\/harrobia.net\/#website\"},\"primaryImageOfPage\":{\"@id\":\"https:\/\/harrobia.net\/es\/cursos\/vigilancia-seguridad-y-proteccion-de-personas-con-primeros-auxilios\/#primaryimage\"},\"image\":{\"@id\":\"https:\/\/harrobia.net\/es\/cursos\/vigilancia-seguridad-y-proteccion-de-personas-con-primeros-auxilios\/#primaryimage\"},\"thumbnailUrl\":\"https:\/\/harrobia.net\/wp-content\/uploads\/2025\/10\/Vigilancia.png\",\"datePublished\":\"2025-09-12T07:36:19+00:00\",\"dateModified\":\"2026-03-17T09:59:04+00:00\",\"breadcrumb\":{\"@id\":\"https:\/\/harrobia.net\/es\/cursos\/vigilancia-seguridad-y-proteccion-de-personas-con-primeros-auxilios\/#breadcrumb\"},\"inLanguage\":\"es\",\"potentialAction\":[{\"@type\":\"ReadAction\",\"target\":[\"https:\/\/harrobia.net\/es\/cursos\/vigilancia-seguridad-y-proteccion-de-personas-con-primeros-auxilios\/\"]}]},{\"@type\":\"ImageObject\",\"inLanguage\":\"es\",\"@id\":\"https:\/\/harrobia.net\/es\/cursos\/vigilancia-seguridad-y-proteccion-de-personas-con-primeros-auxilios\/#primaryimage\",\"url\":\"https:\/\/harrobia.net\/wp-content\/uploads\/2025\/10\/Vigilancia.png\",\"contentUrl\":\"https:\/\/harrobia.net\/wp-content\/uploads\/2025\/10\/Vigilancia.png\",\"width\":1968,\"height\":1216},{\"@type\":\"BreadcrumbList\",\"@id\":\"https:\/\/harrobia.net\/es\/cursos\/vigilancia-seguridad-y-proteccion-de-personas-con-primeros-auxilios\/#breadcrumb\",\"itemListElement\":[{\"@type\":\"ListItem\",\"position\":1,\"name\":\"Home\",\"item\":\"https:\/\/harrobia.net\/\"},{\"@type\":\"ListItem\",\"position\":2,\"name\":\"Cursos\",\"item\":\"https:\/\/harrobia.net\/ikastaroak\/\"},{\"@type\":\"ListItem\",\"position\":3,\"name\":\"Vigilancia, seguridad y protecci\u00f3n de personas &#8211; Primeros Auxilios\"}]},{\"@type\":\"WebSite\",\"@id\":\"https:\/\/harrobia.net\/#website\",\"url\":\"https:\/\/harrobia.net\/\",\"name\":\"Harrobia Ikastola\",\"description\":\"Harrobia Lanbide Heziketaren Ikastola\",\"publisher\":{\"@id\":\"https:\/\/harrobia.net\/#organization\"},\"potentialAction\":[{\"@type\":\"SearchAction\",\"target\":{\"@type\":\"EntryPoint\",\"urlTemplate\":\"https:\/\/harrobia.net\/?s={search_term_string}\"},\"query-input\":{\"@type\":\"PropertyValueSpecification\",\"valueRequired\":true,\"valueName\":\"search_term_string\"}}],\"inLanguage\":\"es\"},{\"@type\":\"Organization\",\"@id\":\"https:\/\/harrobia.net\/#organization\",\"name\":\"Harrobia Ikastola\",\"url\":\"https:\/\/harrobia.net\/\",\"logo\":{\"@type\":\"ImageObject\",\"inLanguage\":\"es\",\"@id\":\"https:\/\/harrobia.net\/#\/schema\/logo\/image\/\",\"url\":\"https:\/\/harrobia.net\/wp-content\/uploads\/2014\/07\/harrobia.png\",\"contentUrl\":\"https:\/\/harrobia.net\/wp-content\/uploads\/2014\/07\/harrobia.png\",\"width\":256,\"height\":71,\"caption\":\"Harrobia Ikastola\"},\"image\":{\"@id\":\"https:\/\/harrobia.net\/#\/schema\/logo\/image\/\"},\"sameAs\":[\"https:\/\/www.facebook.com\/HarrobiaIkastola\",\"https:\/\/x.com\/harrobiaikas\",\"https:\/\/www.instagram.com\/harrobiaikastola\",\"https:\/\/www.youtube.com\/user\/IbarezkerraBilbo\"]}]}<\/script>\n<!-- \/ Yoast SEO plugin. -->","yoast_head_json":{"title":"Harrobia | Lanbide heziketa Bizkaian","robots":{"index":"index","follow":"follow","max-snippet":"max-snippet:-1","max-image-preview":"max-image-preview:large","max-video-preview":"max-video-preview:-1"},"canonical":"https:\/\/harrobia.net\/es\/cursos\/vigilancia-seguridad-y-proteccion-de-personas-con-primeros-auxilios\/","og_locale":"es_ES","og_type":"article","og_title":"Harrobia | Lanbide heziketa Bizkaian","og_url":"https:\/\/harrobia.net\/es\/cursos\/vigilancia-seguridad-y-proteccion-de-personas-con-primeros-auxilios\/","og_site_name":"Harrobia Ikastola","article_publisher":"https:\/\/www.facebook.com\/HarrobiaIkastola","article_modified_time":"2026-03-17T09:59:04+00:00","og_image":[{"width":1024,"height":633,"url":"https:\/\/harrobia.net\/wp-content\/uploads\/2025\/10\/Vigilancia-1024x633.png","type":"image\/png"}],"twitter_card":"summary_large_image","twitter_site":"@harrobiaikas","twitter_misc":{"Tiempo de lectura":"3 minutos"},"schema":{"@context":"https:\/\/schema.org","@graph":[{"@type":"WebPage","@id":"https:\/\/harrobia.net\/es\/cursos\/vigilancia-seguridad-y-proteccion-de-personas-con-primeros-auxilios\/","url":"https:\/\/harrobia.net\/es\/cursos\/vigilancia-seguridad-y-proteccion-de-personas-con-primeros-auxilios\/","name":"Harrobia | Lanbide heziketa Bizkaian","isPartOf":{"@id":"https:\/\/harrobia.net\/#website"},"primaryImageOfPage":{"@id":"https:\/\/harrobia.net\/es\/cursos\/vigilancia-seguridad-y-proteccion-de-personas-con-primeros-auxilios\/#primaryimage"},"image":{"@id":"https:\/\/harrobia.net\/es\/cursos\/vigilancia-seguridad-y-proteccion-de-personas-con-primeros-auxilios\/#primaryimage"},"thumbnailUrl":"https:\/\/harrobia.net\/wp-content\/uploads\/2025\/10\/Vigilancia.png","datePublished":"2025-09-12T07:36:19+00:00","dateModified":"2026-03-17T09:59:04+00:00","breadcrumb":{"@id":"https:\/\/harrobia.net\/es\/cursos\/vigilancia-seguridad-y-proteccion-de-personas-con-primeros-auxilios\/#breadcrumb"},"inLanguage":"es","potentialAction":[{"@type":"ReadAction","target":["https:\/\/harrobia.net\/es\/cursos\/vigilancia-seguridad-y-proteccion-de-personas-con-primeros-auxilios\/"]}]},{"@type":"ImageObject","inLanguage":"es","@id":"https:\/\/harrobia.net\/es\/cursos\/vigilancia-seguridad-y-proteccion-de-personas-con-primeros-auxilios\/#primaryimage","url":"https:\/\/harrobia.net\/wp-content\/uploads\/2025\/10\/Vigilancia.png","contentUrl":"https:\/\/harrobia.net\/wp-content\/uploads\/2025\/10\/Vigilancia.png","width":1968,"height":1216},{"@type":"BreadcrumbList","@id":"https:\/\/harrobia.net\/es\/cursos\/vigilancia-seguridad-y-proteccion-de-personas-con-primeros-auxilios\/#breadcrumb","itemListElement":[{"@type":"ListItem","position":1,"name":"Home","item":"https:\/\/harrobia.net\/"},{"@type":"ListItem","position":2,"name":"Cursos","item":"https:\/\/harrobia.net\/ikastaroak\/"},{"@type":"ListItem","position":3,"name":"Vigilancia, seguridad y protecci\u00f3n de personas &#8211; Primeros Auxilios"}]},{"@type":"WebSite","@id":"https:\/\/harrobia.net\/#website","url":"https:\/\/harrobia.net\/","name":"Harrobia Ikastola","description":"Harrobia Lanbide Heziketaren Ikastola","publisher":{"@id":"https:\/\/harrobia.net\/#organization"},"potentialAction":[{"@type":"SearchAction","target":{"@type":"EntryPoint","urlTemplate":"https:\/\/harrobia.net\/?s={search_term_string}"},"query-input":{"@type":"PropertyValueSpecification","valueRequired":true,"valueName":"search_term_string"}}],"inLanguage":"es"},{"@type":"Organization","@id":"https:\/\/harrobia.net\/#organization","name":"Harrobia Ikastola","url":"https:\/\/harrobia.net\/","logo":{"@type":"ImageObject","inLanguage":"es","@id":"https:\/\/harrobia.net\/#\/schema\/logo\/image\/","url":"https:\/\/harrobia.net\/wp-content\/uploads\/2014\/07\/harrobia.png","contentUrl":"https:\/\/harrobia.net\/wp-content\/uploads\/2014\/07\/harrobia.png","width":256,"height":71,"caption":"Harrobia Ikastola"},"image":{"@id":"https:\/\/harrobia.net\/#\/schema\/logo\/image\/"},"sameAs":["https:\/\/www.facebook.com\/HarrobiaIkastola","https:\/\/x.com\/harrobiaikas","https:\/\/www.instagram.com\/harrobiaikastola","https:\/\/www.youtube.com\/user\/IbarezkerraBilbo"]}]}},"jetpack_sharing_enabled":true,"_links":{"self":[{"href":"https:\/\/harrobia.net\/es\/wp-json\/wp\/v2\/pages\/53642","targetHints":{"allow":["GET"]}}],"collection":[{"href":"https:\/\/harrobia.net\/es\/wp-json\/wp\/v2\/pages"}],"about":[{"href":"https:\/\/harrobia.net\/es\/wp-json\/wp\/v2\/types\/page"}],"author":[{"embeddable":true,"href":"https:\/\/harrobia.net\/es\/wp-json\/wp\/v2\/users\/6"}],"replies":[{"embeddable":true,"href":"https:\/\/harrobia.net\/es\/wp-json\/wp\/v2\/comments?post=53642"}],"version-history":[{"count":3,"href":"https:\/\/harrobia.net\/es\/wp-json\/wp\/v2\/pages\/53642\/revisions"}],"predecessor-version":[{"id":58798,"href":"https:\/\/harrobia.net\/es\/wp-json\/wp\/v2\/pages\/53642\/revisions\/58798"}],"up":[{"embeddable":true,"href":"https:\/\/harrobia.net\/es\/wp-json\/wp\/v2\/pages\/49600"}],"wp:featuredmedia":[{"embeddable":true,"href":"https:\/\/harrobia.net\/es\/wp-json\/wp\/v2\/media\/54087"}],"wp:attachment":[{"href":"https:\/\/harrobia.net\/es\/wp-json\/wp\/v2\/media?parent=53642"}],"curies":[{"name":"wp","href":"https:\/\/api.w.org\/{rel}","templated":true}]}}