{"id":50854,"date":"2024-07-09T11:34:00","date_gmt":"2024-07-09T09:34:00","guid":{"rendered":"https:\/\/harrobia.net\/?page_id=50854"},"modified":"2026-03-13T13:24:46","modified_gmt":"2026-03-13T12:24:46","slug":"entrenador-de-natacion-ni","status":"publish","type":"page","link":"https:\/\/harrobia.net\/es\/cursos\/entrenador-de-natacion-ni\/","title":{"rendered":"Entrenador\/a de Nataci\u00f3n NI"},"content":{"rendered":"<p>[et_pb_section fb_built=\u00bb1&#8243; _builder_version=\u00bb4.16&#8243; background_color=\u00bbrgba(171,206,227,0.15)\u00bb custom_padding=\u00bb30px|0px|30px|0px|false|false\u00bb da_disable_devices=\u00bboff|off|off\u00bb global_colors_info=\u00bb{}\u00bb da_is_popup=\u00bboff\u00bb da_exit_intent=\u00bboff\u00bb da_has_close=\u00bbon\u00bb da_alt_close=\u00bboff\u00bb da_dark_close=\u00bboff\u00bb da_not_modal=\u00bbon\u00bb da_is_singular=\u00bboff\u00bb da_with_loader=\u00bboff\u00bb da_has_shadow=\u00bbon\u00bb][et_pb_row _builder_version=\u00bb4.16&#8243; custom_padding=\u00bb0|0px|0|0px|false|false\u00bb global_colors_info=\u00bb{}\u00bb][et_pb_column type=\u00bb4_4&#8243; _builder_version=\u00bb4.16&#8243; custom_padding=\u00bb|||\u00bb global_colors_info=\u00bb{}\u00bb custom_padding__hover=\u00bb|||\u00bb][et_pb_dcsbcm_divi_breadcrumbs_module homebreadcrumbtext=\u00bb<i class=%22fas fa-school%22><\/i> Hasiera\u00bb _builder_version=\u00bb4.16&#8243; fontsbreadcrumbs_font=\u00bb||||||||\u00bb fontsbreadcrumbs_text_color=\u00bb#666666&#8243; fontsseperator_font=\u00bb||||||||\u00bb fontsseperator_text_color=\u00bb#003f7a\u00bb fontsbreadcrumblinks_font=\u00bb||||||||\u00bb fontsbreadcrumblinks_text_color=\u00bb#003f7a\u00bb global_colors_info=\u00bb{}\u00bb][\/et_pb_dcsbcm_divi_breadcrumbs_module][\/et_pb_column][\/et_pb_row][\/et_pb_section][et_pb_section fb_built=\u00bb1&#8243; _builder_version=\u00bb4.16&#8243; background_color=\u00bbrgba(171,206,227,0.15)\u00bb custom_padding=\u00bb0|0px|54px|0px|false|false\u00bb da_disable_devices=\u00bboff|off|off\u00bb global_colors_info=\u00bb{}\u00bb da_is_popup=\u00bboff\u00bb da_exit_intent=\u00bboff\u00bb da_has_close=\u00bbon\u00bb da_alt_close=\u00bboff\u00bb da_dark_close=\u00bboff\u00bb da_not_modal=\u00bbon\u00bb da_is_singular=\u00bboff\u00bb da_with_loader=\u00bboff\u00bb da_has_shadow=\u00bbon\u00bb][et_pb_row _builder_version=\u00bb4.16&#8243; background_color=\u00bb#ffffff\u00bb custom_padding=\u00bb|15px|0|15px|false|false\u00bb box_shadow_style=\u00bbpreset1&#8243; box_shadow_vertical=\u00bb12px\u00bb box_shadow_spread=\u00bb-6px\u00bb global_colors_info=\u00bb{}\u00bb][et_pb_column type=\u00bb4_4&#8243; _builder_version=\u00bb4.16&#8243; background_color=\u00bb#ffffff\u00bb custom_padding=\u00bb|||\u00bb global_colors_info=\u00bb{}\u00bb custom_padding__hover=\u00bb|||\u00bb][et_pb_post_title meta=\u00bboff\u00bb featured_image=\u00bboff\u00bb _builder_version=\u00bb4.16&#8243; title_font=\u00bb||||||||\u00bb title_font_size=\u00bb35px\u00bb meta_font=\u00bb||||||||\u00bb max_width=\u00bb50%\u00bb max_width_tablet=\u00bb\u00bb max_width_phone=\u00bb\u00bb max_width_last_edited=\u00bbon|phone\u00bb border_width_bottom=\u00bb1px\u00bb border_color_bottom=\u00bb#003f7a\u00bb global_colors_info=\u00bb{}\u00bb][\/et_pb_post_title][\/et_pb_column][\/et_pb_row][et_pb_row column_structure=\u00bb1_2,1_2&#8243; _builder_version=\u00bb4.25.0&#8243; _module_preset=\u00bbdefault\u00bb background_color=\u00bb#ffffff\u00bb custom_margin=\u00bb||-69px|||\u00bb global_colors_info=\u00bb{}\u00bb][et_pb_column type=\u00bb1_2&#8243; _builder_version=\u00bb4.24.2&#8243; _module_preset=\u00bbdefault\u00bb global_colors_info=\u00bb{}\u00bb][et_pb_gallery gallery_ids=\u00bb51120,44622&#8243; fullwidth=\u00bbon\u00bb _builder_version=\u00bb4.27.4&#8243; _module_preset=\u00bbdefault\u00bb title_font=\u00bb|800|||||||\u00bb caption_text_align=\u00bbcenter\u00bb background_layout=\u00bbdark\u00bb custom_padding=\u00bb|||18px|false|false\u00bb child_mix_blend_mode=\u00bbcolor-dodge\u00bb global_colors_info=\u00bb{}\u00bb][\/et_pb_gallery][\/et_pb_column][et_pb_column type=\u00bb1_2&#8243; _builder_version=\u00bb4.24.2&#8243; _module_preset=\u00bbdefault\u00bb global_colors_info=\u00bb{}\u00bb][et_pb_text _builder_version=\u00bb4.27.4&#8243; _module_preset=\u00bbdefault\u00bb custom_padding=\u00bb||0px|||\u00bb global_colors_info=\u00bb{}\u00bb]<\/p>\n<p><span style=\"color: #800000;\"><em><strong>Ense\u00f1anzas deportivas &#8211; Entrenador\/a de Nataci\u00f3n NI <\/strong><\/em><\/span><\/p>\n<p>[\/et_pb_text][et_pb_text _builder_version=\u00bb4.27.5&#8243; _module_preset=\u00bbdefault\u00bb custom_padding=\u00bb||0px|||\u00bb hover_enabled=\u00bb0&#8243; global_colors_info=\u00bb{}\u00bb sticky_enabled=\u00bb0&#8243;]<\/p>\n<h3><span style=\"color: #003366;\"><strong>Convocatoria de oto\u00f1o<\/strong><\/span><\/h3>\n<p><span style=\"color: #003366;\"><b>Inscripci\u00f3n: -\/-\/2026 \u2013 -\/-\/2026 <\/b><b>en\u00a0<a style=\"color: #003366;\" title=\"Harrobia Ikastola\" href=\"https:\/\/maps.app.goo.gl\/p4tFsz9cic1inXX19\" target=\"_blank\" rel=\"noopener\">Harrobia Ikastola, Bilbao<\/a><\/b><\/span><\/p>\n<p><span style=\"color: #003366;\"><b>-Idioma:\u00a0<\/b>Castellano<\/span><br \/><span style=\"color: #003366;\"><strong>-Lugar:<\/strong> <a href=\"https:\/\/share.google\/ofT1qJhVk65vXXvKu\">Harrobia Ikastola, Bilbao<\/a> y <a href=\"https:\/\/share.google\/2AMUqEjg9emCh1OHd\" target=\"_blank\" rel=\"noopener\">Polideportivo de Miribilla<\/a><br \/><strong>-Email:<\/strong>\u00a0<a href=\"mailto:kirolirakaskuntzak@harrobia.net\">kirolirakaskuntzak@harrobia.net<\/a><br \/><strong>-Tel\u00e9fono:<\/strong>\u00a0<a href=\"tel:944724366\">944724366<\/a><br \/><\/span><\/p>\n<div><span style=\"color: #003366;\"><b>-Prueba de acceso:\u00a0<\/b><\/span><\/div>\n<div><span style=\"color: #003366;\"><b>-Bloque espec\u00edfico<\/b>:<\/span><\/div>\n<div><span style=\"color: #003366;\"><b>-Bloque com\u00fan (online)<\/b>:\u00a0<\/span><\/div>\n<div><span style=\"color: #003366;\"><b>-Periodo de pr\u00e1cticas<\/b>:\u00a0<\/span><\/div>\n<div>\n<p><span style=\"color: #003366;\"><b>-Precio total del curso<\/b>: 750\u20ac<\/span><\/p>\n<\/div>\n<p><span style=\"color: #003366;\">\u00a0<\/span><\/p>\n<p>[\/et_pb_text][\/et_pb_column][\/et_pb_row][et_pb_row _builder_version=\u00bb4.25.0&#8243; _module_preset=\u00bbdefault\u00bb background_color=\u00bb#ffffff\u00bb global_colors_info=\u00bb{}\u00bb][et_pb_column type=\u00bb4_4&#8243; _builder_version=\u00bb4.24.2&#8243; _module_preset=\u00bbdefault\u00bb global_colors_info=\u00bb{}\u00bb][et_pb_text _builder_version=\u00bb4.27.0&#8243; _module_preset=\u00bbdefault\u00bb header_font=\u00bb||||||||\u00bb background_color=\u00bb#003F7A\u00bb custom_margin=\u00bb20px||||false|false\u00bb custom_padding=\u00bb|||25px|false|false\u00bb global_colors_info=\u00bb{}\u00bb]<\/p>\n<p style=\"text-align: left;\"><span style=\"color: #ffffff;\"><em><strong>ENSE\u00d1ANZAS DEPORTIVAS DE R\u00c9GIMEN ESPECIAL (PERIODO TRANSITORIO \u2013 SISTEMA EDUCATIVO)<\/strong><\/em><\/span><\/p>\n<p>[\/et_pb_text][et_pb_text _builder_version=\u00bb4.27.0&#8243; _module_preset=\u00bbdefault\u00bb custom_margin=\u00bb|||24px|false|false\u00bb custom_padding=\u00bb|19px|||false|false\u00bb global_colors_info=\u00bb{}\u00bb]<\/p>\n<p><img loading=\"lazy\" decoding=\"async\" src=\"https:\/\/harrobia.net\/wp-content\/uploads\/2024\/09\/IGERIKETA-1.jpg\" width=\"135\" height=\"135\" alt=\"\" class=\"wp-image-51138 alignnone size-full\" \/><\/p>\n<ul>\n<li>Para todas las personas interesadas mayores de 16 a\u00f1os.<\/li>\n<li>Ser\u00e1 necesario tener el t\u00edtulo de ESO, equivalente, o superior.<\/li>\n<li>Beca de financiaci\u00f3n parcial de la Diputaci\u00f3n Foral de Bizkaia.<\/li>\n<\/ul>\n<p><em>\u2013\u00a0Aprobadas del 11-09-2022 hasta 11-09-2023.\u00a0<\/em><a href=\"https:\/\/www.bizkaia.eus\/lehendakaritza\/Bao_bob\/2022\/11\/04\/I-906_cas.pdf\"><em>Pincha aqu\u00ed<\/em><\/a><em>.<\/em><\/p>\n<p><a href=\"https:\/\/ataria.ebizkaia.eus\/es\/catalogo-de-tramites-y-servicios?procID=2189\"><strong><em>Quiero solicitar beca<\/em><\/strong><\/a><\/p>\n<p>[\/et_pb_text][\/et_pb_column][\/et_pb_row][et_pb_row _builder_version=\u00bb4.25.0&#8243; _module_preset=\u00bbdefault\u00bb background_color=\u00bb#ffffff\u00bb custom_margin=\u00bb||-46px||false|false\u00bb custom_padding=\u00bb||0px||false|false\u00bb global_colors_info=\u00bb{}\u00bb][et_pb_column type=\u00bb4_4&#8243; _builder_version=\u00bb4.24.2&#8243; _module_preset=\u00bbdefault\u00bb global_colors_info=\u00bb{}\u00bb][et_pb_text _builder_version=\u00bb4.27.0&#8243; _module_preset=\u00bbdefault\u00bb header_font=\u00bb||||||||\u00bb background_color=\u00bb#003F7A\u00bb custom_padding=\u00bb|||25px|false|false\u00bb global_colors_info=\u00bb{}\u00bb]<\/p>\n<p style=\"text-align: left;\"><span style=\"color: #ffffff;\"><em><strong>DOCUMENTACI\u00d3N\u00a0 A PRESENTAR PARA LA INSCRIPCI\u00d3N<\/strong><\/em><\/span><\/p>\n<p>[\/et_pb_text][et_pb_text _builder_version=\u00bb4.27.0&#8243; _module_preset=\u00bbdefault\u00bb custom_margin=\u00bb|||24px|false|false\u00bb custom_padding=\u00bb|17px|54px||false|false\u00bb global_colors_info=\u00bb{}\u00bb]<\/p>\n<div>\n<div>1.<span>\u00a0<\/span><b>Ficha de inscripci\u00f3n<\/b><span>\u00a0<\/span>debidamente rellenada.<\/div>\n<p>2. Fotocopia del<span>\u00a0<\/span><b>DNI<\/b>, del NIE o del Pasaporte.<br \/>\n3. Dos<span>\u00a0<\/span><b>fotos<span>\u00a0<\/span><\/b>de tama\u00f1o carnet (con nombre y apellidos escritos al dorso)<br \/>\n4.<span>\u00a0<\/span><b>Expediente Acad\u00e9mico Oficial (IKASGUNEA) o Fotocopia compulsada t\u00edtulo ESO<\/b>.<br \/>\n5. En el caso de compensaci\u00f3n-convalidaci\u00f3n de \u00e1reas del bloque com\u00fan (es el caso de los titulados de TAFAD, IVEF o Magisterio):<br \/>\nDNI compulsado<br \/>\nExpediente Acad\u00e9mico Oficial o T\u00edtulo compulsado de TAFAD, IVEF o MAGISTERIO.<br \/>\nSolicitud convalidaci\u00f3n Consejo Superior de Deportes (CSD)<br \/>\n6. Documento de abono de transferencia o ingreso de<span>\u00a0<\/span><b>90\u20ac<\/b><span>\u00a0<\/span>en el n\u00famero de cuenta:<br \/>\nES05 3035 0062 39 0620061416 (a nombre de IBAR EZKERRA IKASTOLA).<span>\u00a0<\/span><b>En la transferencia o ingreso se indicar\u00e1:<span>\u00a0<\/span><span>NI_IGERIKETA_NOMBRE ALUMNO\/A <\/span>30\u20ac Prueba de acceso, 60\u20ac Apertura de Expediente (los cuales se descontar\u00e1n del bloque espec\u00edfico).<\/b><\/p>\n<\/div>\n<p><span>\u00a0<\/span><\/p>\n<div><strong><i><u>Estos 90\u20ac no se devolver\u00e1n bajo ning\u00fan concepto, salvo que la Federaci\u00f3n anule la convocatoria.<\/u><\/i><\/strong><\/div>\n<div><strong><i><u><\/u><\/i><\/strong><\/div>\n<div><strong><i><u><\/u><\/i><\/strong><\/div>\n<div><strong><i><u><\/u><\/i><\/strong><\/div>\n<div><strong><i><u><\/u><\/i><\/strong><\/div>\n<div><strong><i><u><\/u><\/i><\/strong><\/div>\n<p>[\/et_pb_text][\/et_pb_column][\/et_pb_row][et_pb_row _builder_version=\u00bb4.25.0&#8243; _module_preset=\u00bbdefault\u00bb background_color=\u00bb#ffffff\u00bb custom_padding=\u00bb32px||||false|false\u00bb global_colors_info=\u00bb{}\u00bb][et_pb_column type=\u00bb4_4&#8243; _builder_version=\u00bb4.24.2&#8243; _module_preset=\u00bbdefault\u00bb global_colors_info=\u00bb{}\u00bb][et_pb_text _builder_version=\u00bb4.27.0&#8243; _module_preset=\u00bbdefault\u00bb header_font=\u00bb||||||||\u00bb background_color=\u00bb#003F7A\u00bb custom_padding=\u00bb|||25px|false|false\u00bb global_colors_info=\u00bb{}\u00bb]<\/p>\n<p style=\"text-align: left;\"><span style=\"color: #ffffff;\"><em><strong>DOCUMENTACI\u00d3N<\/strong><\/em><\/span><\/p>\n<p>[\/et_pb_text][et_pb_text _builder_version=\u00bb4.27.4&#8243; _module_preset=\u00bbdefault\u00bb custom_margin=\u00bb|||24px|false|false\u00bb custom_padding=\u00bb|16px|||false|false\u00bb global_colors_info=\u00bb{}\u00bb]<\/p>\n<p><a href=\"https:\/\/harrobia.net\/wp-content\/uploads\/2025\/09\/DEIALDIA-18.-PROMOZIOA.pdf\" target=\"_blank\" rel=\"attachment noopener wp-att-53814\">Convocatoria<\/a><\/p>\n<p><a href=\"https:\/\/harrobia.net\/wp-content\/uploads\/2025\/09\/DEIALDIA-18.-PROMOZIOA.pdf\" rel=\"attachment wp-att-53814\">Calendario<\/a><\/p>\n<p><a href=\"https:\/\/harrobia.net\/wp-content\/uploads\/2025\/09\/Izena-emateko-fitxa-Ficha-de-inscripcion-IGERIKETA.doc\" target=\"_blank\" rel=\"attachment noopener wp-att-53818\">Ficha de inscripci\u00f3n<\/a><\/p>\n<p><a href=\"https:\/\/harrobia.net\/wp-content\/uploads\/2025\/09\/CSD-Solicitud-convalidaciones.pdf\" target=\"_blank\" rel=\"noopener\">Convalidaci\u00f3n (CSD)<\/a><\/p>\n<p>[\/et_pb_text][\/et_pb_column][\/et_pb_row][\/et_pb_section]<\/p>\n<span class=\"et_bloom_bottom_trigger\"><\/span>","protected":false},"excerpt":{"rendered":"<p>Ense\u00f1anzas deportivas &#8211; Entrenador\/a de Nataci\u00f3n NI Convocatoria de oto\u00f1o Inscripci\u00f3n: -\/-\/2026 \u2013 -\/-\/2026 en\u00a0Harrobia Ikastola, Bilbao -Idioma:\u00a0Castellano-Lugar: Harrobia Ikastola, Bilbao y Polideportivo de Miribilla-Email:\u00a0kirolirakaskuntzak@harrobia.net-Tel\u00e9fono:\u00a0944724366 -Prueba de acceso:\u00a0 -Bloque espec\u00edfico: -Bloque com\u00fan (online):\u00a0 -Periodo de pr\u00e1cticas:\u00a0 -Precio total del curso: 750\u20ac \u00a0ENSE\u00d1ANZAS DEPORTIVAS DE R\u00c9GIMEN ESPECIAL (PERIODO TRANSITORIO \u2013 SISTEMA EDUCATIVO) Para todas las personas [&hellip;]<\/p>\n","protected":false},"author":6,"featured_media":50841,"parent":49600,"menu_order":0,"comment_status":"closed","ping_status":"closed","template":"","meta":{"_acf_changed":false,"_et_pb_use_builder":"on","_et_pb_old_content":"","_et_gb_content_width":"","_joinchat":[],"footnotes":""},"class_list":["post-50854","page","type-page","status-publish","has-post-thumbnail","hentry"],"acf":[],"yoast_head":"<!-- This site is optimized with the Yoast SEO plugin v27.3 - https:\/\/yoast.com\/product\/yoast-seo-wordpress\/ -->\n<title>Entrenador\/a de Nataci\u00f3n NI - Harrobia | Lanbide heziketa Bizkaian<\/title>\n<meta name=\"robots\" content=\"index, follow, max-snippet:-1, max-image-preview:large, max-video-preview:-1\" \/>\n<link rel=\"canonical\" href=\"https:\/\/harrobia.net\/ikastaroak\/igeriketa-entrenatzaile-ni\/\" \/>\n<meta property=\"og:locale\" content=\"es_ES\" \/>\n<meta property=\"og:type\" content=\"article\" \/>\n<meta property=\"og:title\" content=\"Entrenador\/a de Nataci\u00f3n NI - Harrobia | Lanbide heziketa Bizkaian\" \/>\n<meta property=\"og:url\" content=\"https:\/\/harrobia.net\/ikastaroak\/igeriketa-entrenatzaile-ni\/\" \/>\n<meta property=\"og:site_name\" content=\"Harrobia Ikastola\" \/>\n<meta property=\"article:publisher\" content=\"https:\/\/www.facebook.com\/HarrobiaIkastola\" \/>\n<meta property=\"article:modified_time\" content=\"2026-03-13T12:24:46+00:00\" \/>\n<meta property=\"og:image\" content=\"https:\/\/harrobia.net\/wp-content\/uploads\/2024\/07\/Test-de-movimiento.jpg\" \/>\n\t<meta property=\"og:image:width\" content=\"709\" \/>\n\t<meta property=\"og:image:height\" content=\"531\" \/>\n\t<meta property=\"og:image:type\" content=\"image\/jpeg\" \/>\n<meta name=\"twitter:card\" content=\"summary_large_image\" \/>\n<meta name=\"twitter:site\" content=\"@harrobiaikas\" \/>\n<meta name=\"twitter:label1\" content=\"Tiempo de lectura\" \/>\n\t<meta name=\"twitter:data1\" content=\"3 minutos\" \/>\n<script type=\"application\/ld+json\" class=\"yoast-schema-graph\">{\"@context\":\"https:\\\/\\\/schema.org\",\"@graph\":[{\"@type\":\"WebPage\",\"@id\":\"https:\\\/\\\/harrobia.net\\\/ikastaroak\\\/igeriketa-entrenatzaile-ni\\\/\",\"url\":\"https:\\\/\\\/harrobia.net\\\/ikastaroak\\\/igeriketa-entrenatzaile-ni\\\/\",\"name\":\"Entrenador\\\/a de Nataci\u00f3n NI - Harrobia | Lanbide heziketa Bizkaian\",\"isPartOf\":{\"@id\":\"https:\\\/\\\/harrobia.net\\\/#website\"},\"primaryImageOfPage\":{\"@id\":\"https:\\\/\\\/harrobia.net\\\/ikastaroak\\\/igeriketa-entrenatzaile-ni\\\/#primaryimage\"},\"image\":{\"@id\":\"https:\\\/\\\/harrobia.net\\\/ikastaroak\\\/igeriketa-entrenatzaile-ni\\\/#primaryimage\"},\"thumbnailUrl\":\"https:\\\/\\\/harrobia.net\\\/wp-content\\\/uploads\\\/2024\\\/07\\\/Test-de-movimiento.jpg\",\"datePublished\":\"2024-07-09T09:34:00+00:00\",\"dateModified\":\"2026-03-13T12:24:46+00:00\",\"breadcrumb\":{\"@id\":\"https:\\\/\\\/harrobia.net\\\/ikastaroak\\\/igeriketa-entrenatzaile-ni\\\/#breadcrumb\"},\"inLanguage\":\"es\",\"potentialAction\":[{\"@type\":\"ReadAction\",\"target\":[\"https:\\\/\\\/harrobia.net\\\/ikastaroak\\\/igeriketa-entrenatzaile-ni\\\/\"]}]},{\"@type\":\"ImageObject\",\"inLanguage\":\"es\",\"@id\":\"https:\\\/\\\/harrobia.net\\\/ikastaroak\\\/igeriketa-entrenatzaile-ni\\\/#primaryimage\",\"url\":\"https:\\\/\\\/harrobia.net\\\/wp-content\\\/uploads\\\/2024\\\/07\\\/Test-de-movimiento.jpg\",\"contentUrl\":\"https:\\\/\\\/harrobia.net\\\/wp-content\\\/uploads\\\/2024\\\/07\\\/Test-de-movimiento.jpg\",\"width\":709,\"height\":531},{\"@type\":\"BreadcrumbList\",\"@id\":\"https:\\\/\\\/harrobia.net\\\/ikastaroak\\\/igeriketa-entrenatzaile-ni\\\/#breadcrumb\",\"itemListElement\":[{\"@type\":\"ListItem\",\"position\":1,\"name\":\"Home\",\"item\":\"https:\\\/\\\/harrobia.net\\\/\"},{\"@type\":\"ListItem\",\"position\":2,\"name\":\"Cursos\",\"item\":\"https:\\\/\\\/harrobia.net\\\/ikastaroak\\\/\"},{\"@type\":\"ListItem\",\"position\":3,\"name\":\"Entrenador\\\/a de Nataci\u00f3n NI\"}]},{\"@type\":\"WebSite\",\"@id\":\"https:\\\/\\\/harrobia.net\\\/#website\",\"url\":\"https:\\\/\\\/harrobia.net\\\/\",\"name\":\"Harrobia Ikastola\",\"description\":\"Harrobia Lanbide Heziketaren Ikastola\",\"publisher\":{\"@id\":\"https:\\\/\\\/harrobia.net\\\/#organization\"},\"potentialAction\":[{\"@type\":\"SearchAction\",\"target\":{\"@type\":\"EntryPoint\",\"urlTemplate\":\"https:\\\/\\\/harrobia.net\\\/?s={search_term_string}\"},\"query-input\":{\"@type\":\"PropertyValueSpecification\",\"valueRequired\":true,\"valueName\":\"search_term_string\"}}],\"inLanguage\":\"es\"},{\"@type\":\"Organization\",\"@id\":\"https:\\\/\\\/harrobia.net\\\/#organization\",\"name\":\"Harrobia Ikastola\",\"url\":\"https:\\\/\\\/harrobia.net\\\/\",\"logo\":{\"@type\":\"ImageObject\",\"inLanguage\":\"es\",\"@id\":\"https:\\\/\\\/harrobia.net\\\/#\\\/schema\\\/logo\\\/image\\\/\",\"url\":\"https:\\\/\\\/harrobia.net\\\/wp-content\\\/uploads\\\/2014\\\/07\\\/harrobia.png\",\"contentUrl\":\"https:\\\/\\\/harrobia.net\\\/wp-content\\\/uploads\\\/2014\\\/07\\\/harrobia.png\",\"width\":256,\"height\":71,\"caption\":\"Harrobia Ikastola\"},\"image\":{\"@id\":\"https:\\\/\\\/harrobia.net\\\/#\\\/schema\\\/logo\\\/image\\\/\"},\"sameAs\":[\"https:\\\/\\\/www.facebook.com\\\/HarrobiaIkastola\",\"https:\\\/\\\/x.com\\\/harrobiaikas\",\"https:\\\/\\\/www.instagram.com\\\/harrobiaikastola\",\"https:\\\/\\\/www.youtube.com\\\/user\\\/IbarezkerraBilbo\"]}]}<\/script>\n<!-- \/ Yoast SEO plugin. -->","yoast_head_json":{"title":"Entrenador\/a de Nataci\u00f3n NI - Harrobia | Lanbide heziketa Bizkaian","robots":{"index":"index","follow":"follow","max-snippet":"max-snippet:-1","max-image-preview":"max-image-preview:large","max-video-preview":"max-video-preview:-1"},"canonical":"https:\/\/harrobia.net\/ikastaroak\/igeriketa-entrenatzaile-ni\/","og_locale":"es_ES","og_type":"article","og_title":"Entrenador\/a de Nataci\u00f3n NI - Harrobia | Lanbide heziketa Bizkaian","og_url":"https:\/\/harrobia.net\/ikastaroak\/igeriketa-entrenatzaile-ni\/","og_site_name":"Harrobia Ikastola","article_publisher":"https:\/\/www.facebook.com\/HarrobiaIkastola","article_modified_time":"2026-03-13T12:24:46+00:00","og_image":[{"width":709,"height":531,"url":"https:\/\/harrobia.net\/wp-content\/uploads\/2024\/07\/Test-de-movimiento.jpg","type":"image\/jpeg"}],"twitter_card":"summary_large_image","twitter_site":"@harrobiaikas","twitter_misc":{"Tiempo de lectura":"3 minutos"},"schema":{"@context":"https:\/\/schema.org","@graph":[{"@type":"WebPage","@id":"https:\/\/harrobia.net\/ikastaroak\/igeriketa-entrenatzaile-ni\/","url":"https:\/\/harrobia.net\/ikastaroak\/igeriketa-entrenatzaile-ni\/","name":"Entrenador\/a de Nataci\u00f3n NI - Harrobia | Lanbide heziketa Bizkaian","isPartOf":{"@id":"https:\/\/harrobia.net\/#website"},"primaryImageOfPage":{"@id":"https:\/\/harrobia.net\/ikastaroak\/igeriketa-entrenatzaile-ni\/#primaryimage"},"image":{"@id":"https:\/\/harrobia.net\/ikastaroak\/igeriketa-entrenatzaile-ni\/#primaryimage"},"thumbnailUrl":"https:\/\/harrobia.net\/wp-content\/uploads\/2024\/07\/Test-de-movimiento.jpg","datePublished":"2024-07-09T09:34:00+00:00","dateModified":"2026-03-13T12:24:46+00:00","breadcrumb":{"@id":"https:\/\/harrobia.net\/ikastaroak\/igeriketa-entrenatzaile-ni\/#breadcrumb"},"inLanguage":"es","potentialAction":[{"@type":"ReadAction","target":["https:\/\/harrobia.net\/ikastaroak\/igeriketa-entrenatzaile-ni\/"]}]},{"@type":"ImageObject","inLanguage":"es","@id":"https:\/\/harrobia.net\/ikastaroak\/igeriketa-entrenatzaile-ni\/#primaryimage","url":"https:\/\/harrobia.net\/wp-content\/uploads\/2024\/07\/Test-de-movimiento.jpg","contentUrl":"https:\/\/harrobia.net\/wp-content\/uploads\/2024\/07\/Test-de-movimiento.jpg","width":709,"height":531},{"@type":"BreadcrumbList","@id":"https:\/\/harrobia.net\/ikastaroak\/igeriketa-entrenatzaile-ni\/#breadcrumb","itemListElement":[{"@type":"ListItem","position":1,"name":"Home","item":"https:\/\/harrobia.net\/"},{"@type":"ListItem","position":2,"name":"Cursos","item":"https:\/\/harrobia.net\/ikastaroak\/"},{"@type":"ListItem","position":3,"name":"Entrenador\/a de Nataci\u00f3n NI"}]},{"@type":"WebSite","@id":"https:\/\/harrobia.net\/#website","url":"https:\/\/harrobia.net\/","name":"Harrobia Ikastola","description":"Harrobia Lanbide Heziketaren Ikastola","publisher":{"@id":"https:\/\/harrobia.net\/#organization"},"potentialAction":[{"@type":"SearchAction","target":{"@type":"EntryPoint","urlTemplate":"https:\/\/harrobia.net\/?s={search_term_string}"},"query-input":{"@type":"PropertyValueSpecification","valueRequired":true,"valueName":"search_term_string"}}],"inLanguage":"es"},{"@type":"Organization","@id":"https:\/\/harrobia.net\/#organization","name":"Harrobia Ikastola","url":"https:\/\/harrobia.net\/","logo":{"@type":"ImageObject","inLanguage":"es","@id":"https:\/\/harrobia.net\/#\/schema\/logo\/image\/","url":"https:\/\/harrobia.net\/wp-content\/uploads\/2014\/07\/harrobia.png","contentUrl":"https:\/\/harrobia.net\/wp-content\/uploads\/2014\/07\/harrobia.png","width":256,"height":71,"caption":"Harrobia Ikastola"},"image":{"@id":"https:\/\/harrobia.net\/#\/schema\/logo\/image\/"},"sameAs":["https:\/\/www.facebook.com\/HarrobiaIkastola","https:\/\/x.com\/harrobiaikas","https:\/\/www.instagram.com\/harrobiaikastola","https:\/\/www.youtube.com\/user\/IbarezkerraBilbo"]}]}},"jetpack_sharing_enabled":true,"_links":{"self":[{"href":"https:\/\/harrobia.net\/es\/wp-json\/wp\/v2\/pages\/50854","targetHints":{"allow":["GET"]}}],"collection":[{"href":"https:\/\/harrobia.net\/es\/wp-json\/wp\/v2\/pages"}],"about":[{"href":"https:\/\/harrobia.net\/es\/wp-json\/wp\/v2\/types\/page"}],"author":[{"embeddable":true,"href":"https:\/\/harrobia.net\/es\/wp-json\/wp\/v2\/users\/6"}],"replies":[{"embeddable":true,"href":"https:\/\/harrobia.net\/es\/wp-json\/wp\/v2\/comments?post=50854"}],"version-history":[{"count":3,"href":"https:\/\/harrobia.net\/es\/wp-json\/wp\/v2\/pages\/50854\/revisions"}],"predecessor-version":[{"id":58728,"href":"https:\/\/harrobia.net\/es\/wp-json\/wp\/v2\/pages\/50854\/revisions\/58728"}],"up":[{"embeddable":true,"href":"https:\/\/harrobia.net\/es\/wp-json\/wp\/v2\/pages\/49600"}],"wp:featuredmedia":[{"embeddable":true,"href":"https:\/\/harrobia.net\/es\/wp-json\/wp\/v2\/media\/50841"}],"wp:attachment":[{"href":"https:\/\/harrobia.net\/es\/wp-json\/wp\/v2\/media?parent=50854"}],"curies":[{"name":"wp","href":"https:\/\/api.w.org\/{rel}","templated":true}]}}