{"id":50333,"date":"2024-06-12T10:26:36","date_gmt":"2024-06-12T08:26:36","guid":{"rendered":"https:\/\/harrobia.net\/?page_id=50333"},"modified":"2026-03-17T15:57:08","modified_gmt":"2026-03-17T14:57:08","slug":"iniciacion-multiaventura","status":"publish","type":"page","link":"https:\/\/harrobia.net\/es\/cursos\/iniciacion-multiaventura\/","title":{"rendered":"Iniciaci\u00f3n Multiaventura"},"content":{"rendered":"<p>[et_pb_section fb_built=\u00bb1&#8243; _builder_version=\u00bb4.16&#8243; background_color=\u00bbrgba(171,206,227,0.15)\u00bb custom_padding=\u00bb30px|0px|30px|0px|false|false\u00bb da_disable_devices=\u00bboff|off|off\u00bb global_colors_info=\u00bb{}\u00bb da_is_popup=\u00bboff\u00bb da_exit_intent=\u00bboff\u00bb da_has_close=\u00bbon\u00bb da_alt_close=\u00bboff\u00bb da_dark_close=\u00bboff\u00bb da_not_modal=\u00bbon\u00bb da_is_singular=\u00bboff\u00bb da_with_loader=\u00bboff\u00bb da_has_shadow=\u00bbon\u00bb][et_pb_row _builder_version=\u00bb4.16&#8243; custom_padding=\u00bb0|0px|0|0px|false|false\u00bb global_colors_info=\u00bb{}\u00bb][et_pb_column type=\u00bb4_4&#8243; _builder_version=\u00bb4.16&#8243; custom_padding=\u00bb|||\u00bb global_colors_info=\u00bb{}\u00bb custom_padding__hover=\u00bb|||\u00bb][et_pb_dcsbcm_divi_breadcrumbs_module homebreadcrumbtext=\u00bb<i class=%22fas fa-school%22><\/i> Hasiera\u00bb _builder_version=\u00bb4.16&#8243; fontsbreadcrumbs_font=\u00bb||||||||\u00bb fontsbreadcrumbs_text_color=\u00bb#666666&#8243; fontsseperator_font=\u00bb||||||||\u00bb fontsseperator_text_color=\u00bb#003f7a\u00bb fontsbreadcrumblinks_font=\u00bb||||||||\u00bb fontsbreadcrumblinks_text_color=\u00bb#003f7a\u00bb global_colors_info=\u00bb{}\u00bb][\/et_pb_dcsbcm_divi_breadcrumbs_module][\/et_pb_column][\/et_pb_row][\/et_pb_section][et_pb_section fb_built=\u00bb1&#8243; _builder_version=\u00bb4.16&#8243; background_color=\u00bbrgba(171,206,227,0.15)\u00bb custom_padding=\u00bb0|0px|54px|0px|false|false\u00bb da_disable_devices=\u00bboff|off|off\u00bb global_colors_info=\u00bb{}\u00bb da_is_popup=\u00bboff\u00bb da_exit_intent=\u00bboff\u00bb da_has_close=\u00bbon\u00bb da_alt_close=\u00bboff\u00bb da_dark_close=\u00bboff\u00bb da_not_modal=\u00bbon\u00bb da_is_singular=\u00bboff\u00bb da_with_loader=\u00bboff\u00bb da_has_shadow=\u00bbon\u00bb][et_pb_row _builder_version=\u00bb4.16&#8243; background_color=\u00bb#ffffff\u00bb custom_padding=\u00bb|15px|0|15px|false|false\u00bb box_shadow_style=\u00bbpreset1&#8243; box_shadow_vertical=\u00bb12px\u00bb box_shadow_spread=\u00bb-6px\u00bb global_colors_info=\u00bb{}\u00bb][et_pb_column type=\u00bb4_4&#8243; _builder_version=\u00bb4.16&#8243; background_color=\u00bb#ffffff\u00bb custom_padding=\u00bb|||\u00bb global_colors_info=\u00bb{}\u00bb custom_padding__hover=\u00bb|||\u00bb][et_pb_post_title meta=\u00bboff\u00bb featured_image=\u00bboff\u00bb _builder_version=\u00bb4.25.1&#8243; title_font=\u00bb||||||||\u00bb title_font_size=\u00bb35px\u00bb meta_font=\u00bb||||||||\u00bb max_width=\u00bb96%\u00bb max_width_tablet=\u00bb\u00bb max_width_phone=\u00bb\u00bb max_width_last_edited=\u00bbon|phone\u00bb border_width_bottom=\u00bb1px\u00bb border_color_bottom=\u00bb#003f7a\u00bb global_colors_info=\u00bb{}\u00bb][\/et_pb_post_title][\/et_pb_column][\/et_pb_row][et_pb_row column_structure=\u00bb1_2,1_2&#8243; _builder_version=\u00bb4.25.0&#8243; _module_preset=\u00bbdefault\u00bb background_color=\u00bb#ffffff\u00bb custom_margin=\u00bb||-69px|||\u00bb global_colors_info=\u00bb{}\u00bb][et_pb_column type=\u00bb1_2&#8243; _builder_version=\u00bb4.24.2&#8243; _module_preset=\u00bbdefault\u00bb global_colors_info=\u00bb{}\u00bb][et_pb_gallery gallery_ids=\u00bb50334&#8243; fullwidth=\u00bbon\u00bb _builder_version=\u00bb4.25.1&#8243; _module_preset=\u00bbdefault\u00bb title_font=\u00bb|800|||||||\u00bb caption_text_align=\u00bbcenter\u00bb background_layout=\u00bbdark\u00bb custom_padding=\u00bb|||18px|false|false\u00bb child_mix_blend_mode=\u00bbcolor-dodge\u00bb global_colors_info=\u00bb{}\u00bb][\/et_pb_gallery][\/et_pb_column][et_pb_column type=\u00bb1_2&#8243; _builder_version=\u00bb4.24.2&#8243; _module_preset=\u00bbdefault\u00bb global_colors_info=\u00bb{}\u00bb][et_pb_text _builder_version=\u00bb4.27.4&#8243; _module_preset=\u00bbdefault\u00bb custom_padding=\u00bb||0px|||\u00bb global_colors_info=\u00bb{}\u00bb]<\/p>\n<p><span style=\"color: #800000;\"><strong><em>Dinamizaci\u00f3n de actividades deportivas de turismo de naturaleza sostenible<\/em><\/strong><\/span><\/p>\n<p>[\/et_pb_text][et_pb_text _builder_version=\u00bb4.27.4&#8243; _module_preset=\u00bbdefault\u00bb custom_padding=\u00bb||0px|||\u00bb global_colors_info=\u00bb{}\u00bb]<\/p>\n<p><span style=\"color: #003366;\"><strong>-HORAS:<\/strong> 220h<\/span><span style=\"color: #003366;\"><br \/><strong>-LUGAR: <\/strong>Gorliz-Urduliz-Atxarte<br \/><strong>-IDIOMA:<\/strong> Castellano<\/span><br \/><span style=\"color: #003366;\"><strong>-EMAIL:<\/strong>\u00a0<a style=\"color: #003366;\" href=\"mailto:ikasi@harrobia.net\">ikasi@harrobia.net<\/a><br \/><strong>-TEL\u00c9FONO:<\/strong>\u00a0<a style=\"color: #003366;\" href=\"tel:944724366\">944724366<\/a><\/span><\/p>\n<p><span style=\"color: #003366;\">\u00a0<\/span><\/p>\n<p>[\/et_pb_text][et_pb_button button_url=\u00bbhttps:\/\/harrobia.net\/es\/cursos-lanbide-inscripcion\/\u00bb url_new_window=\u00bbon\u00bb button_text=\u00bbConsultar\u00bb _builder_version=\u00bb4.27.5&#8243; _module_preset=\u00bbdefault\u00bb background_layout=\u00bbdark\u00bb custom_margin=\u00bb-35px||||false|false\u00bb hover_enabled=\u00bb0&#8243; global_colors_info=\u00bb{}\u00bb sticky_enabled=\u00bb0&#8243;][\/et_pb_button][\/et_pb_column][\/et_pb_row][et_pb_row _builder_version=\u00bb4.25.0&#8243; _module_preset=\u00bbdefault\u00bb background_color=\u00bb#ffffff\u00bb global_colors_info=\u00bb{}\u00bb][et_pb_column type=\u00bb4_4&#8243; _builder_version=\u00bb4.24.2&#8243; _module_preset=\u00bbdefault\u00bb global_colors_info=\u00bb{}\u00bb][et_pb_text _builder_version=\u00bb4.25.1&#8243; _module_preset=\u00bbdefault\u00bb header_font=\u00bb||||||||\u00bb background_color=\u00bb#003F7A\u00bb custom_margin=\u00bb20px||||false|false\u00bb custom_padding=\u00bb|||25px|false|false\u00bb global_colors_info=\u00bb{}\u00bb]<\/p>\n<p style=\"text-align: left;\"><span style=\"color: #ffffff;\"><strong><em>M\u00d3DULOS DE ESTE PLAN EDUCATIVO<\/em><\/strong><\/span><\/p>\n<p>[\/et_pb_text][et_pb_text _builder_version=\u00bb4.27.4&#8243; _module_preset=\u00bbdefault\u00bb custom_margin=\u00bb|||24px|false|false\u00bb custom_padding=\u00bb|19px|||false|false\u00bb global_colors_info=\u00bb{}\u00bb]<\/p>\n<p>Este plan educativo consta de estos 6 m\u00f3dulos, por lo que para obtener el t\u00edtulo deber\u00e1s hacer todos.<\/p>\n<p><span style=\"color: #800000;\"><em>&#8211; AFDA0004 \u2013 Dinamizaci\u00f3n y gesti\u00f3n de actividad de surf recreativo enfocada a la promoci\u00f3n del turismo de naturaleza sostenible<\/em><\/span><br \/><span style=\"color: #800000;\"><em>&#8211; AFDA0010 \u2013 Promoci\u00f3n del turismo sostenible a trav\u00e9s de la iniciaci\u00f3n al piraguismo<\/em><\/span><br \/><span style=\"color: #800000;\"><em>&#8211; AFDA0006 \u2013 Dinamizaci\u00f3n y gesti\u00f3n de actividades Bigsup \u2013 sup gigante enfocada a la promoci\u00f3n del turismo de naturaleza sostenible<\/em><\/span><br \/><span style=\"color: #800000;\"><em>&#8211; AFDA0013 \u2013 Iniciaci\u00f3n a la escalada orientada a la promoci\u00f3n del turismo sostenible<br \/><\/em><\/span>&#8211; <span style=\"color: #800000;\"><em>Orientaci\u00f3n<\/em><\/span><br \/><span style=\"color: #800000;\"><em>&#8211; MF0272_2 \u2013 Primeros auxilios<\/em><\/span><\/p>\n<p><span style=\"color: #800000;\"><em><\/em><\/span><\/p>\n<p><a href=\"https:\/\/www.portaldeempleodebizkaia.eus\/itinerario\/detalle\/826\" target=\"_blank\" rel=\"noopener\"><span style=\"color: #800000;\"><em>M\u00c1S INFORMACI\u00d3N<\/em><\/span><\/a><\/p>\n<p>&nbsp;<\/p>\n<p>[\/et_pb_text][\/et_pb_column][\/et_pb_row][et_pb_row _builder_version=\u00bb4.25.1&#8243; _module_preset=\u00bbdefault\u00bb background_color=\u00bb#ffffff\u00bb custom_margin=\u00bb-67px||||false|false\u00bb global_colors_info=\u00bb{}\u00bb][et_pb_column type=\u00bb4_4&#8243; _builder_version=\u00bb4.24.2&#8243; _module_preset=\u00bbdefault\u00bb global_colors_info=\u00bb{}\u00bb][et_pb_text _builder_version=\u00bb4.25.0&#8243; _module_preset=\u00bbdefault\u00bb header_font=\u00bb||||||||\u00bb background_color=\u00bb#003F7A\u00bb custom_margin=\u00bb20px||||false|false\u00bb custom_padding=\u00bb|||25px|false|false\u00bb global_colors_info=\u00bb{}\u00bb]<\/p>\n<p style=\"text-align: left;\"><span style=\"color: #ffffff;\"><em><strong>\u00bfQU\u00c9 VOY A APRENDER?<\/strong><\/em><\/span><\/p>\n<p>[\/et_pb_text][et_pb_text _builder_version=\u00bb4.25.2&#8243; _module_preset=\u00bbdefault\u00bb custom_margin=\u00bb|||24px|false|false\u00bb custom_padding=\u00bb|19px|||false|false\u00bb global_colors_info=\u00bb{}\u00bb]<\/p>\n<p>Con este plan formativo aprender\u00e1s a Dinamizar y gestionar actividades de surf recreativo, BIGSUP \u2013 SUP, piraguismo y escalada en condiciones de seguridad, respetando y poniendo en valor el medio ambiente y el entorno cultural, adapt\u00e1ndose a las necesidades y satisfacci\u00f3n de las personas usuarias, garantizando la calidad del servicio.<\/p>\n<p><span style=\"text-decoration: underline;\"><\/span><\/p>\n<p>[\/et_pb_text][\/et_pb_column][\/et_pb_row][et_pb_row _builder_version=\u00bb4.25.0&#8243; _module_preset=\u00bbdefault\u00bb background_color=\u00bb#ffffff\u00bb custom_margin=\u00bb||-46px||false|false\u00bb custom_padding=\u00bb||0px||false|false\u00bb global_colors_info=\u00bb{}\u00bb][et_pb_column type=\u00bb4_4&#8243; _builder_version=\u00bb4.24.2&#8243; _module_preset=\u00bbdefault\u00bb global_colors_info=\u00bb{}\u00bb][et_pb_text _builder_version=\u00bb4.25.0&#8243; _module_preset=\u00bbdefault\u00bb header_font=\u00bb||||||||\u00bb background_color=\u00bb#003F7A\u00bb custom_padding=\u00bb|||25px|false|false\u00bb global_colors_info=\u00bb{}\u00bb]<\/p>\n<p style=\"text-align: left;\"><span style=\"color: #ffffff;\"><em><strong>SUBVENCIONADO<\/strong><\/em><\/span><\/p>\n<p>[\/et_pb_text][et_pb_text _builder_version=\u00bb4.27.4&#8243; _module_preset=\u00bbdefault\u00bb custom_margin=\u00bb|||24px|false|false\u00bb custom_padding=\u00bb|17px|||false|false\u00bb global_colors_info=\u00bb{}\u00bb]<\/p>\n<p><span style=\"color: #808080;\"><span>Este centro imparte formaci\u00f3n profesional para el empleo financiado por:<\/span><\/span><\/p>\n<p><img loading=\"lazy\" decoding=\"async\" src=\"https:\/\/harrobia.net\/wp-content\/uploads\/2025\/01\/Logo-bizkia-enpleguDema-300x98.jpg\" width=\"380\" height=\"124\" alt=\"\" class=\"wp-image-52765 alignnone size-medium\" \/><\/p>\n<table border=\"1\" style=\"width: 100%; border-collapse: collapse; border-style: hidden;\">\n<tbody>\n<tr>\n<td style=\"width: 50%;\"><\/td>\n<td style=\"width: 50%;\"><\/td>\n<\/tr>\n<\/tbody>\n<\/table>\n<p>[\/et_pb_text][\/et_pb_column][\/et_pb_row][et_pb_row _builder_version=\u00bb4.25.0&#8243; _module_preset=\u00bbdefault\u00bb background_color=\u00bb#ffffff\u00bb custom_padding=\u00bb32px||||false|false\u00bb global_colors_info=\u00bb{}\u00bb][et_pb_column type=\u00bb4_4&#8243; _builder_version=\u00bb4.24.2&#8243; _module_preset=\u00bbdefault\u00bb global_colors_info=\u00bb{}\u00bb][et_pb_text _builder_version=\u00bb4.25.0&#8243; _module_preset=\u00bbdefault\u00bb header_font=\u00bb||||||||\u00bb background_color=\u00bb#003F7A\u00bb custom_padding=\u00bb|||25px|false|false\u00bb global_colors_info=\u00bb{}\u00bb]<\/p>\n<p style=\"text-align: left;\"><span style=\"color: #ffffff;\"><em><strong>M\u00c1S INFORMACI\u00d3N<\/strong><\/em><\/span><\/p>\n<p>[\/et_pb_text][et_pb_text _builder_version=\u00bb4.27.4&#8243; _module_preset=\u00bbdefault\u00bb custom_margin=\u00bb|||24px|false|false\u00bb custom_padding=\u00bb|16px|||false|false\u00bb global_colors_info=\u00bb{}\u00bb]<\/p>\n<p>Los requisitos para inscribirse es ser trabajador\/a activo o parado inscrito en <a href=\"https:\/\/apps.lanbide.euskadi.net\/apps\/ALTA_LANBIDE.GE_ALTA_LANBIDE_INI?LG=C\">LANBIDE<\/a>, Servicio Vasco de Empleo y tener<span style=\"color: #000000;\"> menos de 30 a\u00f1os y estar empadronada\/o en Bizkaia.<\/span><\/p>\n<p><span style=\"text-decoration: underline;\"><em><strong>Preinscripci\u00f3n:<\/strong><\/em><\/span><\/p>\n<p>En nuestro <a href=\"https:\/\/harrobia.net\/es\/catalogo-de-cursos\/cursos-lanbide-inscripcion\/\">formulario<\/a> recibir\u00e1s informaci\u00f3n en cuanto te apuntes y m\u00e1s informaci\u00f3n sobre otros cursos.<\/p>\n<p><span style=\"text-decoration: underline;\"><em><strong>Inscripci\u00f3n:<\/strong><\/em><\/span><\/p>\n<p>En la p\u00e1gina web de Lanbide, mediante el bot\u00f3n INSCRIPCI\u00d3N de la ficha correspondiente. Este bot\u00f3n s\u00f3lo estar\u00e1 disponible cuando Lanbide ampl\u00ede su formaci\u00f3n.<\/p>\n<p><span style=\"text-decoration: underline;\"><strong><em>Caracter\u00edsticas de la formaci\u00f3n:<\/em><\/strong><\/span><\/p>\n<p>En cada caso, se seguir\u00e1n las condiciones de participaci\u00f3n y gesti\u00f3n exigidas por el programa correspondiente.<\/p>\n<p><span style=\"text-decoration: underline;\"><strong><em>Titulaci\u00f3n:<\/em><\/strong><\/span><\/p>\n<p>Una vez finalizada correctamente la formaci\u00f3n se obtendr\u00e1 el diploma expedido por Lanbide.<\/p>\n<p>[\/et_pb_text][\/et_pb_column][\/et_pb_row][\/et_pb_section]<\/p>\n<span class=\"et_bloom_bottom_trigger\"><\/span>","protected":false},"excerpt":{"rendered":"<p>Dinamizaci\u00f3n de actividades deportivas de turismo de naturaleza sostenible-HORAS: 220h-LUGAR: Gorliz-Urduliz-Atxarte-IDIOMA: Castellano-EMAIL:\u00a0ikasi@harrobia.net-TEL\u00c9FONO:\u00a0944724366 \u00a0M\u00d3DULOS DE ESTE PLAN EDUCATIVOEste plan educativo consta de estos 6 m\u00f3dulos, por lo que para obtener el t\u00edtulo deber\u00e1s hacer todos. &#8211; AFDA0004 \u2013 Dinamizaci\u00f3n y gesti\u00f3n de actividad de surf recreativo enfocada a la promoci\u00f3n del turismo de naturaleza sostenible- AFDA0010 [&hellip;]<\/p>\n","protected":false},"author":6,"featured_media":50334,"parent":49600,"menu_order":0,"comment_status":"closed","ping_status":"closed","template":"","meta":{"_acf_changed":false,"_et_pb_use_builder":"on","_et_pb_old_content":"","_et_gb_content_width":"","_joinchat":[],"footnotes":""},"class_list":["post-50333","page","type-page","status-publish","has-post-thumbnail","hentry"],"acf":[],"yoast_head":"<!-- This site is optimized with the Yoast SEO plugin v27.3 - https:\/\/yoast.com\/product\/yoast-seo-wordpress\/ -->\n<title>Iniciaci\u00f3n Multiaventura<\/title>\n<meta name=\"robots\" content=\"index, follow, max-snippet:-1, max-image-preview:large, max-video-preview:-1\" \/>\n<link rel=\"canonical\" href=\"https:\/\/harrobia.net\/es\/cursos\/iniciacion-multiaventura\/\" \/>\n<meta property=\"og:locale\" content=\"es_ES\" \/>\n<meta property=\"og:type\" content=\"article\" \/>\n<meta property=\"og:title\" content=\"Iniciaci\u00f3n Multiaventura\" \/>\n<meta property=\"og:url\" content=\"https:\/\/harrobia.net\/es\/cursos\/iniciacion-multiaventura\/\" \/>\n<meta property=\"og:site_name\" content=\"Harrobia Ikastola\" \/>\n<meta property=\"article:publisher\" content=\"https:\/\/www.facebook.com\/HarrobiaIkastola\" \/>\n<meta property=\"article:modified_time\" content=\"2026-03-17T14:57:08+00:00\" \/>\n<meta property=\"og:image\" content=\"https:\/\/harrobia.net\/wp-content\/uploads\/2024\/06\/Multiabentura-hastapena-1.jpg\" \/>\n\t<meta property=\"og:image:width\" content=\"709\" \/>\n\t<meta property=\"og:image:height\" content=\"531\" \/>\n\t<meta property=\"og:image:type\" content=\"image\/jpeg\" \/>\n<meta name=\"twitter:card\" content=\"summary_large_image\" \/>\n<meta name=\"twitter:site\" content=\"@harrobiaikas\" \/>\n<meta name=\"twitter:label1\" content=\"Tiempo de lectura\" \/>\n\t<meta name=\"twitter:data1\" content=\"3 minutos\" \/>\n<script type=\"application\/ld+json\" class=\"yoast-schema-graph\">{\"@context\":\"https:\\\/\\\/schema.org\",\"@graph\":[{\"@type\":\"WebPage\",\"@id\":\"https:\\\/\\\/harrobia.net\\\/es\\\/cursos\\\/iniciacion-multiaventura\\\/\",\"url\":\"https:\\\/\\\/harrobia.net\\\/es\\\/cursos\\\/iniciacion-multiaventura\\\/\",\"name\":\"Iniciaci\u00f3n Multiaventura\",\"isPartOf\":{\"@id\":\"https:\\\/\\\/harrobia.net\\\/#website\"},\"primaryImageOfPage\":{\"@id\":\"https:\\\/\\\/harrobia.net\\\/es\\\/cursos\\\/iniciacion-multiaventura\\\/#primaryimage\"},\"image\":{\"@id\":\"https:\\\/\\\/harrobia.net\\\/es\\\/cursos\\\/iniciacion-multiaventura\\\/#primaryimage\"},\"thumbnailUrl\":\"https:\\\/\\\/harrobia.net\\\/wp-content\\\/uploads\\\/2024\\\/06\\\/Multiabentura-hastapena-1.jpg\",\"datePublished\":\"2024-06-12T08:26:36+00:00\",\"dateModified\":\"2026-03-17T14:57:08+00:00\",\"breadcrumb\":{\"@id\":\"https:\\\/\\\/harrobia.net\\\/es\\\/cursos\\\/iniciacion-multiaventura\\\/#breadcrumb\"},\"inLanguage\":\"es\",\"potentialAction\":[{\"@type\":\"ReadAction\",\"target\":[\"https:\\\/\\\/harrobia.net\\\/es\\\/cursos\\\/iniciacion-multiaventura\\\/\"]}]},{\"@type\":\"ImageObject\",\"inLanguage\":\"es\",\"@id\":\"https:\\\/\\\/harrobia.net\\\/es\\\/cursos\\\/iniciacion-multiaventura\\\/#primaryimage\",\"url\":\"https:\\\/\\\/harrobia.net\\\/wp-content\\\/uploads\\\/2024\\\/06\\\/Multiabentura-hastapena-1.jpg\",\"contentUrl\":\"https:\\\/\\\/harrobia.net\\\/wp-content\\\/uploads\\\/2024\\\/06\\\/Multiabentura-hastapena-1.jpg\",\"width\":709,\"height\":531},{\"@type\":\"BreadcrumbList\",\"@id\":\"https:\\\/\\\/harrobia.net\\\/es\\\/cursos\\\/iniciacion-multiaventura\\\/#breadcrumb\",\"itemListElement\":[{\"@type\":\"ListItem\",\"position\":1,\"name\":\"Home\",\"item\":\"https:\\\/\\\/harrobia.net\\\/\"},{\"@type\":\"ListItem\",\"position\":2,\"name\":\"Cursos\",\"item\":\"https:\\\/\\\/harrobia.net\\\/es\\\/cursos\\\/\"},{\"@type\":\"ListItem\",\"position\":3,\"name\":\"Iniciaci\u00f3n Multiaventura\"}]},{\"@type\":\"WebSite\",\"@id\":\"https:\\\/\\\/harrobia.net\\\/#website\",\"url\":\"https:\\\/\\\/harrobia.net\\\/\",\"name\":\"Harrobia Ikastola\",\"description\":\"Harrobia Lanbide Heziketaren Ikastola\",\"publisher\":{\"@id\":\"https:\\\/\\\/harrobia.net\\\/#organization\"},\"potentialAction\":[{\"@type\":\"SearchAction\",\"target\":{\"@type\":\"EntryPoint\",\"urlTemplate\":\"https:\\\/\\\/harrobia.net\\\/?s={search_term_string}\"},\"query-input\":{\"@type\":\"PropertyValueSpecification\",\"valueRequired\":true,\"valueName\":\"search_term_string\"}}],\"inLanguage\":\"es\"},{\"@type\":\"Organization\",\"@id\":\"https:\\\/\\\/harrobia.net\\\/#organization\",\"name\":\"Harrobia Ikastola\",\"url\":\"https:\\\/\\\/harrobia.net\\\/\",\"logo\":{\"@type\":\"ImageObject\",\"inLanguage\":\"es\",\"@id\":\"https:\\\/\\\/harrobia.net\\\/#\\\/schema\\\/logo\\\/image\\\/\",\"url\":\"https:\\\/\\\/harrobia.net\\\/wp-content\\\/uploads\\\/2014\\\/07\\\/harrobia.png\",\"contentUrl\":\"https:\\\/\\\/harrobia.net\\\/wp-content\\\/uploads\\\/2014\\\/07\\\/harrobia.png\",\"width\":256,\"height\":71,\"caption\":\"Harrobia Ikastola\"},\"image\":{\"@id\":\"https:\\\/\\\/harrobia.net\\\/#\\\/schema\\\/logo\\\/image\\\/\"},\"sameAs\":[\"https:\\\/\\\/www.facebook.com\\\/HarrobiaIkastola\",\"https:\\\/\\\/x.com\\\/harrobiaikas\",\"https:\\\/\\\/www.instagram.com\\\/harrobiaikastola\",\"https:\\\/\\\/www.youtube.com\\\/user\\\/IbarezkerraBilbo\"]}]}<\/script>\n<!-- \/ Yoast SEO plugin. -->","yoast_head_json":{"title":"Iniciaci\u00f3n Multiaventura","robots":{"index":"index","follow":"follow","max-snippet":"max-snippet:-1","max-image-preview":"max-image-preview:large","max-video-preview":"max-video-preview:-1"},"canonical":"https:\/\/harrobia.net\/es\/cursos\/iniciacion-multiaventura\/","og_locale":"es_ES","og_type":"article","og_title":"Iniciaci\u00f3n Multiaventura","og_url":"https:\/\/harrobia.net\/es\/cursos\/iniciacion-multiaventura\/","og_site_name":"Harrobia Ikastola","article_publisher":"https:\/\/www.facebook.com\/HarrobiaIkastola","article_modified_time":"2026-03-17T14:57:08+00:00","og_image":[{"width":709,"height":531,"url":"https:\/\/harrobia.net\/wp-content\/uploads\/2024\/06\/Multiabentura-hastapena-1.jpg","type":"image\/jpeg"}],"twitter_card":"summary_large_image","twitter_site":"@harrobiaikas","twitter_misc":{"Tiempo de lectura":"3 minutos"},"schema":{"@context":"https:\/\/schema.org","@graph":[{"@type":"WebPage","@id":"https:\/\/harrobia.net\/es\/cursos\/iniciacion-multiaventura\/","url":"https:\/\/harrobia.net\/es\/cursos\/iniciacion-multiaventura\/","name":"Iniciaci\u00f3n Multiaventura","isPartOf":{"@id":"https:\/\/harrobia.net\/#website"},"primaryImageOfPage":{"@id":"https:\/\/harrobia.net\/es\/cursos\/iniciacion-multiaventura\/#primaryimage"},"image":{"@id":"https:\/\/harrobia.net\/es\/cursos\/iniciacion-multiaventura\/#primaryimage"},"thumbnailUrl":"https:\/\/harrobia.net\/wp-content\/uploads\/2024\/06\/Multiabentura-hastapena-1.jpg","datePublished":"2024-06-12T08:26:36+00:00","dateModified":"2026-03-17T14:57:08+00:00","breadcrumb":{"@id":"https:\/\/harrobia.net\/es\/cursos\/iniciacion-multiaventura\/#breadcrumb"},"inLanguage":"es","potentialAction":[{"@type":"ReadAction","target":["https:\/\/harrobia.net\/es\/cursos\/iniciacion-multiaventura\/"]}]},{"@type":"ImageObject","inLanguage":"es","@id":"https:\/\/harrobia.net\/es\/cursos\/iniciacion-multiaventura\/#primaryimage","url":"https:\/\/harrobia.net\/wp-content\/uploads\/2024\/06\/Multiabentura-hastapena-1.jpg","contentUrl":"https:\/\/harrobia.net\/wp-content\/uploads\/2024\/06\/Multiabentura-hastapena-1.jpg","width":709,"height":531},{"@type":"BreadcrumbList","@id":"https:\/\/harrobia.net\/es\/cursos\/iniciacion-multiaventura\/#breadcrumb","itemListElement":[{"@type":"ListItem","position":1,"name":"Home","item":"https:\/\/harrobia.net\/"},{"@type":"ListItem","position":2,"name":"Cursos","item":"https:\/\/harrobia.net\/es\/cursos\/"},{"@type":"ListItem","position":3,"name":"Iniciaci\u00f3n Multiaventura"}]},{"@type":"WebSite","@id":"https:\/\/harrobia.net\/#website","url":"https:\/\/harrobia.net\/","name":"Harrobia Ikastola","description":"Harrobia Lanbide Heziketaren Ikastola","publisher":{"@id":"https:\/\/harrobia.net\/#organization"},"potentialAction":[{"@type":"SearchAction","target":{"@type":"EntryPoint","urlTemplate":"https:\/\/harrobia.net\/?s={search_term_string}"},"query-input":{"@type":"PropertyValueSpecification","valueRequired":true,"valueName":"search_term_string"}}],"inLanguage":"es"},{"@type":"Organization","@id":"https:\/\/harrobia.net\/#organization","name":"Harrobia Ikastola","url":"https:\/\/harrobia.net\/","logo":{"@type":"ImageObject","inLanguage":"es","@id":"https:\/\/harrobia.net\/#\/schema\/logo\/image\/","url":"https:\/\/harrobia.net\/wp-content\/uploads\/2014\/07\/harrobia.png","contentUrl":"https:\/\/harrobia.net\/wp-content\/uploads\/2014\/07\/harrobia.png","width":256,"height":71,"caption":"Harrobia Ikastola"},"image":{"@id":"https:\/\/harrobia.net\/#\/schema\/logo\/image\/"},"sameAs":["https:\/\/www.facebook.com\/HarrobiaIkastola","https:\/\/x.com\/harrobiaikas","https:\/\/www.instagram.com\/harrobiaikastola","https:\/\/www.youtube.com\/user\/IbarezkerraBilbo"]}]}},"jetpack_sharing_enabled":true,"_links":{"self":[{"href":"https:\/\/harrobia.net\/es\/wp-json\/wp\/v2\/pages\/50333","targetHints":{"allow":["GET"]}}],"collection":[{"href":"https:\/\/harrobia.net\/es\/wp-json\/wp\/v2\/pages"}],"about":[{"href":"https:\/\/harrobia.net\/es\/wp-json\/wp\/v2\/types\/page"}],"author":[{"embeddable":true,"href":"https:\/\/harrobia.net\/es\/wp-json\/wp\/v2\/users\/6"}],"replies":[{"embeddable":true,"href":"https:\/\/harrobia.net\/es\/wp-json\/wp\/v2\/comments?post=50333"}],"version-history":[{"count":3,"href":"https:\/\/harrobia.net\/es\/wp-json\/wp\/v2\/pages\/50333\/revisions"}],"predecessor-version":[{"id":58912,"href":"https:\/\/harrobia.net\/es\/wp-json\/wp\/v2\/pages\/50333\/revisions\/58912"}],"up":[{"embeddable":true,"href":"https:\/\/harrobia.net\/es\/wp-json\/wp\/v2\/pages\/49600"}],"wp:featuredmedia":[{"embeddable":true,"href":"https:\/\/harrobia.net\/es\/wp-json\/wp\/v2\/media\/50334"}],"wp:attachment":[{"href":"https:\/\/harrobia.net\/es\/wp-json\/wp\/v2\/media?parent=50333"}],"curies":[{"name":"wp","href":"https:\/\/api.w.org\/{rel}","templated":true}]}}