{"id":43525,"date":"2022-09-15T13:19:02","date_gmt":"2022-09-15T11:19:02","guid":{"rendered":"https:\/\/harrobia.net\/?page_id=43525"},"modified":"2025-09-05T19:32:58","modified_gmt":"2025-09-05T17:32:58","slug":"organizacion-en-acondicionamiento-fisico","status":"publish","type":"page","link":"https:\/\/harrobia.net\/es\/ikastola\/quien-es-quien-en-harrobia\/organizacion-en-acondicionamiento-fisico\/","title":{"rendered":"Organizaci\u00f3n en Acondicionamiento F\u00edsico"},"content":{"rendered":"<p>[et_pb_section fb_built=\u00bb1&#8243; _builder_version=\u00bb4.16&#8243; background_color=\u00bbrgba(171,206,227,0.15)\u00bb custom_padding=\u00bb30px|0px|30px|0px|false|false\u00bb da_disable_devices=\u00bboff|off|off\u00bb global_colors_info=\u00bb{}\u00bb da_is_popup=\u00bboff\u00bb da_exit_intent=\u00bboff\u00bb da_has_close=\u00bbon\u00bb da_alt_close=\u00bboff\u00bb da_dark_close=\u00bboff\u00bb da_not_modal=\u00bbon\u00bb da_is_singular=\u00bboff\u00bb da_with_loader=\u00bboff\u00bb da_has_shadow=\u00bbon\u00bb][et_pb_row _builder_version=\u00bb4.16&#8243; custom_padding=\u00bb0|0px|0|0px|false|false\u00bb global_colors_info=\u00bb{}\u00bb][et_pb_column type=\u00bb4_4&#8243; _builder_version=\u00bb4.16&#8243; custom_padding=\u00bb|||\u00bb global_colors_info=\u00bb{}\u00bb custom_padding__hover=\u00bb|||\u00bb][et_pb_dcsbcm_divi_breadcrumbs_module homebreadcrumbtext=\u00bb<i class=%22fas fa-school%22><\/i> Hasiera\u00bb _builder_version=\u00bb4.16&#8243; fontsbreadcrumbs_font=\u00bb||||||||\u00bb fontsbreadcrumbs_text_color=\u00bb#666666&#8243; fontsseperator_font=\u00bb||||||||\u00bb fontsseperator_text_color=\u00bb#003f7a\u00bb fontsbreadcrumblinks_font=\u00bb||||||||\u00bb fontsbreadcrumblinks_text_color=\u00bb#003f7a\u00bb global_colors_info=\u00bb{}\u00bb][\/et_pb_dcsbcm_divi_breadcrumbs_module][\/et_pb_column][\/et_pb_row][\/et_pb_section][et_pb_section fb_built=\u00bb1&#8243; specialty=\u00bbon\u00bb background_color_1=\u00bb#ffffff\u00bb background_color_2=\u00bb#ffffff\u00bb padding_right_2=\u00bb15px\u00bb padding_left_2=\u00bb15px\u00bb _builder_version=\u00bb4.16&#8243; background_color=\u00bbrgba(171,206,227,0.15)\u00bb custom_padding=\u00bb0|0|54px||false|false\u00bb da_disable_devices=\u00bboff|off|off\u00bb global_colors_info=\u00bb{}\u00bb da_is_popup=\u00bboff\u00bb da_exit_intent=\u00bboff\u00bb da_has_close=\u00bbon\u00bb da_alt_close=\u00bboff\u00bb da_dark_close=\u00bboff\u00bb da_not_modal=\u00bbon\u00bb da_is_singular=\u00bboff\u00bb da_with_loader=\u00bboff\u00bb da_has_shadow=\u00bbon\u00bb][et_pb_column type=\u00bb3_4&#8243; specialty_columns=\u00bb3&#8243; _builder_version=\u00bb4.16&#8243; custom_padding=\u00bb|||\u00bb global_colors_info=\u00bb{}\u00bb custom_padding__hover=\u00bb|||\u00bb][et_pb_row_inner _builder_version=\u00bb4.16&#8243; background_color=\u00bb#ffffff\u00bb custom_padding=\u00bb25px|15px|30px|15px|false|false\u00bb box_shadow_style=\u00bbpreset3&#8243; global_colors_info=\u00bb{}\u00bb][et_pb_column_inner saved_specialty_column_type=\u00bb3_4&#8243; _builder_version=\u00bb4.16&#8243; custom_padding=\u00bb|||\u00bb global_colors_info=\u00bb{}\u00bb custom_padding__hover=\u00bb|||\u00bb][et_pb_post_title meta=\u00bboff\u00bb featured_image=\u00bboff\u00bb _builder_version=\u00bb4.18.0&#8243; title_font=\u00bb||||||||\u00bb title_font_size=\u00bb35px\u00bb meta_font=\u00bb||||||||\u00bb max_width=\u00bb93%\u00bb max_width_tablet=\u00bb\u00bb max_width_phone=\u00bb\u00bb max_width_last_edited=\u00bbon|phone\u00bb border_width_bottom=\u00bb1px\u00bb border_color_bottom=\u00bb#003f7a\u00bb global_colors_info=\u00bb{}\u00bb][\/et_pb_post_title][et_pb_tabs _builder_version=\u00bb4.27.4&#8243; body_font=\u00bb||||||||\u00bb hover_enabled=\u00bb0&#8243; global_colors_info=\u00bb{}\u00bb sticky_enabled=\u00bb0&#8243;][et_pb_tab title=\u00bbPrimer Curso\u00bb _builder_version=\u00bb4.27.4&#8243; body_font=\u00bb||||||||\u00bb hover_enabled=\u00bb0&#8243; global_colors_info=\u00bb{}\u00bb sticky_enabled=\u00bb0&#8243;]<\/p>\n<h2>CICLO GRADO SUPERIOR<\/h2>\n<h4>Tutora<\/h4>\n<p>Rita Intxaurraga Larra\u00f1aga\u00a0<a href=\"mailto:rintxaurraga@harrobia.net\">rintxaurraga@harrobia.net<\/a><\/p>\n<h4>Profesorado<\/h4>\n<p>Rita Intxaurraga Larra\u00f1aga\u00a0<a href=\"mailto:rintxaurraga@harrobia.net\" target=\"_blank\" rel=\"noopener noreferrer\">rintxaurraga@harrobia.net<\/a><\/p>\n<p>Ra\u00fal S\u00e1nchez Garc\u00eda\u00a0<a href=\"mailto:rsanchez@harrobia.net\" target=\"_blank\" rel=\"noopener noreferrer\">rsanchez@harrobia.net<\/a><\/p>\n<p>Pello Moreno Mart\u00edn <a href=\"mailto:pmoreno@harrobia.net\">pmoreno@harrobia.net<\/a><\/p>\n<p>Txabi del Corte Elduayen\u00a0<a href=\"mailto:txabi@harrobia.net\">txabi@harrobia.net<\/a><\/p>\n<p>[\/et_pb_tab][et_pb_tab title=\u00bbSegundo Curso\u00bb _builder_version=\u00bb4.27.4&#8243; hover_enabled=\u00bb0&#8243; global_colors_info=\u00bb{}\u00bb sticky_enabled=\u00bb0&#8243;]<\/p>\n<h2>CICLO GRADO SUPERIOR<\/h2>\n<h4>Tutor<\/h4>\n<p>Ra\u00fal S\u00e1nchez Garc\u00eda\u00a0<a href=\"mailto:rsanchez@harrobia.net\">rsanchez@harrobia.net<\/a><\/p>\n<h4>Profesorado<\/h4>\n<p>Ra\u00fal S\u00e1nchez Garc\u00eda\u00a0<a href=\"mailto:rsanchez@harrobia.net\" target=\"_blank\" rel=\"noopener noreferrer\">rsanchez@harrobia.net<\/a><\/p>\n<p>Rita Intxaurraga Larra\u00f1aga\u00a0<a href=\"mailto:rintxaurraga@harrobia.net\" target=\"_blank\" rel=\"noopener noreferrer\">rintxaurraga@harrobia.net<\/a><\/p>\n<p>Pello Moreno Mart\u00edn\u00a0<a href=\"mailto:pmoreno@harrobia.net\">pmoreno@harrobia.net<\/a><\/p>\n<p>Txabi del Corte Elduayen\u00a0<a href=\"mailto:txabi@harrobia.net\">txabi@harrobia.net<\/a><\/p>\n<p>I\u00f1igo Serna Pradera <a href=\"mailto:iserna@harrobia.net\">iserna@harrobia.net<\/a><\/p>\n<p>[\/et_pb_tab][\/et_pb_tabs][\/et_pb_column_inner][\/et_pb_row_inner][\/et_pb_column][et_pb_column type=\u00bb1_4&#8243; _builder_version=\u00bb4.16&#8243; custom_padding=\u00bb|||\u00bb global_colors_info=\u00bb{}\u00bb custom_padding__hover=\u00bb|||\u00bb][et_pb_sidebar area=\u00bbet_pb_widget_area_1&#8243; show_border=\u00bboff\u00bb _builder_version=\u00bb4.16&#8243; header_font=\u00bb||||||||\u00bb header_font_size=\u00bb25px\u00bb body_font=\u00bb||||||||\u00bb body_font_size=\u00bb13px\u00bb global_colors_info=\u00bb{}\u00bb][\/et_pb_sidebar][et_pb_sidebar area=\u00bbet_pb_widget_area_13&#8243; _builder_version=\u00bb4.18.0&#8243; header_font_size=\u00bb25px\u00bb body_font=\u00bb||||||||\u00bb body_font_size=\u00bb13px\u00bb border_color_all=\u00bbrgba(0,0,0,0)\u00bb global_colors_info=\u00bb{}\u00bb][\/et_pb_sidebar][et_pb_sidebar area=\u00bbet_pb_widget_area_2&#8243; show_border=\u00bboff\u00bb _builder_version=\u00bb4.16&#8243; header_font=\u00bb||||||||\u00bb header_font_size=\u00bb25px\u00bb body_font=\u00bb||||||||\u00bb body_font_size=\u00bb13px\u00bb global_colors_info=\u00bb{}\u00bb][\/et_pb_sidebar][\/et_pb_column][\/et_pb_section]<\/p>\n<span class=\"et_bloom_bottom_trigger\"><\/span>","protected":false},"excerpt":{"rendered":"<p>CICLO GRADO SUPERIOR Tutora Rita Intxaurraga Larra\u00f1aga\u00a0rintxaurraga@harrobia.net Profesorado Rita Intxaurraga Larra\u00f1aga\u00a0rintxaurraga@harrobia.net Ra\u00fal S\u00e1nchez Garc\u00eda\u00a0rsanchez@harrobia.net Pello Moreno Mart\u00edn pmoreno@harrobia.net Txabi del Corte Elduayen\u00a0txabi@harrobia.netCICLO GRADO SUPERIOR Tutor Ra\u00fal S\u00e1nchez Garc\u00eda\u00a0rsanchez@harrobia.net Profesorado Ra\u00fal S\u00e1nchez Garc\u00eda\u00a0rsanchez@harrobia.net Rita Intxaurraga Larra\u00f1aga\u00a0rintxaurraga@harrobia.net Pello Moreno Mart\u00edn\u00a0pmoreno@harrobia.net Txabi del Corte Elduayen\u00a0txabi@harrobia.net I\u00f1igo Serna Pradera iserna@harrobia.net<\/p>\n","protected":false},"author":6,"featured_media":0,"parent":43458,"menu_order":0,"comment_status":"closed","ping_status":"closed","template":"","meta":{"_acf_changed":false,"_et_pb_use_builder":"on","_et_pb_old_content":"","_et_gb_content_width":"","_joinchat":[],"footnotes":""},"class_list":["post-43525","page","type-page","status-publish","hentry"],"acf":[],"yoast_head":"<!-- This site is optimized with the Yoast SEO plugin v27.3 - https:\/\/yoast.com\/product\/yoast-seo-wordpress\/ -->\n<title>Organizaci\u00f3n en Acondicionamiento F\u00edsico - Harrobia | Lanbide heziketa Bizkaian<\/title>\n<meta name=\"robots\" content=\"index, follow, max-snippet:-1, max-image-preview:large, max-video-preview:-1\" \/>\n<link rel=\"canonical\" href=\"https:\/\/harrobia.net\/es\/ikastola\/quien-es-quien-en-harrobia\/organizacion-en-acondicionamiento-fisico\/\" \/>\n<meta property=\"og:locale\" content=\"es_ES\" \/>\n<meta property=\"og:type\" content=\"article\" \/>\n<meta property=\"og:title\" content=\"Organizaci\u00f3n en Acondicionamiento F\u00edsico - Harrobia | Lanbide heziketa Bizkaian\" \/>\n<meta property=\"og:url\" content=\"https:\/\/harrobia.net\/es\/ikastola\/quien-es-quien-en-harrobia\/organizacion-en-acondicionamiento-fisico\/\" \/>\n<meta property=\"og:site_name\" content=\"Harrobia Ikastola\" \/>\n<meta property=\"article:publisher\" content=\"https:\/\/www.facebook.com\/HarrobiaIkastola\" \/>\n<meta property=\"article:modified_time\" content=\"2025-09-05T17:32:58+00:00\" \/>\n<meta property=\"og:image\" content=\"https:\/\/harrobia.net\/wp-content\/uploads\/2022\/11\/logoa.jpg\" \/>\n\t<meta property=\"og:image:width\" content=\"819\" \/>\n\t<meta property=\"og:image:height\" content=\"303\" \/>\n\t<meta property=\"og:image:type\" content=\"image\/jpeg\" \/>\n<meta name=\"twitter:card\" content=\"summary_large_image\" \/>\n<meta name=\"twitter:site\" content=\"@harrobiaikas\" \/>\n<meta name=\"twitter:label1\" content=\"Tiempo de lectura\" \/>\n\t<meta name=\"twitter:data1\" content=\"1 minuto\" \/>\n<script type=\"application\/ld+json\" class=\"yoast-schema-graph\">{\"@context\":\"https:\\\/\\\/schema.org\",\"@graph\":[{\"@type\":\"WebPage\",\"@id\":\"https:\\\/\\\/harrobia.net\\\/es\\\/ikastola\\\/quien-es-quien-en-harrobia\\\/organizacion-en-acondicionamiento-fisico\\\/\",\"url\":\"https:\\\/\\\/harrobia.net\\\/es\\\/ikastola\\\/quien-es-quien-en-harrobia\\\/organizacion-en-acondicionamiento-fisico\\\/\",\"name\":\"Organizaci\u00f3n en Acondicionamiento F\u00edsico - Harrobia | Lanbide heziketa Bizkaian\",\"isPartOf\":{\"@id\":\"https:\\\/\\\/harrobia.net\\\/#website\"},\"datePublished\":\"2022-09-15T11:19:02+00:00\",\"dateModified\":\"2025-09-05T17:32:58+00:00\",\"breadcrumb\":{\"@id\":\"https:\\\/\\\/harrobia.net\\\/es\\\/ikastola\\\/quien-es-quien-en-harrobia\\\/organizacion-en-acondicionamiento-fisico\\\/#breadcrumb\"},\"inLanguage\":\"es\",\"potentialAction\":[{\"@type\":\"ReadAction\",\"target\":[\"https:\\\/\\\/harrobia.net\\\/es\\\/ikastola\\\/quien-es-quien-en-harrobia\\\/organizacion-en-acondicionamiento-fisico\\\/\"]}]},{\"@type\":\"BreadcrumbList\",\"@id\":\"https:\\\/\\\/harrobia.net\\\/es\\\/ikastola\\\/quien-es-quien-en-harrobia\\\/organizacion-en-acondicionamiento-fisico\\\/#breadcrumb\",\"itemListElement\":[{\"@type\":\"ListItem\",\"position\":1,\"name\":\"Home\",\"item\":\"https:\\\/\\\/harrobia.net\\\/\"},{\"@type\":\"ListItem\",\"position\":2,\"name\":\"Ikastola\",\"item\":\"https:\\\/\\\/harrobia.net\\\/ikastola\\\/\"},{\"@type\":\"ListItem\",\"position\":3,\"name\":\"Qui\u00e9n es qui\u00e9n en Harrobia\",\"item\":\"https:\\\/\\\/harrobia.net\\\/ikastola\\\/nor-harrobian\\\/\"},{\"@type\":\"ListItem\",\"position\":4,\"name\":\"Organizaci\u00f3n en Acondicionamiento F\u00edsico\"}]},{\"@type\":\"WebSite\",\"@id\":\"https:\\\/\\\/harrobia.net\\\/#website\",\"url\":\"https:\\\/\\\/harrobia.net\\\/\",\"name\":\"Harrobia Ikastola\",\"description\":\"Harrobia Lanbide Heziketaren Ikastola\",\"publisher\":{\"@id\":\"https:\\\/\\\/harrobia.net\\\/#organization\"},\"potentialAction\":[{\"@type\":\"SearchAction\",\"target\":{\"@type\":\"EntryPoint\",\"urlTemplate\":\"https:\\\/\\\/harrobia.net\\\/?s={search_term_string}\"},\"query-input\":{\"@type\":\"PropertyValueSpecification\",\"valueRequired\":true,\"valueName\":\"search_term_string\"}}],\"inLanguage\":\"es\"},{\"@type\":\"Organization\",\"@id\":\"https:\\\/\\\/harrobia.net\\\/#organization\",\"name\":\"Harrobia Ikastola\",\"url\":\"https:\\\/\\\/harrobia.net\\\/\",\"logo\":{\"@type\":\"ImageObject\",\"inLanguage\":\"es\",\"@id\":\"https:\\\/\\\/harrobia.net\\\/#\\\/schema\\\/logo\\\/image\\\/\",\"url\":\"https:\\\/\\\/harrobia.net\\\/wp-content\\\/uploads\\\/2014\\\/07\\\/harrobia.png\",\"contentUrl\":\"https:\\\/\\\/harrobia.net\\\/wp-content\\\/uploads\\\/2014\\\/07\\\/harrobia.png\",\"width\":256,\"height\":71,\"caption\":\"Harrobia Ikastola\"},\"image\":{\"@id\":\"https:\\\/\\\/harrobia.net\\\/#\\\/schema\\\/logo\\\/image\\\/\"},\"sameAs\":[\"https:\\\/\\\/www.facebook.com\\\/HarrobiaIkastola\",\"https:\\\/\\\/x.com\\\/harrobiaikas\",\"https:\\\/\\\/www.instagram.com\\\/harrobiaikastola\",\"https:\\\/\\\/www.youtube.com\\\/user\\\/IbarezkerraBilbo\"]}]}<\/script>\n<!-- \/ Yoast SEO plugin. -->","yoast_head_json":{"title":"Organizaci\u00f3n en Acondicionamiento F\u00edsico - Harrobia | Lanbide heziketa Bizkaian","robots":{"index":"index","follow":"follow","max-snippet":"max-snippet:-1","max-image-preview":"max-image-preview:large","max-video-preview":"max-video-preview:-1"},"canonical":"https:\/\/harrobia.net\/es\/ikastola\/quien-es-quien-en-harrobia\/organizacion-en-acondicionamiento-fisico\/","og_locale":"es_ES","og_type":"article","og_title":"Organizaci\u00f3n en Acondicionamiento F\u00edsico - Harrobia | Lanbide heziketa Bizkaian","og_url":"https:\/\/harrobia.net\/es\/ikastola\/quien-es-quien-en-harrobia\/organizacion-en-acondicionamiento-fisico\/","og_site_name":"Harrobia Ikastola","article_publisher":"https:\/\/www.facebook.com\/HarrobiaIkastola","article_modified_time":"2025-09-05T17:32:58+00:00","og_image":[{"width":819,"height":303,"url":"https:\/\/harrobia.net\/wp-content\/uploads\/2022\/11\/logoa.jpg","type":"image\/jpeg"}],"twitter_card":"summary_large_image","twitter_site":"@harrobiaikas","twitter_misc":{"Tiempo de lectura":"1 minuto"},"schema":{"@context":"https:\/\/schema.org","@graph":[{"@type":"WebPage","@id":"https:\/\/harrobia.net\/es\/ikastola\/quien-es-quien-en-harrobia\/organizacion-en-acondicionamiento-fisico\/","url":"https:\/\/harrobia.net\/es\/ikastola\/quien-es-quien-en-harrobia\/organizacion-en-acondicionamiento-fisico\/","name":"Organizaci\u00f3n en Acondicionamiento F\u00edsico - Harrobia | Lanbide heziketa Bizkaian","isPartOf":{"@id":"https:\/\/harrobia.net\/#website"},"datePublished":"2022-09-15T11:19:02+00:00","dateModified":"2025-09-05T17:32:58+00:00","breadcrumb":{"@id":"https:\/\/harrobia.net\/es\/ikastola\/quien-es-quien-en-harrobia\/organizacion-en-acondicionamiento-fisico\/#breadcrumb"},"inLanguage":"es","potentialAction":[{"@type":"ReadAction","target":["https:\/\/harrobia.net\/es\/ikastola\/quien-es-quien-en-harrobia\/organizacion-en-acondicionamiento-fisico\/"]}]},{"@type":"BreadcrumbList","@id":"https:\/\/harrobia.net\/es\/ikastola\/quien-es-quien-en-harrobia\/organizacion-en-acondicionamiento-fisico\/#breadcrumb","itemListElement":[{"@type":"ListItem","position":1,"name":"Home","item":"https:\/\/harrobia.net\/"},{"@type":"ListItem","position":2,"name":"Ikastola","item":"https:\/\/harrobia.net\/ikastola\/"},{"@type":"ListItem","position":3,"name":"Qui\u00e9n es qui\u00e9n en Harrobia","item":"https:\/\/harrobia.net\/ikastola\/nor-harrobian\/"},{"@type":"ListItem","position":4,"name":"Organizaci\u00f3n en Acondicionamiento F\u00edsico"}]},{"@type":"WebSite","@id":"https:\/\/harrobia.net\/#website","url":"https:\/\/harrobia.net\/","name":"Harrobia Ikastola","description":"Harrobia Lanbide Heziketaren Ikastola","publisher":{"@id":"https:\/\/harrobia.net\/#organization"},"potentialAction":[{"@type":"SearchAction","target":{"@type":"EntryPoint","urlTemplate":"https:\/\/harrobia.net\/?s={search_term_string}"},"query-input":{"@type":"PropertyValueSpecification","valueRequired":true,"valueName":"search_term_string"}}],"inLanguage":"es"},{"@type":"Organization","@id":"https:\/\/harrobia.net\/#organization","name":"Harrobia Ikastola","url":"https:\/\/harrobia.net\/","logo":{"@type":"ImageObject","inLanguage":"es","@id":"https:\/\/harrobia.net\/#\/schema\/logo\/image\/","url":"https:\/\/harrobia.net\/wp-content\/uploads\/2014\/07\/harrobia.png","contentUrl":"https:\/\/harrobia.net\/wp-content\/uploads\/2014\/07\/harrobia.png","width":256,"height":71,"caption":"Harrobia Ikastola"},"image":{"@id":"https:\/\/harrobia.net\/#\/schema\/logo\/image\/"},"sameAs":["https:\/\/www.facebook.com\/HarrobiaIkastola","https:\/\/x.com\/harrobiaikas","https:\/\/www.instagram.com\/harrobiaikastola","https:\/\/www.youtube.com\/user\/IbarezkerraBilbo"]}]}},"jetpack_sharing_enabled":true,"_links":{"self":[{"href":"https:\/\/harrobia.net\/es\/wp-json\/wp\/v2\/pages\/43525","targetHints":{"allow":["GET"]}}],"collection":[{"href":"https:\/\/harrobia.net\/es\/wp-json\/wp\/v2\/pages"}],"about":[{"href":"https:\/\/harrobia.net\/es\/wp-json\/wp\/v2\/types\/page"}],"author":[{"embeddable":true,"href":"https:\/\/harrobia.net\/es\/wp-json\/wp\/v2\/users\/6"}],"replies":[{"embeddable":true,"href":"https:\/\/harrobia.net\/es\/wp-json\/wp\/v2\/comments?post=43525"}],"version-history":[{"count":2,"href":"https:\/\/harrobia.net\/es\/wp-json\/wp\/v2\/pages\/43525\/revisions"}],"predecessor-version":[{"id":53545,"href":"https:\/\/harrobia.net\/es\/wp-json\/wp\/v2\/pages\/43525\/revisions\/53545"}],"up":[{"embeddable":true,"href":"https:\/\/harrobia.net\/es\/wp-json\/wp\/v2\/pages\/43458"}],"wp:attachment":[{"href":"https:\/\/harrobia.net\/es\/wp-json\/wp\/v2\/media?parent=43525"}],"curies":[{"name":"wp","href":"https:\/\/api.w.org\/{rel}","templated":true}]}}