{"id":41,"date":"2012-05-04T06:44:57","date_gmt":"2012-05-04T06:44:57","guid":{"rendered":"http:\/\/harrobia.net\/?page_id=41"},"modified":"2024-02-20T14:37:07","modified_gmt":"2024-02-20T13:37:07","slug":"presentacion","status":"publish","type":"page","link":"https:\/\/harrobia.net\/es\/ikastola\/presentacion\/","title":{"rendered":"Presentaci\u00f3n"},"content":{"rendered":"<p>[et_pb_section fb_built=\u00bb1&#8243; _builder_version=\u00bb4.16&#8243; background_color=\u00bbrgba(171,206,227,0.15)\u00bb custom_padding=\u00bb30px|0px|30px|0px|false|false\u00bb global_colors_info=\u00bb{}\u00bb da_is_popup=\u00bboff\u00bb da_exit_intent=\u00bboff\u00bb da_has_close=\u00bbon\u00bb da_alt_close=\u00bboff\u00bb da_dark_close=\u00bboff\u00bb da_not_modal=\u00bbon\u00bb da_is_singular=\u00bboff\u00bb da_with_loader=\u00bboff\u00bb da_has_shadow=\u00bbon\u00bb da_disable_devices=\u00bboff|off|off\u00bb][et_pb_row _builder_version=\u00bb4.16&#8243; custom_padding=\u00bb0|0px|0|0px|false|false\u00bb global_colors_info=\u00bb{}\u00bb][et_pb_column type=\u00bb4_4&#8243; _builder_version=\u00bb4.16&#8243; custom_padding=\u00bb|||\u00bb global_colors_info=\u00bb{}\u00bb custom_padding__hover=\u00bb|||\u00bb][et_pb_dcsbcm_divi_breadcrumbs_module homebreadcrumbtext=\u00bb<i class=%22fas fa-school%22><\/i> Hasiera\u00bb _builder_version=\u00bb4.16&#8243; fontsbreadcrumbs_font=\u00bb||||||||\u00bb fontsbreadcrumbs_text_color=\u00bb#666666&#8243; fontsseperator_font=\u00bb||||||||\u00bb fontsseperator_text_color=\u00bb#003f7a\u00bb fontsbreadcrumblinks_font=\u00bb||||||||\u00bb fontsbreadcrumblinks_text_color=\u00bb#003f7a\u00bb global_colors_info=\u00bb{}\u00bb][\/et_pb_dcsbcm_divi_breadcrumbs_module][\/et_pb_column][\/et_pb_row][\/et_pb_section][et_pb_section fb_built=\u00bb1&#8243; specialty=\u00bbon\u00bb background_color_1=\u00bb#ffffff\u00bb background_color_2=\u00bb#ffffff\u00bb padding_right_2=\u00bb15px\u00bb padding_left_2=\u00bb15px\u00bb _builder_version=\u00bb4.24.0&#8243; background_color=\u00bbrgba(171,206,227,0.15)\u00bb custom_padding=\u00bb0||54px||false|false\u00bb global_colors_info=\u00bb{}\u00bb da_is_popup=\u00bboff\u00bb da_exit_intent=\u00bboff\u00bb da_has_close=\u00bbon\u00bb da_alt_close=\u00bboff\u00bb da_dark_close=\u00bboff\u00bb da_not_modal=\u00bbon\u00bb da_is_singular=\u00bboff\u00bb da_with_loader=\u00bboff\u00bb da_has_shadow=\u00bbon\u00bb da_disable_devices=\u00bboff|off|off\u00bb][et_pb_column type=\u00bb3_4&#8243; specialty_columns=\u00bb3&#8243; _builder_version=\u00bb4.16&#8243; custom_padding=\u00bb|||\u00bb global_colors_info=\u00bb{}\u00bb custom_padding__hover=\u00bb|||\u00bb][et_pb_row_inner _builder_version=\u00bb4.16&#8243; background_color=\u00bb#ffffff\u00bb custom_padding=\u00bb25px|15px|30px|15px|false|false\u00bb box_shadow_style=\u00bbpreset3&#8243; global_colors_info=\u00bb{}\u00bb][et_pb_column_inner saved_specialty_column_type=\u00bb3_4&#8243; _builder_version=\u00bb4.16&#8243; custom_padding=\u00bb|||\u00bb global_colors_info=\u00bb{}\u00bb custom_padding__hover=\u00bb|||\u00bb][et_pb_post_title meta=\u00bboff\u00bb featured_image=\u00bboff\u00bb _builder_version=\u00bb4.16&#8243; title_font=\u00bb||||||||\u00bb title_font_size=\u00bb35px\u00bb meta_font=\u00bb||||||||\u00bb max_width=\u00bb50%\u00bb max_width_tablet=\u00bb\u00bb max_width_phone=\u00bb\u00bb max_width_last_edited=\u00bbon|phone\u00bb border_width_bottom=\u00bb1px\u00bb border_color_bottom=\u00bb#003f7a\u00bb global_colors_info=\u00bb{}\u00bb][\/et_pb_post_title][et_pb_text _builder_version=\u00bb4.24.0&#8243; hover_enabled=\u00bb0&#8243; global_colors_info=\u00bb{}\u00bb sticky_enabled=\u00bb0&#8243;]<\/p>\n<p><strong>HARROBIA ikastola es un <\/strong><span style=\"text-decoration: underline;\"><a href=\"https:\/\/www.euskadi.eus\/y22-bopv\/es\/bopv2\/datos\/2020\/02\/2001094a.pdf\" target=\"_blank\" rel=\"noopener noreferrer\"><strong>CENTRO INTEGRADO DE FORMACI\u00d3N PROFESIONAL<\/strong><\/a><\/span><\/p>\n<p><strong><\/strong><\/p>\n<ul>\n<li><a href=\"https:\/\/www.euskadi.eus\/y22-bopv\/es\/bopv2\/datos\/2022\/10\/2204546a.pdf\">Autorizado<\/a>\u00a0y concertado por la Administraci\u00f3n Educativa del Gobierno Vasco para la impartici\u00f3n de\u00a0<a href=\"\/?page_id=12155\" target=\"_blank\" rel=\"noopener noreferrer\">CICLOS FORMATIVOS.<\/a><\/li>\n<\/ul>\n<p>&nbsp;<\/p>\n<ul>\n<li><span><a href=\"https:\/\/apps.lanbide.euskadi.net\/apps\/FR_DETALLE_CENTRO?LG=C&amp;ML=FORMEN21&amp;MS=Feaba&amp;IDOF=71317009&amp;TPOF=4&amp;SVSG=N&amp;IDUS=\">Autorizado<\/a> por la Administraci\u00f3n Laboral para la gesti\u00f3n e impartici\u00f3n de FORMACI\u00d3N PROFESIONAL PARA EL EMPLEO en sus <a href=\"\/?page_id=13638\">diferentes modalidades<\/a> (personas trabajadoras ocupadas, personas en desempleo; empresas &#8211;<a href=\"https:\/\/www.fundae.es\/empresas\">Fundae<\/a> eta <a href=\"\/?page_id=24692\">entidad organizadora<\/a>-, dual, etc. <\/span><\/li>\n<\/ul>\n<p>[\/et_pb_text][et_pb_image src=\u00bbhttps:\/\/harrobia.net\/wp-content\/uploads\/2019\/03\/harrobia.jpg\u00bb align=\u00bbcenter\u00bb align_tablet=\u00bbcenter\u00bb align_phone=\u00bb\u00bb align_last_edited=\u00bbon|desktop\u00bb _builder_version=\u00bb4.16&#8243; max_width=\u00bb95%\u00bb global_colors_info=\u00bb{}\u00bb][\/et_pb_image][et_pb_text _builder_version=\u00bb4.24.0&#8243; hover_enabled=\u00bb0&#8243; global_colors_info=\u00bb{}\u00bb sticky_enabled=\u00bb0&#8243;]Adem\u00e1s, HARROBIA es un <a href=\"https:\/\/www.euskadi.eus\/y22-bopv\/es\/bopv2\/datos\/2013\/10\/1304537a.pdf\" target=\"_blank\" rel=\"noopener noreferrer\">CENTRO AUTORIZADO DE ENSE\u00d1ANZAS DEPORTIVAS<\/a> que ofrece a las Federaciones Deportivas servicios de gesti\u00f3n e impartici\u00f3n de las <a href=\"https:\/\/www.csd.gob.es\/es\/csd\/ensenanzas\/periodo-transitorio\/normas-calendario-de-extincion-y-planes-formativos\">ense\u00f1anzas deportivas de periodo transitorio<\/a>.<\/p>\n<p>HARROBIA es una cooperativa integral sin \u00e1nimo de lucro y <a href=\"https:\/\/www.euskadi.eus\/y22-bopv\/es\/bopv2\/datos\/2010\/11\/1005680a.pdf\" target=\"_blank\" rel=\"noopener noreferrer\">declarada de utilidad p\u00fablica<\/a>.<\/p>\n<p>Nacida en Portugalete en 2001 con el nombre de IBAR EZKERRA IKASTOLA, desde el 2011 ofrece sus servicios en BILBAO y con el nombre de HARROBIA.<\/p>\n<p>Pertenecemos a la <a href=\"https:\/\/ikastola.eus\/\">Federaci\u00f3n de Ikastolas<\/a> de Euskal Herria y tenemos el compromiso de seguir transformando conjuntamente la educaci\u00f3n.<\/p>\n<p><span>Las metas fijadas en el\u00a0<a href=\"https:\/\/www.euskadi.eus\/contenidos\/informacion\/legelabur\/es_def\/adjuntos\/6PLAN_FP_cas_2022.pdf\">VI Plan Vasco de Formaci\u00f3n Profesional<\/a>, la\u00a0<a href=\"https:\/\/www.lanbide.euskadi.eus\/contenidos\/informacion\/informacion_corporativa\/es_def\/adjuntos\/EVE-2030-cas.pdf\">Estrategia Vasca de Empleo 2030<\/a> y los retos de la Administraci\u00f3n Foral de <a href=\"https:\/\/www.bizkaia.eus\/documents\/842933\/17352503\/_+MANDATO+DFB+2023-2027_cast_interactivo.pdf\/98869d06-cf18-104e-1d46-e367f8d7559f?t=1705580358350\">Bizkaia<\/a> y las administraciones locales (<a href=\"https:\/\/www.bilbao.eus\/cs\/Satellite?c=Page&amp;cid=1279231576597&amp;language=es&amp;pageid=1279231576597&amp;pagename=Bilbaonet%2FPage%2FBIO_contenidoFinal\" target=\"_blank\" rel=\"noopener\">Ayuntamiento de Bilbao<\/a>), junto con nuestra misi\u00f3n y visi\u00f3n, establecen nuestro \u00e1mbito de actuaci\u00f3n.<\/span>[\/et_pb_text][\/et_pb_column_inner][\/et_pb_row_inner][\/et_pb_column][et_pb_column type=\u00bb1_4&#8243; _builder_version=\u00bb4.16&#8243; custom_padding=\u00bb|||\u00bb global_colors_info=\u00bb{}\u00bb custom_padding__hover=\u00bb|||\u00bb][et_pb_sidebar area=\u00bbet_pb_widget_area_1&#8243; show_border=\u00bboff\u00bb _builder_version=\u00bb4.16&#8243; header_font=\u00bb||||||||\u00bb header_font_size=\u00bb25px\u00bb body_font=\u00bb||||||||\u00bb body_font_size=\u00bb13px\u00bb global_colors_info=\u00bb{}\u00bb][\/et_pb_sidebar][et_pb_sidebar area=\u00bbet_pb_widget_area_13&#8243; _builder_version=\u00bb4.16&#8243; body_font=\u00bb||||||||\u00bb body_font_size=\u00bb13px\u00bb border_color_all=\u00bbrgba(0,0,0,0)\u00bb global_colors_info=\u00bb{}\u00bb][\/et_pb_sidebar][et_pb_sidebar area=\u00bbet_pb_widget_area_2&#8243; show_border=\u00bboff\u00bb _builder_version=\u00bb4.16&#8243; header_font=\u00bb||||||||\u00bb header_font_size=\u00bb25px\u00bb body_font=\u00bb||||||||\u00bb body_font_size=\u00bb13px\u00bb global_colors_info=\u00bb{}\u00bb][\/et_pb_sidebar][\/et_pb_column][\/et_pb_section]<\/p>\n<span class=\"et_bloom_bottom_trigger\"><\/span>","protected":false},"excerpt":{"rendered":"<p>HARROBIA ikastola es un CENTRO INTEGRADO DE FORMACI\u00d3N PROFESIONAL Autorizado\u00a0y concertado por la Administraci\u00f3n Educativa del Gobierno Vasco para la impartici\u00f3n de\u00a0CICLOS FORMATIVOS. &nbsp; Autorizado por la Administraci\u00f3n Laboral para la gesti\u00f3n e impartici\u00f3n de FORMACI\u00d3N PROFESIONAL PARA EL EMPLEO en sus diferentes modalidades (personas trabajadoras ocupadas, personas en desempleo; empresas -Fundae eta entidad organizadora-, [&hellip;]<\/p>\n","protected":false},"author":6,"featured_media":0,"parent":81,"menu_order":0,"comment_status":"closed","ping_status":"open","template":"","meta":{"_acf_changed":false,"_et_pb_use_builder":"on","_et_pb_old_content":"HARROBIA heziketa-zikloak emateko Eusko Jaurlaritzako Hezkuntza Sailak baimendu eta itundutako LANBIDE HEZIKETAKO IKASTOLA da. Halaber,\u00a0 langile landunei eta langabeei \u00a0zuzendutako prestakuntza emateko eta kudeatzeko Euskal Enplegu Zerbitzua -Lanbidek baimendutako zentroa da.\r\n\r\nHARROBIA, enpresek beren langileentzat antolatzen duten prestakuntza kudeatzeko eta emateko ERAKUNDE ANTOLATZAILEA da.\r\n\r\nHonetaz gain, HARROBIA, Kirol Federazioei igaroaldiko kirol irakaskuntzak emateko eta kudeatzeko zerbitzua eskaintzen duen\u00a0 KIROL IRAKASKUNTZETARAKO IKASTOLA BAIMENDUA da.\r\n\r\nHARROBIA, irabazi asmorik gabeko eta \u00a0herri-onurakotzat deklaratutako Kooperatiba Elkartea, \u00a0da.\r\n\r\nPortugaleten jaio zen 2001ean IBAR EZKERRA IKASTOLA izenarekin. 2011tik aurrera, bere zerbitzua BILBON eskaintzen du HARROBIA izenarekin.<img class=\"alignnone size-full wp-image-1397\" title=\"Ikastola\" src=\"https:\/\/harrobia.net\/wp-content\/uploads\/2017\/06\/Ikastola-Miribillatik.jpg\" alt=\"Ikastola\" width=\"706\" height=\"300\" \/>","_et_gb_content_width":"","_joinchat":[],"footnotes":""},"class_list":["post-41","page","type-page","status-publish","hentry"],"acf":[],"yoast_head":"<!-- This site is optimized with the Yoast SEO plugin v27.3 - https:\/\/yoast.com\/product\/yoast-seo-wordpress\/ -->\n<title>Presentaci\u00f3n - Harrobia | Lanbide heziketa Bizkaian<\/title>\n<meta name=\"robots\" content=\"index, follow, max-snippet:-1, max-image-preview:large, max-video-preview:-1\" \/>\n<link rel=\"canonical\" href=\"https:\/\/harrobia.net\/ikastola\/aurkezpena\/\" \/>\n<meta property=\"og:locale\" content=\"es_ES\" \/>\n<meta property=\"og:type\" content=\"article\" \/>\n<meta property=\"og:title\" content=\"Presentaci\u00f3n - Harrobia | Lanbide heziketa Bizkaian\" \/>\n<meta property=\"og:url\" content=\"https:\/\/harrobia.net\/ikastola\/aurkezpena\/\" \/>\n<meta property=\"og:site_name\" content=\"Harrobia Ikastola\" \/>\n<meta property=\"article:publisher\" content=\"https:\/\/www.facebook.com\/HarrobiaIkastola\" \/>\n<meta property=\"article:modified_time\" content=\"2024-02-20T13:37:07+00:00\" \/>\n<meta property=\"og:image\" content=\"https:\/\/harrobia.net\/wp-content\/uploads\/2022\/11\/logoa.jpg\" \/>\n\t<meta property=\"og:image:width\" content=\"819\" \/>\n\t<meta property=\"og:image:height\" content=\"303\" \/>\n\t<meta property=\"og:image:type\" content=\"image\/jpeg\" \/>\n<meta name=\"twitter:card\" content=\"summary_large_image\" \/>\n<meta name=\"twitter:site\" content=\"@harrobiaikas\" \/>\n<meta name=\"twitter:label1\" content=\"Tiempo de lectura\" \/>\n\t<meta name=\"twitter:data1\" content=\"4 minutos\" \/>\n<script type=\"application\/ld+json\" class=\"yoast-schema-graph\">{\"@context\":\"https:\\\/\\\/schema.org\",\"@graph\":[{\"@type\":\"WebPage\",\"@id\":\"https:\\\/\\\/harrobia.net\\\/ikastola\\\/aurkezpena\\\/\",\"url\":\"https:\\\/\\\/harrobia.net\\\/ikastola\\\/aurkezpena\\\/\",\"name\":\"Presentaci\u00f3n - Harrobia | Lanbide heziketa Bizkaian\",\"isPartOf\":{\"@id\":\"https:\\\/\\\/harrobia.net\\\/#website\"},\"datePublished\":\"2012-05-04T06:44:57+00:00\",\"dateModified\":\"2024-02-20T13:37:07+00:00\",\"breadcrumb\":{\"@id\":\"https:\\\/\\\/harrobia.net\\\/ikastola\\\/aurkezpena\\\/#breadcrumb\"},\"inLanguage\":\"es\",\"potentialAction\":[{\"@type\":\"ReadAction\",\"target\":[\"https:\\\/\\\/harrobia.net\\\/ikastola\\\/aurkezpena\\\/\"]}]},{\"@type\":\"BreadcrumbList\",\"@id\":\"https:\\\/\\\/harrobia.net\\\/ikastola\\\/aurkezpena\\\/#breadcrumb\",\"itemListElement\":[{\"@type\":\"ListItem\",\"position\":1,\"name\":\"Home\",\"item\":\"https:\\\/\\\/harrobia.net\\\/es\\\/\"},{\"@type\":\"ListItem\",\"position\":2,\"name\":\"Ikastola\",\"item\":\"https:\\\/\\\/harrobia.net\\\/ikastola\\\/\"},{\"@type\":\"ListItem\",\"position\":3,\"name\":\"Presentaci\u00f3n\"}]},{\"@type\":\"WebSite\",\"@id\":\"https:\\\/\\\/harrobia.net\\\/#website\",\"url\":\"https:\\\/\\\/harrobia.net\\\/\",\"name\":\"Harrobia Ikastola\",\"description\":\"Harrobia Lanbide Heziketaren Ikastola\",\"publisher\":{\"@id\":\"https:\\\/\\\/harrobia.net\\\/#organization\"},\"potentialAction\":[{\"@type\":\"SearchAction\",\"target\":{\"@type\":\"EntryPoint\",\"urlTemplate\":\"https:\\\/\\\/harrobia.net\\\/?s={search_term_string}\"},\"query-input\":{\"@type\":\"PropertyValueSpecification\",\"valueRequired\":true,\"valueName\":\"search_term_string\"}}],\"inLanguage\":\"es\"},{\"@type\":\"Organization\",\"@id\":\"https:\\\/\\\/harrobia.net\\\/#organization\",\"name\":\"Harrobia Ikastola\",\"url\":\"https:\\\/\\\/harrobia.net\\\/\",\"logo\":{\"@type\":\"ImageObject\",\"inLanguage\":\"es\",\"@id\":\"https:\\\/\\\/harrobia.net\\\/#\\\/schema\\\/logo\\\/image\\\/\",\"url\":\"https:\\\/\\\/harrobia.net\\\/wp-content\\\/uploads\\\/2014\\\/07\\\/harrobia.png\",\"contentUrl\":\"https:\\\/\\\/harrobia.net\\\/wp-content\\\/uploads\\\/2014\\\/07\\\/harrobia.png\",\"width\":256,\"height\":71,\"caption\":\"Harrobia Ikastola\"},\"image\":{\"@id\":\"https:\\\/\\\/harrobia.net\\\/#\\\/schema\\\/logo\\\/image\\\/\"},\"sameAs\":[\"https:\\\/\\\/www.facebook.com\\\/HarrobiaIkastola\",\"https:\\\/\\\/x.com\\\/harrobiaikas\",\"https:\\\/\\\/www.instagram.com\\\/harrobiaikastola\",\"https:\\\/\\\/www.youtube.com\\\/user\\\/IbarezkerraBilbo\"]}]}<\/script>\n<!-- \/ Yoast SEO plugin. -->","yoast_head_json":{"title":"Presentaci\u00f3n - Harrobia | Lanbide heziketa Bizkaian","robots":{"index":"index","follow":"follow","max-snippet":"max-snippet:-1","max-image-preview":"max-image-preview:large","max-video-preview":"max-video-preview:-1"},"canonical":"https:\/\/harrobia.net\/ikastola\/aurkezpena\/","og_locale":"es_ES","og_type":"article","og_title":"Presentaci\u00f3n - Harrobia | Lanbide heziketa Bizkaian","og_url":"https:\/\/harrobia.net\/ikastola\/aurkezpena\/","og_site_name":"Harrobia Ikastola","article_publisher":"https:\/\/www.facebook.com\/HarrobiaIkastola","article_modified_time":"2024-02-20T13:37:07+00:00","og_image":[{"width":819,"height":303,"url":"https:\/\/harrobia.net\/wp-content\/uploads\/2022\/11\/logoa.jpg","type":"image\/jpeg"}],"twitter_card":"summary_large_image","twitter_site":"@harrobiaikas","twitter_misc":{"Tiempo de lectura":"4 minutos"},"schema":{"@context":"https:\/\/schema.org","@graph":[{"@type":"WebPage","@id":"https:\/\/harrobia.net\/ikastola\/aurkezpena\/","url":"https:\/\/harrobia.net\/ikastola\/aurkezpena\/","name":"Presentaci\u00f3n - Harrobia | Lanbide heziketa Bizkaian","isPartOf":{"@id":"https:\/\/harrobia.net\/#website"},"datePublished":"2012-05-04T06:44:57+00:00","dateModified":"2024-02-20T13:37:07+00:00","breadcrumb":{"@id":"https:\/\/harrobia.net\/ikastola\/aurkezpena\/#breadcrumb"},"inLanguage":"es","potentialAction":[{"@type":"ReadAction","target":["https:\/\/harrobia.net\/ikastola\/aurkezpena\/"]}]},{"@type":"BreadcrumbList","@id":"https:\/\/harrobia.net\/ikastola\/aurkezpena\/#breadcrumb","itemListElement":[{"@type":"ListItem","position":1,"name":"Home","item":"https:\/\/harrobia.net\/es\/"},{"@type":"ListItem","position":2,"name":"Ikastola","item":"https:\/\/harrobia.net\/ikastola\/"},{"@type":"ListItem","position":3,"name":"Presentaci\u00f3n"}]},{"@type":"WebSite","@id":"https:\/\/harrobia.net\/#website","url":"https:\/\/harrobia.net\/","name":"Harrobia Ikastola","description":"Harrobia Lanbide Heziketaren Ikastola","publisher":{"@id":"https:\/\/harrobia.net\/#organization"},"potentialAction":[{"@type":"SearchAction","target":{"@type":"EntryPoint","urlTemplate":"https:\/\/harrobia.net\/?s={search_term_string}"},"query-input":{"@type":"PropertyValueSpecification","valueRequired":true,"valueName":"search_term_string"}}],"inLanguage":"es"},{"@type":"Organization","@id":"https:\/\/harrobia.net\/#organization","name":"Harrobia Ikastola","url":"https:\/\/harrobia.net\/","logo":{"@type":"ImageObject","inLanguage":"es","@id":"https:\/\/harrobia.net\/#\/schema\/logo\/image\/","url":"https:\/\/harrobia.net\/wp-content\/uploads\/2014\/07\/harrobia.png","contentUrl":"https:\/\/harrobia.net\/wp-content\/uploads\/2014\/07\/harrobia.png","width":256,"height":71,"caption":"Harrobia Ikastola"},"image":{"@id":"https:\/\/harrobia.net\/#\/schema\/logo\/image\/"},"sameAs":["https:\/\/www.facebook.com\/HarrobiaIkastola","https:\/\/x.com\/harrobiaikas","https:\/\/www.instagram.com\/harrobiaikastola","https:\/\/www.youtube.com\/user\/IbarezkerraBilbo"]}]}},"jetpack_sharing_enabled":true,"_links":{"self":[{"href":"https:\/\/harrobia.net\/es\/wp-json\/wp\/v2\/pages\/41","targetHints":{"allow":["GET"]}}],"collection":[{"href":"https:\/\/harrobia.net\/es\/wp-json\/wp\/v2\/pages"}],"about":[{"href":"https:\/\/harrobia.net\/es\/wp-json\/wp\/v2\/types\/page"}],"author":[{"embeddable":true,"href":"https:\/\/harrobia.net\/es\/wp-json\/wp\/v2\/users\/6"}],"replies":[{"embeddable":true,"href":"https:\/\/harrobia.net\/es\/wp-json\/wp\/v2\/comments?post=41"}],"version-history":[{"count":3,"href":"https:\/\/harrobia.net\/es\/wp-json\/wp\/v2\/pages\/41\/revisions"}],"predecessor-version":[{"id":48847,"href":"https:\/\/harrobia.net\/es\/wp-json\/wp\/v2\/pages\/41\/revisions\/48847"}],"up":[{"embeddable":true,"href":"https:\/\/harrobia.net\/es\/wp-json\/wp\/v2\/pages\/81"}],"wp:attachment":[{"href":"https:\/\/harrobia.net\/es\/wp-json\/wp\/v2\/media?parent=41"}],"curies":[{"name":"wp","href":"https:\/\/api.w.org\/{rel}","templated":true}]}}