{"id":40475,"date":"2022-01-20T11:55:35","date_gmt":"2022-01-20T10:55:35","guid":{"rendered":"https:\/\/harrobia.net\/?page_id=40475"},"modified":"2022-03-22T09:29:41","modified_gmt":"2022-03-22T08:29:41","slug":"torneo-skills","status":"publish","type":"page","link":"https:\/\/harrobia.net\/es\/proyectos\/torneo-skills\/","title":{"rendered":"Torneo Skills"},"content":{"rendered":"<p>[et_pb_section fb_built=\u00bb1&#8243; _builder_version=\u00bb3.22.3&#8243; background_color=\u00bbrgba(171,206,227,0.15)\u00bb custom_padding=\u00bb30px|0px|30px|0px|false|false\u00bb da_disable_devices=\u00bboff|off|off\u00bb global_colors_info=\u00bb{}\u00bb da_is_popup=\u00bboff\u00bb da_exit_intent=\u00bboff\u00bb da_has_close=\u00bbon\u00bb da_alt_close=\u00bboff\u00bb da_dark_close=\u00bboff\u00bb da_not_modal=\u00bbon\u00bb da_is_singular=\u00bboff\u00bb da_with_loader=\u00bboff\u00bb da_has_shadow=\u00bbon\u00bb][et_pb_row _builder_version=\u00bb3.25&#8243; custom_padding=\u00bb0|0px|0|0px|false|false\u00bb global_colors_info=\u00bb{}\u00bb][et_pb_column type=\u00bb4_4&#8243; _builder_version=\u00bb3.25&#8243; custom_padding=\u00bb|||\u00bb global_colors_info=\u00bb{}\u00bb custom_padding__hover=\u00bb|||\u00bb][et_pb_dcsbcm_divi_breadcrumbs_module homebreadcrumbtext=\u00bb<i class=%22fas fa-school%22><\/i> Hasiera\u00bb _builder_version=\u00bb3.21.1&#8243; fontsbreadcrumbs_font=\u00bb||||||||\u00bb fontsbreadcrumbs_text_color=\u00bb#666666&#8243; fontsseperator_font=\u00bb||||||||\u00bb fontsseperator_text_color=\u00bb#003f7a\u00bb fontsbreadcrumblinks_font=\u00bb||||||||\u00bb fontsbreadcrumblinks_text_color=\u00bb#003f7a\u00bb global_colors_info=\u00bb{}\u00bb][\/et_pb_dcsbcm_divi_breadcrumbs_module][\/et_pb_column][\/et_pb_row][\/et_pb_section][et_pb_section fb_built=\u00bb1&#8243; specialty=\u00bbon\u00bb background_color_1=\u00bb#ffffff\u00bb background_color_2=\u00bb#ffffff\u00bb padding_right_2=\u00bb15px\u00bb padding_left_2=\u00bb15px\u00bb _builder_version=\u00bb3.22.3&#8243; background_color=\u00bbrgba(171,206,227,0.15)\u00bb custom_padding=\u00bb0||54px||false|false\u00bb da_disable_devices=\u00bboff|off|off\u00bb global_colors_info=\u00bb{}\u00bb da_is_popup=\u00bboff\u00bb da_exit_intent=\u00bboff\u00bb da_has_close=\u00bbon\u00bb da_alt_close=\u00bboff\u00bb da_dark_close=\u00bboff\u00bb da_not_modal=\u00bbon\u00bb da_is_singular=\u00bboff\u00bb da_with_loader=\u00bboff\u00bb da_has_shadow=\u00bbon\u00bb][et_pb_column type=\u00bb3_4&#8243; specialty_columns=\u00bb3&#8243; _builder_version=\u00bb3.25&#8243; custom_padding=\u00bb|||\u00bb global_colors_info=\u00bb{}\u00bb custom_padding__hover=\u00bb|||\u00bb][et_pb_row_inner _builder_version=\u00bb3.25&#8243; background_color=\u00bb#ffffff\u00bb custom_padding=\u00bb25px|15px|28px|15px|false|false\u00bb box_shadow_style=\u00bbpreset3&#8243; global_colors_info=\u00bb{}\u00bb][et_pb_column_inner saved_specialty_column_type=\u00bb3_4&#8243; _builder_version=\u00bb3.25&#8243; custom_padding=\u00bb|||\u00bb global_colors_info=\u00bb{}\u00bb custom_padding__hover=\u00bb|||\u00bb][et_pb_post_title meta=\u00bboff\u00bb featured_image=\u00bboff\u00bb _builder_version=\u00bb3.21.3&#8243; title_font=\u00bb||||||||\u00bb title_font_size=\u00bb35px\u00bb meta_font=\u00bb||||||||\u00bb max_width=\u00bb30%\u00bb max_width_tablet=\u00bb\u00bb max_width_phone=\u00bb\u00bb max_width_last_edited=\u00bbon|phone\u00bb border_width_bottom=\u00bb1px\u00bb border_color_bottom=\u00bb#003f7a\u00bb global_colors_info=\u00bb{}\u00bb][\/et_pb_post_title][et_pb_tabs _builder_version=\u00bb4.14.9&#8243; body_font=\u00bb||||||||\u00bb hover_enabled=\u00bb0&#8243; global_colors_info=\u00bb{}\u00bb sticky_enabled=\u00bb0&#8243;][et_pb_tab title=\u00bbNuestra experiencia\u00bb _builder_version=\u00bb4.14.9&#8243; body_font=\u00bb||||||||\u00bb hover_enabled=\u00bb0&#8243; global_colors_info=\u00bb{}\u00bb sticky_enabled=\u00bb0&#8243;]<\/p>\n<div class=\"wp-playlist wp-video-playlist wp-playlist-light\">\n\t\t<video controls=\"controls\" preload=\"none\" width=\"1058\"\n\t\t height=\"595\"\t><\/video>\n\t<div class=\"wp-playlist-next\"><\/div>\n\t<div class=\"wp-playlist-prev\"><\/div>\n\t<noscript>\n\t<ol>\n\t\t<li><a href='https:\/\/harrobia.net\/wp-content\/uploads\/2022\/01\/Harrobia-Ikastola-EuskoSkills-2021.mp4'>Harrobia Ikastola EuskoSkills 2021<\/a><\/li>\t<\/ol>\n\t<\/noscript>\n\t<script type=\"application\/json\" class=\"wp-playlist-script\">{\"type\":\"video\",\"tracklist\":true,\"tracknumbers\":true,\"images\":true,\"artists\":true,\"tracks\":[{\"src\":\"https:\/\/harrobia.net\/wp-content\/uploads\/2022\/01\/Harrobia-Ikastola-EuskoSkills-2021.mp4\",\"type\":\"video\/mp4\",\"title\":\"Harrobia Ikastola EuskoSkills 2021\",\"caption\":\"\",\"description\":\"\",\"meta\":{\"length_formatted\":\"0:56\"},\"dimensions\":{\"original\":{\"width\":1280,\"height\":720},\"resized\":{\"width\":1058,\"height\":595}},\"image\":{\"src\":\"https:\/\/harrobia.net\/wp-includes\/images\/media\/video.svg\",\"width\":48,\"height\":64},\"thumb\":{\"src\":\"https:\/\/harrobia.net\/wp-includes\/images\/media\/video.svg\",\"width\":48,\"height\":64}}]}<\/script>\n<\/div>\n\t\n<p class=\"entry-title\"><strong>Andrea Piriz alumna de Harrobia ganadora del campeonato EuskoSkills 2021 <\/strong><em>(22\/10\/2021)<\/em><\/p>\n<p><a href=\"https:\/\/harrobia.net\/wp-content\/uploads\/2022\/01\/EuskoSkills.jpg\" data-slb-active=\"1\" data-slb-asset=\"2135721592\" data-slb-internal=\"0\" data-slb-group=\"12103\"><img loading=\"lazy\" decoding=\"async\" class=\"alignnone wp-image-616 size-thumbnail\" style=\"margin-right: 20px;\" title=\"TKgune\" src=\"https:\/\/harrobia.net\/wp-content\/uploads\/2022\/01\/Harrobia-Ikastola-FP-3D-eta-Bideojokoak-1-980x735-1.jpeg\" alt=\"TKgune\" width=\"333\" height=\"167\" align=\"left\" \/><\/a>Mikel y Andrea alumno y alumna del <a href=\"\/?page_id=8893\">ciclo de 3D<\/a>\u00a0han estado participando competici\u00f3n EuskoSkills 2021.<\/p>\n<p>El 20 de octubre pasaron el d\u00eda dise\u00f1ando y modelando los personajes del tema asignado y el 21 se centraron en la texturizaci\u00f3n y animaci\u00f3n.<\/p>\n<p>Durante toda la competici\u00f3n se les vio muy motivados y eso tuvo su premio, llegando la txapela a manos de Andrea y el tercer puesto a Mikel.<\/p>\n<p>No podemos estar m\u00e1s orgullos\/as desde Harrobia, ZORIONAK para los dos y para todos los dem\u00e1s participantes!<\/p>\n<p>&nbsp;<\/p>\n<p class=\"entry-title\"><strong>El alumnado del ciclo de 3D de Harrobia Ikastola participa en el campeonato de Formaci\u00f3n Profesional \u00abEuskoSkills 2021\u00bb <\/strong><em>(18\/10\/2021)<\/em><\/p>\n<p><a href=\"https:\/\/harrobia.net\/wp-content\/uploads\/2022\/01\/EuskoSkills.jpg\" data-slb-active=\"1\" data-slb-asset=\"2135721592\" data-slb-internal=\"0\" data-slb-group=\"12103\"><img loading=\"lazy\" decoding=\"async\" class=\"alignnone wp-image-616 size-thumbnail\" style=\"margin-right: 20px;\" title=\"TKgune\" src=\"https:\/\/harrobia.net\/wp-content\/uploads\/2022\/01\/EuskoSkills.jpg\" alt=\"TKgune\" width=\"333\" height=\"167\" align=\"left\" \/><\/a>La viceconsejer\u00eda de Formaci\u00f3n Profesional del Gobierno Vasco organiza los\u00a0<strong><a href=\"https:\/\/www.euskadi.eus\/euskoskills-2020-es\/web01-a2hlanhz\/es\/\">\u00abEuskoSkills 2021\u00bb<\/a><\/strong>\u00a0desde el 19 hasta el 22 de octubre en Ficoba. El Campeonato \u201cEuskoSkills 2021\u201d est\u00e1 dirigido al alumnado matriculado en cualquier Ciclo Formativo, y en el caso de Harrobia Ikastola los participantes ser\u00e1n\u00a0<strong>2 alumnos del ciclo de 3D y Videojuegos.<\/strong><\/p>\n<p>El d\u00eda 19 de octubre ser\u00e1 la inauguraci\u00f3n el 20 y 21 las pruebas y para terminar el 21 por la tarde la entrega de premios.<\/p>\n<p>Se podr\u00e1n ver un total de 19 tipos de skills y desde Harrobia solo podemos desear toda la suerte del mundo a nuestro alumnado.<\/p>\n<p>\u00a1\u00c1nimo!<\/p>\n<p>[\/et_pb_tab][et_pb_tab title=\u00bbEuskoSkills 2021&#8243; _builder_version=\u00bb4.14.4&#8243; body_font=\u00bb||||||||\u00bb global_colors_info=\u00bb{}\u00bb]<\/p>\n<p><img loading=\"lazy\" decoding=\"async\" class=\"wp-image-40478 alignnone size-full\" src=\"https:\/\/harrobia.net\/wp-content\/uploads\/2022\/01\/web01-a1hlanhz_euskoskills.png\" alt=\"\" width=\"280\" height=\"186\" \/>\u00a0 \u00a0 \u00a0 \u00a0 \u00a0 \u00a0 \u00a0 \u00a0 \u00a0 \u00a0 \u00a0 \u00a0 <img loading=\"lazy\" decoding=\"async\" class=\"wp-image-40480 alignnone \" src=\"https:\/\/harrobia.net\/wp-content\/uploads\/2022\/01\/FSE-vertical-castellano-294x300.png\" alt=\"\" width=\"199\" height=\"203\" \/><\/p>\n<p>La Viceconsejer\u00eda de Formaci\u00f3n Profesional del Gobierno Vasco organiza los EuskoSkills 2021.<\/p>\n<p><a href=\"https:\/\/www.euskadi.eus\/euskoskills-2020-es\/web01-a2hlanhz\/es\/\">Informaci\u00f3n<\/a>.<\/p>\n<p>[\/et_pb_tab][et_pb_tab title=\u00bbSpainSkills 2022&#8243; _builder_version=\u00bb4.14.9&#8243; body_font=\u00bb||||||||\u00bb hover_enabled=\u00bb0&#8243; global_colors_info=\u00bb{}\u00bb sticky_enabled=\u00bb0&#8243;]<\/p>\n<p><img loading=\"lazy\" decoding=\"async\" class=\"wp-image-40482 alignnone size-medium\" src=\"https:\/\/harrobia.net\/wp-content\/uploads\/2022\/01\/logo-300x182.png\" alt=\"\" width=\"300\" height=\"182\" \/><\/p>\n<p>Esta competici\u00f3n tendr\u00e1 lugar en Madrid, en el recinto ferial (IFEMA) entre los d\u00edas 22 al 25 de marzo de 2022. Nuestra alumna Andrea Gonz\u00e1lez tomar\u00e1 parte en la competici\u00f3n de \u201cdise\u00f1o de juegos y animaciones 3D\u201d al ser la campeona de Euskadi.<\/p>\n<p><a href=\"https:\/\/spain-skills.es\/\">M\u00e1s informaci\u00f3n.<\/a><\/p>\n<p class=\"entry-title\"><strong>\u00a0<\/strong><\/p>\n<p class=\"entry-title\"><strong><\/strong><\/p>\n<p class=\"entry-title\"><strong>Sesiones para el SpainSkills <\/strong><em>(18\/03\/2022)<\/em><\/p>\n<p><a href=\"https:\/\/harrobia.net\/wp-content\/uploads\/2022\/03\/SpainSkills1.jpeg\" data-slb-active=\"1\" data-slb-asset=\"2135721592\" data-slb-internal=\"0\" data-slb-group=\"12103\"><img loading=\"lazy\" decoding=\"async\" class=\"alignnone wp-image-616 size-thumbnail\" style=\"margin-right: 20px;\" title=\"TKgune\" src=\"https:\/\/harrobia.net\/wp-content\/uploads\/2022\/03\/SpainSkills1.jpeg\" alt=\"TKgune\" width=\"333\" height=\"167\" align=\"left\" \/><\/a>Obtuvo la medalla de oro en EuskoSkills y la alumna de la ikastola Harrobia, Andrea Gonz\u00e1lez, participar\u00e1 en el concurso<span>\u00a0<\/span><a href=\"https:\/\/spain-skills.es\/\">SpainSkills<\/a><span>\u00a0<\/span>en los pr\u00f3ximos d\u00edas.<\/p>\n<div class=\"row\">\n<div class=\"col-md-12 col-xs-12\">Para salir victoriosos de este nuevo reto que tiene por delante, se han organizado sesiones de grupo en los meses previos. En aquella \u00faltima sesi\u00f3n, celebrada el 8 de marzo, Koikili Lertxundi, ex jugador, nos ayud\u00f3 a realizar un estudio exhaustivo de la propia personalidad con eneagrama y otras herramientas. As\u00ed, todos los integrantes de la Selecci\u00f3n Vasca de Formaci\u00f3n Profesional realizaron labores de estrategia para el concurso.<\/div>\n<\/div>\n<p>[\/et_pb_tab][et_pb_tab title=\u00bbShangai 2022&#8243; _builder_version=\u00bb4.14.4&#8243; global_colors_info=\u00bb{}\u00bb]<\/p>\n<p><img loading=\"lazy\" decoding=\"async\" class=\"wp-image-40484 alignnone size-medium\" src=\"https:\/\/harrobia.net\/wp-content\/uploads\/2022\/01\/worldskills-300x300.png\" alt=\"\" width=\"300\" height=\"300\" srcset=\"https:\/\/harrobia.net\/wp-content\/uploads\/2022\/01\/worldskills-300x300.png 300w, https:\/\/harrobia.net\/wp-content\/uploads\/2022\/01\/worldskills-150x150.png 150w, https:\/\/harrobia.net\/wp-content\/uploads\/2022\/01\/worldskills.png 420w\" sizes=\"(max-width: 300px) 100vw, 300px\" \/><\/p>\n<p>Este campeonato se celebrar\u00e1 en Shanghain, entre el 12 y el 17 de octubre de 2022. Las<br \/>personas que ganen en el SpainSkills ir\u00e1n a Sanghai.<\/p>\n<p><a href=\"https:\/\/worldskills2022.com\/en\/index\/\">M\u00e1s informaci\u00f3n.<\/a><\/p>\n<p>[\/et_pb_tab][\/et_pb_tabs][\/et_pb_column_inner][\/et_pb_row_inner][\/et_pb_column][et_pb_column type=\u00bb1_4&#8243; _builder_version=\u00bb3.25&#8243; custom_padding=\u00bb|||\u00bb global_colors_info=\u00bb{}\u00bb custom_padding__hover=\u00bb|||\u00bb][et_pb_sidebar area=\u00bbet_pb_widget_area_8&#8243; show_border=\u00bboff\u00bb _builder_version=\u00bb4.14.4&#8243; header_font=\u00bb||||||||\u00bb header_font_size=\u00bb25px\u00bb body_font=\u00bb||||||||\u00bb body_font_size=\u00bb13px\u00bb global_colors_info=\u00bb{}\u00bb][\/et_pb_sidebar][et_pb_sidebar area=\u00bbet_pb_widget_area_9&#8243; show_border=\u00bboff\u00bb _builder_version=\u00bb4.14.4&#8243; header_font=\u00bb||||||||\u00bb header_font_size=\u00bb25px\u00bb body_font=\u00bb||||||||\u00bb body_font_size=\u00bb13px\u00bb global_colors_info=\u00bb{}\u00bb][\/et_pb_sidebar][et_pb_sidebar area=\u00bbet_pb_widget_area_10&#8243; show_border=\u00bboff\u00bb _builder_version=\u00bb4.14.4&#8243; header_font=\u00bb||||||||\u00bb header_font_size=\u00bb25px\u00bb body_font=\u00bb||||||||\u00bb body_font_size=\u00bb13px\u00bb custom_margin=\u00bb|-2px||||\u00bb global_colors_info=\u00bb{}\u00bb][\/et_pb_sidebar][et_pb_sidebar area=\u00bbet_pb_widget_area_11&#8243; show_border=\u00bboff\u00bb _builder_version=\u00bb4.14.4&#8243; header_font=\u00bb||||||||\u00bb header_font_size=\u00bb25px\u00bb body_font=\u00bb||||||||\u00bb body_font_size=\u00bb13px\u00bb global_colors_info=\u00bb{}\u00bb][\/et_pb_sidebar][et_pb_sidebar area=\u00bbet_pb_widget_area_17&#8243; show_border=\u00bboff\u00bb _builder_version=\u00bb4.14.7&#8243; header_font=\u00bb||||||||\u00bb header_font_size=\u00bb25px\u00bb body_font=\u00bb||||||||\u00bb body_font_size=\u00bb13px\u00bb global_colors_info=\u00bb{}\u00bb][\/et_pb_sidebar][et_pb_sidebar area=\u00bbet_pb_widget_area_12&#8243; show_border=\u00bboff\u00bb _builder_version=\u00bb4.14.4&#8243; header_font=\u00bb||||||||\u00bb header_font_size=\u00bb25px\u00bb body_font=\u00bb||||||||\u00bb body_font_size=\u00bb13px\u00bb global_colors_info=\u00bb{}\u00bb][\/et_pb_sidebar][\/et_pb_column][\/et_pb_section]<\/p>\n<span class=\"et_bloom_bottom_trigger\"><\/span>","protected":false},"excerpt":{"rendered":"<p><div class=\"wp-playlist wp-video-playlist wp-playlist-light\">\n\t\t<video controls=\"controls\" preload=\"none\" width=\"1058\"\n\t\t height=\"595\"\t><\/video>\n\t<div class=\"wp-playlist-next\"><\/div>\n\t<div class=\"wp-playlist-prev\"><\/div>\n\t<noscript>\n\t<ol>\n\t\t<li><a href='https:\/\/harrobia.net\/wp-content\/uploads\/2022\/01\/Harrobia-Ikastola-EuskoSkills-2021.mp4'>Harrobia Ikastola EuskoSkills 2021<\/a><\/li>\t<\/ol>\n\t<\/noscript>\n\t<script type=\"application\/json\" class=\"wp-playlist-script\">{\"type\":\"video\",\"tracklist\":true,\"tracknumbers\":true,\"images\":true,\"artists\":true,\"tracks\":[{\"src\":\"https:\/\/harrobia.net\/wp-content\/uploads\/2022\/01\/Harrobia-Ikastola-EuskoSkills-2021.mp4\",\"type\":\"video\/mp4\",\"title\":\"Harrobia Ikastola EuskoSkills 2021\",\"caption\":\"\",\"description\":\"\",\"meta\":{\"length_formatted\":\"0:56\"},\"dimensions\":{\"original\":{\"width\":1280,\"height\":720},\"resized\":{\"width\":1058,\"height\":595}},\"image\":{\"src\":\"https:\/\/harrobia.net\/wp-includes\/images\/media\/video.svg\",\"width\":48,\"height\":64},\"thumb\":{\"src\":\"https:\/\/harrobia.net\/wp-includes\/images\/media\/video.svg\",\"width\":48,\"height\":64}}]}<\/script>\n<\/div>\n\t Andrea Piriz alumna de Harrobia ganadora del campeonato EuskoSkills 2021 (22\/10\/2021) Mikel y Andrea alumno y alumna del ciclo de 3D\u00a0han estado participando competici\u00f3n EuskoSkills 2021. El 20 de octubre pasaron el d\u00eda dise\u00f1ando y modelando los personajes del tema asignado y el 21 se centraron en la texturizaci\u00f3n y animaci\u00f3n. Durante [&hellip;]<\/p>\n","protected":false},"author":6,"featured_media":0,"parent":216,"menu_order":0,"comment_status":"closed","ping_status":"closed","template":"","meta":{"_acf_changed":false,"_et_pb_use_builder":"on","_et_pb_old_content":"","_et_gb_content_width":"","_joinchat":[],"footnotes":""},"class_list":["post-40475","page","type-page","status-publish","hentry"],"acf":[],"yoast_head":"<!-- This site is optimized with the Yoast SEO plugin v27.3 - https:\/\/yoast.com\/product\/yoast-seo-wordpress\/ -->\n<title>Torneo Skills - Harrobia | Lanbide heziketa Bizkaian<\/title>\n<meta name=\"robots\" content=\"index, follow, max-snippet:-1, max-image-preview:large, max-video-preview:-1\" \/>\n<link rel=\"canonical\" href=\"https:\/\/harrobia.net\/es\/proyectos\/torneo-skills\/\" \/>\n<meta property=\"og:locale\" content=\"es_ES\" \/>\n<meta property=\"og:type\" content=\"article\" \/>\n<meta property=\"og:title\" content=\"Torneo Skills - Harrobia | Lanbide heziketa Bizkaian\" \/>\n<meta property=\"og:url\" content=\"https:\/\/harrobia.net\/es\/proyectos\/torneo-skills\/\" \/>\n<meta property=\"og:site_name\" content=\"Harrobia Ikastola\" \/>\n<meta property=\"article:publisher\" content=\"https:\/\/www.facebook.com\/HarrobiaIkastola\" \/>\n<meta property=\"article:modified_time\" content=\"2022-03-22T08:29:41+00:00\" \/>\n<meta property=\"og:image\" content=\"https:\/\/harrobia.net\/wp-content\/uploads\/2022\/01\/Harrobia-Ikastola-FP-3D-eta-Bideojokoak-1-980x735-1.jpeg\" \/>\n<meta name=\"twitter:card\" content=\"summary_large_image\" \/>\n<meta name=\"twitter:site\" content=\"@harrobiaikas\" \/>\n<meta name=\"twitter:label1\" content=\"Tiempo de lectura\" \/>\n\t<meta name=\"twitter:data1\" content=\"5 minutos\" \/>\n<script type=\"application\/ld+json\" class=\"yoast-schema-graph\">{\"@context\":\"https:\\\/\\\/schema.org\",\"@graph\":[{\"@type\":\"WebPage\",\"@id\":\"https:\\\/\\\/harrobia.net\\\/es\\\/proyectos\\\/torneo-skills\\\/\",\"url\":\"https:\\\/\\\/harrobia.net\\\/es\\\/proyectos\\\/torneo-skills\\\/\",\"name\":\"Torneo Skills - Harrobia | Lanbide heziketa Bizkaian\",\"isPartOf\":{\"@id\":\"https:\\\/\\\/harrobia.net\\\/#website\"},\"primaryImageOfPage\":{\"@id\":\"https:\\\/\\\/harrobia.net\\\/es\\\/proyectos\\\/torneo-skills\\\/#primaryimage\"},\"image\":{\"@id\":\"https:\\\/\\\/harrobia.net\\\/es\\\/proyectos\\\/torneo-skills\\\/#primaryimage\"},\"thumbnailUrl\":\"https:\\\/\\\/harrobia.net\\\/wp-content\\\/uploads\\\/2022\\\/01\\\/Harrobia-Ikastola-FP-3D-eta-Bideojokoak-1-980x735-1.jpeg\",\"datePublished\":\"2022-01-20T10:55:35+00:00\",\"dateModified\":\"2022-03-22T08:29:41+00:00\",\"breadcrumb\":{\"@id\":\"https:\\\/\\\/harrobia.net\\\/es\\\/proyectos\\\/torneo-skills\\\/#breadcrumb\"},\"inLanguage\":\"es\",\"potentialAction\":[{\"@type\":\"ReadAction\",\"target\":[\"https:\\\/\\\/harrobia.net\\\/es\\\/proyectos\\\/torneo-skills\\\/\"]}]},{\"@type\":\"ImageObject\",\"inLanguage\":\"es\",\"@id\":\"https:\\\/\\\/harrobia.net\\\/es\\\/proyectos\\\/torneo-skills\\\/#primaryimage\",\"url\":\"https:\\\/\\\/harrobia.net\\\/wp-content\\\/uploads\\\/2022\\\/01\\\/Harrobia-Ikastola-FP-3D-eta-Bideojokoak-1-980x735-1.jpeg\",\"contentUrl\":\"https:\\\/\\\/harrobia.net\\\/wp-content\\\/uploads\\\/2022\\\/01\\\/Harrobia-Ikastola-FP-3D-eta-Bideojokoak-1-980x735-1.jpeg\"},{\"@type\":\"BreadcrumbList\",\"@id\":\"https:\\\/\\\/harrobia.net\\\/es\\\/proyectos\\\/torneo-skills\\\/#breadcrumb\",\"itemListElement\":[{\"@type\":\"ListItem\",\"position\":1,\"name\":\"Home\",\"item\":\"https:\\\/\\\/harrobia.net\\\/es\\\/\"},{\"@type\":\"ListItem\",\"position\":2,\"name\":\"Proyectos\",\"item\":\"https:\\\/\\\/harrobia.net\\\/es\\\/proyectos\\\/\"},{\"@type\":\"ListItem\",\"position\":3,\"name\":\"Torneo Skills\"}]},{\"@type\":\"WebSite\",\"@id\":\"https:\\\/\\\/harrobia.net\\\/#website\",\"url\":\"https:\\\/\\\/harrobia.net\\\/\",\"name\":\"Harrobia Ikastola\",\"description\":\"Harrobia Lanbide Heziketaren Ikastola\",\"publisher\":{\"@id\":\"https:\\\/\\\/harrobia.net\\\/#organization\"},\"potentialAction\":[{\"@type\":\"SearchAction\",\"target\":{\"@type\":\"EntryPoint\",\"urlTemplate\":\"https:\\\/\\\/harrobia.net\\\/?s={search_term_string}\"},\"query-input\":{\"@type\":\"PropertyValueSpecification\",\"valueRequired\":true,\"valueName\":\"search_term_string\"}}],\"inLanguage\":\"es\"},{\"@type\":\"Organization\",\"@id\":\"https:\\\/\\\/harrobia.net\\\/#organization\",\"name\":\"Harrobia Ikastola\",\"url\":\"https:\\\/\\\/harrobia.net\\\/\",\"logo\":{\"@type\":\"ImageObject\",\"inLanguage\":\"es\",\"@id\":\"https:\\\/\\\/harrobia.net\\\/#\\\/schema\\\/logo\\\/image\\\/\",\"url\":\"https:\\\/\\\/harrobia.net\\\/wp-content\\\/uploads\\\/2014\\\/07\\\/harrobia.png\",\"contentUrl\":\"https:\\\/\\\/harrobia.net\\\/wp-content\\\/uploads\\\/2014\\\/07\\\/harrobia.png\",\"width\":256,\"height\":71,\"caption\":\"Harrobia Ikastola\"},\"image\":{\"@id\":\"https:\\\/\\\/harrobia.net\\\/#\\\/schema\\\/logo\\\/image\\\/\"},\"sameAs\":[\"https:\\\/\\\/www.facebook.com\\\/HarrobiaIkastola\",\"https:\\\/\\\/x.com\\\/harrobiaikas\",\"https:\\\/\\\/www.instagram.com\\\/harrobiaikastola\",\"https:\\\/\\\/www.youtube.com\\\/user\\\/IbarezkerraBilbo\"]}]}<\/script>\n<!-- \/ Yoast SEO plugin. -->","yoast_head_json":{"title":"Torneo Skills - Harrobia | Lanbide heziketa Bizkaian","robots":{"index":"index","follow":"follow","max-snippet":"max-snippet:-1","max-image-preview":"max-image-preview:large","max-video-preview":"max-video-preview:-1"},"canonical":"https:\/\/harrobia.net\/es\/proyectos\/torneo-skills\/","og_locale":"es_ES","og_type":"article","og_title":"Torneo Skills - Harrobia | Lanbide heziketa Bizkaian","og_url":"https:\/\/harrobia.net\/es\/proyectos\/torneo-skills\/","og_site_name":"Harrobia Ikastola","article_publisher":"https:\/\/www.facebook.com\/HarrobiaIkastola","article_modified_time":"2022-03-22T08:29:41+00:00","og_image":[{"url":"https:\/\/harrobia.net\/wp-content\/uploads\/2022\/01\/Harrobia-Ikastola-FP-3D-eta-Bideojokoak-1-980x735-1.jpeg","type":"","width":"","height":""}],"twitter_card":"summary_large_image","twitter_site":"@harrobiaikas","twitter_misc":{"Tiempo de lectura":"5 minutos"},"schema":{"@context":"https:\/\/schema.org","@graph":[{"@type":"WebPage","@id":"https:\/\/harrobia.net\/es\/proyectos\/torneo-skills\/","url":"https:\/\/harrobia.net\/es\/proyectos\/torneo-skills\/","name":"Torneo Skills - Harrobia | Lanbide heziketa Bizkaian","isPartOf":{"@id":"https:\/\/harrobia.net\/#website"},"primaryImageOfPage":{"@id":"https:\/\/harrobia.net\/es\/proyectos\/torneo-skills\/#primaryimage"},"image":{"@id":"https:\/\/harrobia.net\/es\/proyectos\/torneo-skills\/#primaryimage"},"thumbnailUrl":"https:\/\/harrobia.net\/wp-content\/uploads\/2022\/01\/Harrobia-Ikastola-FP-3D-eta-Bideojokoak-1-980x735-1.jpeg","datePublished":"2022-01-20T10:55:35+00:00","dateModified":"2022-03-22T08:29:41+00:00","breadcrumb":{"@id":"https:\/\/harrobia.net\/es\/proyectos\/torneo-skills\/#breadcrumb"},"inLanguage":"es","potentialAction":[{"@type":"ReadAction","target":["https:\/\/harrobia.net\/es\/proyectos\/torneo-skills\/"]}]},{"@type":"ImageObject","inLanguage":"es","@id":"https:\/\/harrobia.net\/es\/proyectos\/torneo-skills\/#primaryimage","url":"https:\/\/harrobia.net\/wp-content\/uploads\/2022\/01\/Harrobia-Ikastola-FP-3D-eta-Bideojokoak-1-980x735-1.jpeg","contentUrl":"https:\/\/harrobia.net\/wp-content\/uploads\/2022\/01\/Harrobia-Ikastola-FP-3D-eta-Bideojokoak-1-980x735-1.jpeg"},{"@type":"BreadcrumbList","@id":"https:\/\/harrobia.net\/es\/proyectos\/torneo-skills\/#breadcrumb","itemListElement":[{"@type":"ListItem","position":1,"name":"Home","item":"https:\/\/harrobia.net\/es\/"},{"@type":"ListItem","position":2,"name":"Proyectos","item":"https:\/\/harrobia.net\/es\/proyectos\/"},{"@type":"ListItem","position":3,"name":"Torneo Skills"}]},{"@type":"WebSite","@id":"https:\/\/harrobia.net\/#website","url":"https:\/\/harrobia.net\/","name":"Harrobia Ikastola","description":"Harrobia Lanbide Heziketaren Ikastola","publisher":{"@id":"https:\/\/harrobia.net\/#organization"},"potentialAction":[{"@type":"SearchAction","target":{"@type":"EntryPoint","urlTemplate":"https:\/\/harrobia.net\/?s={search_term_string}"},"query-input":{"@type":"PropertyValueSpecification","valueRequired":true,"valueName":"search_term_string"}}],"inLanguage":"es"},{"@type":"Organization","@id":"https:\/\/harrobia.net\/#organization","name":"Harrobia Ikastola","url":"https:\/\/harrobia.net\/","logo":{"@type":"ImageObject","inLanguage":"es","@id":"https:\/\/harrobia.net\/#\/schema\/logo\/image\/","url":"https:\/\/harrobia.net\/wp-content\/uploads\/2014\/07\/harrobia.png","contentUrl":"https:\/\/harrobia.net\/wp-content\/uploads\/2014\/07\/harrobia.png","width":256,"height":71,"caption":"Harrobia Ikastola"},"image":{"@id":"https:\/\/harrobia.net\/#\/schema\/logo\/image\/"},"sameAs":["https:\/\/www.facebook.com\/HarrobiaIkastola","https:\/\/x.com\/harrobiaikas","https:\/\/www.instagram.com\/harrobiaikastola","https:\/\/www.youtube.com\/user\/IbarezkerraBilbo"]}]}},"jetpack_sharing_enabled":true,"_links":{"self":[{"href":"https:\/\/harrobia.net\/es\/wp-json\/wp\/v2\/pages\/40475","targetHints":{"allow":["GET"]}}],"collection":[{"href":"https:\/\/harrobia.net\/es\/wp-json\/wp\/v2\/pages"}],"about":[{"href":"https:\/\/harrobia.net\/es\/wp-json\/wp\/v2\/types\/page"}],"author":[{"embeddable":true,"href":"https:\/\/harrobia.net\/es\/wp-json\/wp\/v2\/users\/6"}],"replies":[{"embeddable":true,"href":"https:\/\/harrobia.net\/es\/wp-json\/wp\/v2\/comments?post=40475"}],"version-history":[{"count":2,"href":"https:\/\/harrobia.net\/es\/wp-json\/wp\/v2\/pages\/40475\/revisions"}],"predecessor-version":[{"id":41289,"href":"https:\/\/harrobia.net\/es\/wp-json\/wp\/v2\/pages\/40475\/revisions\/41289"}],"up":[{"embeddable":true,"href":"https:\/\/harrobia.net\/es\/wp-json\/wp\/v2\/pages\/216"}],"wp:attachment":[{"href":"https:\/\/harrobia.net\/es\/wp-json\/wp\/v2\/media?parent=40475"}],"curies":[{"name":"wp","href":"https:\/\/api.w.org\/{rel}","templated":true}]}}