{"id":3752,"date":"2013-10-24T07:56:18","date_gmt":"2013-10-24T06:56:18","guid":{"rendered":"http:\/\/harrobia.net\/?page_id=3752"},"modified":"2022-09-22T05:25:42","modified_gmt":"2022-09-22T03:25:42","slug":"fundacion","status":"publish","type":"page","link":"https:\/\/harrobia.net\/es\/ikastola\/quien-es-quien-en-harrobia\/fundacion\/","title":{"rendered":"Fundaci\u00f3n"},"content":{"rendered":"<p>[et_pb_section fb_built=\u00bb1&#8243; _builder_version=\u00bb4.16&#8243; background_color=\u00bbrgba(171,206,227,0.15)\u00bb custom_padding=\u00bb30px|0px|30px|0px|false|false\u00bb da_disable_devices=\u00bboff|off|off\u00bb global_colors_info=\u00bb{}\u00bb da_is_popup=\u00bboff\u00bb da_exit_intent=\u00bboff\u00bb da_has_close=\u00bbon\u00bb da_alt_close=\u00bboff\u00bb da_dark_close=\u00bboff\u00bb da_not_modal=\u00bbon\u00bb da_is_singular=\u00bboff\u00bb da_with_loader=\u00bboff\u00bb da_has_shadow=\u00bbon\u00bb][et_pb_row _builder_version=\u00bb4.16&#8243; custom_padding=\u00bb0|0px|0|0px|false|false\u00bb global_colors_info=\u00bb{}\u00bb][et_pb_column type=\u00bb4_4&#8243; _builder_version=\u00bb4.16&#8243; custom_padding=\u00bb|||\u00bb global_colors_info=\u00bb{}\u00bb custom_padding__hover=\u00bb|||\u00bb][et_pb_dcsbcm_divi_breadcrumbs_module homebreadcrumbtext=\u00bb<i class=%22fas fa-school%22><\/i> Hasiera\u00bb _builder_version=\u00bb4.16&#8243; fontsbreadcrumbs_font=\u00bb||||||||\u00bb fontsbreadcrumbs_text_color=\u00bb#666666&#8243; fontsseperator_font=\u00bb||||||||\u00bb fontsseperator_text_color=\u00bb#003f7a\u00bb fontsbreadcrumblinks_font=\u00bb||||||||\u00bb fontsbreadcrumblinks_text_color=\u00bb#003f7a\u00bb global_colors_info=\u00bb{}\u00bb][\/et_pb_dcsbcm_divi_breadcrumbs_module][\/et_pb_column][\/et_pb_row][\/et_pb_section][et_pb_section fb_built=\u00bb1&#8243; specialty=\u00bbon\u00bb background_color_1=\u00bb#ffffff\u00bb background_color_2=\u00bb#ffffff\u00bb padding_right_2=\u00bb15px\u00bb padding_left_2=\u00bb15px\u00bb _builder_version=\u00bb4.16&#8243; background_color=\u00bbrgba(171,206,227,0.15)\u00bb custom_padding=\u00bb0|0|54px||false|false\u00bb da_disable_devices=\u00bboff|off|off\u00bb global_colors_info=\u00bb{}\u00bb da_is_popup=\u00bboff\u00bb da_exit_intent=\u00bboff\u00bb da_has_close=\u00bbon\u00bb da_alt_close=\u00bboff\u00bb da_dark_close=\u00bboff\u00bb da_not_modal=\u00bbon\u00bb da_is_singular=\u00bboff\u00bb da_with_loader=\u00bboff\u00bb da_has_shadow=\u00bbon\u00bb][et_pb_column type=\u00bb3_4&#8243; specialty_columns=\u00bb3&#8243; _builder_version=\u00bb4.16&#8243; custom_padding=\u00bb|||\u00bb global_colors_info=\u00bb{}\u00bb custom_padding__hover=\u00bb|||\u00bb][et_pb_row_inner _builder_version=\u00bb4.16&#8243; background_color=\u00bb#ffffff\u00bb custom_padding=\u00bb25px|15px|30px|15px|false|false\u00bb box_shadow_style=\u00bbpreset3&#8243; global_colors_info=\u00bb{}\u00bb][et_pb_column_inner saved_specialty_column_type=\u00bb3_4&#8243; _builder_version=\u00bb4.16&#8243; custom_padding=\u00bb|||\u00bb global_colors_info=\u00bb{}\u00bb custom_padding__hover=\u00bb|||\u00bb][et_pb_post_title meta=\u00bboff\u00bb featured_image=\u00bboff\u00bb _builder_version=\u00bb4.16&#8243; title_font=\u00bb||||||||\u00bb title_font_size=\u00bb35px\u00bb meta_font=\u00bb||||||||\u00bb max_width=\u00bb65%\u00bb max_width_tablet=\u00bb\u00bb max_width_phone=\u00bb\u00bb max_width_last_edited=\u00bbon|phone\u00bb border_width_bottom=\u00bb1px\u00bb border_color_bottom=\u00bb#003f7a\u00bb global_colors_info=\u00bb{}\u00bb][\/et_pb_post_title][et_pb_text _builder_version=\u00bb4.18.0&#8243; _module_preset=\u00bbdefault\u00bb global_colors_info=\u00bb{}\u00bb]<\/p>\n<p><span>Harrobia Fundazioa naci\u00f3 en el a\u00f1o 2006, de la confluencia de siete ikastolas. Se trata de Abusu y Urretxindorra, de Bilbao; Bihotz Gaztea, de Santurtzi; Eguzki Begi, de Galdakao; Zubi Zaharra, de Balmaseda; Itxaropena, de Trapagaran y Betiko Ikastola, de Leioa.<\/span><\/p>\n<p>Entre las siete crearon Harrobia Fundazioa, que es la entidad titular del edificio Harrobia ubicado en La Plaza de La Cantera n\u00ba 4 y que las ikastolas destinar\u00e1n a Formaci\u00f3n Profesional.<\/p>\n<p>Dos a\u00f1os antes, en septiembre de 2004, el colectivo de ikastolas anunci\u00f3 p\u00fablicamente su intenci\u00f3n de incidir en el sector de la Formaci\u00f3n Profesional, con un doble objetivo. Por una parte est\u00e1 la normalizaci\u00f3n del uso del euskara en este sector, como ya era un hecho en la educaci\u00f3n obligatoria y en el bachillerato. Por otra est\u00e1 la extensi\u00f3n de la ikastola como modelo de iniciativa social tambi\u00e9n en este \u00e1mbito.<\/p>\n<p>La Fundaci\u00f3n Harrobia, englobada por las siete ikastolas citadas, asumi\u00f3 estos objetivos con el fin de hacerlos realidad en la capital vizca\u00edna. Es intenci\u00f3n de Harrobia Fundazioa integrar en este proyecto al resto de ikastolas de Bizkaia.<\/p>\n<p>Objetivos generales:<\/p>\n<ol>\n<li>Promover la formaci\u00f3n profesional as\u00ed como la formaci\u00f3n y las actividades del \u00e1mbito del empleo en euskera.<\/li>\n<li>Impulsar las empresas, sobre todo las de econom\u00eda social, siempre que hayan adoptado el compromiso de realizar actividades en euskera.<\/li>\n<\/ol>\n<p>Entre esos objetivos generales, existen otras actividades m\u00e1s concretas y de mayor importancia, tal y como se describen a continuaci\u00f3n:<\/p>\n<ul>\n<li>Establecer un centro para la promoci\u00f3n de la formaci\u00f3n profesional y de las empresas, preferentemente las de econom\u00eda social.<\/li>\n<li>Analizar la situaci\u00f3n del euskera en la ense\u00f1anza posterior a la educaci\u00f3n obligatoria.<\/li>\n<li>Estudiar las oportunidades existentes de introducir el euskera en el mundo laboral.<\/li>\n<\/ul>\n<p>[\/et_pb_text][et_pb_image src=\u00bbhttps:\/\/harrobia.net\/wp-content\/uploads\/2022\/09\/instalazioak-ikastola-10_7410456984_o.jpg\u00bb title_text=\u00bbinstalazioak&#8212;ikastola-10_7410456984_o\u00bb _builder_version=\u00bb4.18.0&#8243; _module_preset=\u00bbdefault\u00bb global_colors_info=\u00bb{}\u00bb][\/et_pb_image][\/et_pb_column_inner][\/et_pb_row_inner][\/et_pb_column][et_pb_column type=\u00bb1_4&#8243; _builder_version=\u00bb4.16&#8243; custom_padding=\u00bb|||\u00bb global_colors_info=\u00bb{}\u00bb custom_padding__hover=\u00bb|||\u00bb][et_pb_sidebar area=\u00bbet_pb_widget_area_1&#8243; show_border=\u00bboff\u00bb _builder_version=\u00bb4.16&#8243; header_font=\u00bb||||||||\u00bb header_font_size=\u00bb25px\u00bb body_font=\u00bb||||||||\u00bb body_font_size=\u00bb13px\u00bb global_colors_info=\u00bb{}\u00bb][\/et_pb_sidebar][et_pb_sidebar area=\u00bbet_pb_widget_area_13&#8243; _builder_version=\u00bb4.18.0&#8243; header_font_size=\u00bb25px\u00bb body_font=\u00bb||||||||\u00bb body_font_size=\u00bb13px\u00bb border_color_all=\u00bbrgba(0,0,0,0)\u00bb global_colors_info=\u00bb{}\u00bb][\/et_pb_sidebar][et_pb_sidebar area=\u00bbet_pb_widget_area_2&#8243; show_border=\u00bboff\u00bb _builder_version=\u00bb4.16&#8243; header_font=\u00bb||||||||\u00bb header_font_size=\u00bb25px\u00bb body_font=\u00bb||||||||\u00bb body_font_size=\u00bb13px\u00bb global_colors_info=\u00bb{}\u00bb][\/et_pb_sidebar][\/et_pb_column][\/et_pb_section]<\/p>\n<span class=\"et_bloom_bottom_trigger\"><\/span>","protected":false},"excerpt":{"rendered":"<p>Harrobia Fundazioa naci\u00f3 en el a\u00f1o 2006, de la confluencia de siete ikastolas. Se trata de Abusu y Urretxindorra, de Bilbao; Bihotz Gaztea, de Santurtzi; Eguzki Begi, de Galdakao; Zubi Zaharra, de Balmaseda; Itxaropena, de Trapagaran y Betiko Ikastola, de Leioa. Entre las siete crearon Harrobia Fundazioa, que es la entidad titular del edificio Harrobia [&hellip;]<\/p>\n","protected":false},"author":6,"featured_media":0,"parent":43458,"menu_order":0,"comment_status":"closed","ping_status":"open","template":"","meta":{"_acf_changed":false,"_et_pb_use_builder":"on","_et_pb_old_content":"Harrobia Fundazioa 2006an jaio zen, zazpi ikastola elkartu zirenean; honako zazpi hauek hain zuzen: Bilboko Abusu eta Urretxindorra, Santurtziko Bihotz Gaztea, Galdakaoko Eguzki Begi, Balmasedako Zubi Zaharra, Trapagarango Itxaropena eta Leioako Betiko Ikastola.\r\n\r\nZazpien artean Harrobia Fundazioa sortu zuten, Harrobi plazan dagoen Harrobia eraikuntzaren titularra dena. Ikastolek Harrobia eraikuntza Lanbide Heziketara bideratutako dute (instalazioak eta baliabideak <a href=\"\/?page_id=253\" target=\"_blank\" rel=\"noopener\">ikusi<\/a>).\r\n\r\nBi urte arinago, 2004ko irailean hain zuzen, ikastolen kolektiboak publikoki adierazi zuen Lanbide Heziketa arloan sartzeko asmoa, helburu bikoitzarekin; alde batetik, euskararen normalizazioa sustatzea esparru horretan, derrigorrezko hezkuntzan eta batxilergoan ordura arte egin zen bezala. Beste alde batetik, sektore horretan ikastolen eredua zabaltzea ekimen sozialaren eredu bezala.\r\n\r\nAipaturiko zazpi ikastolek osatzen duten Harrobi Fundazioak bere egin zituen helburu horiek eta Bizkaiko hiriburuan gauzatzea erabaki zuen. Bada Harrobia Fundazioaren asmoa Bizkaiko beste ikastola batzuk proiektuan integratzea.\r\n\r\n<img class=\"alignnone size-full wp-image-1021\" title=\"Ikastola\" src=\"http:\/\/harrobia.net\/wp-content\/uploads\/2012\/05\/ikastola.jpg\" alt=\"\" width=\"706\" height=\"300\" \/>","_et_gb_content_width":"","_joinchat":[],"footnotes":""},"class_list":["post-3752","page","type-page","status-publish","hentry"],"acf":[],"yoast_head":"<!-- This site is optimized with the Yoast SEO plugin v27.3 - https:\/\/yoast.com\/product\/yoast-seo-wordpress\/ -->\n<title>Fundaci\u00f3n - Harrobia | Lanbide heziketa Bizkaian<\/title>\n<meta name=\"robots\" content=\"index, follow, max-snippet:-1, max-image-preview:large, max-video-preview:-1\" \/>\n<link rel=\"canonical\" href=\"https:\/\/harrobia.net\/ikastola\/nor-harrobian\/fundazioa\/\" \/>\n<meta property=\"og:locale\" content=\"es_ES\" \/>\n<meta property=\"og:type\" content=\"article\" \/>\n<meta property=\"og:title\" content=\"Fundaci\u00f3n - Harrobia | Lanbide heziketa Bizkaian\" \/>\n<meta property=\"og:url\" content=\"https:\/\/harrobia.net\/ikastola\/nor-harrobian\/fundazioa\/\" \/>\n<meta property=\"og:site_name\" content=\"Harrobia Ikastola\" \/>\n<meta property=\"article:publisher\" content=\"https:\/\/www.facebook.com\/HarrobiaIkastola\" \/>\n<meta property=\"article:modified_time\" content=\"2022-09-22T03:25:42+00:00\" \/>\n<meta property=\"og:image\" content=\"https:\/\/harrobia.net\/wp-content\/uploads\/2022\/11\/logoa.jpg\" \/>\n\t<meta property=\"og:image:width\" content=\"819\" \/>\n\t<meta property=\"og:image:height\" content=\"303\" \/>\n\t<meta property=\"og:image:type\" content=\"image\/jpeg\" \/>\n<meta name=\"twitter:card\" content=\"summary_large_image\" \/>\n<meta name=\"twitter:site\" content=\"@harrobiaikas\" \/>\n<meta name=\"twitter:label1\" content=\"Tiempo de lectura\" \/>\n\t<meta name=\"twitter:data1\" content=\"3 minutos\" \/>\n<script type=\"application\/ld+json\" class=\"yoast-schema-graph\">{\"@context\":\"https:\\\/\\\/schema.org\",\"@graph\":[{\"@type\":\"WebPage\",\"@id\":\"https:\\\/\\\/harrobia.net\\\/ikastola\\\/nor-harrobian\\\/fundazioa\\\/\",\"url\":\"https:\\\/\\\/harrobia.net\\\/ikastola\\\/nor-harrobian\\\/fundazioa\\\/\",\"name\":\"Fundaci\u00f3n - Harrobia | Lanbide heziketa Bizkaian\",\"isPartOf\":{\"@id\":\"https:\\\/\\\/harrobia.net\\\/#website\"},\"datePublished\":\"2013-10-24T06:56:18+00:00\",\"dateModified\":\"2022-09-22T03:25:42+00:00\",\"breadcrumb\":{\"@id\":\"https:\\\/\\\/harrobia.net\\\/ikastola\\\/nor-harrobian\\\/fundazioa\\\/#breadcrumb\"},\"inLanguage\":\"es\",\"potentialAction\":[{\"@type\":\"ReadAction\",\"target\":[\"https:\\\/\\\/harrobia.net\\\/ikastola\\\/nor-harrobian\\\/fundazioa\\\/\"]}]},{\"@type\":\"BreadcrumbList\",\"@id\":\"https:\\\/\\\/harrobia.net\\\/ikastola\\\/nor-harrobian\\\/fundazioa\\\/#breadcrumb\",\"itemListElement\":[{\"@type\":\"ListItem\",\"position\":1,\"name\":\"Home\",\"item\":\"https:\\\/\\\/harrobia.net\\\/\"},{\"@type\":\"ListItem\",\"position\":2,\"name\":\"Ikastola\",\"item\":\"https:\\\/\\\/harrobia.net\\\/ikastola\\\/\"},{\"@type\":\"ListItem\",\"position\":3,\"name\":\"Qui\u00e9n es qui\u00e9n en Harrobia\",\"item\":\"https:\\\/\\\/harrobia.net\\\/ikastola\\\/nor-harrobian\\\/\"},{\"@type\":\"ListItem\",\"position\":4,\"name\":\"Fundaci\u00f3n\"}]},{\"@type\":\"WebSite\",\"@id\":\"https:\\\/\\\/harrobia.net\\\/#website\",\"url\":\"https:\\\/\\\/harrobia.net\\\/\",\"name\":\"Harrobia Ikastola\",\"description\":\"Harrobia Lanbide Heziketaren Ikastola\",\"publisher\":{\"@id\":\"https:\\\/\\\/harrobia.net\\\/#organization\"},\"potentialAction\":[{\"@type\":\"SearchAction\",\"target\":{\"@type\":\"EntryPoint\",\"urlTemplate\":\"https:\\\/\\\/harrobia.net\\\/?s={search_term_string}\"},\"query-input\":{\"@type\":\"PropertyValueSpecification\",\"valueRequired\":true,\"valueName\":\"search_term_string\"}}],\"inLanguage\":\"es\"},{\"@type\":\"Organization\",\"@id\":\"https:\\\/\\\/harrobia.net\\\/#organization\",\"name\":\"Harrobia Ikastola\",\"url\":\"https:\\\/\\\/harrobia.net\\\/\",\"logo\":{\"@type\":\"ImageObject\",\"inLanguage\":\"es\",\"@id\":\"https:\\\/\\\/harrobia.net\\\/#\\\/schema\\\/logo\\\/image\\\/\",\"url\":\"https:\\\/\\\/harrobia.net\\\/wp-content\\\/uploads\\\/2014\\\/07\\\/harrobia.png\",\"contentUrl\":\"https:\\\/\\\/harrobia.net\\\/wp-content\\\/uploads\\\/2014\\\/07\\\/harrobia.png\",\"width\":256,\"height\":71,\"caption\":\"Harrobia Ikastola\"},\"image\":{\"@id\":\"https:\\\/\\\/harrobia.net\\\/#\\\/schema\\\/logo\\\/image\\\/\"},\"sameAs\":[\"https:\\\/\\\/www.facebook.com\\\/HarrobiaIkastola\",\"https:\\\/\\\/x.com\\\/harrobiaikas\",\"https:\\\/\\\/www.instagram.com\\\/harrobiaikastola\",\"https:\\\/\\\/www.youtube.com\\\/user\\\/IbarezkerraBilbo\"]}]}<\/script>\n<!-- \/ Yoast SEO plugin. -->","yoast_head_json":{"title":"Fundaci\u00f3n - Harrobia | Lanbide heziketa Bizkaian","robots":{"index":"index","follow":"follow","max-snippet":"max-snippet:-1","max-image-preview":"max-image-preview:large","max-video-preview":"max-video-preview:-1"},"canonical":"https:\/\/harrobia.net\/ikastola\/nor-harrobian\/fundazioa\/","og_locale":"es_ES","og_type":"article","og_title":"Fundaci\u00f3n - Harrobia | Lanbide heziketa Bizkaian","og_url":"https:\/\/harrobia.net\/ikastola\/nor-harrobian\/fundazioa\/","og_site_name":"Harrobia Ikastola","article_publisher":"https:\/\/www.facebook.com\/HarrobiaIkastola","article_modified_time":"2022-09-22T03:25:42+00:00","og_image":[{"width":819,"height":303,"url":"https:\/\/harrobia.net\/wp-content\/uploads\/2022\/11\/logoa.jpg","type":"image\/jpeg"}],"twitter_card":"summary_large_image","twitter_site":"@harrobiaikas","twitter_misc":{"Tiempo de lectura":"3 minutos"},"schema":{"@context":"https:\/\/schema.org","@graph":[{"@type":"WebPage","@id":"https:\/\/harrobia.net\/ikastola\/nor-harrobian\/fundazioa\/","url":"https:\/\/harrobia.net\/ikastola\/nor-harrobian\/fundazioa\/","name":"Fundaci\u00f3n - Harrobia | Lanbide heziketa Bizkaian","isPartOf":{"@id":"https:\/\/harrobia.net\/#website"},"datePublished":"2013-10-24T06:56:18+00:00","dateModified":"2022-09-22T03:25:42+00:00","breadcrumb":{"@id":"https:\/\/harrobia.net\/ikastola\/nor-harrobian\/fundazioa\/#breadcrumb"},"inLanguage":"es","potentialAction":[{"@type":"ReadAction","target":["https:\/\/harrobia.net\/ikastola\/nor-harrobian\/fundazioa\/"]}]},{"@type":"BreadcrumbList","@id":"https:\/\/harrobia.net\/ikastola\/nor-harrobian\/fundazioa\/#breadcrumb","itemListElement":[{"@type":"ListItem","position":1,"name":"Home","item":"https:\/\/harrobia.net\/"},{"@type":"ListItem","position":2,"name":"Ikastola","item":"https:\/\/harrobia.net\/ikastola\/"},{"@type":"ListItem","position":3,"name":"Qui\u00e9n es qui\u00e9n en Harrobia","item":"https:\/\/harrobia.net\/ikastola\/nor-harrobian\/"},{"@type":"ListItem","position":4,"name":"Fundaci\u00f3n"}]},{"@type":"WebSite","@id":"https:\/\/harrobia.net\/#website","url":"https:\/\/harrobia.net\/","name":"Harrobia Ikastola","description":"Harrobia Lanbide Heziketaren Ikastola","publisher":{"@id":"https:\/\/harrobia.net\/#organization"},"potentialAction":[{"@type":"SearchAction","target":{"@type":"EntryPoint","urlTemplate":"https:\/\/harrobia.net\/?s={search_term_string}"},"query-input":{"@type":"PropertyValueSpecification","valueRequired":true,"valueName":"search_term_string"}}],"inLanguage":"es"},{"@type":"Organization","@id":"https:\/\/harrobia.net\/#organization","name":"Harrobia Ikastola","url":"https:\/\/harrobia.net\/","logo":{"@type":"ImageObject","inLanguage":"es","@id":"https:\/\/harrobia.net\/#\/schema\/logo\/image\/","url":"https:\/\/harrobia.net\/wp-content\/uploads\/2014\/07\/harrobia.png","contentUrl":"https:\/\/harrobia.net\/wp-content\/uploads\/2014\/07\/harrobia.png","width":256,"height":71,"caption":"Harrobia Ikastola"},"image":{"@id":"https:\/\/harrobia.net\/#\/schema\/logo\/image\/"},"sameAs":["https:\/\/www.facebook.com\/HarrobiaIkastola","https:\/\/x.com\/harrobiaikas","https:\/\/www.instagram.com\/harrobiaikastola","https:\/\/www.youtube.com\/user\/IbarezkerraBilbo"]}]}},"jetpack_sharing_enabled":true,"_links":{"self":[{"href":"https:\/\/harrobia.net\/es\/wp-json\/wp\/v2\/pages\/3752","targetHints":{"allow":["GET"]}}],"collection":[{"href":"https:\/\/harrobia.net\/es\/wp-json\/wp\/v2\/pages"}],"about":[{"href":"https:\/\/harrobia.net\/es\/wp-json\/wp\/v2\/types\/page"}],"author":[{"embeddable":true,"href":"https:\/\/harrobia.net\/es\/wp-json\/wp\/v2\/users\/6"}],"replies":[{"embeddable":true,"href":"https:\/\/harrobia.net\/es\/wp-json\/wp\/v2\/comments?post=3752"}],"version-history":[{"count":5,"href":"https:\/\/harrobia.net\/es\/wp-json\/wp\/v2\/pages\/3752\/revisions"}],"predecessor-version":[{"id":43770,"href":"https:\/\/harrobia.net\/es\/wp-json\/wp\/v2\/pages\/3752\/revisions\/43770"}],"up":[{"embeddable":true,"href":"https:\/\/harrobia.net\/es\/wp-json\/wp\/v2\/pages\/43458"}],"wp:attachment":[{"href":"https:\/\/harrobia.net\/es\/wp-json\/wp\/v2\/media?parent=3752"}],"curies":[{"name":"wp","href":"https:\/\/api.w.org\/{rel}","templated":true}]}}