{"id":3747,"date":"2013-10-24T07:53:23","date_gmt":"2013-10-24T06:53:23","guid":{"rendered":"http:\/\/harrobia.net\/?page_id=3747"},"modified":"2019-05-03T10:11:27","modified_gmt":"2019-05-03T08:11:27","slug":"ikastolas-fundadoras","status":"publish","type":"page","link":"https:\/\/harrobia.net\/es\/ikastola\/quien-es-quien-en-harrobia\/fundacion\/ikastolas-fundadoras\/","title":{"rendered":"Ikastolas fundadoras"},"content":{"rendered":"<p>[et_pb_section fb_built=\u00bb1&#8243; _builder_version=\u00bb3.22.3&#8243; background_color=\u00bbrgba(171,206,227,0.15)\u00bb custom_padding=\u00bb30px|0px|30px|0px|false|false\u00bb][et_pb_row custom_padding=\u00bb0|0px|0|0px|false|false\u00bb _builder_version=\u00bb3.22.3&#8243;][et_pb_column type=\u00bb4_4&#8243; _builder_version=\u00bb3.21.1&#8243;][et_pb_dcsbcm_divi_breadcrumbs_module hide_homebreadcrumb=\u00bboff\u00bb homebreadcrumbtext=\u00bb<i class=%22fas fa-school%22><\/i> Hasiera\u00bb separator=\u00bbsep-raquo\u00bb _builder_version=\u00bb3.21.1&#8243; fontsbreadcrumbs_font=\u00bb||||||||\u00bb fontsbreadcrumbs_text_color=\u00bb#666666&#8243; fontsseperator_font=\u00bb||||||||\u00bb fontsseperator_text_color=\u00bb#003f7a\u00bb fontsbreadcrumblinks_font=\u00bb||||||||\u00bb fontsbreadcrumblinks_text_color=\u00bb#003f7a\u00bb][\/et_pb_dcsbcm_divi_breadcrumbs_module][\/et_pb_column][\/et_pb_row][\/et_pb_section][et_pb_section fb_built=\u00bb1&#8243; _builder_version=\u00bb3.22.3&#8243; background_color=\u00bbrgba(171,206,227,0.15)\u00bb custom_padding=\u00bb0|0px|54px|0px|false|false\u00bb][et_pb_row custom_padding=\u00bb30px|15px|30px|15px|false|false\u00bb make_equal=\u00bbon\u00bb _builder_version=\u00bb3.22.3&#8243; background_color=\u00bb#ffffff\u00bb box_shadow_style=\u00bbpreset2&#8243;][et_pb_column type=\u00bb4_4&#8243; _builder_version=\u00bb3.21.1&#8243;][et_pb_post_title meta=\u00bboff\u00bb featured_image=\u00bboff\u00bb _builder_version=\u00bb3.21.1&#8243; title_font=\u00bb||||||||\u00bb title_font_size=\u00bb35px\u00bb meta_font=\u00bb||||||||\u00bb border_width_bottom=\u00bb1px\u00bb border_color_bottom=\u00bb#003f7a\u00bb max_width=\u00bb50%\u00bb][\/et_pb_post_title][et_pb_text _builder_version=\u00bb3.22.6&#8243;]<\/p>\n<p>Harrobia Fundazioa naci\u00f3 en el a\u00f1o 2006, de la confluencia de siete ikastolas. Se trata de Abusu y Urretxindorra, de Bilbao; Bihotz Gaztea, de Santurtzi; Eguzki Begi, de Galdakao; Zubi Zaharra, de Balmaseda; Itxaropena, de Trapagaran y Betiko Ikastola, de Leioa.<\/p>\n<p>Entre las siete crearon Harrobia Fundazioa, que es la entidad titular del edificio Harrobia ubicado en La Plaza de La Cantera no 4 y que las ikastolas destinar\u00e1n a Formaci\u00f3n Profesional.<\/p>\n<p>Dos a\u00f1os antes, en septiembre de 2004, el colectivo de ikastolas anunci\u00f3 p\u00fablicamente su intenci\u00f3n de incidir en el sector de la Formaci\u00f3n Profesional, con un doble objetivo. Por una parte est\u00e1 la normalizaci\u00f3n del uso del euskara en este sector, como ya era un hecho en la educaci\u00f3n obligatoria y en el bachillerato. Por otra est\u00e1 la extensi\u00f3n de la ikastola como modelo de iniciativa social tambi\u00e9n en este \u00e1mbito.<\/p>\n<p>La Fundaci\u00f3n Harrobia, englobada por las siete ikastolas citadas, asumi\u00f3 estos objetivos con el fin de hacerlos realidad en la capital vizca\u00edna. Es intenci\u00f3n de Harrobia Fundazioa integrar en este proyecto al resto de ikastolas de Bizkaia.<\/p>\n<p><img loading=\"lazy\" decoding=\"async\" class=\"alignnone size-full wp-image-1021\" title=\"Ikastola\" src=\"http:\/\/harrobia.net\/wp-content\/uploads\/2012\/05\/ikastola.jpg\" alt=\"\" width=\"706\" height=\"300\" \/><\/p>\n<p>[\/et_pb_text][\/et_pb_column][\/et_pb_row][\/et_pb_section]<\/p>\n<span class=\"et_bloom_bottom_trigger\"><\/span>","protected":false},"excerpt":{"rendered":"<p>Harrobia Fundazioa naci\u00f3 en el a\u00f1o 2006, de la confluencia de siete ikastolas. Se trata de Abusu y Urretxindorra, de Bilbao; Bihotz Gaztea, de Santurtzi; Eguzki Begi, de Galdakao; Zubi Zaharra, de Balmaseda; Itxaropena, de Trapagaran y Betiko Ikastola, de Leioa. Entre las siete crearon Harrobia Fundazioa, que es la entidad titular del edificio Harrobia [&hellip;]<\/p>\n","protected":false},"author":6,"featured_media":0,"parent":3752,"menu_order":0,"comment_status":"closed","ping_status":"open","template":"","meta":{"_acf_changed":false,"_et_pb_use_builder":"on","_et_pb_old_content":"Harrobia Fundazioa 2006an jaio zen, zazpi ikastola elkartu zirenean; honako zazpi hauek hain zuzen: Bilboko Abusu eta Urretxindorra, Santurtziko Bihotz Gaztea, Galdakaoko Eguzki Begi, Balmasedako Zubi Zaharra, Trapagarango Itxaropena eta Leioako Betiko Ikastola.\r\n\r\nZazpien artean Harrobia Fundazioa sortu zuten, Harrobi plazan dagoen Harrobia eraikuntzaren titularra dena. Ikastolek Harrobia eraikuntza Lanbide Heziketara bideratutako dute.\r\n\r\nBi urte arinago, 2004ko irailean hain zuzen, ikastolen kolektiboak publikoki adierazi zuen Lanbide Heziketa arloan sartzeko asmoa, helburu bikoitzarekin; alde batetik, euskararen normalizazioa sustatzea esparru horretan, derrigorrezko hezkuntzan eta batxilergoan ordura arte egin zen bezala. Beste alde batetik, sektore horretan ikastolen eredua zabaltzea ekimen sozialaren eredu bezala.\r\n\r\nAipaturiko zazpi ikastolek osatzen duten Harrobi Fundazioak bere egin zituen helburu horiek eta Bizkaiko hiriburuan gauzatzea erabaki zuen. Bada Harrobia Fundazioaren asmoa Bizkaiko beste ikastola batzuk proiektuan integratzea.\r\n\r\n<img class=\"alignnone size-full wp-image-1021\" title=\"Ikastola\" alt=\"\" src=\"http:\/\/harrobia.net\/wp-content\/uploads\/2012\/05\/ikastola.jpg\" width=\"706\" height=\"300\" \/>","_et_gb_content_width":"","_joinchat":[],"footnotes":""},"class_list":["post-3747","page","type-page","status-publish","hentry"],"acf":[],"yoast_head":"<!-- This site is optimized with the Yoast SEO plugin v27.3 - https:\/\/yoast.com\/product\/yoast-seo-wordpress\/ -->\n<title>Ikastolas fundadoras - Harrobia | Lanbide heziketa Bizkaian<\/title>\n<meta name=\"robots\" content=\"index, follow, max-snippet:-1, max-image-preview:large, max-video-preview:-1\" \/>\n<link rel=\"canonical\" href=\"https:\/\/harrobia.net\/ikastola\/nor-harrobian\/fundazioa\/ikastola-fundatzaileak\/\" \/>\n<meta property=\"og:locale\" content=\"es_ES\" \/>\n<meta property=\"og:type\" content=\"article\" \/>\n<meta property=\"og:title\" content=\"Ikastolas fundadoras - Harrobia | Lanbide heziketa Bizkaian\" \/>\n<meta property=\"og:url\" content=\"https:\/\/harrobia.net\/ikastola\/nor-harrobian\/fundazioa\/ikastola-fundatzaileak\/\" \/>\n<meta property=\"og:site_name\" content=\"Harrobia Ikastola\" \/>\n<meta property=\"article:publisher\" content=\"https:\/\/www.facebook.com\/HarrobiaIkastola\" \/>\n<meta property=\"article:modified_time\" content=\"2019-05-03T08:11:27+00:00\" \/>\n<meta property=\"og:image\" content=\"http:\/\/harrobia.net\/wp-content\/uploads\/2012\/05\/ikastola.jpg\" \/>\n<meta name=\"twitter:card\" content=\"summary_large_image\" \/>\n<meta name=\"twitter:site\" content=\"@harrobiaikas\" \/>\n<meta name=\"twitter:label1\" content=\"Tiempo de lectura\" \/>\n\t<meta name=\"twitter:data1\" content=\"2 minutos\" \/>\n<script type=\"application\/ld+json\" class=\"yoast-schema-graph\">{\"@context\":\"https:\\\/\\\/schema.org\",\"@graph\":[{\"@type\":\"WebPage\",\"@id\":\"https:\\\/\\\/harrobia.net\\\/ikastola\\\/nor-harrobian\\\/fundazioa\\\/ikastola-fundatzaileak\\\/\",\"url\":\"https:\\\/\\\/harrobia.net\\\/ikastola\\\/nor-harrobian\\\/fundazioa\\\/ikastola-fundatzaileak\\\/\",\"name\":\"Ikastolas fundadoras - Harrobia | Lanbide heziketa Bizkaian\",\"isPartOf\":{\"@id\":\"https:\\\/\\\/harrobia.net\\\/#website\"},\"primaryImageOfPage\":{\"@id\":\"https:\\\/\\\/harrobia.net\\\/ikastola\\\/nor-harrobian\\\/fundazioa\\\/ikastola-fundatzaileak\\\/#primaryimage\"},\"image\":{\"@id\":\"https:\\\/\\\/harrobia.net\\\/ikastola\\\/nor-harrobian\\\/fundazioa\\\/ikastola-fundatzaileak\\\/#primaryimage\"},\"thumbnailUrl\":\"http:\\\/\\\/harrobia.net\\\/wp-content\\\/uploads\\\/2012\\\/05\\\/ikastola.jpg\",\"datePublished\":\"2013-10-24T06:53:23+00:00\",\"dateModified\":\"2019-05-03T08:11:27+00:00\",\"breadcrumb\":{\"@id\":\"https:\\\/\\\/harrobia.net\\\/ikastola\\\/nor-harrobian\\\/fundazioa\\\/ikastola-fundatzaileak\\\/#breadcrumb\"},\"inLanguage\":\"es\",\"potentialAction\":[{\"@type\":\"ReadAction\",\"target\":[\"https:\\\/\\\/harrobia.net\\\/ikastola\\\/nor-harrobian\\\/fundazioa\\\/ikastola-fundatzaileak\\\/\"]}]},{\"@type\":\"ImageObject\",\"inLanguage\":\"es\",\"@id\":\"https:\\\/\\\/harrobia.net\\\/ikastola\\\/nor-harrobian\\\/fundazioa\\\/ikastola-fundatzaileak\\\/#primaryimage\",\"url\":\"http:\\\/\\\/harrobia.net\\\/wp-content\\\/uploads\\\/2012\\\/05\\\/ikastola.jpg\",\"contentUrl\":\"http:\\\/\\\/harrobia.net\\\/wp-content\\\/uploads\\\/2012\\\/05\\\/ikastola.jpg\"},{\"@type\":\"BreadcrumbList\",\"@id\":\"https:\\\/\\\/harrobia.net\\\/ikastola\\\/nor-harrobian\\\/fundazioa\\\/ikastola-fundatzaileak\\\/#breadcrumb\",\"itemListElement\":[{\"@type\":\"ListItem\",\"position\":1,\"name\":\"Home\",\"item\":\"https:\\\/\\\/harrobia.net\\\/es\\\/\"},{\"@type\":\"ListItem\",\"position\":2,\"name\":\"Ikastola\",\"item\":\"https:\\\/\\\/harrobia.net\\\/ikastola\\\/\"},{\"@type\":\"ListItem\",\"position\":3,\"name\":\"Qui\u00e9n es qui\u00e9n en Harrobia\",\"item\":\"https:\\\/\\\/harrobia.net\\\/ikastola\\\/nor-harrobian\\\/\"},{\"@type\":\"ListItem\",\"position\":4,\"name\":\"Fundaci\u00f3n\",\"item\":\"https:\\\/\\\/harrobia.net\\\/ikastola\\\/nor-harrobian\\\/fundazioa\\\/\"},{\"@type\":\"ListItem\",\"position\":5,\"name\":\"Ikastolas fundadoras\"}]},{\"@type\":\"WebSite\",\"@id\":\"https:\\\/\\\/harrobia.net\\\/#website\",\"url\":\"https:\\\/\\\/harrobia.net\\\/\",\"name\":\"Harrobia Ikastola\",\"description\":\"Harrobia Lanbide Heziketaren Ikastola\",\"publisher\":{\"@id\":\"https:\\\/\\\/harrobia.net\\\/#organization\"},\"potentialAction\":[{\"@type\":\"SearchAction\",\"target\":{\"@type\":\"EntryPoint\",\"urlTemplate\":\"https:\\\/\\\/harrobia.net\\\/?s={search_term_string}\"},\"query-input\":{\"@type\":\"PropertyValueSpecification\",\"valueRequired\":true,\"valueName\":\"search_term_string\"}}],\"inLanguage\":\"es\"},{\"@type\":\"Organization\",\"@id\":\"https:\\\/\\\/harrobia.net\\\/#organization\",\"name\":\"Harrobia Ikastola\",\"url\":\"https:\\\/\\\/harrobia.net\\\/\",\"logo\":{\"@type\":\"ImageObject\",\"inLanguage\":\"es\",\"@id\":\"https:\\\/\\\/harrobia.net\\\/#\\\/schema\\\/logo\\\/image\\\/\",\"url\":\"https:\\\/\\\/harrobia.net\\\/wp-content\\\/uploads\\\/2014\\\/07\\\/harrobia.png\",\"contentUrl\":\"https:\\\/\\\/harrobia.net\\\/wp-content\\\/uploads\\\/2014\\\/07\\\/harrobia.png\",\"width\":256,\"height\":71,\"caption\":\"Harrobia Ikastola\"},\"image\":{\"@id\":\"https:\\\/\\\/harrobia.net\\\/#\\\/schema\\\/logo\\\/image\\\/\"},\"sameAs\":[\"https:\\\/\\\/www.facebook.com\\\/HarrobiaIkastola\",\"https:\\\/\\\/x.com\\\/harrobiaikas\",\"https:\\\/\\\/www.instagram.com\\\/harrobiaikastola\",\"https:\\\/\\\/www.youtube.com\\\/user\\\/IbarezkerraBilbo\"]}]}<\/script>\n<!-- \/ Yoast SEO plugin. -->","yoast_head_json":{"title":"Ikastolas fundadoras - Harrobia | Lanbide heziketa Bizkaian","robots":{"index":"index","follow":"follow","max-snippet":"max-snippet:-1","max-image-preview":"max-image-preview:large","max-video-preview":"max-video-preview:-1"},"canonical":"https:\/\/harrobia.net\/ikastola\/nor-harrobian\/fundazioa\/ikastola-fundatzaileak\/","og_locale":"es_ES","og_type":"article","og_title":"Ikastolas fundadoras - Harrobia | Lanbide heziketa Bizkaian","og_url":"https:\/\/harrobia.net\/ikastola\/nor-harrobian\/fundazioa\/ikastola-fundatzaileak\/","og_site_name":"Harrobia Ikastola","article_publisher":"https:\/\/www.facebook.com\/HarrobiaIkastola","article_modified_time":"2019-05-03T08:11:27+00:00","og_image":[{"url":"http:\/\/harrobia.net\/wp-content\/uploads\/2012\/05\/ikastola.jpg","type":"","width":"","height":""}],"twitter_card":"summary_large_image","twitter_site":"@harrobiaikas","twitter_misc":{"Tiempo de lectura":"2 minutos"},"schema":{"@context":"https:\/\/schema.org","@graph":[{"@type":"WebPage","@id":"https:\/\/harrobia.net\/ikastola\/nor-harrobian\/fundazioa\/ikastola-fundatzaileak\/","url":"https:\/\/harrobia.net\/ikastola\/nor-harrobian\/fundazioa\/ikastola-fundatzaileak\/","name":"Ikastolas fundadoras - Harrobia | Lanbide heziketa Bizkaian","isPartOf":{"@id":"https:\/\/harrobia.net\/#website"},"primaryImageOfPage":{"@id":"https:\/\/harrobia.net\/ikastola\/nor-harrobian\/fundazioa\/ikastola-fundatzaileak\/#primaryimage"},"image":{"@id":"https:\/\/harrobia.net\/ikastola\/nor-harrobian\/fundazioa\/ikastola-fundatzaileak\/#primaryimage"},"thumbnailUrl":"http:\/\/harrobia.net\/wp-content\/uploads\/2012\/05\/ikastola.jpg","datePublished":"2013-10-24T06:53:23+00:00","dateModified":"2019-05-03T08:11:27+00:00","breadcrumb":{"@id":"https:\/\/harrobia.net\/ikastola\/nor-harrobian\/fundazioa\/ikastola-fundatzaileak\/#breadcrumb"},"inLanguage":"es","potentialAction":[{"@type":"ReadAction","target":["https:\/\/harrobia.net\/ikastola\/nor-harrobian\/fundazioa\/ikastola-fundatzaileak\/"]}]},{"@type":"ImageObject","inLanguage":"es","@id":"https:\/\/harrobia.net\/ikastola\/nor-harrobian\/fundazioa\/ikastola-fundatzaileak\/#primaryimage","url":"http:\/\/harrobia.net\/wp-content\/uploads\/2012\/05\/ikastola.jpg","contentUrl":"http:\/\/harrobia.net\/wp-content\/uploads\/2012\/05\/ikastola.jpg"},{"@type":"BreadcrumbList","@id":"https:\/\/harrobia.net\/ikastola\/nor-harrobian\/fundazioa\/ikastola-fundatzaileak\/#breadcrumb","itemListElement":[{"@type":"ListItem","position":1,"name":"Home","item":"https:\/\/harrobia.net\/es\/"},{"@type":"ListItem","position":2,"name":"Ikastola","item":"https:\/\/harrobia.net\/ikastola\/"},{"@type":"ListItem","position":3,"name":"Qui\u00e9n es qui\u00e9n en Harrobia","item":"https:\/\/harrobia.net\/ikastola\/nor-harrobian\/"},{"@type":"ListItem","position":4,"name":"Fundaci\u00f3n","item":"https:\/\/harrobia.net\/ikastola\/nor-harrobian\/fundazioa\/"},{"@type":"ListItem","position":5,"name":"Ikastolas fundadoras"}]},{"@type":"WebSite","@id":"https:\/\/harrobia.net\/#website","url":"https:\/\/harrobia.net\/","name":"Harrobia Ikastola","description":"Harrobia Lanbide Heziketaren Ikastola","publisher":{"@id":"https:\/\/harrobia.net\/#organization"},"potentialAction":[{"@type":"SearchAction","target":{"@type":"EntryPoint","urlTemplate":"https:\/\/harrobia.net\/?s={search_term_string}"},"query-input":{"@type":"PropertyValueSpecification","valueRequired":true,"valueName":"search_term_string"}}],"inLanguage":"es"},{"@type":"Organization","@id":"https:\/\/harrobia.net\/#organization","name":"Harrobia Ikastola","url":"https:\/\/harrobia.net\/","logo":{"@type":"ImageObject","inLanguage":"es","@id":"https:\/\/harrobia.net\/#\/schema\/logo\/image\/","url":"https:\/\/harrobia.net\/wp-content\/uploads\/2014\/07\/harrobia.png","contentUrl":"https:\/\/harrobia.net\/wp-content\/uploads\/2014\/07\/harrobia.png","width":256,"height":71,"caption":"Harrobia Ikastola"},"image":{"@id":"https:\/\/harrobia.net\/#\/schema\/logo\/image\/"},"sameAs":["https:\/\/www.facebook.com\/HarrobiaIkastola","https:\/\/x.com\/harrobiaikas","https:\/\/www.instagram.com\/harrobiaikastola","https:\/\/www.youtube.com\/user\/IbarezkerraBilbo"]}]}},"jetpack_sharing_enabled":true,"_links":{"self":[{"href":"https:\/\/harrobia.net\/es\/wp-json\/wp\/v2\/pages\/3747","targetHints":{"allow":["GET"]}}],"collection":[{"href":"https:\/\/harrobia.net\/es\/wp-json\/wp\/v2\/pages"}],"about":[{"href":"https:\/\/harrobia.net\/es\/wp-json\/wp\/v2\/types\/page"}],"author":[{"embeddable":true,"href":"https:\/\/harrobia.net\/es\/wp-json\/wp\/v2\/users\/6"}],"replies":[{"embeddable":true,"href":"https:\/\/harrobia.net\/es\/wp-json\/wp\/v2\/comments?post=3747"}],"version-history":[{"count":2,"href":"https:\/\/harrobia.net\/es\/wp-json\/wp\/v2\/pages\/3747\/revisions"}],"predecessor-version":[{"id":19775,"href":"https:\/\/harrobia.net\/es\/wp-json\/wp\/v2\/pages\/3747\/revisions\/19775"}],"up":[{"embeddable":true,"href":"https:\/\/harrobia.net\/es\/wp-json\/wp\/v2\/pages\/3752"}],"wp:attachment":[{"href":"https:\/\/harrobia.net\/es\/wp-json\/wp\/v2\/media?parent=3747"}],"curies":[{"name":"wp","href":"https:\/\/api.w.org\/{rel}","templated":true}]}}