{"id":36995,"date":"2021-04-21T10:28:03","date_gmt":"2021-04-21T08:28:03","guid":{"rendered":"https:\/\/harrobia.net\/?page_id=36995"},"modified":"2026-03-18T15:12:07","modified_gmt":"2026-03-18T14:12:07","slug":"guia-en-el-medio-natural-y-de-tiempo-libre","status":"publish","type":"page","link":"https:\/\/harrobia.net\/es\/ciclos\/guia-en-el-medio-natural-y-de-tiempo-libre\/","title":{"rendered":"Gu\u00eda en el Medio Natural y de Tiempo Libre"},"content":{"rendered":"<p>[et_pb_section fb_built=\u00bb1&#8243; _builder_version=\u00bb4.16&#8243; background_color=\u00bbrgba(171,206,227,0.15)\u00bb custom_padding=\u00bb30px|0px|30px|0px|false|false\u00bb da_disable_devices=\u00bboff|off|off\u00bb global_colors_info=\u00bb{}\u00bb da_is_popup=\u00bboff\u00bb da_exit_intent=\u00bboff\u00bb da_has_close=\u00bbon\u00bb da_alt_close=\u00bboff\u00bb da_dark_close=\u00bboff\u00bb da_not_modal=\u00bbon\u00bb da_is_singular=\u00bboff\u00bb da_with_loader=\u00bboff\u00bb da_has_shadow=\u00bbon\u00bb][et_pb_row _builder_version=\u00bb4.16&#8243; custom_padding=\u00bb0|0px|0|0px|false|false\u00bb global_colors_info=\u00bb{}\u00bb][et_pb_column type=\u00bb4_4&#8243; _builder_version=\u00bb4.16&#8243; custom_padding=\u00bb|||\u00bb global_colors_info=\u00bb{}\u00bb custom_padding__hover=\u00bb|||\u00bb][et_pb_dcsbcm_divi_breadcrumbs_module homebreadcrumbtext=\u00bb<i class=%22fas fa-school%22><\/i> Hasiera\u00bb computed_field_html_payload=\u00bb<span class=%22dcsbcm_divi_breadcrumb%22 typeof=%22v:Breadcrumb%22><a rel=%22v:url%22 property=%22v:title%22 href=%22https:\/\/harrobia.net\/es\/\/%22><i class=%22fas fa-school%22><\/i> Hasiera<\/a><\/span><span class=%22dcsbcm_separator%22> \u00bb <\/span><span class=%22dcsbcm_divi_breadcrumb%22 typeof=%22v:Breadcrumb%22><a rel=%22v:url%22 property=%22v:title%22 href=%22https:\/\/harrobia.net\/es\/ciclos-formativos\/%22>Ciclos Formativos<\/a><\/span><span class=%22dcsbcm_separator%22> \u00bb <\/span><span class=%22dcsbcm_divi_breadcrumb dcsbcm_divi_breadcrumb-active%22>Sistemas Microinform\u00e1ticos y redes<\/span><\/div>\n<p>\u00bb _builder_version=\u00bb4.16&#8243; fontsbreadcrumbs_font=\u00bb||||||||\u00bb fontsbreadcrumbs_text_color=\u00bb#666666&#8243; fontsseperator_font=\u00bb||||||||\u00bb fontsseperator_text_color=\u00bb#003f7a\u00bb fontsbreadcrumblinks_font=\u00bb||||||||\u00bb fontsbreadcrumblinks_text_color=\u00bb#003f7a\u00bb global_colors_info=\u00bb{}\u00bb][\/et_pb_dcsbcm_divi_breadcrumbs_module][\/et_pb_column][\/et_pb_row][\/et_pb_section][et_pb_section fb_built=\u00bb1&#8243; specialty=\u00bbon\u00bb background_color_1=\u00bb#ffffff\u00bb background_color_2=\u00bb#ffffff\u00bb padding_right_2=\u00bb15px\u00bb padding_left_2=\u00bb15px\u00bb _builder_version=\u00bb4.16&#8243; background_color=\u00bbrgba(171,206,227,0.15)\u00bb custom_padding=\u00bb0||54px||false|false\u00bb da_disable_devices=\u00bboff|off|off\u00bb global_colors_info=\u00bb{}\u00bb da_is_popup=\u00bboff\u00bb da_exit_intent=\u00bboff\u00bb da_has_close=\u00bbon\u00bb da_alt_close=\u00bboff\u00bb da_dark_close=\u00bboff\u00bb da_not_modal=\u00bbon\u00bb da_is_singular=\u00bboff\u00bb da_with_loader=\u00bboff\u00bb da_has_shadow=\u00bbon\u00bb][et_pb_column type=\u00bb3_4&#8243; specialty_columns=\u00bb3&#8243; _builder_version=\u00bb4.16&#8243; custom_padding=\u00bb|||\u00bb global_colors_info=\u00bb{}\u00bb custom_padding__hover=\u00bb|||\u00bb][et_pb_row_inner _builder_version=\u00bb4.16&#8243; background_color=\u00bb#ffffff\u00bb custom_padding=\u00bb25px|15px|28px|15px|false|false\u00bb box_shadow_style=\u00bbpreset3&#8243; global_colors_info=\u00bb{}\u00bb][et_pb_column_inner saved_specialty_column_type=\u00bb3_4&#8243; _builder_version=\u00bb4.16&#8243; custom_padding=\u00bb|||\u00bb global_colors_info=\u00bb{}\u00bb custom_padding__hover=\u00bb|||\u00bb][et_pb_post_title meta=\u00bboff\u00bb featured_image=\u00bboff\u00bb _builder_version=\u00bb4.16&#8243; title_font=\u00bb||||||||\u00bb title_font_size=\u00bb35px\u00bb meta_font=\u00bb||||||||\u00bb max_width=\u00bb90%\u00bb max_width_tablet=\u00bb\u00bb max_width_phone=\u00bb\u00bb max_width_last_edited=\u00bbon|phone\u00bb border_width_bottom=\u00bb1px\u00bb border_color_bottom=\u00bb#003f7a\u00bb global_colors_info=\u00bb{}\u00bb][\/et_pb_post_title][et_pb_tabs _builder_version=\u00bb4.27.5&#8243; body_font=\u00bb||||||||\u00bb hover_enabled=\u00bb0&#8243; custom_css_main_element=\u00bbBACKGROUND-COLOR:RED;\u00bb global_colors_info=\u00bb{}\u00bb sticky_enabled=\u00bb0&#8243;][et_pb_tab title=\u00bbInformaci\u00f3n general\u00bb _builder_version=\u00bb4.27.5&#8243; body_font=\u00bb||||||||\u00bb global_colors_info=\u00bb{}\u00bb]<\/p>\n<p>Organizaci\u00f3n de itinerarios y conducci\u00f3n de grupos en el medio natural (monte, zonas acu\u00e1ticas e instalaciones de ocio y aventura), a pie, con cuerdas, en bicicleta, en barco o a caballo, y dinamizaci\u00f3n de actividades de ocio, adapt\u00e1ndolas a los\/las participantes, respetando el medio ambiente y garantizando la calidad y seguridad.<\/p>\n<p>Adem\u00e1s obtendr\u00e1s las siguientes competencias:<\/p>\n<ul>\n<li>Socorrista en espacios acu\u00e1ticos naturales<\/li>\n<li>Monitor\/a de actividades de tiempo libre educativo infantil y juvenil<\/li>\n<li>Monitor\/a Auxiliar de Deporte Escolar<\/li>\n<\/ul>\n<p><strong>Salidas laborales:<\/strong><\/p>\n<ul>\n<li>Dise\u00f1ador\/a de rutas y responsable de seguridad.<\/li>\n<li>Liderazgo de actividades en el medio natural (monta\u00f1a, mar,\u2026).<\/li>\n<li>Conducci\u00f3n de itinerarios a caballo y en bicicleta.<\/li>\n<li>Monitor\/a de tiempo libre (campamentos, colonias, granjas-escuela).<\/li>\n<li>Monitor\/a de actividades en el \u00e1mbito escolar<\/li>\n<li>Monitor\/a de instalaciones de ocio y aventura.<\/li>\n<li>Socorrista en instalaciones acu\u00e1ticas y medio natural.<\/li>\n<\/ul>\n<div><strong>HARROBIA como valor a\u00f1adido:<\/strong><\/div>\n<ul>\n<li>Ciclo 100% en euskera.<\/li>\n<li>Tutor\u00eda y orientaci\u00f3n individualizada.<\/li>\n<li>Modelo ETHAZI: aprendizaje colaborativo basado en retos.<\/li>\n<li>Curso de 120 horas para preparar el examen de euskera de nivel C1 de HABE.<\/li>\n<li>Curso gratuito de 60 horas para mejorar la comunicaci\u00f3n oral en ingl\u00e9s.<\/li>\n<li>Posibilidad de trabajar mientras estudias (Formaci\u00f3n Dual Intensiva).<\/li>\n<li>Posibilidad de realizar formaci\u00f3n dual en el extranjero (ERASMUS+).<\/li>\n<li>Posibilidad de inscribirte en la agencia de empleo de la ikastola.<\/li>\n<li>Posibilidad de contrato Lehen Aukera al finalizar los estudios.<\/li>\n<li>Asesoramiento para la creaci\u00f3n de tu propia empresa (URRATS BAT).<\/li>\n<\/ul>\n<p>[\/et_pb_tab][et_pb_tab title=\u00bbPlan de estudio\u00bb _builder_version=\u00bb4.27.5&#8243; body_font=\u00bb||||||||\u00bb global_colors_info=\u00bb{}\u00bb]<\/p>\n<p><strong>FAMILIA:<\/strong> Gu\u00eda en el Medio Natural y de Tiempo Libre<br \/><strong>T\u00cdTULO:<\/strong>\u00a0T\u00e9cnico\/a<br \/><strong>DURACI\u00d3N:<\/strong>\u00a02000 horas (2 cursos)<br \/><strong>IDIOMA:<\/strong>\u00a0Euskera<br \/><strong>HORARIO:<\/strong> 08:00-14:30h \u00a0(descanso de 11:00 a 11:30)<br \/><strong><a href=\"https:\/\/ivac-eei.eus\/es\/familias-profesionales\/actividades-fisicas-y-deportivas-afd\/ciclos-formativos\/tecnico-en-guia-en-el-medio-natural-y-de-tiempo-libre.html\" target=\"_blank\" rel=\"noopener noreferrer\">Ver<\/a><\/strong>\u00a0toda la informaci\u00f3n asociada al t\u00edtulo.<\/p>\n<h2>1. CURSO<\/h2>\n<h4>M\u00f3dulos profesionales:<\/h4>\n<p>1329. Organizaci\u00f3n de itinerarios (99 horas)<\/p>\n<p>1333. Gu\u00eda de baja y media monta\u00f1a (231 horas)<\/p>\n<p>1334. Gu\u00eda de bicicleta (165 horas)<\/p>\n<p>1335. T\u00e9cnicas de tiempo libre (132 horas)<\/p>\n<p>1336. T\u00e9cnicas de nataci\u00f3n (99 horas)<\/p>\n<p>1664. Digitalizaci\u00f3n aplicada a los sectores productivos (60 horas)<\/p>\n<p>1709. Itinerario personal para la empleabilidad I (120 horas)<\/p>\n<p>0156. Ingl\u00e9s profesional (60 horas)<\/p>\n<p>Formaci\u00f3n Dual General en Empresa (16 d\u00edas)<\/p>\n<h2>2. CURSO<\/h2>\n<h4>M\u00f3dulos profesionales:<\/h4>\n<p>1325. T\u00e9cnicas de equitaci\u00f3n (99 horas)<\/p>\n<p>1327. Gu\u00eda ecuestre (66 horas)<\/p>\n<p>1328. Atenci\u00f3n a grupos (66 horas)<\/p>\n<p>1337. Socorrismo en el medio natural (168 horas)<\/p>\n<p>1338. Gu\u00eda en el medio natural acu\u00e1tico (147 horas)<\/p>\n<p>1339. Maniobras con cuerdas (147 horas)<\/p>\n<p>1708. Sostenibilidad aplicada al sistema productivo (42 horas)<\/p>\n<p>1710. Itinerario personal para la empleabilidad II (63 horas)<\/p>\n<p>M\u00f3dulo optativo (84 horas)<\/p>\n<p>1713. Proyecto intermodular (50 horas)<\/p>\n<p>Formaci\u00f3n Dual General en Empresa (60 d\u00edas)<\/p>\n<p>[\/et_pb_tab][et_pb_tab title=\u00bbDespu\u00e9s del t\u00edtulo\u00bb _builder_version=\u00bb4.27.5&#8243; body_font=\u00bb||||||||\u00bb global_colors_info=\u00bb{}\u00bb]<\/p>\n<ul>\n<li>Promocionar a un grado superior de HARROBIA:\n<ul>\n<li><a href=\"https:\/\/harrobia.net\/es\/ciclos\/acondicionamiento-fisico\/\" target=\"_blank\" rel=\"noopener\">Acondicionamiento F\u00edsico<\/a>.<\/li>\n<li><a href=\"https:\/\/harrobia.net\/es\/ciclos\/marketing-y-publicidad\/\" target=\"_blank\" rel=\"noopener\">Marketing y Publicidad<\/a>.<\/li>\n<\/ul>\n<\/li>\n<li>Estudiar un ciclo de grado superior de otro centro\u00a0(<a href=\"https:\/\/ivac-eei.eus\/es\/\" target=\"_blank\" rel=\"noopener\">aqu\u00ed<\/a> la oferta completa):\n<ul>\n<li>Ense\u00f1anza y Animaci\u00f3n Sociodeportiva&#8230;<\/li>\n<\/ul>\n<\/li>\n<li>Estudiar otro ciclo de grado medio (<a href=\"https:\/\/ivac-eei.eus\/es\/\" target=\"_blank\" rel=\"noopener\">aqu\u00ed<\/a> la oferta completa).<\/li>\n<li>Cursar <a href=\"https:\/\/harrobia.net\/es\/cursos\/\" target=\"_blank\" rel=\"noopener\">ense\u00f1anzas deportivas<\/a> (Surf, Nataci\u00f3n, Waterpolo&#8230;).<\/li>\n<li>Cursar <a href=\"https:\/\/www.lanbide.euskadi.eus\/informacion\/que-son-los-certificados-de-profesionalidad\/weblan00-formacion\/es\/\" target=\"_blank\" rel=\"noopener\">certificados profesionales<\/a> (Actividades F\u00edsicas y Deportivas).<\/li>\n<li>Crear tu propia empresa (<a href=\"https:\/\/harrobia.net\/es\/proyectos\/urrats-bat\/\" target=\"_blank\" rel=\"noopener\">Urrats Bat<\/a>).<\/li>\n<li>Trabajar por cuenta ajena.\n<\/li>\n<\/ul>\n<p>[\/et_pb_tab][et_pb_tab title=\u00bbMatr\u00edcula\u00bb _builder_version=\u00bb4.27.5&#8243; body_font=\u00bb||||||||\u00bb hover_enabled=\u00bb0&#8243; global_colors_info=\u00bb{}\u00bb sticky_enabled=\u00bb0&#8243;]<\/p>\n<p style=\"font-weight: 400;\"><strong>OBSERVACI\u00d3N:<\/strong><em> Es necesario saber nadar bien. Para acreditar esta condici\u00f3n, a principio de curso el alumnado matriculado tendr\u00e1 que hacer una prueba f\u00edsica<\/em>.<\/p>\n<p><strong>A. Requisitos:<\/strong><\/p>\n<ul>\n<li>Tener superado 4\u00ba de ESO<\/li>\n<li>Haber superado la prueba de acceso a ciclos medios<\/li>\n<li>Poseer alg\u00fan t\u00edtulo t\u00e9cnico, como T\u00e9cnico Auxiliar de FP1, 2\u00ba de BUP, REM o equivalente<\/li>\n<li><a href=\"https:\/\/www.euskadi.eus\/informacion\/requisitos-de-acceso-a-formacion-profesional\/web01-a2hlanhz\/es\/\" target=\"_blank\" rel=\"noopener\">Requisitos de acceso a la Formaci\u00f3n Profesional \u2013 Euskadi.eus<\/a><\/li>\n<\/ul>\n<p><strong>B.\u00a0<\/strong><strong>Documentaci\u00f3n a presentar para realizar la prematr\u00edcula:<\/strong><\/p>\n<ul>\n<li>Original y 2 fotocopias del DNI<\/li>\n<li>2 fotocopias del expediente acad\u00e9mico (descargado de la plataforma IKASGUNEA) de ESO, Ciclo Medio u original y 2 fotocopias del certificado de aptitud de la Prueba de Acceso a ciclos de Grado Medio o del t\u00edtulo que se vaya a presentar para el acceso.<\/li>\n<\/ul>\n<p><strong>C.\u00a0<\/strong><strong>C\u00f3mo se realiza la prematr\u00edcula:<\/strong><\/p>\n<ul>\n<li>Fechas: <strong>del 4 de mayo al 22 de mayo.<\/strong><\/li>\n<li>La prematr\u00edcula se puede realizar on-line (desde la plataforma de <a href=\"https:\/\/ikasgunea.euskadi.eus\/es\/inicio\" target=\"_blank\" rel=\"noopener noreferrer\"><strong>IKASGUNEA<\/strong><\/a>) o en modo presencial (enlace disponible pr\u00f3ximamente).<\/li>\n<li>En el caso de hacer on-line, se subir\u00e1 a la plataforma el DNI y el expediente acad\u00e9mico.<\/li>\n<li>En el caso de hacer presencial, la prematr\u00edcula se realiza en un \u00fanico centro. Se realizar\u00e1 en el centro elegido como primera opci\u00f3n.<\/li>\n<li>En la prematr\u00edcula se podr\u00e1n escoger tantas opciones como uno quiera, seg\u00fan preferencia.<\/li>\n<\/ul>\n<p><strong><em>*** Si al realizar la prematricula no se dispone todav\u00eda del expediente acad\u00e9mico oficial o el comprobante de tener superada la prueba de acceso, se entregar\u00e1 antes de finales de junio, pero\u00a0es necesario que la prematricula queda hecha y el DNI adjuntado para entrar en el proceso de adjudicaci\u00f3n de plazas.<\/em><\/strong><\/p>\n<p><strong>D.\u00a0<\/strong><strong>Criterios para la admisi\u00f3n en los ciclos de grado medio de Formaci\u00f3n Profesional:<\/strong><\/p>\n<ul>\n<li>Prematr\u00edcula: el alumnado que haya realizado la prematr\u00edcula tendr\u00e1 prioridad sobre el resto.<\/li>\n<li>La nota media del Expediente o de la Prueba de Acceso.<\/li>\n<\/ul>\n<p><strong>E.\u00a0<\/strong><strong>Precios (<\/strong><strong>2025-2026<\/strong><strong>):<\/strong><\/p>\n<ul>\n<li>Matr\u00edcula: 160 euros.<\/li>\n<li>Cuotas: 190 euros. Se pagar\u00e1n 10 cuotas en primer curso y otras 10 cuotas en segundo curso entre los meses de septiembre y junio. Adem\u00e1s del servicio educativo completo, dentro de las cuotas est\u00e1n incluidos:\n<ul>\n<li>El seguro escolar y de accidentes.<\/li>\n<li>Apuntes de los diferentes m\u00f3dulos en fotocopias o formato digital.<\/li>\n<li>Actividades complementarias habituales (salidas y conferencias).<\/li>\n<li>Orientaci\u00f3n y agencia de empleo.<\/li>\n<\/ul>\n<\/li>\n<\/ul>\n<p><span style=\"text-decoration: underline;\"><strong>F. Normativa general:<\/strong><\/span><\/p>\n<ul>\n<li><a href=\"https:\/\/www.euskadi.eus\/informacion\/proceso-de-adjudicacion-de-plazas-en-ciclos-formativos-de-fp\/web01-a2hlanhz\/es\/\" target=\"_blank\" rel=\"noopener\">Proceso de admisi\u00f3n en los ciclos formativos de Formaci\u00f3n Profesional \u2013 Formaci\u00f3n Profesional \u2013 Euskadi.eus<\/a><\/li>\n<\/ul>\n<p>[\/et_pb_tab][\/et_pb_tabs][et_pb_button button_url=\u00bb\/es\/ciclos-formativos\/conocenos\/\u00bb button_text=\u00bbCon\u00f3cenos\u00bb button_alignment=\u00bbcenter\u00bb _builder_version=\u00bb4.16&#8243; custom_button=\u00bbon\u00bb button_text_color=\u00bb#ffffff\u00bb button_bg_color=\u00bb#003f7a\u00bb button_border_width=\u00bb1px\u00bb button_border_color=\u00bb#003f7a\u00bb button_border_radius=\u00bb5px\u00bb button_font=\u00bb||||||||\u00bb button_icon=\u00bb&#x6c;||divi||400&#8243; button_on_hover=\u00bboff\u00bb background_layout=\u00bbdark\u00bb custom_margin=\u00bb|||25px\u00bb animation_style=\u00bbflip\u00bb box_shadow_style=\u00bbpreset1&#8243; box_shadow_color=\u00bb#ffffff\u00bb global_colors_info=\u00bb{}\u00bb button_text_color__hover_enabled=\u00bbon\u00bb button_text_color__hover=\u00bb#003f7a\u00bb button_bg_color__hover_enabled=\u00bbon\u00bb button_bg_color__hover=\u00bbrgba(0,63,122,0)\u00bb box_shadow_color__hover_enabled=\u00bbon\u00bb box_shadow_color__hover=\u00bb#a1c9e1&#8243;][\/et_pb_button][\/et_pb_column_inner][\/et_pb_row_inner][\/et_pb_column][et_pb_column type=\u00bb1_4&#8243; _builder_version=\u00bb4.16&#8243; custom_padding=\u00bb|||\u00bb global_colors_info=\u00bb{}\u00bb custom_padding__hover=\u00bb|||\u00bb][et_pb_button button_url=\u00bbhttps:\/\/moodle.harrobia.net\/\u00bb url_new_window=\u00bbon\u00bb button_text=\u00bbAula Online\u00bb button_alignment=\u00bbcenter\u00bb _builder_version=\u00bb4.16&#8243; custom_button=\u00bbon\u00bb button_text_size=\u00bb20px\u00bb button_text_color=\u00bb#ffffff\u00bb button_bg_color=\u00bb#003f7a\u00bb button_border_width=\u00bb0px\u00bb button_border_color=\u00bb#003F79&#8243; button_border_radius=\u00bb4px\u00bb button_font=\u00bb||||||||\u00bb button_icon=\u00bb&#xe00a;||divi||400&#8243; button_icon_color=\u00bb#ffffff\u00bb button_icon_placement=\u00bbleft\u00bb button_on_hover=\u00bboff\u00bb background_layout=\u00bbdark\u00bb custom_margin=\u00bb|0px||0px|false|false\u00bb custom_padding=\u00bb|0px||0px|false|false\u00bb animation_style=\u00bbflip\u00bb custom_css_main_element=\u00bbwidth:95%;\u00bb box_shadow_style=\u00bbpreset4&#8243; box_shadow_color=\u00bb#a1c9e1&#8243; global_colors_info=\u00bb{}\u00bb box_shadow_color__hover_enabled=\u00bbon\u00bb box_shadow_color__hover=\u00bb#003f7a\u00bb button_bg_color__hover_enabled=\u00bbon\u00bb button_bg_color__hover=\u00bb#ffffff\u00bb button_text_color__hover_enabled=\u00bbon\u00bb button_text_color__hover=\u00bb#003f7a\u00bb button_icon_color__hover_enabled=\u00bbon\u00bb button_icon_color__hover=\u00bb#003f7a\u00bb][\/et_pb_button][et_pb_sidebar area=\u00bbet_pb_widget_area_3&#8243; show_border=\u00bboff\u00bb _builder_version=\u00bb4.16&#8243; header_font=\u00bb||||||||\u00bb header_font_size=\u00bb25px\u00bb body_font=\u00bb||||||||\u00bb body_font_size=\u00bb13px\u00bb global_colors_info=\u00bb{}\u00bb][\/et_pb_sidebar][et_pb_sidebar area=\u00bbet_pb_widget_area_18&#8243; show_border=\u00bboff\u00bb _builder_version=\u00bb4.17.3&#8243; header_font=\u00bb||||||||\u00bb header_font_size=\u00bb25px\u00bb body_font=\u00bb||||||||\u00bb body_font_size=\u00bb13px\u00bb global_colors_info=\u00bb{}\u00bb][\/et_pb_sidebar][et_pb_sidebar area=\u00bbet_pb_widget_area_4&#8243; show_border=\u00bboff\u00bb _builder_version=\u00bb4.16&#8243; header_font=\u00bb||||||||\u00bb header_font_size=\u00bb25px\u00bb body_font=\u00bb||||||||\u00bb body_font_size=\u00bb13px\u00bb global_colors_info=\u00bb{}\u00bb][\/et_pb_sidebar][et_pb_sidebar area=\u00bbet_pb_widget_area_5&#8243; show_border=\u00bboff\u00bb _builder_version=\u00bb4.16&#8243; header_font=\u00bb||||||||\u00bb header_font_size=\u00bb25px\u00bb body_font=\u00bb||||||||\u00bb body_font_size=\u00bb13px\u00bb global_colors_info=\u00bb{}\u00bb][\/et_pb_sidebar][\/et_pb_column][\/et_pb_section]<\/p>\n<span class=\"et_bloom_bottom_trigger\"><\/span>","protected":false},"excerpt":{"rendered":"<p>Organizaci\u00f3n de itinerarios y conducci\u00f3n de grupos en el medio natural (monte, zonas acu\u00e1ticas e instalaciones de ocio y aventura), a pie, con cuerdas, en bicicleta, en barco o a caballo, y dinamizaci\u00f3n de actividades de ocio, adapt\u00e1ndolas a los\/las participantes, respetando el medio ambiente y garantizando la calidad y seguridad. Adem\u00e1s obtendr\u00e1s las siguientes [&hellip;]<\/p>\n","protected":false},"author":6,"featured_media":0,"parent":12167,"menu_order":0,"comment_status":"closed","ping_status":"closed","template":"","meta":{"_acf_changed":false,"_et_pb_use_builder":"on","_et_pb_old_content":"","_et_gb_content_width":"","_joinchat":[],"footnotes":""},"class_list":["post-36995","page","type-page","status-publish","hentry"],"acf":[],"yoast_head":"<!-- This site is optimized with the Yoast SEO plugin v26.8 - https:\/\/yoast.com\/product\/yoast-seo-wordpress\/ -->\n<title>Gu\u00eda en el Medio Natural y de Tiempo Libre - Harrobia | Lanbide heziketa Bizkaian<\/title>\n<meta name=\"robots\" content=\"index, follow, max-snippet:-1, max-image-preview:large, max-video-preview:-1\" \/>\n<link rel=\"canonical\" href=\"https:\/\/harrobia.net\/zikloak\/natur-inguruneko-eta-aisialdiko-gidaria\/\" \/>\n<meta property=\"og:locale\" content=\"es_ES\" \/>\n<meta property=\"og:type\" content=\"article\" \/>\n<meta property=\"og:title\" content=\"Gu\u00eda en el Medio Natural y de Tiempo Libre - Harrobia | Lanbide heziketa Bizkaian\" \/>\n<meta property=\"og:url\" content=\"https:\/\/harrobia.net\/zikloak\/natur-inguruneko-eta-aisialdiko-gidaria\/\" \/>\n<meta property=\"og:site_name\" content=\"Harrobia Ikastola\" \/>\n<meta property=\"article:publisher\" content=\"https:\/\/www.facebook.com\/HarrobiaIkastola\" \/>\n<meta property=\"article:modified_time\" content=\"2026-03-18T14:12:07+00:00\" \/>\n<meta property=\"og:image\" content=\"https:\/\/harrobia.net\/wp-content\/uploads\/2022\/11\/logoa.jpg\" \/>\n\t<meta property=\"og:image:width\" content=\"819\" \/>\n\t<meta property=\"og:image:height\" content=\"303\" \/>\n\t<meta property=\"og:image:type\" content=\"image\/jpeg\" \/>\n<meta name=\"twitter:card\" content=\"summary_large_image\" \/>\n<meta name=\"twitter:site\" content=\"@harrobiaikas\" \/>\n<meta name=\"twitter:label1\" content=\"Tiempo de lectura\" \/>\n\t<meta name=\"twitter:data1\" content=\"5 minutos\" \/>\n<script type=\"application\/ld+json\" class=\"yoast-schema-graph\">{\"@context\":\"https:\/\/schema.org\",\"@graph\":[{\"@type\":\"WebPage\",\"@id\":\"https:\/\/harrobia.net\/zikloak\/natur-inguruneko-eta-aisialdiko-gidaria\/\",\"url\":\"https:\/\/harrobia.net\/zikloak\/natur-inguruneko-eta-aisialdiko-gidaria\/\",\"name\":\"Gu\u00eda en el Medio Natural y de Tiempo Libre - Harrobia | Lanbide heziketa Bizkaian\",\"isPartOf\":{\"@id\":\"https:\/\/harrobia.net\/#website\"},\"datePublished\":\"2021-04-21T08:28:03+00:00\",\"dateModified\":\"2026-03-18T14:12:07+00:00\",\"breadcrumb\":{\"@id\":\"https:\/\/harrobia.net\/zikloak\/natur-inguruneko-eta-aisialdiko-gidaria\/#breadcrumb\"},\"inLanguage\":\"es\",\"potentialAction\":[{\"@type\":\"ReadAction\",\"target\":[\"https:\/\/harrobia.net\/zikloak\/natur-inguruneko-eta-aisialdiko-gidaria\/\"]}]},{\"@type\":\"BreadcrumbList\",\"@id\":\"https:\/\/harrobia.net\/zikloak\/natur-inguruneko-eta-aisialdiko-gidaria\/#breadcrumb\",\"itemListElement\":[{\"@type\":\"ListItem\",\"position\":1,\"name\":\"Home\",\"item\":\"https:\/\/harrobia.net\/\"},{\"@type\":\"ListItem\",\"position\":2,\"name\":\"Ciclos Formativos\",\"item\":\"https:\/\/harrobia.net\/es\/ciclos\/\"},{\"@type\":\"ListItem\",\"position\":3,\"name\":\"Gu\u00eda en el Medio Natural y de Tiempo Libre\"}]},{\"@type\":\"WebSite\",\"@id\":\"https:\/\/harrobia.net\/#website\",\"url\":\"https:\/\/harrobia.net\/\",\"name\":\"Harrobia Ikastola\",\"description\":\"Harrobia Lanbide Heziketaren Ikastola\",\"publisher\":{\"@id\":\"https:\/\/harrobia.net\/#organization\"},\"potentialAction\":[{\"@type\":\"SearchAction\",\"target\":{\"@type\":\"EntryPoint\",\"urlTemplate\":\"https:\/\/harrobia.net\/?s={search_term_string}\"},\"query-input\":{\"@type\":\"PropertyValueSpecification\",\"valueRequired\":true,\"valueName\":\"search_term_string\"}}],\"inLanguage\":\"es\"},{\"@type\":\"Organization\",\"@id\":\"https:\/\/harrobia.net\/#organization\",\"name\":\"Harrobia Ikastola\",\"url\":\"https:\/\/harrobia.net\/\",\"logo\":{\"@type\":\"ImageObject\",\"inLanguage\":\"es\",\"@id\":\"https:\/\/harrobia.net\/#\/schema\/logo\/image\/\",\"url\":\"https:\/\/harrobia.net\/wp-content\/uploads\/2014\/07\/harrobia.png\",\"contentUrl\":\"https:\/\/harrobia.net\/wp-content\/uploads\/2014\/07\/harrobia.png\",\"width\":256,\"height\":71,\"caption\":\"Harrobia Ikastola\"},\"image\":{\"@id\":\"https:\/\/harrobia.net\/#\/schema\/logo\/image\/\"},\"sameAs\":[\"https:\/\/www.facebook.com\/HarrobiaIkastola\",\"https:\/\/x.com\/harrobiaikas\",\"https:\/\/www.instagram.com\/harrobiaikastola\",\"https:\/\/www.youtube.com\/user\/IbarezkerraBilbo\"]}]}<\/script>\n<!-- \/ Yoast SEO plugin. -->","yoast_head_json":{"title":"Gu\u00eda en el Medio Natural y de Tiempo Libre - Harrobia | Lanbide heziketa Bizkaian","robots":{"index":"index","follow":"follow","max-snippet":"max-snippet:-1","max-image-preview":"max-image-preview:large","max-video-preview":"max-video-preview:-1"},"canonical":"https:\/\/harrobia.net\/zikloak\/natur-inguruneko-eta-aisialdiko-gidaria\/","og_locale":"es_ES","og_type":"article","og_title":"Gu\u00eda en el Medio Natural y de Tiempo Libre - Harrobia | Lanbide heziketa Bizkaian","og_url":"https:\/\/harrobia.net\/zikloak\/natur-inguruneko-eta-aisialdiko-gidaria\/","og_site_name":"Harrobia Ikastola","article_publisher":"https:\/\/www.facebook.com\/HarrobiaIkastola","article_modified_time":"2026-03-18T14:12:07+00:00","og_image":[{"width":819,"height":303,"url":"https:\/\/harrobia.net\/wp-content\/uploads\/2022\/11\/logoa.jpg","type":"image\/jpeg"}],"twitter_card":"summary_large_image","twitter_site":"@harrobiaikas","twitter_misc":{"Tiempo de lectura":"5 minutos"},"schema":{"@context":"https:\/\/schema.org","@graph":[{"@type":"WebPage","@id":"https:\/\/harrobia.net\/zikloak\/natur-inguruneko-eta-aisialdiko-gidaria\/","url":"https:\/\/harrobia.net\/zikloak\/natur-inguruneko-eta-aisialdiko-gidaria\/","name":"Gu\u00eda en el Medio Natural y de Tiempo Libre - Harrobia | Lanbide heziketa Bizkaian","isPartOf":{"@id":"https:\/\/harrobia.net\/#website"},"datePublished":"2021-04-21T08:28:03+00:00","dateModified":"2026-03-18T14:12:07+00:00","breadcrumb":{"@id":"https:\/\/harrobia.net\/zikloak\/natur-inguruneko-eta-aisialdiko-gidaria\/#breadcrumb"},"inLanguage":"es","potentialAction":[{"@type":"ReadAction","target":["https:\/\/harrobia.net\/zikloak\/natur-inguruneko-eta-aisialdiko-gidaria\/"]}]},{"@type":"BreadcrumbList","@id":"https:\/\/harrobia.net\/zikloak\/natur-inguruneko-eta-aisialdiko-gidaria\/#breadcrumb","itemListElement":[{"@type":"ListItem","position":1,"name":"Home","item":"https:\/\/harrobia.net\/"},{"@type":"ListItem","position":2,"name":"Ciclos Formativos","item":"https:\/\/harrobia.net\/es\/ciclos\/"},{"@type":"ListItem","position":3,"name":"Gu\u00eda en el Medio Natural y de Tiempo Libre"}]},{"@type":"WebSite","@id":"https:\/\/harrobia.net\/#website","url":"https:\/\/harrobia.net\/","name":"Harrobia Ikastola","description":"Harrobia Lanbide Heziketaren Ikastola","publisher":{"@id":"https:\/\/harrobia.net\/#organization"},"potentialAction":[{"@type":"SearchAction","target":{"@type":"EntryPoint","urlTemplate":"https:\/\/harrobia.net\/?s={search_term_string}"},"query-input":{"@type":"PropertyValueSpecification","valueRequired":true,"valueName":"search_term_string"}}],"inLanguage":"es"},{"@type":"Organization","@id":"https:\/\/harrobia.net\/#organization","name":"Harrobia Ikastola","url":"https:\/\/harrobia.net\/","logo":{"@type":"ImageObject","inLanguage":"es","@id":"https:\/\/harrobia.net\/#\/schema\/logo\/image\/","url":"https:\/\/harrobia.net\/wp-content\/uploads\/2014\/07\/harrobia.png","contentUrl":"https:\/\/harrobia.net\/wp-content\/uploads\/2014\/07\/harrobia.png","width":256,"height":71,"caption":"Harrobia Ikastola"},"image":{"@id":"https:\/\/harrobia.net\/#\/schema\/logo\/image\/"},"sameAs":["https:\/\/www.facebook.com\/HarrobiaIkastola","https:\/\/x.com\/harrobiaikas","https:\/\/www.instagram.com\/harrobiaikastola","https:\/\/www.youtube.com\/user\/IbarezkerraBilbo"]}]}},"jetpack_sharing_enabled":true,"_links":{"self":[{"href":"https:\/\/harrobia.net\/es\/wp-json\/wp\/v2\/pages\/36995","targetHints":{"allow":["GET"]}}],"collection":[{"href":"https:\/\/harrobia.net\/es\/wp-json\/wp\/v2\/pages"}],"about":[{"href":"https:\/\/harrobia.net\/es\/wp-json\/wp\/v2\/types\/page"}],"author":[{"embeddable":true,"href":"https:\/\/harrobia.net\/es\/wp-json\/wp\/v2\/users\/6"}],"replies":[{"embeddable":true,"href":"https:\/\/harrobia.net\/es\/wp-json\/wp\/v2\/comments?post=36995"}],"version-history":[{"count":3,"href":"https:\/\/harrobia.net\/es\/wp-json\/wp\/v2\/pages\/36995\/revisions"}],"predecessor-version":[{"id":58959,"href":"https:\/\/harrobia.net\/es\/wp-json\/wp\/v2\/pages\/36995\/revisions\/58959"}],"up":[{"embeddable":true,"href":"https:\/\/harrobia.net\/es\/wp-json\/wp\/v2\/pages\/12167"}],"wp:attachment":[{"href":"https:\/\/harrobia.net\/es\/wp-json\/wp\/v2\/media?parent=36995"}],"curies":[{"name":"wp","href":"https:\/\/api.w.org\/{rel}","templated":true}]}}