{"id":34053,"date":"2020-10-29T10:40:34","date_gmt":"2020-10-29T09:40:34","guid":{"rendered":"https:\/\/harrobia.net\/?page_id=34053"},"modified":"2021-04-29T10:31:55","modified_gmt":"2021-04-29T08:31:55","slug":"pilates-con-fitball","status":"publish","type":"page","link":"https:\/\/harrobia.net\/es\/lanbide-personas-trabajadoras\/pilates-con-fitball\/","title":{"rendered":"Pilates con Fitball"},"content":{"rendered":"<p>[et_pb_section fb_built=\u00bb1&#8243; _builder_version=\u00bb3.22.3&#8243; background_color=\u00bbrgba(171,206,227,0.15)\u00bb custom_padding=\u00bb30px|0px|30px|0px|false|false\u00bb][et_pb_row _builder_version=\u00bb3.25&#8243; custom_padding=\u00bb0|0px|0|0px|false|false\u00bb][et_pb_column type=\u00bb4_4&#8243; _builder_version=\u00bb3.25&#8243; custom_padding=\u00bb|||\u00bb custom_padding__hover=\u00bb|||\u00bb][et_pb_dcsbcm_divi_breadcrumbs_module homebreadcrumbtext=\u00bb<i class=%22fas fa-school%22><\/i> Hasiera\u00bb _builder_version=\u00bb3.21.1&#8243; fontsbreadcrumbs_font=\u00bb||||||||\u00bb fontsbreadcrumbs_text_color=\u00bb#666666&#8243; fontsseperator_font=\u00bb||||||||\u00bb fontsseperator_text_color=\u00bb#003f7a\u00bb fontsbreadcrumblinks_font=\u00bb||||||||\u00bb fontsbreadcrumblinks_text_color=\u00bb#003f7a\u00bb][\/et_pb_dcsbcm_divi_breadcrumbs_module][\/et_pb_column][\/et_pb_row][\/et_pb_section][et_pb_section fb_built=\u00bb1&#8243; specialty=\u00bbon\u00bb background_color_1=\u00bb#ffffff\u00bb background_color_2=\u00bb#ffffff\u00bb padding_right_2=\u00bb15px\u00bb padding_left_2=\u00bb15px\u00bb _builder_version=\u00bb3.22.3&#8243; background_color=\u00bbrgba(171,206,227,0.15)\u00bb custom_padding=\u00bb0||54px||false|false\u00bb][et_pb_column type=\u00bb3_4&#8243; specialty_columns=\u00bb3&#8243; _builder_version=\u00bb3.25&#8243; custom_padding=\u00bb|||\u00bb custom_padding__hover=\u00bb|||\u00bb][et_pb_row_inner _builder_version=\u00bb4.5.8&#8243; background_color=\u00bb#ffffff\u00bb custom_padding=\u00bb25px|15px|23px|15px|false|false\u00bb box_shadow_style=\u00bbpreset3&#8243;][et_pb_column_inner saved_specialty_column_type=\u00bb3_4&#8243; _builder_version=\u00bb3.25&#8243; custom_padding=\u00bb|||\u00bb custom_padding__hover=\u00bb|||\u00bb][et_pb_post_title meta=\u00bboff\u00bb featured_image=\u00bboff\u00bb _builder_version=\u00bb3.21.4&#8243; title_font=\u00bb||||||||\u00bb title_font_size=\u00bb35px\u00bb meta_font=\u00bb||||||||\u00bb border_width_bottom=\u00bb1px\u00bb border_color_bottom=\u00bb#003f7a\u00bb][\/et_pb_post_title][et_pb_text _builder_version=\u00bb4.9.2&#8243; text_font=\u00bb||||||||\u00bb header_font=\u00bb||||||||\u00bb header_2_font=\u00bb||||||||\u00bb header_3_font=\u00bb||||||||\u00bb hover_enabled=\u00bb0&#8243; sticky_enabled=\u00bb0&#8243;]<\/p>\n<h3>Curso dirigido a Trabajadoras\/es, Aut\u00f3nomas\/os, por cuenta ajena o personas en ERE\/ERTE.<\/h3>\n<h5><\/h5>\n<h5>\u00b7 Para guardarte la plaza adj\u00fantanos (en el bot\u00f3n Preinscripci\u00f3n) la siguiente documentaci\u00f3n y dinos que horario te viene mejor \ud83d\ude09 :<\/h5>\n<p>&nbsp;<\/p>\n<p>1-Descarga , rellena y env\u00eda el\u00a0<a href=\"https:\/\/harrobia.net\/wp-content\/uploads\/2021\/04\/C2-EDITABLE.doc\" target=\"_blank\" rel=\"noopener noreferrer\"><span style=\"text-decoration: underline;\"><strong>ANEXO 2C.<\/strong><\/span><\/a><\/p>\n<p>2-Adjunta el DNI.<\/p>\n<p>3-Adjunta la n\u00f3mina o vida laboral.<\/p>\n<p>&nbsp;<\/p>\n<p>[\/et_pb_text][et_pb_button button_url=\u00bbmailto:info@harrobia.net?subject=Pilates%20con%20fitball&#038;body=Al%20mandar%20este%20e%20-%20mail%20acepto%20la%20%20\u201c%20pol\u00edtica%20de%20privacidad%20\u201d%20%20.%20Si%20quieres%20m\u00e1s%20informaci\u00f3n%20entra%20en%20el%20siguiente%20enlace%20:%20https:\/\/harrobia.net\/pribatasun-politika\/\u00bb url_new_window=\u00bbon\u00bb button_text=\u00bbPreinscripci\u00f3n\u00bb button_alignment=\u00bbcenter\u00bb _builder_version=\u00bb4.5.8&#8243; custom_button=\u00bbon\u00bb button_text_color=\u00bb#ffffff\u00bb button_bg_color=\u00bb#003f7a\u00bb button_border_width=\u00bb1px\u00bb button_border_color=\u00bb#003f7a\u00bb button_border_radius=\u00bb5px\u00bb button_font=\u00bb||||||||\u00bb button_icon=\u00bb%%75%%\u00bb button_on_hover=\u00bboff\u00bb background_layout=\u00bbdark\u00bb custom_margin=\u00bb|||25px\u00bb animation_style=\u00bbflip\u00bb box_shadow_style=\u00bbpreset1&#8243; box_shadow_color=\u00bb#ffffff\u00bb button_text_color__hover_enabled=\u00bbon\u00bb button_text_color__hover=\u00bb#003f7a\u00bb button_bg_color__hover_enabled=\u00bbon\u00bb button_bg_color__hover=\u00bbrgba(0,63,122,0)\u00bb box_shadow_color__hover_enabled=\u00bbon\u00bb box_shadow_color__hover=\u00bb#a1c9e1&#8243;][\/et_pb_button][\/et_pb_column_inner][\/et_pb_row_inner][\/et_pb_column][et_pb_column type=\u00bb1_4&#8243; _builder_version=\u00bb3.25&#8243; custom_padding=\u00bb|||\u00bb custom_padding__hover=\u00bb|||\u00bb][et_pb_sidebar area=\u00bbet_pb_widget_area_6&#8243; show_border=\u00bboff\u00bb _builder_version=\u00bb3.21.3&#8243; header_font=\u00bb||||||||\u00bb header_font_size=\u00bb25px\u00bb body_font=\u00bb||||||||\u00bb body_font_size=\u00bb13px\u00bb][\/et_pb_sidebar][\/et_pb_column][\/et_pb_section]<\/p>\n<span class=\"et_bloom_bottom_trigger\"><\/span>","protected":false},"excerpt":{"rendered":"<p>Curso dirigido a Trabajadoras\/es, Aut\u00f3nomas\/os, por cuenta ajena o personas en ERE\/ERTE. \u00b7 Para guardarte la plaza adj\u00fantanos (en el bot\u00f3n Preinscripci\u00f3n) la siguiente documentaci\u00f3n y dinos que horario te viene mejor \ud83d\ude09 : &nbsp; 1-Descarga , rellena y env\u00eda el\u00a0ANEXO 2C. 2-Adjunta el DNI. 3-Adjunta la n\u00f3mina o vida laboral. &nbsp;<\/p>\n","protected":false},"author":6,"featured_media":0,"parent":19459,"menu_order":0,"comment_status":"closed","ping_status":"closed","template":"","meta":{"_acf_changed":false,"_et_pb_use_builder":"on","_et_pb_old_content":"","_et_gb_content_width":"","_joinchat":[],"footnotes":""},"class_list":["post-34053","page","type-page","status-publish","hentry"],"acf":[],"yoast_head":"<!-- This site is optimized with the Yoast SEO plugin v27.3 - https:\/\/yoast.com\/product\/yoast-seo-wordpress\/ -->\n<title>Pilates con Fitball - Harrobia | Lanbide heziketa Bizkaian<\/title>\n<meta name=\"robots\" content=\"index, follow, max-snippet:-1, max-image-preview:large, max-video-preview:-1\" \/>\n<link rel=\"canonical\" href=\"https:\/\/harrobia.net\/es\/catalogo-de-cursos__trashed\/lanbide-personas-trabajadoras\/pilates-con-fitball\/\" \/>\n<meta property=\"og:locale\" content=\"es_ES\" \/>\n<meta property=\"og:type\" content=\"article\" \/>\n<meta property=\"og:title\" content=\"Pilates con Fitball - Harrobia | Lanbide heziketa Bizkaian\" \/>\n<meta property=\"og:url\" content=\"https:\/\/harrobia.net\/es\/catalogo-de-cursos__trashed\/lanbide-personas-trabajadoras\/pilates-con-fitball\/\" \/>\n<meta property=\"og:site_name\" content=\"Harrobia Ikastola\" \/>\n<meta property=\"article:publisher\" content=\"https:\/\/www.facebook.com\/HarrobiaIkastola\" \/>\n<meta property=\"article:modified_time\" content=\"2021-04-29T08:31:55+00:00\" \/>\n<meta property=\"og:image\" content=\"https:\/\/harrobia.net\/wp-content\/uploads\/2022\/11\/logoa.jpg\" \/>\n\t<meta property=\"og:image:width\" content=\"819\" \/>\n\t<meta property=\"og:image:height\" content=\"303\" \/>\n\t<meta property=\"og:image:type\" content=\"image\/jpeg\" \/>\n<meta name=\"twitter:card\" content=\"summary_large_image\" \/>\n<meta name=\"twitter:site\" content=\"@harrobiaikas\" \/>\n<meta name=\"twitter:label1\" content=\"Tiempo de lectura\" \/>\n\t<meta name=\"twitter:data1\" content=\"2 minutos\" \/>\n<script type=\"application\/ld+json\" class=\"yoast-schema-graph\">{\"@context\":\"https:\\\/\\\/schema.org\",\"@graph\":[{\"@type\":\"WebPage\",\"@id\":\"https:\\\/\\\/harrobia.net\\\/es\\\/catalogo-de-cursos__trashed\\\/lanbide-personas-trabajadoras\\\/pilates-con-fitball\\\/\",\"url\":\"https:\\\/\\\/harrobia.net\\\/es\\\/catalogo-de-cursos__trashed\\\/lanbide-personas-trabajadoras\\\/pilates-con-fitball\\\/\",\"name\":\"Pilates con Fitball - Harrobia | Lanbide heziketa Bizkaian\",\"isPartOf\":{\"@id\":\"https:\\\/\\\/harrobia.net\\\/#website\"},\"datePublished\":\"2020-10-29T09:40:34+00:00\",\"dateModified\":\"2021-04-29T08:31:55+00:00\",\"breadcrumb\":{\"@id\":\"https:\\\/\\\/harrobia.net\\\/es\\\/catalogo-de-cursos__trashed\\\/lanbide-personas-trabajadoras\\\/pilates-con-fitball\\\/#breadcrumb\"},\"inLanguage\":\"es\",\"potentialAction\":[{\"@type\":\"ReadAction\",\"target\":[\"https:\\\/\\\/harrobia.net\\\/es\\\/catalogo-de-cursos__trashed\\\/lanbide-personas-trabajadoras\\\/pilates-con-fitball\\\/\"]}]},{\"@type\":\"BreadcrumbList\",\"@id\":\"https:\\\/\\\/harrobia.net\\\/es\\\/catalogo-de-cursos__trashed\\\/lanbide-personas-trabajadoras\\\/pilates-con-fitball\\\/#breadcrumb\",\"itemListElement\":[{\"@type\":\"ListItem\",\"position\":1,\"name\":\"Home\",\"item\":\"https:\\\/\\\/harrobia.net\\\/\"},{\"@type\":\"ListItem\",\"position\":2,\"name\":\"Lanbide, personas Trabajadoras\",\"item\":\"https:\\\/\\\/harrobia.net\\\/es\\\/catalogo-de-cursos__trashed\\\/lanbide-personas-trabajadoras\\\/\"},{\"@type\":\"ListItem\",\"position\":3,\"name\":\"Pilates con Fitball\"}]},{\"@type\":\"WebSite\",\"@id\":\"https:\\\/\\\/harrobia.net\\\/#website\",\"url\":\"https:\\\/\\\/harrobia.net\\\/\",\"name\":\"Harrobia Ikastola\",\"description\":\"Harrobia Lanbide Heziketaren Ikastola\",\"publisher\":{\"@id\":\"https:\\\/\\\/harrobia.net\\\/#organization\"},\"potentialAction\":[{\"@type\":\"SearchAction\",\"target\":{\"@type\":\"EntryPoint\",\"urlTemplate\":\"https:\\\/\\\/harrobia.net\\\/?s={search_term_string}\"},\"query-input\":{\"@type\":\"PropertyValueSpecification\",\"valueRequired\":true,\"valueName\":\"search_term_string\"}}],\"inLanguage\":\"es\"},{\"@type\":\"Organization\",\"@id\":\"https:\\\/\\\/harrobia.net\\\/#organization\",\"name\":\"Harrobia Ikastola\",\"url\":\"https:\\\/\\\/harrobia.net\\\/\",\"logo\":{\"@type\":\"ImageObject\",\"inLanguage\":\"es\",\"@id\":\"https:\\\/\\\/harrobia.net\\\/#\\\/schema\\\/logo\\\/image\\\/\",\"url\":\"https:\\\/\\\/harrobia.net\\\/wp-content\\\/uploads\\\/2014\\\/07\\\/harrobia.png\",\"contentUrl\":\"https:\\\/\\\/harrobia.net\\\/wp-content\\\/uploads\\\/2014\\\/07\\\/harrobia.png\",\"width\":256,\"height\":71,\"caption\":\"Harrobia Ikastola\"},\"image\":{\"@id\":\"https:\\\/\\\/harrobia.net\\\/#\\\/schema\\\/logo\\\/image\\\/\"},\"sameAs\":[\"https:\\\/\\\/www.facebook.com\\\/HarrobiaIkastola\",\"https:\\\/\\\/x.com\\\/harrobiaikas\",\"https:\\\/\\\/www.instagram.com\\\/harrobiaikastola\",\"https:\\\/\\\/www.youtube.com\\\/user\\\/IbarezkerraBilbo\"]}]}<\/script>\n<!-- \/ Yoast SEO plugin. -->","yoast_head_json":{"title":"Pilates con Fitball - Harrobia | Lanbide heziketa Bizkaian","robots":{"index":"index","follow":"follow","max-snippet":"max-snippet:-1","max-image-preview":"max-image-preview:large","max-video-preview":"max-video-preview:-1"},"canonical":"https:\/\/harrobia.net\/es\/catalogo-de-cursos__trashed\/lanbide-personas-trabajadoras\/pilates-con-fitball\/","og_locale":"es_ES","og_type":"article","og_title":"Pilates con Fitball - Harrobia | Lanbide heziketa Bizkaian","og_url":"https:\/\/harrobia.net\/es\/catalogo-de-cursos__trashed\/lanbide-personas-trabajadoras\/pilates-con-fitball\/","og_site_name":"Harrobia Ikastola","article_publisher":"https:\/\/www.facebook.com\/HarrobiaIkastola","article_modified_time":"2021-04-29T08:31:55+00:00","og_image":[{"width":819,"height":303,"url":"https:\/\/harrobia.net\/wp-content\/uploads\/2022\/11\/logoa.jpg","type":"image\/jpeg"}],"twitter_card":"summary_large_image","twitter_site":"@harrobiaikas","twitter_misc":{"Tiempo de lectura":"2 minutos"},"schema":{"@context":"https:\/\/schema.org","@graph":[{"@type":"WebPage","@id":"https:\/\/harrobia.net\/es\/catalogo-de-cursos__trashed\/lanbide-personas-trabajadoras\/pilates-con-fitball\/","url":"https:\/\/harrobia.net\/es\/catalogo-de-cursos__trashed\/lanbide-personas-trabajadoras\/pilates-con-fitball\/","name":"Pilates con Fitball - Harrobia | Lanbide heziketa Bizkaian","isPartOf":{"@id":"https:\/\/harrobia.net\/#website"},"datePublished":"2020-10-29T09:40:34+00:00","dateModified":"2021-04-29T08:31:55+00:00","breadcrumb":{"@id":"https:\/\/harrobia.net\/es\/catalogo-de-cursos__trashed\/lanbide-personas-trabajadoras\/pilates-con-fitball\/#breadcrumb"},"inLanguage":"es","potentialAction":[{"@type":"ReadAction","target":["https:\/\/harrobia.net\/es\/catalogo-de-cursos__trashed\/lanbide-personas-trabajadoras\/pilates-con-fitball\/"]}]},{"@type":"BreadcrumbList","@id":"https:\/\/harrobia.net\/es\/catalogo-de-cursos__trashed\/lanbide-personas-trabajadoras\/pilates-con-fitball\/#breadcrumb","itemListElement":[{"@type":"ListItem","position":1,"name":"Home","item":"https:\/\/harrobia.net\/"},{"@type":"ListItem","position":2,"name":"Lanbide, personas Trabajadoras","item":"https:\/\/harrobia.net\/es\/catalogo-de-cursos__trashed\/lanbide-personas-trabajadoras\/"},{"@type":"ListItem","position":3,"name":"Pilates con Fitball"}]},{"@type":"WebSite","@id":"https:\/\/harrobia.net\/#website","url":"https:\/\/harrobia.net\/","name":"Harrobia Ikastola","description":"Harrobia Lanbide Heziketaren Ikastola","publisher":{"@id":"https:\/\/harrobia.net\/#organization"},"potentialAction":[{"@type":"SearchAction","target":{"@type":"EntryPoint","urlTemplate":"https:\/\/harrobia.net\/?s={search_term_string}"},"query-input":{"@type":"PropertyValueSpecification","valueRequired":true,"valueName":"search_term_string"}}],"inLanguage":"es"},{"@type":"Organization","@id":"https:\/\/harrobia.net\/#organization","name":"Harrobia Ikastola","url":"https:\/\/harrobia.net\/","logo":{"@type":"ImageObject","inLanguage":"es","@id":"https:\/\/harrobia.net\/#\/schema\/logo\/image\/","url":"https:\/\/harrobia.net\/wp-content\/uploads\/2014\/07\/harrobia.png","contentUrl":"https:\/\/harrobia.net\/wp-content\/uploads\/2014\/07\/harrobia.png","width":256,"height":71,"caption":"Harrobia Ikastola"},"image":{"@id":"https:\/\/harrobia.net\/#\/schema\/logo\/image\/"},"sameAs":["https:\/\/www.facebook.com\/HarrobiaIkastola","https:\/\/x.com\/harrobiaikas","https:\/\/www.instagram.com\/harrobiaikastola","https:\/\/www.youtube.com\/user\/IbarezkerraBilbo"]}]}},"jetpack_sharing_enabled":true,"_links":{"self":[{"href":"https:\/\/harrobia.net\/es\/wp-json\/wp\/v2\/pages\/34053","targetHints":{"allow":["GET"]}}],"collection":[{"href":"https:\/\/harrobia.net\/es\/wp-json\/wp\/v2\/pages"}],"about":[{"href":"https:\/\/harrobia.net\/es\/wp-json\/wp\/v2\/types\/page"}],"author":[{"embeddable":true,"href":"https:\/\/harrobia.net\/es\/wp-json\/wp\/v2\/users\/6"}],"replies":[{"embeddable":true,"href":"https:\/\/harrobia.net\/es\/wp-json\/wp\/v2\/comments?post=34053"}],"version-history":[{"count":3,"href":"https:\/\/harrobia.net\/es\/wp-json\/wp\/v2\/pages\/34053\/revisions"}],"predecessor-version":[{"id":37254,"href":"https:\/\/harrobia.net\/es\/wp-json\/wp\/v2\/pages\/34053\/revisions\/37254"}],"up":[{"embeddable":true,"href":"https:\/\/harrobia.net\/es\/wp-json\/wp\/v2\/pages\/19459"}],"wp:attachment":[{"href":"https:\/\/harrobia.net\/es\/wp-json\/wp\/v2\/media?parent=34053"}],"curies":[{"name":"wp","href":"https:\/\/api.w.org\/{rel}","templated":true}]}}