{"id":26506,"date":"2019-10-24T10:39:22","date_gmt":"2019-10-24T08:39:22","guid":{"rendered":"https:\/\/harrobia.net\/?page_id=26506"},"modified":"2022-09-28T13:58:20","modified_gmt":"2022-09-28T11:58:20","slug":"comunicacion-a-empresas-proveedoras-de-bienes-y-servicios","status":"publish","type":"page","link":"https:\/\/harrobia.net\/es\/ikastola\/comunicacion-a-empresas-proveedoras-de-bienes-y-servicios\/","title":{"rendered":"Comunicaci\u00f3n a empresas proveedoras de bienes y servicios"},"content":{"rendered":"<p>[et_pb_section fb_built=\u00bb1&#8243; _builder_version=\u00bb4.16&#8243; background_color=\u00bbrgba(171,206,227,0.15)\u00bb custom_padding=\u00bb30px|0px|30px|0px|false|false\u00bb global_colors_info=\u00bb{}\u00bb da_is_popup=\u00bboff\u00bb da_exit_intent=\u00bboff\u00bb da_has_close=\u00bbon\u00bb da_alt_close=\u00bboff\u00bb da_dark_close=\u00bboff\u00bb da_not_modal=\u00bbon\u00bb da_is_singular=\u00bboff\u00bb da_with_loader=\u00bboff\u00bb da_has_shadow=\u00bbon\u00bb da_disable_devices=\u00bboff|off|off\u00bb][et_pb_row _builder_version=\u00bb4.16&#8243; custom_padding=\u00bb0|0px|0|0px|false|false\u00bb global_colors_info=\u00bb{}\u00bb][et_pb_column type=\u00bb4_4&#8243; _builder_version=\u00bb4.16&#8243; custom_padding=\u00bb|||\u00bb global_colors_info=\u00bb{}\u00bb custom_padding__hover=\u00bb|||\u00bb][et_pb_dcsbcm_divi_breadcrumbs_module homebreadcrumbtext=\u00bb<i class=%22fas fa-school%22><\/i> Hasiera\u00bb _builder_version=\u00bb4.16&#8243; fontsbreadcrumbs_font=\u00bb||||||||\u00bb fontsbreadcrumbs_text_color=\u00bb#666666&#8243; fontsseperator_font=\u00bb||||||||\u00bb fontsseperator_text_color=\u00bb#003f7a\u00bb fontsbreadcrumblinks_font=\u00bb||||||||\u00bb fontsbreadcrumblinks_text_color=\u00bb#003f7a\u00bb global_colors_info=\u00bb{}\u00bb][\/et_pb_dcsbcm_divi_breadcrumbs_module][\/et_pb_column][\/et_pb_row][\/et_pb_section][et_pb_section fb_built=\u00bb1&#8243; specialty=\u00bbon\u00bb background_color_1=\u00bb#ffffff\u00bb background_color_2=\u00bb#ffffff\u00bb padding_right_2=\u00bb15px\u00bb padding_left_2=\u00bb15px\u00bb _builder_version=\u00bb4.16&#8243; background_color=\u00bbrgba(171,206,227,0.15)\u00bb custom_padding=\u00bb0||54px||false|false\u00bb global_colors_info=\u00bb{}\u00bb da_is_popup=\u00bboff\u00bb da_exit_intent=\u00bboff\u00bb da_has_close=\u00bbon\u00bb da_alt_close=\u00bboff\u00bb da_dark_close=\u00bboff\u00bb da_not_modal=\u00bbon\u00bb da_is_singular=\u00bboff\u00bb da_with_loader=\u00bboff\u00bb da_has_shadow=\u00bbon\u00bb da_disable_devices=\u00bboff|off|off\u00bb][et_pb_column type=\u00bb3_4&#8243; specialty_columns=\u00bb3&#8243; _builder_version=\u00bb4.16&#8243; custom_padding=\u00bb|||\u00bb global_colors_info=\u00bb{}\u00bb custom_padding__hover=\u00bb|||\u00bb][et_pb_row_inner _builder_version=\u00bb4.16&#8243; background_color=\u00bb#ffffff\u00bb custom_padding=\u00bb25px|15px|30px|15px|false|false\u00bb box_shadow_style=\u00bbpreset3&#8243; global_colors_info=\u00bb{}\u00bb][et_pb_column_inner saved_specialty_column_type=\u00bb3_4&#8243; _builder_version=\u00bb4.16&#8243; custom_padding=\u00bb|||\u00bb global_colors_info=\u00bb{}\u00bb custom_padding__hover=\u00bb|||\u00bb][et_pb_post_title meta=\u00bboff\u00bb featured_image=\u00bboff\u00bb _builder_version=\u00bb4.16&#8243; title_font=\u00bb||||||||\u00bb title_font_size=\u00bb35px\u00bb meta_font=\u00bb||||||||\u00bb max_width=\u00bb70%\u00bb max_width_tablet=\u00bb\u00bb max_width_phone=\u00bb\u00bb max_width_last_edited=\u00bbon|phone\u00bb border_width_bottom=\u00bb1px\u00bb border_color_bottom=\u00bb#003f7a\u00bb global_colors_info=\u00bb{}\u00bb][\/et_pb_post_title][et_pb_text _builder_version=\u00bb4.16&#8243; global_colors_info=\u00bb{}\u00bb]<\/p>\n<p><span>HARROBIA tiene establecido un sistema de gesti\u00f3n con las normas ISO de Gesti\u00f3n Ambiental, Gesti\u00f3n de la Seguridad y Salud en el Trabajo y Gesti\u00f3n de la Calidad. Su <a href=\"https:\/\/harrobia.net\/wp-content\/uploads\/2019\/10\/1.-Kalitate-politika-2019-05-17.ber_.pdf\">objetivo principal<\/a> es establecer y mantener un servicio integral de formaci\u00f3n profesional sostenible buscando la satisfacci\u00f3n de nuestro alumnado. <\/span><\/p>\n<p><span>A las empresas proveedoras, en la medida que son parte de este sistema, se les hace una evaluaci\u00f3n anual teniendo en cuenta varios criterios. El objetivo de este apartado es comunicar a las empresas proveedoras cu\u00e1les son esos criterios. <\/span><\/p>\n<p><span><img loading=\"lazy\" decoding=\"async\" src=\"https:\/\/harrobia.net\/wp-content\/uploads\/2019\/10\/idazkaritza-hornitzaileak-1024x560.jpg\" width=\"1024\" height=\"560\" alt=\"\" class=\"wp-image-26633 aligncenter size-large\" srcset=\"https:\/\/harrobia.net\/wp-content\/uploads\/2019\/10\/idazkaritza-hornitzaileak-980x536.jpg 980w, https:\/\/harrobia.net\/wp-content\/uploads\/2019\/10\/idazkaritza-hornitzaileak-480x263.jpg 480w\" sizes=\"(min-width: 0px) and (max-width: 480px) 480px, (min-width: 481px) and (max-width: 980px) 980px, (min-width: 981px) 1024px, 100vw\" \/><\/span><\/p>\n<p><span>HARROBIA, adem\u00e1s de tener en cuenta los criterios legales y reglamentarios que existan, ha establecido criterios dependiendo del tipo de proveedora: <\/span><\/p>\n<p><span>Si son BIENES, esto es, material escolar y de oficina, muebles, equipos inform\u00e1ticos, material did\u00e1ctico y similares se les aplica los siguientes criterios: <\/span><\/p>\n<ol>\n<li><span>Cantidad coincide con lo pedido. <\/span><\/li>\n<li><span>Referencia correcta o coincide con lo pedido. <\/span><\/li>\n<li><span>Relaci\u00f3n calidad \/ precio. <\/span><\/li>\n<li><span>Cumplimiento plazos de entrega.<\/span><\/li>\n<\/ol>\n<p><span>Si son SERVICIOS, esto es, consultoras, seguros, salud laboral, comunicaci\u00f3n, mantenimiento de equipos de oficina y similares, se les aplica los siguientes criterios: <\/span><\/p>\n<ol>\n<li><span>Calidad del servicio. <\/span><\/li>\n<li><span>Cumplimiento del plazo de entrega. <\/span><\/li>\n<\/ol>\n<p><span>Si son FORMADORAS o FORMADORES, esto es, personas que facturan como personas f\u00edsicas la impartici\u00f3n de la formaci\u00f3n, se les aplica los siguientes criterios: <\/span><\/p>\n<ol>\n<li><span>Resultados de la encuesta de valoraci\u00f3n del curso que hace el alumnado. <\/span><\/li>\n<li><span>Cumplimiento correcto, en tiempo y forma, de la documentaci\u00f3n del curso. <\/span><\/li>\n<\/ol>\n<p><span>HARROBIA agradece su colaboraci\u00f3n a todas las empresas y personas proveedoras. <\/span><\/p>\n<p><span>\u00a0<\/span><\/p>\n<p>[\/et_pb_text][\/et_pb_column_inner][\/et_pb_row_inner][\/et_pb_column][et_pb_column type=\u00bb1_4&#8243; _builder_version=\u00bb4.16&#8243; custom_padding=\u00bb|||\u00bb global_colors_info=\u00bb{}\u00bb custom_padding__hover=\u00bb|||\u00bb][et_pb_sidebar area=\u00bbet_pb_widget_area_13&#8243; show_border=\u00bboff\u00bb _builder_version=\u00bb4.16&#8243; header_font=\u00bb||||||||\u00bb header_font_size=\u00bb25px\u00bb body_font=\u00bb||||||||\u00bb body_font_size=\u00bb13px\u00bb global_colors_info=\u00bb{}\u00bb][\/et_pb_sidebar][et_pb_sidebar area=\u00bbet_pb_widget_area_2&#8243; show_border=\u00bboff\u00bb _builder_version=\u00bb4.18.0&#8243; header_font=\u00bb||||||||\u00bb header_font_size=\u00bb25px\u00bb body_font=\u00bb||||||||\u00bb body_font_size=\u00bb13px\u00bb hover_enabled=\u00bb0&#8243; global_colors_info=\u00bb{}\u00bb sticky_enabled=\u00bb0&#8243;][\/et_pb_sidebar][\/et_pb_column][\/et_pb_section]<\/p>\n<span class=\"et_bloom_bottom_trigger\"><\/span>","protected":false},"excerpt":{"rendered":"<p>HARROBIA tiene establecido un sistema de gesti\u00f3n con las normas ISO de Gesti\u00f3n Ambiental, Gesti\u00f3n de la Seguridad y Salud en el Trabajo y Gesti\u00f3n de la Calidad. Su objetivo principal es establecer y mantener un servicio integral de formaci\u00f3n profesional sostenible buscando la satisfacci\u00f3n de nuestro alumnado. A las empresas proveedoras, en la medida [&hellip;]<\/p>\n","protected":false},"author":6,"featured_media":0,"parent":81,"menu_order":0,"comment_status":"closed","ping_status":"closed","template":"","meta":{"_acf_changed":false,"_et_pb_use_builder":"on","_et_pb_old_content":"","_et_gb_content_width":"","_joinchat":[],"footnotes":""},"class_list":["post-26506","page","type-page","status-publish","hentry"],"acf":[],"yoast_head":"<!-- This site is optimized with the Yoast SEO plugin v27.3 - https:\/\/yoast.com\/product\/yoast-seo-wordpress\/ -->\n<title>Comunicaci\u00f3n a empresas proveedoras de bienes y servicios - Harrobia | Lanbide heziketa Bizkaian<\/title>\n<meta name=\"robots\" content=\"index, follow, max-snippet:-1, max-image-preview:large, max-video-preview:-1\" \/>\n<link rel=\"canonical\" href=\"https:\/\/harrobia.net\/ikastola\/ondasun-eta-zerbitzuen-hornitzaileei-jakinarazpena\/\" \/>\n<meta property=\"og:locale\" content=\"es_ES\" \/>\n<meta property=\"og:type\" content=\"article\" \/>\n<meta property=\"og:title\" content=\"Comunicaci\u00f3n a empresas proveedoras de bienes y servicios - Harrobia | Lanbide heziketa Bizkaian\" \/>\n<meta property=\"og:url\" content=\"https:\/\/harrobia.net\/ikastola\/ondasun-eta-zerbitzuen-hornitzaileei-jakinarazpena\/\" \/>\n<meta property=\"og:site_name\" content=\"Harrobia Ikastola\" \/>\n<meta property=\"article:publisher\" content=\"https:\/\/www.facebook.com\/HarrobiaIkastola\" \/>\n<meta property=\"article:modified_time\" content=\"2022-09-28T11:58:20+00:00\" \/>\n<meta property=\"og:image\" content=\"https:\/\/harrobia.net\/wp-content\/uploads\/2019\/10\/idazkaritza-hornitzaileak-1024x560.jpg\" \/>\n<meta name=\"twitter:card\" content=\"summary_large_image\" \/>\n<meta name=\"twitter:site\" content=\"@harrobiaikas\" \/>\n<meta name=\"twitter:label1\" content=\"Tiempo de lectura\" \/>\n\t<meta name=\"twitter:data1\" content=\"3 minutos\" \/>\n<script type=\"application\/ld+json\" class=\"yoast-schema-graph\">{\"@context\":\"https:\\\/\\\/schema.org\",\"@graph\":[{\"@type\":\"WebPage\",\"@id\":\"https:\\\/\\\/harrobia.net\\\/ikastola\\\/ondasun-eta-zerbitzuen-hornitzaileei-jakinarazpena\\\/\",\"url\":\"https:\\\/\\\/harrobia.net\\\/ikastola\\\/ondasun-eta-zerbitzuen-hornitzaileei-jakinarazpena\\\/\",\"name\":\"Comunicaci\u00f3n a empresas proveedoras de bienes y servicios - Harrobia | Lanbide heziketa Bizkaian\",\"isPartOf\":{\"@id\":\"https:\\\/\\\/harrobia.net\\\/#website\"},\"primaryImageOfPage\":{\"@id\":\"https:\\\/\\\/harrobia.net\\\/ikastola\\\/ondasun-eta-zerbitzuen-hornitzaileei-jakinarazpena\\\/#primaryimage\"},\"image\":{\"@id\":\"https:\\\/\\\/harrobia.net\\\/ikastola\\\/ondasun-eta-zerbitzuen-hornitzaileei-jakinarazpena\\\/#primaryimage\"},\"thumbnailUrl\":\"https:\\\/\\\/harrobia.net\\\/wp-content\\\/uploads\\\/2019\\\/10\\\/idazkaritza-hornitzaileak-1024x560.jpg\",\"datePublished\":\"2019-10-24T08:39:22+00:00\",\"dateModified\":\"2022-09-28T11:58:20+00:00\",\"breadcrumb\":{\"@id\":\"https:\\\/\\\/harrobia.net\\\/ikastola\\\/ondasun-eta-zerbitzuen-hornitzaileei-jakinarazpena\\\/#breadcrumb\"},\"inLanguage\":\"es\",\"potentialAction\":[{\"@type\":\"ReadAction\",\"target\":[\"https:\\\/\\\/harrobia.net\\\/ikastola\\\/ondasun-eta-zerbitzuen-hornitzaileei-jakinarazpena\\\/\"]}]},{\"@type\":\"ImageObject\",\"inLanguage\":\"es\",\"@id\":\"https:\\\/\\\/harrobia.net\\\/ikastola\\\/ondasun-eta-zerbitzuen-hornitzaileei-jakinarazpena\\\/#primaryimage\",\"url\":\"https:\\\/\\\/harrobia.net\\\/wp-content\\\/uploads\\\/2019\\\/10\\\/idazkaritza-hornitzaileak-1024x560.jpg\",\"contentUrl\":\"https:\\\/\\\/harrobia.net\\\/wp-content\\\/uploads\\\/2019\\\/10\\\/idazkaritza-hornitzaileak-1024x560.jpg\"},{\"@type\":\"BreadcrumbList\",\"@id\":\"https:\\\/\\\/harrobia.net\\\/ikastola\\\/ondasun-eta-zerbitzuen-hornitzaileei-jakinarazpena\\\/#breadcrumb\",\"itemListElement\":[{\"@type\":\"ListItem\",\"position\":1,\"name\":\"Home\",\"item\":\"https:\\\/\\\/harrobia.net\\\/es\\\/\"},{\"@type\":\"ListItem\",\"position\":2,\"name\":\"Ikastola\",\"item\":\"https:\\\/\\\/harrobia.net\\\/ikastola\\\/\"},{\"@type\":\"ListItem\",\"position\":3,\"name\":\"Comunicaci\u00f3n a empresas proveedoras de bienes y servicios\"}]},{\"@type\":\"WebSite\",\"@id\":\"https:\\\/\\\/harrobia.net\\\/#website\",\"url\":\"https:\\\/\\\/harrobia.net\\\/\",\"name\":\"Harrobia Ikastola\",\"description\":\"Harrobia Lanbide Heziketaren Ikastola\",\"publisher\":{\"@id\":\"https:\\\/\\\/harrobia.net\\\/#organization\"},\"potentialAction\":[{\"@type\":\"SearchAction\",\"target\":{\"@type\":\"EntryPoint\",\"urlTemplate\":\"https:\\\/\\\/harrobia.net\\\/?s={search_term_string}\"},\"query-input\":{\"@type\":\"PropertyValueSpecification\",\"valueRequired\":true,\"valueName\":\"search_term_string\"}}],\"inLanguage\":\"es\"},{\"@type\":\"Organization\",\"@id\":\"https:\\\/\\\/harrobia.net\\\/#organization\",\"name\":\"Harrobia Ikastola\",\"url\":\"https:\\\/\\\/harrobia.net\\\/\",\"logo\":{\"@type\":\"ImageObject\",\"inLanguage\":\"es\",\"@id\":\"https:\\\/\\\/harrobia.net\\\/#\\\/schema\\\/logo\\\/image\\\/\",\"url\":\"https:\\\/\\\/harrobia.net\\\/wp-content\\\/uploads\\\/2014\\\/07\\\/harrobia.png\",\"contentUrl\":\"https:\\\/\\\/harrobia.net\\\/wp-content\\\/uploads\\\/2014\\\/07\\\/harrobia.png\",\"width\":256,\"height\":71,\"caption\":\"Harrobia Ikastola\"},\"image\":{\"@id\":\"https:\\\/\\\/harrobia.net\\\/#\\\/schema\\\/logo\\\/image\\\/\"},\"sameAs\":[\"https:\\\/\\\/www.facebook.com\\\/HarrobiaIkastola\",\"https:\\\/\\\/x.com\\\/harrobiaikas\",\"https:\\\/\\\/www.instagram.com\\\/harrobiaikastola\",\"https:\\\/\\\/www.youtube.com\\\/user\\\/IbarezkerraBilbo\"]}]}<\/script>\n<!-- \/ Yoast SEO plugin. -->","yoast_head_json":{"title":"Comunicaci\u00f3n a empresas proveedoras de bienes y servicios - Harrobia | Lanbide heziketa Bizkaian","robots":{"index":"index","follow":"follow","max-snippet":"max-snippet:-1","max-image-preview":"max-image-preview:large","max-video-preview":"max-video-preview:-1"},"canonical":"https:\/\/harrobia.net\/ikastola\/ondasun-eta-zerbitzuen-hornitzaileei-jakinarazpena\/","og_locale":"es_ES","og_type":"article","og_title":"Comunicaci\u00f3n a empresas proveedoras de bienes y servicios - Harrobia | Lanbide heziketa Bizkaian","og_url":"https:\/\/harrobia.net\/ikastola\/ondasun-eta-zerbitzuen-hornitzaileei-jakinarazpena\/","og_site_name":"Harrobia Ikastola","article_publisher":"https:\/\/www.facebook.com\/HarrobiaIkastola","article_modified_time":"2022-09-28T11:58:20+00:00","og_image":[{"url":"https:\/\/harrobia.net\/wp-content\/uploads\/2019\/10\/idazkaritza-hornitzaileak-1024x560.jpg","type":"","width":"","height":""}],"twitter_card":"summary_large_image","twitter_site":"@harrobiaikas","twitter_misc":{"Tiempo de lectura":"3 minutos"},"schema":{"@context":"https:\/\/schema.org","@graph":[{"@type":"WebPage","@id":"https:\/\/harrobia.net\/ikastola\/ondasun-eta-zerbitzuen-hornitzaileei-jakinarazpena\/","url":"https:\/\/harrobia.net\/ikastola\/ondasun-eta-zerbitzuen-hornitzaileei-jakinarazpena\/","name":"Comunicaci\u00f3n a empresas proveedoras de bienes y servicios - Harrobia | Lanbide heziketa Bizkaian","isPartOf":{"@id":"https:\/\/harrobia.net\/#website"},"primaryImageOfPage":{"@id":"https:\/\/harrobia.net\/ikastola\/ondasun-eta-zerbitzuen-hornitzaileei-jakinarazpena\/#primaryimage"},"image":{"@id":"https:\/\/harrobia.net\/ikastola\/ondasun-eta-zerbitzuen-hornitzaileei-jakinarazpena\/#primaryimage"},"thumbnailUrl":"https:\/\/harrobia.net\/wp-content\/uploads\/2019\/10\/idazkaritza-hornitzaileak-1024x560.jpg","datePublished":"2019-10-24T08:39:22+00:00","dateModified":"2022-09-28T11:58:20+00:00","breadcrumb":{"@id":"https:\/\/harrobia.net\/ikastola\/ondasun-eta-zerbitzuen-hornitzaileei-jakinarazpena\/#breadcrumb"},"inLanguage":"es","potentialAction":[{"@type":"ReadAction","target":["https:\/\/harrobia.net\/ikastola\/ondasun-eta-zerbitzuen-hornitzaileei-jakinarazpena\/"]}]},{"@type":"ImageObject","inLanguage":"es","@id":"https:\/\/harrobia.net\/ikastola\/ondasun-eta-zerbitzuen-hornitzaileei-jakinarazpena\/#primaryimage","url":"https:\/\/harrobia.net\/wp-content\/uploads\/2019\/10\/idazkaritza-hornitzaileak-1024x560.jpg","contentUrl":"https:\/\/harrobia.net\/wp-content\/uploads\/2019\/10\/idazkaritza-hornitzaileak-1024x560.jpg"},{"@type":"BreadcrumbList","@id":"https:\/\/harrobia.net\/ikastola\/ondasun-eta-zerbitzuen-hornitzaileei-jakinarazpena\/#breadcrumb","itemListElement":[{"@type":"ListItem","position":1,"name":"Home","item":"https:\/\/harrobia.net\/es\/"},{"@type":"ListItem","position":2,"name":"Ikastola","item":"https:\/\/harrobia.net\/ikastola\/"},{"@type":"ListItem","position":3,"name":"Comunicaci\u00f3n a empresas proveedoras de bienes y servicios"}]},{"@type":"WebSite","@id":"https:\/\/harrobia.net\/#website","url":"https:\/\/harrobia.net\/","name":"Harrobia Ikastola","description":"Harrobia Lanbide Heziketaren Ikastola","publisher":{"@id":"https:\/\/harrobia.net\/#organization"},"potentialAction":[{"@type":"SearchAction","target":{"@type":"EntryPoint","urlTemplate":"https:\/\/harrobia.net\/?s={search_term_string}"},"query-input":{"@type":"PropertyValueSpecification","valueRequired":true,"valueName":"search_term_string"}}],"inLanguage":"es"},{"@type":"Organization","@id":"https:\/\/harrobia.net\/#organization","name":"Harrobia Ikastola","url":"https:\/\/harrobia.net\/","logo":{"@type":"ImageObject","inLanguage":"es","@id":"https:\/\/harrobia.net\/#\/schema\/logo\/image\/","url":"https:\/\/harrobia.net\/wp-content\/uploads\/2014\/07\/harrobia.png","contentUrl":"https:\/\/harrobia.net\/wp-content\/uploads\/2014\/07\/harrobia.png","width":256,"height":71,"caption":"Harrobia Ikastola"},"image":{"@id":"https:\/\/harrobia.net\/#\/schema\/logo\/image\/"},"sameAs":["https:\/\/www.facebook.com\/HarrobiaIkastola","https:\/\/x.com\/harrobiaikas","https:\/\/www.instagram.com\/harrobiaikastola","https:\/\/www.youtube.com\/user\/IbarezkerraBilbo"]}]}},"jetpack_sharing_enabled":true,"_links":{"self":[{"href":"https:\/\/harrobia.net\/es\/wp-json\/wp\/v2\/pages\/26506","targetHints":{"allow":["GET"]}}],"collection":[{"href":"https:\/\/harrobia.net\/es\/wp-json\/wp\/v2\/pages"}],"about":[{"href":"https:\/\/harrobia.net\/es\/wp-json\/wp\/v2\/types\/page"}],"author":[{"embeddable":true,"href":"https:\/\/harrobia.net\/es\/wp-json\/wp\/v2\/users\/6"}],"replies":[{"embeddable":true,"href":"https:\/\/harrobia.net\/es\/wp-json\/wp\/v2\/comments?post=26506"}],"version-history":[{"count":3,"href":"https:\/\/harrobia.net\/es\/wp-json\/wp\/v2\/pages\/26506\/revisions"}],"predecessor-version":[{"id":44096,"href":"https:\/\/harrobia.net\/es\/wp-json\/wp\/v2\/pages\/26506\/revisions\/44096"}],"up":[{"embeddable":true,"href":"https:\/\/harrobia.net\/es\/wp-json\/wp\/v2\/pages\/81"}],"wp:attachment":[{"href":"https:\/\/harrobia.net\/es\/wp-json\/wp\/v2\/media?parent=26506"}],"curies":[{"name":"wp","href":"https:\/\/api.w.org\/{rel}","templated":true}]}}