{"id":25453,"date":"2019-09-23T11:11:44","date_gmt":"2019-09-23T09:11:44","guid":{"rendered":"https:\/\/harrobia.net\/?page_id=25453"},"modified":"2024-10-28T11:08:39","modified_gmt":"2024-10-28T10:08:39","slug":"agencia-de-empleo","status":"publish","type":"page","link":"https:\/\/harrobia.net\/es\/empresas\/agencia-de-empleo\/","title":{"rendered":"Agencia de empleo"},"content":{"rendered":"<p>[et_pb_section fb_built=\u00bb1&#8243; _builder_version=\u00bb4.16&#8243; background_color=\u00bbrgba(171,206,227,0.15)\u00bb custom_padding=\u00bb30px|0px|30px|0px|false|false\u00bb da_disable_devices=\u00bboff|off|off\u00bb global_colors_info=\u00bb{}\u00bb da_is_popup=\u00bboff\u00bb da_exit_intent=\u00bboff\u00bb da_has_close=\u00bbon\u00bb da_alt_close=\u00bboff\u00bb da_dark_close=\u00bboff\u00bb da_not_modal=\u00bbon\u00bb da_is_singular=\u00bboff\u00bb da_with_loader=\u00bboff\u00bb da_has_shadow=\u00bbon\u00bb][et_pb_row _builder_version=\u00bb4.16&#8243; custom_padding=\u00bb0|0px|0|0px|false|false\u00bb global_colors_info=\u00bb{}\u00bb][et_pb_column type=\u00bb4_4&#8243; _builder_version=\u00bb4.16&#8243; custom_padding=\u00bb|||\u00bb global_colors_info=\u00bb{}\u00bb custom_padding__hover=\u00bb|||\u00bb][et_pb_dcsbcm_divi_breadcrumbs_module homebreadcrumbtext=\u00bb<i class=%22fas fa-school%22><\/i> Hasiera\u00bb computed_field_html_payload=\u00bb<span class=%22dcsbcm_divi_breadcrumb%22 typeof=%22v:Breadcrumb%22><a rel=%22v:url%22 property=%22v:title%22 href=%22https:\/\/harrobia.net\/es\/\/%22><i class=%22fas fa-school%22><\/i> Hasiera<\/a><\/span><span class=%22dcsbcm_separator%22> \u00bb <\/span><span class=%22dcsbcm_divi_breadcrumb%22 typeof=%22v:Breadcrumb%22><a rel=%22v:url%22 property=%22v:title%22 href=%22https:\/\/harrobia.net\/es\/empresas\/%22>Empresas<\/a><\/span><span class=%22dcsbcm_separator%22> \u00bb <\/span><span class=%22dcsbcm_divi_breadcrumb dcsbcm_divi_breadcrumb-active%22>TKGUNE Industrias Creativas<\/span><\/div>\n<p>\u00bb _builder_version=\u00bb4.16&#8243; fontsbreadcrumbs_font=\u00bb||||||||\u00bb fontsbreadcrumbs_text_color=\u00bb#666666&#8243; fontsseperator_font=\u00bb||||||||\u00bb fontsseperator_text_color=\u00bb#003f7a\u00bb fontsbreadcrumblinks_font=\u00bb||||||||\u00bb fontsbreadcrumblinks_text_color=\u00bb#003f7a\u00bb global_colors_info=\u00bb{}\u00bb][\/et_pb_dcsbcm_divi_breadcrumbs_module][\/et_pb_column][\/et_pb_row][\/et_pb_section][et_pb_section fb_built=\u00bb1&#8243; specialty=\u00bbon\u00bb background_color_1=\u00bb#ffffff\u00bb background_color_2=\u00bb#ffffff\u00bb padding_right_2=\u00bb15px\u00bb padding_left_2=\u00bb15px\u00bb _builder_version=\u00bb4.16&#8243; background_color=\u00bbrgba(171,206,227,0.15)\u00bb custom_padding=\u00bb0||54px||false|false\u00bb da_disable_devices=\u00bboff|off|off\u00bb global_colors_info=\u00bb{}\u00bb da_is_popup=\u00bboff\u00bb da_exit_intent=\u00bboff\u00bb da_has_close=\u00bbon\u00bb da_alt_close=\u00bboff\u00bb da_dark_close=\u00bboff\u00bb da_not_modal=\u00bbon\u00bb da_is_singular=\u00bboff\u00bb da_with_loader=\u00bboff\u00bb da_has_shadow=\u00bbon\u00bb][et_pb_column type=\u00bb3_4&#8243; specialty_columns=\u00bb3&#8243; _builder_version=\u00bb4.16&#8243; custom_padding=\u00bb|||\u00bb global_colors_info=\u00bb{}\u00bb custom_padding__hover=\u00bb|||\u00bb][et_pb_row_inner _builder_version=\u00bb4.16&#8243; background_color=\u00bb#ffffff\u00bb custom_padding=\u00bb25px|15px|30px|15px|false|false\u00bb global_colors_info=\u00bb{}\u00bb][et_pb_column_inner saved_specialty_column_type=\u00bb3_4&#8243; _builder_version=\u00bb4.16&#8243; custom_padding=\u00bb|||\u00bb global_colors_info=\u00bb{}\u00bb custom_padding__hover=\u00bb|||\u00bb][et_pb_post_title meta=\u00bboff\u00bb featured_image=\u00bboff\u00bb _builder_version=\u00bb4.16&#8243; title_font=\u00bb||||||||\u00bb title_font_size=\u00bb35px\u00bb meta_font=\u00bb||||||||\u00bb max_width=\u00bb65%\u00bb max_width_tablet=\u00bb\u00bb max_width_phone=\u00bb\u00bb max_width_last_edited=\u00bbon|phone\u00bb border_width_bottom=\u00bb1px\u00bb border_color_bottom=\u00bb#003f7a\u00bb global_colors_info=\u00bb{}\u00bb][\/et_pb_post_title][et_pb_image src=\u00bbhttps:\/\/harrobia.net\/wp-content\/uploads\/2024\/10\/Enplegu-agentzia-1.jpeg\u00bb title_text=\u00bbEnplegu agentzia\u00bb align=\u00bbcenter\u00bb _builder_version=\u00bb4.27.0&#8243; _module_preset=\u00bbdefault\u00bb width=\u00bb100%\u00bb border_radii=\u00bbon|12px|12px|12px|12px\u00bb global_colors_info=\u00bb{}\u00bb][\/et_pb_image][et_pb_text _builder_version=\u00bb4.16&#8243; global_colors_info=\u00bb{}\u00bb]<\/p>\n<p>&#8211; N\u00famero:\u00a0<strong>1600000187<\/strong>.<br \/> &#8211; Registro de demandas de empleo.<br \/> &#8211; Registro de ofertas de empleo.<br \/> &#8211; Intermediaci\u00f3n entre oferta y demanda.<br \/> &#8211; Asesoramiento en el dise\u00f1o de ofertas de empleo.<\/p>\n<p>[\/et_pb_text][et_pb_text _builder_version=\u00bb4.16&#8243; global_colors_info=\u00bb{}\u00bb]<\/p>\n<p><strong>HARROBIA<\/strong> dispone de una pol\u00edtica de gesti\u00f3n de las personas que persigue el respeto a la diversidad, la igualdad de oportunidades y la no discriminaci\u00f3n.<\/p>\n<p><strong>HARROBIA<\/strong> cuenta con un Plan de Igualdad con el que se compromete a integrar la perspectiva de igualdad de trato y de oportunidades.<\/p>\n<p>[\/et_pb_text][et_pb_button button_url=\u00bbhttps:\/\/comunidad.inlan.es\/harrobia\u00bb url_new_window=\u00bbon\u00bb button_text=\u00bbReg\u00edstrate\u00bb button_alignment=\u00bbcenter\u00bb _builder_version=\u00bb4.27.0&#8243; custom_button=\u00bbon\u00bb button_text_color=\u00bb#ffffff\u00bb button_bg_color=\u00bb#003f7a\u00bb button_border_color=\u00bb#003F79&#8243; button_border_radius=\u00bb3px\u00bb button_font=\u00bb||||||||\u00bb button_icon=\u00bb&#x52;||divi||400&#8243; button_icon_color=\u00bb#ffffff\u00bb button_on_hover=\u00bboff\u00bb background_layout=\u00bbdark\u00bb animation_style=\u00bbflip\u00bb custom_css_main_element=\u00bbwidth:95%;\u00bb global_colors_info=\u00bb{}\u00bb box_shadow_color__hover_enabled=\u00bbon\u00bb box_shadow_color__hover=\u00bb#003f7a\u00bb button_bg_color__hover_enabled=\u00bbon\u00bb button_bg_color__hover=\u00bb#ffffff\u00bb button_text_color__hover_enabled=\u00bbon\u00bb button_text_color__hover=\u00bb#003f7a\u00bb button_icon_color__hover_enabled=\u00bbon\u00bb button_icon_color__hover=\u00bb#003f7a\u00bb][\/et_pb_button][\/et_pb_column_inner][\/et_pb_row_inner][\/et_pb_column][et_pb_column type=\u00bb1_4&#8243; _builder_version=\u00bb4.16&#8243; custom_padding=\u00bb|||\u00bb global_colors_info=\u00bb{}\u00bb custom_padding__hover=\u00bb|||\u00bb][et_pb_sidebar area=\u00bbet_pb_widget_area_7&#8243; show_border=\u00bboff\u00bb _builder_version=\u00bb4.16&#8243; header_font=\u00bb||||||||\u00bb header_font_size=\u00bb25px\u00bb body_font=\u00bb||||||||\u00bb body_font_size=\u00bb13px\u00bb global_colors_info=\u00bb{}\u00bb][\/et_pb_sidebar][\/et_pb_column][\/et_pb_section]<\/p>\n<span class=\"et_bloom_bottom_trigger\"><\/span>","protected":false},"excerpt":{"rendered":"<p>&#8211; N\u00famero:\u00a01600000187. &#8211; Registro de demandas de empleo. &#8211; Registro de ofertas de empleo. &#8211; Intermediaci\u00f3n entre oferta y demanda. &#8211; Asesoramiento en el dise\u00f1o de ofertas de empleo.HARROBIA dispone de una pol\u00edtica de gesti\u00f3n de las personas que persigue el respeto a la diversidad, la igualdad de oportunidades y la no discriminaci\u00f3n. HARROBIA cuenta [&hellip;]<\/p>\n","protected":false},"author":6,"featured_media":51450,"parent":203,"menu_order":0,"comment_status":"closed","ping_status":"closed","template":"","meta":{"_acf_changed":false,"_et_pb_use_builder":"on","_et_pb_old_content":"","_et_gb_content_width":"","_joinchat":[],"footnotes":""},"class_list":["post-25453","page","type-page","status-publish","has-post-thumbnail","hentry"],"acf":[],"yoast_head":"<!-- This site is optimized with the Yoast SEO plugin v27.3 - https:\/\/yoast.com\/product\/yoast-seo-wordpress\/ -->\n<title>Agencia de empleo - Harrobia | Lanbide heziketa Bizkaian<\/title>\n<meta name=\"robots\" content=\"index, follow, max-snippet:-1, max-image-preview:large, max-video-preview:-1\" \/>\n<link rel=\"canonical\" href=\"https:\/\/harrobia.net\/enpresak\/enplegu-agentzia\/\" \/>\n<meta property=\"og:locale\" content=\"es_ES\" \/>\n<meta property=\"og:type\" content=\"article\" \/>\n<meta property=\"og:title\" content=\"Agencia de empleo - Harrobia | Lanbide heziketa Bizkaian\" \/>\n<meta property=\"og:url\" content=\"https:\/\/harrobia.net\/enpresak\/enplegu-agentzia\/\" \/>\n<meta property=\"og:site_name\" content=\"Harrobia Ikastola\" \/>\n<meta property=\"article:publisher\" content=\"https:\/\/www.facebook.com\/HarrobiaIkastola\" \/>\n<meta property=\"article:modified_time\" content=\"2024-10-28T10:08:39+00:00\" \/>\n<meta property=\"og:image\" content=\"https:\/\/harrobia.net\/wp-content\/uploads\/2024\/10\/Enplegu-agentzia-1.jpeg\" \/>\n\t<meta property=\"og:image:width\" content=\"1916\" \/>\n\t<meta property=\"og:image:height\" content=\"1272\" \/>\n\t<meta property=\"og:image:type\" content=\"image\/jpeg\" \/>\n<meta name=\"twitter:card\" content=\"summary_large_image\" \/>\n<meta name=\"twitter:site\" content=\"@harrobiaikas\" \/>\n<meta name=\"twitter:label1\" content=\"Tiempo de lectura\" \/>\n\t<meta name=\"twitter:data1\" content=\"1 minuto\" \/>\n<script type=\"application\/ld+json\" class=\"yoast-schema-graph\">{\"@context\":\"https:\\\/\\\/schema.org\",\"@graph\":[{\"@type\":\"WebPage\",\"@id\":\"https:\\\/\\\/harrobia.net\\\/enpresak\\\/enplegu-agentzia\\\/\",\"url\":\"https:\\\/\\\/harrobia.net\\\/enpresak\\\/enplegu-agentzia\\\/\",\"name\":\"Agencia de empleo - Harrobia | Lanbide heziketa Bizkaian\",\"isPartOf\":{\"@id\":\"https:\\\/\\\/harrobia.net\\\/#website\"},\"primaryImageOfPage\":{\"@id\":\"https:\\\/\\\/harrobia.net\\\/enpresak\\\/enplegu-agentzia\\\/#primaryimage\"},\"image\":{\"@id\":\"https:\\\/\\\/harrobia.net\\\/enpresak\\\/enplegu-agentzia\\\/#primaryimage\"},\"thumbnailUrl\":\"https:\\\/\\\/harrobia.net\\\/wp-content\\\/uploads\\\/2024\\\/10\\\/Enplegu-agentzia-1.jpeg\",\"datePublished\":\"2019-09-23T09:11:44+00:00\",\"dateModified\":\"2024-10-28T10:08:39+00:00\",\"breadcrumb\":{\"@id\":\"https:\\\/\\\/harrobia.net\\\/enpresak\\\/enplegu-agentzia\\\/#breadcrumb\"},\"inLanguage\":\"es\",\"potentialAction\":[{\"@type\":\"ReadAction\",\"target\":[\"https:\\\/\\\/harrobia.net\\\/enpresak\\\/enplegu-agentzia\\\/\"]}]},{\"@type\":\"ImageObject\",\"inLanguage\":\"es\",\"@id\":\"https:\\\/\\\/harrobia.net\\\/enpresak\\\/enplegu-agentzia\\\/#primaryimage\",\"url\":\"https:\\\/\\\/harrobia.net\\\/wp-content\\\/uploads\\\/2024\\\/10\\\/Enplegu-agentzia-1.jpeg\",\"contentUrl\":\"https:\\\/\\\/harrobia.net\\\/wp-content\\\/uploads\\\/2024\\\/10\\\/Enplegu-agentzia-1.jpeg\",\"width\":1916,\"height\":1272},{\"@type\":\"BreadcrumbList\",\"@id\":\"https:\\\/\\\/harrobia.net\\\/enpresak\\\/enplegu-agentzia\\\/#breadcrumb\",\"itemListElement\":[{\"@type\":\"ListItem\",\"position\":1,\"name\":\"Home\",\"item\":\"https:\\\/\\\/harrobia.net\\\/es\\\/\"},{\"@type\":\"ListItem\",\"position\":2,\"name\":\"Empresas\",\"item\":\"https:\\\/\\\/harrobia.net\\\/enpresak\\\/\"},{\"@type\":\"ListItem\",\"position\":3,\"name\":\"Agencia de empleo\"}]},{\"@type\":\"WebSite\",\"@id\":\"https:\\\/\\\/harrobia.net\\\/#website\",\"url\":\"https:\\\/\\\/harrobia.net\\\/\",\"name\":\"Harrobia Ikastola\",\"description\":\"Harrobia Lanbide Heziketaren Ikastola\",\"publisher\":{\"@id\":\"https:\\\/\\\/harrobia.net\\\/#organization\"},\"potentialAction\":[{\"@type\":\"SearchAction\",\"target\":{\"@type\":\"EntryPoint\",\"urlTemplate\":\"https:\\\/\\\/harrobia.net\\\/?s={search_term_string}\"},\"query-input\":{\"@type\":\"PropertyValueSpecification\",\"valueRequired\":true,\"valueName\":\"search_term_string\"}}],\"inLanguage\":\"es\"},{\"@type\":\"Organization\",\"@id\":\"https:\\\/\\\/harrobia.net\\\/#organization\",\"name\":\"Harrobia Ikastola\",\"url\":\"https:\\\/\\\/harrobia.net\\\/\",\"logo\":{\"@type\":\"ImageObject\",\"inLanguage\":\"es\",\"@id\":\"https:\\\/\\\/harrobia.net\\\/#\\\/schema\\\/logo\\\/image\\\/\",\"url\":\"https:\\\/\\\/harrobia.net\\\/wp-content\\\/uploads\\\/2014\\\/07\\\/harrobia.png\",\"contentUrl\":\"https:\\\/\\\/harrobia.net\\\/wp-content\\\/uploads\\\/2014\\\/07\\\/harrobia.png\",\"width\":256,\"height\":71,\"caption\":\"Harrobia Ikastola\"},\"image\":{\"@id\":\"https:\\\/\\\/harrobia.net\\\/#\\\/schema\\\/logo\\\/image\\\/\"},\"sameAs\":[\"https:\\\/\\\/www.facebook.com\\\/HarrobiaIkastola\",\"https:\\\/\\\/x.com\\\/harrobiaikas\",\"https:\\\/\\\/www.instagram.com\\\/harrobiaikastola\",\"https:\\\/\\\/www.youtube.com\\\/user\\\/IbarezkerraBilbo\"]}]}<\/script>\n<!-- \/ Yoast SEO plugin. -->","yoast_head_json":{"title":"Agencia de empleo - Harrobia | Lanbide heziketa Bizkaian","robots":{"index":"index","follow":"follow","max-snippet":"max-snippet:-1","max-image-preview":"max-image-preview:large","max-video-preview":"max-video-preview:-1"},"canonical":"https:\/\/harrobia.net\/enpresak\/enplegu-agentzia\/","og_locale":"es_ES","og_type":"article","og_title":"Agencia de empleo - Harrobia | Lanbide heziketa Bizkaian","og_url":"https:\/\/harrobia.net\/enpresak\/enplegu-agentzia\/","og_site_name":"Harrobia Ikastola","article_publisher":"https:\/\/www.facebook.com\/HarrobiaIkastola","article_modified_time":"2024-10-28T10:08:39+00:00","og_image":[{"width":1916,"height":1272,"url":"https:\/\/harrobia.net\/wp-content\/uploads\/2024\/10\/Enplegu-agentzia-1.jpeg","type":"image\/jpeg"}],"twitter_card":"summary_large_image","twitter_site":"@harrobiaikas","twitter_misc":{"Tiempo de lectura":"1 minuto"},"schema":{"@context":"https:\/\/schema.org","@graph":[{"@type":"WebPage","@id":"https:\/\/harrobia.net\/enpresak\/enplegu-agentzia\/","url":"https:\/\/harrobia.net\/enpresak\/enplegu-agentzia\/","name":"Agencia de empleo - Harrobia | Lanbide heziketa Bizkaian","isPartOf":{"@id":"https:\/\/harrobia.net\/#website"},"primaryImageOfPage":{"@id":"https:\/\/harrobia.net\/enpresak\/enplegu-agentzia\/#primaryimage"},"image":{"@id":"https:\/\/harrobia.net\/enpresak\/enplegu-agentzia\/#primaryimage"},"thumbnailUrl":"https:\/\/harrobia.net\/wp-content\/uploads\/2024\/10\/Enplegu-agentzia-1.jpeg","datePublished":"2019-09-23T09:11:44+00:00","dateModified":"2024-10-28T10:08:39+00:00","breadcrumb":{"@id":"https:\/\/harrobia.net\/enpresak\/enplegu-agentzia\/#breadcrumb"},"inLanguage":"es","potentialAction":[{"@type":"ReadAction","target":["https:\/\/harrobia.net\/enpresak\/enplegu-agentzia\/"]}]},{"@type":"ImageObject","inLanguage":"es","@id":"https:\/\/harrobia.net\/enpresak\/enplegu-agentzia\/#primaryimage","url":"https:\/\/harrobia.net\/wp-content\/uploads\/2024\/10\/Enplegu-agentzia-1.jpeg","contentUrl":"https:\/\/harrobia.net\/wp-content\/uploads\/2024\/10\/Enplegu-agentzia-1.jpeg","width":1916,"height":1272},{"@type":"BreadcrumbList","@id":"https:\/\/harrobia.net\/enpresak\/enplegu-agentzia\/#breadcrumb","itemListElement":[{"@type":"ListItem","position":1,"name":"Home","item":"https:\/\/harrobia.net\/es\/"},{"@type":"ListItem","position":2,"name":"Empresas","item":"https:\/\/harrobia.net\/enpresak\/"},{"@type":"ListItem","position":3,"name":"Agencia de empleo"}]},{"@type":"WebSite","@id":"https:\/\/harrobia.net\/#website","url":"https:\/\/harrobia.net\/","name":"Harrobia Ikastola","description":"Harrobia Lanbide Heziketaren Ikastola","publisher":{"@id":"https:\/\/harrobia.net\/#organization"},"potentialAction":[{"@type":"SearchAction","target":{"@type":"EntryPoint","urlTemplate":"https:\/\/harrobia.net\/?s={search_term_string}"},"query-input":{"@type":"PropertyValueSpecification","valueRequired":true,"valueName":"search_term_string"}}],"inLanguage":"es"},{"@type":"Organization","@id":"https:\/\/harrobia.net\/#organization","name":"Harrobia Ikastola","url":"https:\/\/harrobia.net\/","logo":{"@type":"ImageObject","inLanguage":"es","@id":"https:\/\/harrobia.net\/#\/schema\/logo\/image\/","url":"https:\/\/harrobia.net\/wp-content\/uploads\/2014\/07\/harrobia.png","contentUrl":"https:\/\/harrobia.net\/wp-content\/uploads\/2014\/07\/harrobia.png","width":256,"height":71,"caption":"Harrobia Ikastola"},"image":{"@id":"https:\/\/harrobia.net\/#\/schema\/logo\/image\/"},"sameAs":["https:\/\/www.facebook.com\/HarrobiaIkastola","https:\/\/x.com\/harrobiaikas","https:\/\/www.instagram.com\/harrobiaikastola","https:\/\/www.youtube.com\/user\/IbarezkerraBilbo"]}]}},"jetpack_sharing_enabled":true,"_links":{"self":[{"href":"https:\/\/harrobia.net\/es\/wp-json\/wp\/v2\/pages\/25453","targetHints":{"allow":["GET"]}}],"collection":[{"href":"https:\/\/harrobia.net\/es\/wp-json\/wp\/v2\/pages"}],"about":[{"href":"https:\/\/harrobia.net\/es\/wp-json\/wp\/v2\/types\/page"}],"author":[{"embeddable":true,"href":"https:\/\/harrobia.net\/es\/wp-json\/wp\/v2\/users\/6"}],"replies":[{"embeddable":true,"href":"https:\/\/harrobia.net\/es\/wp-json\/wp\/v2\/comments?post=25453"}],"version-history":[{"count":3,"href":"https:\/\/harrobia.net\/es\/wp-json\/wp\/v2\/pages\/25453\/revisions"}],"predecessor-version":[{"id":51693,"href":"https:\/\/harrobia.net\/es\/wp-json\/wp\/v2\/pages\/25453\/revisions\/51693"}],"up":[{"embeddable":true,"href":"https:\/\/harrobia.net\/es\/wp-json\/wp\/v2\/pages\/203"}],"wp:featuredmedia":[{"embeddable":true,"href":"https:\/\/harrobia.net\/es\/wp-json\/wp\/v2\/media\/51450"}],"wp:attachment":[{"href":"https:\/\/harrobia.net\/es\/wp-json\/wp\/v2\/media?parent=25453"}],"curies":[{"name":"wp","href":"https:\/\/api.w.org\/{rel}","templated":true}]}}