{"id":24651,"date":"2019-09-05T11:20:52","date_gmt":"2019-09-05T09:20:52","guid":{"rendered":"https:\/\/harrobia.net\/?page_id=24651"},"modified":"2026-01-19T16:32:26","modified_gmt":"2026-01-19T15:32:26","slug":"formacion-a-medida-fundae","status":"publish","type":"page","link":"https:\/\/harrobia.net\/es\/empresas\/formacion-a-medida-fundae\/","title":{"rendered":"Formaci\u00f3n a medida-Fundae"},"content":{"rendered":"<p>[et_pb_section fb_built=\u00bb1&#8243; _builder_version=\u00bb4.16&#8243; background_color=\u00bbrgba(171,206,227,0.15)\u00bb custom_padding=\u00bb30px|0px|30px|0px|false|false\u00bb da_disable_devices=\u00bboff|off|off\u00bb global_colors_info=\u00bb{}\u00bb da_is_popup=\u00bboff\u00bb da_exit_intent=\u00bboff\u00bb da_has_close=\u00bbon\u00bb da_alt_close=\u00bboff\u00bb da_dark_close=\u00bboff\u00bb da_not_modal=\u00bbon\u00bb da_is_singular=\u00bboff\u00bb da_with_loader=\u00bboff\u00bb da_has_shadow=\u00bbon\u00bb][et_pb_row _builder_version=\u00bb4.16&#8243; custom_padding=\u00bb0|0px|0|0px|false|false\u00bb global_colors_info=\u00bb{}\u00bb][et_pb_column type=\u00bb4_4&#8243; _builder_version=\u00bb4.16&#8243; custom_padding=\u00bb|||\u00bb global_colors_info=\u00bb{}\u00bb custom_padding__hover=\u00bb|||\u00bb][et_pb_dcsbcm_divi_breadcrumbs_module homebreadcrumbtext=\u00bb<i class=%22fas fa-school%22><\/i> Hasiera\u00bb computed_field_html_payload=\u00bb<span class=%22dcsbcm_divi_breadcrumb%22 typeof=%22v:Breadcrumb%22><a rel=%22v:url%22 property=%22v:title%22 href=%22https:\/\/harrobia.net\/%22><i class=%22fas fa-school%22><\/i> Hasiera<\/a><\/span><span class=%22dcsbcm_separator%22> \u00bb <\/span><span class=%22dcsbcm_divi_breadcrumb dcsbcm_divi_breadcrumb-active%22><\/span><\/div>\n<p>\u00bb _builder_version=\u00bb4.16&#8243; fontsbreadcrumbs_font=\u00bb||||||||\u00bb fontsbreadcrumbs_text_color=\u00bb#666666&#8243; fontsseperator_font=\u00bb||||||||\u00bb fontsseperator_text_color=\u00bb#003f7a\u00bb fontsbreadcrumblinks_font=\u00bb||||||||\u00bb fontsbreadcrumblinks_text_color=\u00bb#003f7a\u00bb global_colors_info=\u00bb{}\u00bb][\/et_pb_dcsbcm_divi_breadcrumbs_module][\/et_pb_column][\/et_pb_row][\/et_pb_section][et_pb_section fb_built=\u00bb1&#8243; specialty=\u00bbon\u00bb background_color_1=\u00bb#ffffff\u00bb background_color_2=\u00bb#ffffff\u00bb padding_right_2=\u00bb15px\u00bb padding_left_2=\u00bb15px\u00bb _builder_version=\u00bb4.16&#8243; background_color=\u00bbrgba(171,206,227,0.15)\u00bb custom_padding=\u00bb0||54px||false|false\u00bb da_disable_devices=\u00bboff|off|off\u00bb global_colors_info=\u00bb{}\u00bb da_is_popup=\u00bboff\u00bb da_exit_intent=\u00bboff\u00bb da_has_close=\u00bbon\u00bb da_alt_close=\u00bboff\u00bb da_dark_close=\u00bboff\u00bb da_not_modal=\u00bbon\u00bb da_is_singular=\u00bboff\u00bb da_with_loader=\u00bboff\u00bb da_has_shadow=\u00bbon\u00bb][et_pb_column type=\u00bb3_4&#8243; specialty_columns=\u00bb3&#8243; _builder_version=\u00bb4.16&#8243; custom_padding=\u00bb|||\u00bb global_colors_info=\u00bb{}\u00bb custom_padding__hover=\u00bb|||\u00bb][et_pb_row_inner _builder_version=\u00bb4.16&#8243; background_color=\u00bb#ffffff\u00bb custom_padding=\u00bb25px|15px|30px|15px|false|false\u00bb global_colors_info=\u00bb{}\u00bb][et_pb_column_inner saved_specialty_column_type=\u00bb3_4&#8243; _builder_version=\u00bb4.16&#8243; custom_padding=\u00bb|||\u00bb global_colors_info=\u00bb{}\u00bb custom_padding__hover=\u00bb|||\u00bb][et_pb_post_title meta=\u00bboff\u00bb featured_image=\u00bboff\u00bb _builder_version=\u00bb4.16&#8243; title_font=\u00bb||||||||\u00bb title_font_size=\u00bb35px\u00bb meta_font=\u00bb||||||||\u00bb max_width=\u00bb65%\u00bb max_width_tablet=\u00bb\u00bb max_width_phone=\u00bb\u00bb max_width_last_edited=\u00bbon|phone\u00bb custom_margin=\u00bb|||7px|false|false\u00bb border_width_bottom=\u00bb1px\u00bb border_color_bottom=\u00bb#003f7a\u00bb global_colors_info=\u00bb{}\u00bb][\/et_pb_post_title][\/et_pb_column_inner][\/et_pb_row_inner][et_pb_row_inner _builder_version=\u00bb4.16&#8243; custom_margin=\u00bb-26px||||false|false\u00bb custom_padding=\u00bb23px|20px||20px|false|false\u00bb global_colors_info=\u00bb{}\u00bb][et_pb_column_inner saved_specialty_column_type=\u00bb3_4&#8243; _builder_version=\u00bb4.16&#8243; global_colors_info=\u00bb{}\u00bb][et_pb_tabs _builder_version=\u00bb4.27.5&#8243; hover_enabled=\u00bb0&#8243; global_colors_info=\u00bb{}\u00bb sticky_enabled=\u00bb0&#8243;][et_pb_tab title=\u00bb\u00bfQu\u00e9 es?\u00bb _builder_version=\u00bb4.27.5&#8243; hover_enabled=\u00bb0&#8243; global_colors_info=\u00bb{}\u00bb sticky_enabled=\u00bb0&#8243;]<\/p>\n<p><img loading=\"lazy\" decoding=\"async\" src=\"https:\/\/harrobia.net\/wp-content\/uploads\/2021\/03\/FUNDAE-300x47.png\" width=\"313\" height=\"50\" alt=\"\" class=\"wp-image-36465 alignnone size-medium\" \/><\/p>\n<h2><\/h2>\n<h2>Formaci\u00f3n a medida financiada por FUNDAE<\/h2>\n<p>En Harrobia Ikastola desarrollamos <strong>formaci\u00f3n a medida para empresas<\/strong>, adaptada a sus necesidades reales y orientada a la mejora de las competencias profesionales de sus equipos.<\/p>\n<p>Estas acciones formativas pueden llevarse a cabo con el apoyo de <a href=\"https:\/\/www.fundae.es\/\" target=\"_blank\" rel=\"noopener noreferrer\"><strong>FUNDAE<\/strong><\/a>\u00a0(Fundaci\u00f3n Estatal para la Formaci\u00f3n en el Empleo), facilitando el acceso a la formaci\u00f3n y reforzando la mejora continua en el entorno laboral.<\/p>\n<ul>\n<li><strong>Formaci\u00f3n pr\u00e1ctica y aplicada<\/strong>, adaptada a la realidad diaria de cada sector y organizaci\u00f3n.<\/li>\n<li><strong>Contenidos personalizados<\/strong>: objetivos, duraci\u00f3n y enfoque definidos conjuntamente con la empresa.<\/li>\n<li><strong>Enfoque profesional<\/strong>, alineado con la empleabilidad, la seguridad y la calidad del servicio.<\/li>\n<\/ul>\n<p>[\/et_pb_tab][et_pb_tab title=\u00bbEmpresas clientes\u00bb _builder_version=\u00bb4.27.5&#8243; global_colors_info=\u00bb{}\u00bb]<\/p>\n<h3 style=\"margin-top: 40px;\"><a href=\"https:\/\/www.aventurasobron.com\/\" target=\"_blank\" rel=\"noopener noreferrer\">Aventura Sobr\u00f3n<\/a><\/h3>\n<p><a href=\"https:\/\/harrobia.net\/wp-content\/uploads\/2019\/09\/aventura-sobr\u00f3n-Logo.jpg\" data-slb-active=\"1\" data-slb-asset=\"178998592\" data-slb-internal=\"0\" data-slb-group=\"12113\"><br \/><img loading=\"lazy\" decoding=\"async\" style=\"margin-right: 20px; margin-bottom: 10px;\" align=\"left\" class=\"alignnone wp-image-616 size-thumbnail\" src=\"https:\/\/harrobia.net\/wp-content\/uploads\/2019\/09\/aventura-sobr\u00f3n-Logo.jpg\" alt=\"Aventura Sobr\u00f3n\" width=\"277\" height=\"139\" \/><br \/><\/a><\/p>\n<ul style=\"margin-left: 350px;\">\n<li>Parque de aventura y actividades en la naturaleza.<\/li>\n<li>Kayak y actividades acu\u00e1ticas.<\/li>\n<li>Paintball y din\u00e1micas de grupo.<\/li>\n<li>V\u00eda ferrata y retos al aire libre.<\/li>\n<li>Rutas a caballo y otras experiencias.<\/li>\n<\/ul>\n<div style=\"clear: both;\"><\/div>\n<hr style=\"margin: 40px 0;\" \/>\n<h3 style=\"margin-top: 40px;\"><a href=\"http:\/\/taldesport.com\/\" target=\"_blank\" rel=\"noopener noreferrer\">Taldesport<\/a><\/h3>\n<p><a href=\"https:\/\/harrobia.net\/wp-content\/uploads\/2019\/09\/taldesport-logo-1.jpg\" data-slb-active=\"1\" data-slb-asset=\"178998592\" data-slb-internal=\"0\" data-slb-group=\"12113\"><br \/><img loading=\"lazy\" decoding=\"async\" style=\"margin-right: 20px; margin-bottom: 10px;\" align=\"left\" class=\"alignnone wp-image-616 size-thumbnail\" src=\"https:\/\/harrobia.net\/wp-content\/uploads\/2019\/09\/taldesport-logo-1.jpg\" alt=\"Taldesport\" width=\"277\" height=\"139\" \/><br \/><\/a><\/p>\n<ul style=\"margin-left: 350px;\">\n<li>Gesti\u00f3n integral de instalaciones deportivas.<\/li>\n<li>Prestaci\u00f3n de servicios deportivos.<\/li>\n<li>Organizaci\u00f3n de eventos.<\/li>\n<\/ul>\n<div style=\"clear: both;\"><\/div>\n<hr style=\"margin: 40px 0;\" \/>\n<h3 style=\"margin-top: 40px;\"><a href=\"https:\/\/www.begi-bistan.com\/\" target=\"_blank\" rel=\"noopener noreferrer\">Begi Bistan<\/a><\/h3>\n<p><a href=\"https:\/\/harrobia.net\/wp-content\/uploads\/2026\/01\/Begi-Bistan.png\" data-slb-active=\"1\"><br \/><img loading=\"lazy\" decoding=\"async\" style=\"margin-right: 20px; margin-bottom: 10px;\" align=\"left\" class=\"alignnone size-thumbnail\" src=\"https:\/\/harrobia.net\/wp-content\/uploads\/2026\/01\/Begi-Bistan.png\" alt=\"Begi Bistan\" width=\"277\" height=\"139\" \/><br \/><\/a><\/p>\n<ul style=\"margin-left: 350px;\">\n<li>Proyectos vinculados a la visi\u00f3n y la inclusi\u00f3n.<\/li>\n<li>Acciones de sensibilizaci\u00f3n y educativas.<\/li>\n<li>Iniciativas centradas en el bienestar de las personas.<\/li>\n<\/ul>\n<div style=\"clear: both;\"><\/div>\n<hr style=\"margin: 40px 0;\" \/>\n<h3 style=\"margin-top: 40px;\"><a href=\"https:\/\/www.escueladesurfsopelana.com\/\" target=\"_blank\" rel=\"noopener noreferrer\">Pe\u00f1a Txuri Surf Eskola<\/a><\/h3>\n<p><a href=\"https:\/\/harrobia.net\/wp-content\/uploads\/2026\/01\/Pena-Txuri-Suf-Eskola.png\" data-slb-active=\"1\"><br \/><img loading=\"lazy\" decoding=\"async\" style=\"margin-right: 20px; margin-bottom: 10px;\" align=\"left\" class=\"alignnone size-thumbnail\" src=\"https:\/\/harrobia.net\/wp-content\/uploads\/2026\/01\/Pena-Txuri-Suf-Eskola.png\" alt=\"Pe\u00f1a Txuri Surf Eskola\" width=\"277\" height=\"139\" \/><br \/><\/a><\/p>\n<ul style=\"margin-left: 350px;\">\n<li>Cursos de surf para todos los niveles.<\/li>\n<li>Actividades deportivas y de ocio en el entorno marino.<\/li>\n<li>Valores y relaci\u00f3n respetuosa con el mar.<\/li>\n<\/ul>\n<div style=\"clear: both;\"><\/div>\n<hr style=\"margin: 40px 0;\" \/>\n<h3 style=\"margin-top: 40px;\"><a href=\"https:\/\/crossfit.eus\/urquijo\/\" target=\"_blank\" rel=\"noopener noreferrer\">CrossFit Urquijo<\/a><\/h3>\n<p><a href=\"https:\/\/harrobia.net\/wp-content\/uploads\/2026\/01\/Crossfit-Urquijo.png\" data-slb-active=\"1\"><br \/><img loading=\"lazy\" decoding=\"async\" style=\"margin-right: 20px; margin-bottom: 10px;\" align=\"left\" class=\"alignnone size-thumbnail\" src=\"https:\/\/harrobia.net\/wp-content\/uploads\/2026\/01\/Crossfit-Urquijo.png\" alt=\"CrossFit Urquijo\" width=\"277\" height=\"139\" \/><br \/><\/a><\/p>\n<ul style=\"margin-left: 350px;\">\n<li>Entrenamiento funcional y mejora del rendimiento.<\/li>\n<li>Programas orientados a la salud y la fuerza f\u00edsica.<\/li>\n<li>Entrenamientos en grupo y comunidad.<\/li>\n<\/ul>\n<div style=\"clear: both;\"><\/div>\n<hr style=\"margin: 40px 0;\" \/>\n<h3 style=\"margin-top: 40px;\"><a href=\"https:\/\/www.curves.eu\/es\/gimnasio-mujeres\/other\/bilbao\/\" target=\"_blank\" rel=\"noopener noreferrer\">Curves<\/a><\/h3>\n<p><a href=\"https:\/\/harrobia.net\/wp-content\/uploads\/2026\/01\/Curves-1.png\" data-slb-active=\"1\"><br \/><img loading=\"lazy\" decoding=\"async\" style=\"margin-right: 20px; margin-bottom: 10px;\" align=\"left\" class=\"alignnone size-thumbnail\" src=\"https:\/\/harrobia.net\/wp-content\/uploads\/2026\/01\/Curves-1.png\" alt=\"Curves\" width=\"277\" height=\"139\" \/><br \/><\/a><\/p>\n<ul style=\"margin-left: 350px;\">\n<li>Centro de entrenamiento especializado para mujeres.<\/li>\n<li>Salud, bienestar y actividad f\u00edsica.<\/li>\n<li>Programas personalizados.<\/li>\n<\/ul>\n<div style=\"clear: both;\"><\/div>\n<hr style=\"margin: 40px 0;\" \/>\n<h3 style=\"margin-top: 40px;\"><a href=\"https:\/\/banuetakiroldegia.eus\/eu\/\" target=\"_blank\" rel=\"noopener noreferrer\">Ba\u00f1ueta<\/a><\/h3>\n<p><a href=\"https:\/\/harrobia.net\/wp-content\/uploads\/2026\/01\/Banueta.png\" data-slb-active=\"1\"><br \/><img loading=\"lazy\" decoding=\"async\" style=\"margin-right: 20px; margin-bottom: 10px;\" align=\"left\" class=\"alignnone size-thumbnail\" src=\"https:\/\/harrobia.net\/wp-content\/uploads\/2026\/01\/Banueta.png\" alt=\"Ba\u00f1ueta\" width=\"277\" height=\"139\" \/><br \/><\/a><\/p>\n<ul style=\"margin-left: 350px;\">\n<li>Gesti\u00f3n y uso de instalaciones deportivas.<\/li>\n<li>Servicios vinculados a la actividad f\u00edsica y la salud.<\/li>\n<li>Oferta deportiva dirigida a la ciudadan\u00eda.<\/li>\n<\/ul>\n<div style=\"clear: both;\"><\/div>\n<hr style=\"margin: 40px 0;\" \/>\n<h3 style=\"margin-top: 40px;\"><a href=\"https:\/\/www.xakerkirola.com\/index.php\/es\/\" target=\"_blank\" rel=\"noopener noreferrer\">Xaker<\/a><\/h3>\n<p><a href=\"https:\/\/harrobia.net\/wp-content\/uploads\/2026\/01\/Xaker.png\" data-slb-active=\"1\"><br \/><img loading=\"lazy\" decoding=\"async\" style=\"margin-right: 20px; margin-bottom: 10px;\" align=\"left\" class=\"alignnone size-thumbnail\" src=\"https:\/\/harrobia.net\/wp-content\/uploads\/2026\/01\/Xaker.png\" alt=\"Xaker\" width=\"277\" height=\"139\" \/><br \/><\/a><\/p>\n<ul style=\"margin-left: 350px;\">\n<li>Organizaci\u00f3n y dinamizaci\u00f3n de servicios deportivos.<\/li>\n<li>Actividades deportivas y programas de ocio.<\/li>\n<li>Proyectos vinculados al \u00e1mbito educativo y comunitario.<\/li>\n<\/ul>\n<div style=\"clear: both;\"><\/div>\n<hr style=\"margin: 40px 0;\" \/>\n<h3 style=\"margin-top: 40px;\"><a href=\"https:\/\/gimnasiosbody-gym.com\/\" target=\"_blank\" rel=\"noopener noreferrer\">Body Gym<\/a><\/h3>\n<p><a href=\"https:\/\/harrobia.net\/wp-content\/uploads\/2026\/01\/Body-Gym.png\" data-slb-active=\"1\"><br \/><img loading=\"lazy\" decoding=\"async\" style=\"margin-right: 20px; margin-bottom: 10px;\" align=\"left\" class=\"alignnone size-thumbnail\" src=\"https:\/\/harrobia.net\/wp-content\/uploads\/2026\/01\/Body-Gym.png\" alt=\"Body Gym\" width=\"277\" height=\"139\" \/><br \/><\/a><\/p>\n<ul style=\"margin-left: 350px;\">\n<li>Servicios de entrenamiento f\u00edsico.<\/li>\n<li>Programas orientados a la salud y el bienestar.<\/li>\n<li>Promoci\u00f3n de la actividad f\u00edsica en el d\u00eda a d\u00eda.<\/li>\n<\/ul>\n<div style=\"clear: both;\"><\/div>\n<hr style=\"margin: 40px 0;\" \/>\n<h3 style=\"margin-top: 40px;\"><a href=\"https:\/\/www.lauroikastola.eus\/es\/\" target=\"_blank\" rel=\"noopener noreferrer\">Lauro Ikastola<\/a><\/h3>\n<p><a href=\"https:\/\/harrobia.net\/wp-content\/uploads\/2026\/01\/Lauro-Ikastola.png\" data-slb-active=\"1\"><br \/><img loading=\"lazy\" decoding=\"async\" style=\"margin-right: 20px; margin-bottom: 10px;\" align=\"left\" class=\"alignnone size-thumbnail\" src=\"https:\/\/harrobia.net\/wp-content\/uploads\/2026\/01\/Lauro-Ikastola.png\" alt=\"Lauro Ikastola\" width=\"277\" height=\"139\" \/><br \/><\/a><\/p>\n<ul style=\"margin-left: 350px;\">\n<li>Proyecto educativo integral.<\/li>\n<li>Aprendizaje basado en valores y comunidad.<\/li>\n<li>Entorno educativo seguro y participativo.<\/li>\n<\/ul>\n<div style=\"clear: both;\"><\/div>\n<hr style=\"margin: 40px 0;\" \/>\n<h3 style=\"margin-top: 40px;\"><a href=\"http:\/\/www.cnmenditxo.com\/\" target=\"_blank\" rel=\"noopener noreferrer\">Club de Nataci\u00f3n Menditxo<\/a><\/h3>\n<p><a href=\"https:\/\/harrobia.net\/wp-content\/uploads\/2026\/01\/Club-Natacion-Menditxo.png\" data-slb-active=\"1\"><br \/><img loading=\"lazy\" decoding=\"async\" style=\"margin-right: 20px; margin-bottom: 10px;\" align=\"left\" class=\"alignnone size-thumbnail\" src=\"https:\/\/harrobia.net\/wp-content\/uploads\/2026\/01\/Club-Natacion-Menditxo.png\" alt=\"Club de Nataci\u00f3n Menditxo\" width=\"277\" height=\"139\" \/><br \/><\/a><\/p>\n<ul style=\"margin-left: 350px;\">\n<li>Ense\u00f1anza y pr\u00e1ctica de la nataci\u00f3n.<\/li>\n<li>Formaci\u00f3n deportiva y preparaci\u00f3n para la competici\u00f3n.<\/li>\n<li>Actividades deportivas para infancia y juventud.<\/li>\n<\/ul>\n<div style=\"clear: both;\"><\/div>\n<hr style=\"margin: 40px 0;\" \/>\n<h3 style=\"margin-top: 40px;\"><a href=\"https:\/\/guedan.com\/\" target=\"_blank\" rel=\"noopener noreferrer\">Guedan<\/a><\/h3>\n<p><a href=\"https:\/\/harrobia.net\/wp-content\/uploads\/2026\/01\/Guedan.png\" data-slb-active=\"1\"><br \/><img loading=\"lazy\" decoding=\"async\" style=\"margin-right: 20px; margin-bottom: 10px;\" align=\"left\" class=\"alignnone size-thumbnail\" src=\"https:\/\/harrobia.net\/wp-content\/uploads\/2026\/01\/Guedan.png\" alt=\"Guedan\" width=\"277\" height=\"139\" \/><br \/><\/a><\/p>\n<ul style=\"margin-left: 350px;\">\n<li>Servicios vinculados a la actividad f\u00edsica y el deporte.<\/li>\n<li>Formaci\u00f3n y acompa\u00f1amiento profesional.<\/li>\n<li>Soluciones dirigidas a entidades y personas.<\/li>\n<\/ul>\n<div style=\"clear: both;\"><\/div>\n<p>[\/et_pb_tab][\/et_pb_tabs][\/et_pb_column_inner][\/et_pb_row_inner][\/et_pb_column][et_pb_column type=\u00bb1_4&#8243; _builder_version=\u00bb4.16&#8243; custom_padding=\u00bb|||\u00bb global_colors_info=\u00bb{}\u00bb custom_padding__hover=\u00bb|||\u00bb][et_pb_sidebar area=\u00bbet_pb_widget_area_7&#8243; show_border=\u00bboff\u00bb _builder_version=\u00bb4.16&#8243; header_font=\u00bb||||||||\u00bb header_font_size=\u00bb25px\u00bb body_font=\u00bb||||||||\u00bb body_font_size=\u00bb13px\u00bb global_colors_info=\u00bb{}\u00bb][\/et_pb_sidebar][\/et_pb_column][\/et_pb_section]<\/p>\n<span class=\"et_bloom_bottom_trigger\"><\/span>","protected":false},"excerpt":{"rendered":"<p>Formaci\u00f3n a medida financiada por FUNDAE En Harrobia Ikastola desarrollamos formaci\u00f3n a medida para empresas, adaptada a sus necesidades reales y orientada a la mejora de las competencias profesionales de sus equipos. Estas acciones formativas pueden llevarse a cabo con el apoyo de FUNDAE\u00a0(Fundaci\u00f3n Estatal para la Formaci\u00f3n en el Empleo), facilitando el acceso a [&hellip;]<\/p>\n","protected":false},"author":6,"featured_media":0,"parent":203,"menu_order":0,"comment_status":"closed","ping_status":"closed","template":"","meta":{"_acf_changed":false,"_et_pb_use_builder":"on","_et_pb_old_content":"","_et_gb_content_width":"","_joinchat":[],"footnotes":""},"class_list":["post-24651","page","type-page","status-publish","hentry"],"acf":[],"yoast_head":"<!-- This site is optimized with the Yoast SEO plugin v27.3 - https:\/\/yoast.com\/product\/yoast-seo-wordpress\/ -->\n<title>Formaci\u00f3n a medida-Fundae - Harrobia | Lanbide heziketa Bizkaian<\/title>\n<meta name=\"robots\" content=\"index, follow, max-snippet:-1, max-image-preview:large, max-video-preview:-1\" \/>\n<link rel=\"canonical\" href=\"https:\/\/harrobia.net\/enpresak\/formazioa-neurrira-fundae\/\" \/>\n<meta property=\"og:locale\" content=\"es_ES\" \/>\n<meta property=\"og:type\" content=\"article\" \/>\n<meta property=\"og:title\" content=\"Formaci\u00f3n a medida-Fundae - Harrobia | Lanbide heziketa Bizkaian\" \/>\n<meta property=\"og:url\" content=\"https:\/\/harrobia.net\/enpresak\/formazioa-neurrira-fundae\/\" \/>\n<meta property=\"og:site_name\" content=\"Harrobia Ikastola\" \/>\n<meta property=\"article:publisher\" content=\"https:\/\/www.facebook.com\/HarrobiaIkastola\" \/>\n<meta property=\"article:modified_time\" content=\"2026-01-19T15:32:26+00:00\" \/>\n<meta property=\"og:image\" content=\"https:\/\/harrobia.net\/wp-content\/uploads\/2021\/03\/FUNDAE.png\" \/>\n\t<meta property=\"og:image:width\" content=\"564\" \/>\n\t<meta property=\"og:image:height\" content=\"89\" \/>\n\t<meta property=\"og:image:type\" content=\"image\/png\" \/>\n<meta name=\"twitter:card\" content=\"summary_large_image\" \/>\n<meta name=\"twitter:site\" content=\"@harrobiaikas\" \/>\n<meta name=\"twitter:label1\" content=\"Tiempo de lectura\" \/>\n\t<meta name=\"twitter:data1\" content=\"4 minutos\" \/>\n<script type=\"application\/ld+json\" class=\"yoast-schema-graph\">{\"@context\":\"https:\\\/\\\/schema.org\",\"@graph\":[{\"@type\":\"WebPage\",\"@id\":\"https:\\\/\\\/harrobia.net\\\/enpresak\\\/formazioa-neurrira-fundae\\\/\",\"url\":\"https:\\\/\\\/harrobia.net\\\/enpresak\\\/formazioa-neurrira-fundae\\\/\",\"name\":\"Formaci\u00f3n a medida-Fundae - Harrobia | Lanbide heziketa Bizkaian\",\"isPartOf\":{\"@id\":\"https:\\\/\\\/harrobia.net\\\/#website\"},\"primaryImageOfPage\":{\"@id\":\"https:\\\/\\\/harrobia.net\\\/enpresak\\\/formazioa-neurrira-fundae\\\/#primaryimage\"},\"image\":{\"@id\":\"https:\\\/\\\/harrobia.net\\\/enpresak\\\/formazioa-neurrira-fundae\\\/#primaryimage\"},\"thumbnailUrl\":\"https:\\\/\\\/harrobia.net\\\/wp-content\\\/uploads\\\/2021\\\/03\\\/FUNDAE-300x47.png\",\"datePublished\":\"2019-09-05T09:20:52+00:00\",\"dateModified\":\"2026-01-19T15:32:26+00:00\",\"breadcrumb\":{\"@id\":\"https:\\\/\\\/harrobia.net\\\/enpresak\\\/formazioa-neurrira-fundae\\\/#breadcrumb\"},\"inLanguage\":\"es\",\"potentialAction\":[{\"@type\":\"ReadAction\",\"target\":[\"https:\\\/\\\/harrobia.net\\\/enpresak\\\/formazioa-neurrira-fundae\\\/\"]}]},{\"@type\":\"ImageObject\",\"inLanguage\":\"es\",\"@id\":\"https:\\\/\\\/harrobia.net\\\/enpresak\\\/formazioa-neurrira-fundae\\\/#primaryimage\",\"url\":\"https:\\\/\\\/harrobia.net\\\/wp-content\\\/uploads\\\/2021\\\/03\\\/FUNDAE-300x47.png\",\"contentUrl\":\"https:\\\/\\\/harrobia.net\\\/wp-content\\\/uploads\\\/2021\\\/03\\\/FUNDAE-300x47.png\"},{\"@type\":\"BreadcrumbList\",\"@id\":\"https:\\\/\\\/harrobia.net\\\/enpresak\\\/formazioa-neurrira-fundae\\\/#breadcrumb\",\"itemListElement\":[{\"@type\":\"ListItem\",\"position\":1,\"name\":\"Home\",\"item\":\"https:\\\/\\\/harrobia.net\\\/es\\\/\"},{\"@type\":\"ListItem\",\"position\":2,\"name\":\"Empresas\",\"item\":\"https:\\\/\\\/harrobia.net\\\/enpresak\\\/\"},{\"@type\":\"ListItem\",\"position\":3,\"name\":\"Formaci\u00f3n a medida-Fundae\"}]},{\"@type\":\"WebSite\",\"@id\":\"https:\\\/\\\/harrobia.net\\\/#website\",\"url\":\"https:\\\/\\\/harrobia.net\\\/\",\"name\":\"Harrobia Ikastola\",\"description\":\"Harrobia Lanbide Heziketaren Ikastola\",\"publisher\":{\"@id\":\"https:\\\/\\\/harrobia.net\\\/#organization\"},\"potentialAction\":[{\"@type\":\"SearchAction\",\"target\":{\"@type\":\"EntryPoint\",\"urlTemplate\":\"https:\\\/\\\/harrobia.net\\\/?s={search_term_string}\"},\"query-input\":{\"@type\":\"PropertyValueSpecification\",\"valueRequired\":true,\"valueName\":\"search_term_string\"}}],\"inLanguage\":\"es\"},{\"@type\":\"Organization\",\"@id\":\"https:\\\/\\\/harrobia.net\\\/#organization\",\"name\":\"Harrobia Ikastola\",\"url\":\"https:\\\/\\\/harrobia.net\\\/\",\"logo\":{\"@type\":\"ImageObject\",\"inLanguage\":\"es\",\"@id\":\"https:\\\/\\\/harrobia.net\\\/#\\\/schema\\\/logo\\\/image\\\/\",\"url\":\"https:\\\/\\\/harrobia.net\\\/wp-content\\\/uploads\\\/2014\\\/07\\\/harrobia.png\",\"contentUrl\":\"https:\\\/\\\/harrobia.net\\\/wp-content\\\/uploads\\\/2014\\\/07\\\/harrobia.png\",\"width\":256,\"height\":71,\"caption\":\"Harrobia Ikastola\"},\"image\":{\"@id\":\"https:\\\/\\\/harrobia.net\\\/#\\\/schema\\\/logo\\\/image\\\/\"},\"sameAs\":[\"https:\\\/\\\/www.facebook.com\\\/HarrobiaIkastola\",\"https:\\\/\\\/x.com\\\/harrobiaikas\",\"https:\\\/\\\/www.instagram.com\\\/harrobiaikastola\",\"https:\\\/\\\/www.youtube.com\\\/user\\\/IbarezkerraBilbo\"]}]}<\/script>\n<!-- \/ Yoast SEO plugin. -->","yoast_head_json":{"title":"Formaci\u00f3n a medida-Fundae - Harrobia | Lanbide heziketa Bizkaian","robots":{"index":"index","follow":"follow","max-snippet":"max-snippet:-1","max-image-preview":"max-image-preview:large","max-video-preview":"max-video-preview:-1"},"canonical":"https:\/\/harrobia.net\/enpresak\/formazioa-neurrira-fundae\/","og_locale":"es_ES","og_type":"article","og_title":"Formaci\u00f3n a medida-Fundae - Harrobia | Lanbide heziketa Bizkaian","og_url":"https:\/\/harrobia.net\/enpresak\/formazioa-neurrira-fundae\/","og_site_name":"Harrobia Ikastola","article_publisher":"https:\/\/www.facebook.com\/HarrobiaIkastola","article_modified_time":"2026-01-19T15:32:26+00:00","og_image":[{"width":564,"height":89,"url":"https:\/\/harrobia.net\/wp-content\/uploads\/2021\/03\/FUNDAE.png","type":"image\/png"}],"twitter_card":"summary_large_image","twitter_site":"@harrobiaikas","twitter_misc":{"Tiempo de lectura":"4 minutos"},"schema":{"@context":"https:\/\/schema.org","@graph":[{"@type":"WebPage","@id":"https:\/\/harrobia.net\/enpresak\/formazioa-neurrira-fundae\/","url":"https:\/\/harrobia.net\/enpresak\/formazioa-neurrira-fundae\/","name":"Formaci\u00f3n a medida-Fundae - Harrobia | Lanbide heziketa Bizkaian","isPartOf":{"@id":"https:\/\/harrobia.net\/#website"},"primaryImageOfPage":{"@id":"https:\/\/harrobia.net\/enpresak\/formazioa-neurrira-fundae\/#primaryimage"},"image":{"@id":"https:\/\/harrobia.net\/enpresak\/formazioa-neurrira-fundae\/#primaryimage"},"thumbnailUrl":"https:\/\/harrobia.net\/wp-content\/uploads\/2021\/03\/FUNDAE-300x47.png","datePublished":"2019-09-05T09:20:52+00:00","dateModified":"2026-01-19T15:32:26+00:00","breadcrumb":{"@id":"https:\/\/harrobia.net\/enpresak\/formazioa-neurrira-fundae\/#breadcrumb"},"inLanguage":"es","potentialAction":[{"@type":"ReadAction","target":["https:\/\/harrobia.net\/enpresak\/formazioa-neurrira-fundae\/"]}]},{"@type":"ImageObject","inLanguage":"es","@id":"https:\/\/harrobia.net\/enpresak\/formazioa-neurrira-fundae\/#primaryimage","url":"https:\/\/harrobia.net\/wp-content\/uploads\/2021\/03\/FUNDAE-300x47.png","contentUrl":"https:\/\/harrobia.net\/wp-content\/uploads\/2021\/03\/FUNDAE-300x47.png"},{"@type":"BreadcrumbList","@id":"https:\/\/harrobia.net\/enpresak\/formazioa-neurrira-fundae\/#breadcrumb","itemListElement":[{"@type":"ListItem","position":1,"name":"Home","item":"https:\/\/harrobia.net\/es\/"},{"@type":"ListItem","position":2,"name":"Empresas","item":"https:\/\/harrobia.net\/enpresak\/"},{"@type":"ListItem","position":3,"name":"Formaci\u00f3n a medida-Fundae"}]},{"@type":"WebSite","@id":"https:\/\/harrobia.net\/#website","url":"https:\/\/harrobia.net\/","name":"Harrobia Ikastola","description":"Harrobia Lanbide Heziketaren Ikastola","publisher":{"@id":"https:\/\/harrobia.net\/#organization"},"potentialAction":[{"@type":"SearchAction","target":{"@type":"EntryPoint","urlTemplate":"https:\/\/harrobia.net\/?s={search_term_string}"},"query-input":{"@type":"PropertyValueSpecification","valueRequired":true,"valueName":"search_term_string"}}],"inLanguage":"es"},{"@type":"Organization","@id":"https:\/\/harrobia.net\/#organization","name":"Harrobia Ikastola","url":"https:\/\/harrobia.net\/","logo":{"@type":"ImageObject","inLanguage":"es","@id":"https:\/\/harrobia.net\/#\/schema\/logo\/image\/","url":"https:\/\/harrobia.net\/wp-content\/uploads\/2014\/07\/harrobia.png","contentUrl":"https:\/\/harrobia.net\/wp-content\/uploads\/2014\/07\/harrobia.png","width":256,"height":71,"caption":"Harrobia Ikastola"},"image":{"@id":"https:\/\/harrobia.net\/#\/schema\/logo\/image\/"},"sameAs":["https:\/\/www.facebook.com\/HarrobiaIkastola","https:\/\/x.com\/harrobiaikas","https:\/\/www.instagram.com\/harrobiaikastola","https:\/\/www.youtube.com\/user\/IbarezkerraBilbo"]}]}},"jetpack_sharing_enabled":true,"_links":{"self":[{"href":"https:\/\/harrobia.net\/es\/wp-json\/wp\/v2\/pages\/24651","targetHints":{"allow":["GET"]}}],"collection":[{"href":"https:\/\/harrobia.net\/es\/wp-json\/wp\/v2\/pages"}],"about":[{"href":"https:\/\/harrobia.net\/es\/wp-json\/wp\/v2\/types\/page"}],"author":[{"embeddable":true,"href":"https:\/\/harrobia.net\/es\/wp-json\/wp\/v2\/users\/6"}],"replies":[{"embeddable":true,"href":"https:\/\/harrobia.net\/es\/wp-json\/wp\/v2\/comments?post=24651"}],"version-history":[{"count":3,"href":"https:\/\/harrobia.net\/es\/wp-json\/wp\/v2\/pages\/24651\/revisions"}],"predecessor-version":[{"id":57513,"href":"https:\/\/harrobia.net\/es\/wp-json\/wp\/v2\/pages\/24651\/revisions\/57513"}],"up":[{"embeddable":true,"href":"https:\/\/harrobia.net\/es\/wp-json\/wp\/v2\/pages\/203"}],"wp:attachment":[{"href":"https:\/\/harrobia.net\/es\/wp-json\/wp\/v2\/media?parent=24651"}],"curies":[{"name":"wp","href":"https:\/\/api.w.org\/{rel}","templated":true}]}}