{"id":207,"date":"2012-05-08T11:02:14","date_gmt":"2012-05-08T10:02:14","guid":{"rendered":"http:\/\/harrobia.net\/?page_id=207"},"modified":"2019-05-03T09:35:12","modified_gmt":"2019-05-03T07:35:12","slug":"competencias-de-los-alumnos","status":"publish","type":"page","link":"https:\/\/harrobia.net\/es\/empresas\/competencias-de-los-alumnos\/","title":{"rendered":"Competencias de los alumnos"},"content":{"rendered":"<p>[et_pb_section fb_built=\u00bb1&#8243; _builder_version=\u00bb3.22.3&#8243; background_color=\u00bbrgba(171,206,227,0.15)\u00bb custom_padding=\u00bb30px|0px|30px|0px|false|false\u00bb][et_pb_row custom_padding=\u00bb0|0px|0|0px|false|false\u00bb _builder_version=\u00bb3.22.3&#8243;][et_pb_column type=\u00bb4_4&#8243; _builder_version=\u00bb3.21.1&#8243;][et_pb_dcsbcm_divi_breadcrumbs_module hide_homebreadcrumb=\u00bboff\u00bb homebreadcrumbtext=\u00bb<i class=%22fas fa-school%22><\/i> Hasiera\u00bb separator=\u00bbsep-raquo\u00bb _builder_version=\u00bb3.21.1&#8243; fontsbreadcrumbs_font=\u00bb||||||||\u00bb fontsbreadcrumbs_text_color=\u00bb#666666&#8243; fontsseperator_font=\u00bb||||||||\u00bb fontsseperator_text_color=\u00bb#003f7a\u00bb fontsbreadcrumblinks_font=\u00bb||||||||\u00bb fontsbreadcrumblinks_text_color=\u00bb#003f7a\u00bb][\/et_pb_dcsbcm_divi_breadcrumbs_module][\/et_pb_column][\/et_pb_row][\/et_pb_section][et_pb_section fb_built=\u00bb1&#8243; _builder_version=\u00bb3.22.3&#8243; background_color=\u00bbrgba(171,206,227,0.15)\u00bb custom_padding=\u00bb0|0px|54px|0px|false|false\u00bb][et_pb_row custom_padding=\u00bb30px|15px|30px|15px|false|false\u00bb make_equal=\u00bbon\u00bb _builder_version=\u00bb3.22.3&#8243; background_color=\u00bb#ffffff\u00bb box_shadow_style=\u00bbpreset2&#8243;][et_pb_column type=\u00bb4_4&#8243; _builder_version=\u00bb3.21.1&#8243;][et_pb_post_title meta=\u00bboff\u00bb featured_image=\u00bboff\u00bb _builder_version=\u00bb3.21.1&#8243; title_font=\u00bb||||||||\u00bb title_font_size=\u00bb35px\u00bb meta_font=\u00bb||||||||\u00bb border_width_bottom=\u00bb1px\u00bb border_color_bottom=\u00bb#003f7a\u00bb max_width=\u00bb50%\u00bb][\/et_pb_post_title][et_pb_text _builder_version=\u00bb3.22.6&#8243;]<\/p>\n<h2>NUESTRO ALUMNADO TIENE LAS SIGUIENTES COMPETENCIAS:<\/h2>\n<h2>INFORM\u00c1TICA<\/h2>\n<ul>\n<li>Capacidad para montar y mantener equipos inform\u00e1ticos, componentes y perif\u00e9ricos.<\/li>\n<li>Capacidad para instalar y explotar sistemas operativos monopuesto y en red (entornos GNU\/LINUX y Windows).<\/li>\n<li>Conoce los fundamentos b\u00e1sicos de programaci\u00f3n en C.<\/li>\n<li>Capacidad para instalar y configurar aplicaciones web (HTML, Joomla!, Coppermine, Moodle, Google Docs, WordPress).<\/li>\n<li>Capacidad para instalar y mantener servicios de redes locales en peque\u00f1os entornos (cableado, racks, proxys, cortafuegos, puntos de acceso).<\/li>\n<li>Capacidad para instalar y mantener servicios de Internet (directorio activo, DNS, DHCP, Terminal Server, IIS, correo).<\/li>\n<li>Capacidad para instalar, explotar y solucionar incidencias de aplicaciones inform\u00e1ticas (tratamiento de textos, hojas de c\u00e1lculo, manipulaci\u00f3n de im\u00e1genes, v\u00eddeo, presentaciones multimedia y gesti\u00f3n de correo).<\/li>\n<li>Conoce los fundamentos para dise\u00f1ar y gestionar bases de datos en entornos ORACLE \/ ACCESS \/ etc.<\/li>\n<li>Capacidad para implantar medidas de seguridad en sistemas inform\u00e1ticos.<\/li>\n<li>Capacidad para trabajar con seguridad en la empresa.<\/li>\n<li>Capacidad para trabajar manuales t\u00e9cnicos en ingl\u00e9s.<\/li>\n<\/ul>\n<h2>DEPORTES<\/h2>\n<ul>\n<li>Socorrista acu\u00e1tico y primeros auxilios y utilizaci\u00f3n de desfibrilador (acreditaci\u00f3n oficial).<\/li>\n<li>Capacidad para impartir clases y entrenamiento de iniciaci\u00f3n a la nataci\u00f3n.<\/li>\n<li>Capacidades b\u00e1sicas para llevar a cabo actividades dirigidas (aerobic-step, fit pump, 3\u00aa edad, pilates, acuafitness, fitball, bosu, spinning, etc.).<\/li>\n<li>Conoce las t\u00e9cnicas b\u00e1sicas de seguridad para las actividades en el medio natural (rapel, aseguramientos en top-rope, orientazioa, conducci\u00f3n grupos,..).<\/li>\n<li>Capacidad para atender un sala de fitness y musculaci\u00f3n.<\/li>\n<li>Tiene las bases para llevar la preparaci\u00f3n fisica de un grupo o de una persona (entrenador personal).<\/li>\n<li>Capacidad para realizar la iniciaci\u00f3n deportiva de deportes colectivos e individuales.<\/li>\n<li>Capacidad para realizar la iniciaci\u00f3n deportiva de deportes de raqueta (tenis y paddle).<\/li>\n<li>Tiene las bases para trabajar con personas con necesidades especiales.<\/li>\n<li>Capacidad para trabajar en programas de animaci\u00f3n de grupos de tercera edad.<\/li>\n<li>Capacidad para dinamizar y coordinar actividades de animaci\u00f3n, ocio y deporte escolar.<\/li>\n<li>Inter\u00e9s por seguir aprendiendo y actualiz\u00e1ndose a trav\u00e9s de estas pr\u00e1cticas y de la formaci\u00f3n continua.<\/li>\n<li>Capacidad para elaborar informes con herramientas inform\u00e1ticas.<\/li>\n<\/ul>\n<p>A esto, y como<span>\u00a0<\/span><strong>valor a\u00f1adido<\/strong><span>\u00a0<\/span>en el servicio que nuestros alumnos y alumnas pudieran prestar a empresas y particulares est\u00e1 la posibilidad de ofrecer<span>\u00a0<\/span><strong>el mismo servicio en euskera<\/strong>.<\/p>\n<p>Adem\u00e1s, los alumnos de Harrobia desarrollan las competencias inherentes a todo puesto de trabajo, como trabajo en equipo, creatividad, iniciativa o proactividad.<\/p>\n<p>[\/et_pb_text][\/et_pb_column][\/et_pb_row][\/et_pb_section]<\/p>\n<span class=\"et_bloom_bottom_trigger\"><\/span>","protected":false},"excerpt":{"rendered":"<p>NUESTRO ALUMNADO TIENE LAS SIGUIENTES COMPETENCIAS: INFORM\u00c1TICA Capacidad para montar y mantener equipos inform\u00e1ticos, componentes y perif\u00e9ricos. Capacidad para instalar y explotar sistemas operativos monopuesto y en red (entornos GNU\/LINUX y Windows). Conoce los fundamentos b\u00e1sicos de programaci\u00f3n en C. Capacidad para instalar y configurar aplicaciones web (HTML, Joomla!, Coppermine, Moodle, Google Docs, WordPress). Capacidad [&hellip;]<\/p>\n","protected":false},"author":6,"featured_media":0,"parent":203,"menu_order":0,"comment_status":"closed","ping_status":"open","template":"","meta":{"_acf_changed":false,"_et_pb_use_builder":"on","_et_pb_old_content":"<h2>GURE IKASLEEK ONDORENGO TREBETASUNAK DITUZTE:<\/h2>\r\n<h2>INFORMATIKAKO IKASLEEK<\/h2>\r\n<ul>\r\n\t<li>Informatika-tresneria, osagarriak eta periferikoak muntatzeko eta mantentzeko gaitasuna.<\/li>\r\n\t<li>Postu bakarreko eta sareko sistema eragileak (GNU\/LINUX eta WINDOWS inguruneak) instalatzeko eta ustiatzeko gaitasuna.<\/li>\r\n\t<li>C programazio lengoaiaren oinarriak ezagutzen ditu.<\/li>\r\n\t<li>Web-aplikazioak (HTML, Joomla!, Coppermine, Moodle, Google Docs, Wordpress) instalatzeko eta konfiguratzeko gaitasuna.<\/li>\r\n\t<li>Ingurune txikietan sare lokalen zerbitzuak (kableatua, rack-ak, proxy-ak, suebakiak, sarbide puntuak) instalatzeko eta mantentzeko gaitasuna.<\/li>\r\n\t<li>Interneteko zerbitzuak (direktorio aktiboa, DNS, DHCP, Terminal Server, IIS, posta) instalatzeko eta mantentzeko gaitasuna.<\/li>\r\n\t<li>Informatika-aplikazioak (testu-prozesatzaileak, kalkulu-orriak, irudiak eta bideoak manipulatzeko programak, multimedia aurkezpenak eta posta-kudeatzaileak) instalatzeko, ustiatzeko eta arazoak konpontzeko gaitasuna.<\/li>\r\n\t<li>Oracle \/ Access \/ eta abarreko inguruneetan datu-baseak diseinatzeko eta kudeatzeko gaitasuna.<\/li>\r\n\t<li>Informatika-sistemetan segurtasun-neurriak ezartzeko gaitasuna.<\/li>\r\n\t<li>Enpresan lana segurtasunez egiteko gaitasuna.<\/li>\r\n\t<li>Ingelesez eskuliburu teknikoak erabiltzeko gaitasuna.<\/li>\r\n<\/ul>\r\n<h2>KIROLEKO IKASLEEK<\/h2>\r\n<ul>\r\n\t<li>Uretako soroslea eta lehenengo laguntzak (akreditazio ofiziala) DEA-KDA prestakuntza.<\/li>\r\n\t<li>Igeriketako irakaskuntza eta entrenamenduko hastapena emateko gaitasuna.<\/li>\r\n\t<li>Ekintza gidatuak (aerobica-stepa, body pumpa, 3.adina, pilatesa, acuafitnessa, fitballa, bosua, spinninga, etab.) aurrera eramateko oinarrizko gaitasuna.<\/li>\r\n\t<li>Natur inguruneko ekintzetarako (rapel, top-ropean aseguramenduak, orientazioa, talde gidatzea,..) oinarrizko segurtasun teknikak erabiltzeko gaitasuna.<\/li>\r\n\t<li>Fitness eta muskulazio aretoetan aritzeko gaitasuna.<\/li>\r\n\t<li>Talde edo pertsona baten prestaketa fisikoa burutzeko oinarrizko ezagutza (entrenatzaile pertsonala).<\/li>\r\n\t<li>Taldeko kirolen eta banakako kirolen hastapena egin eta garatzeko gaitasuna.<\/li>\r\n\t<li>Tenis eta paddelean erraketa kiroletan hastapena egin eta garatzeko gaitasuna.<\/li>\r\n\t<li>Behar bereziak dituzten pertsonekin oinarriak ezagutzak ditu.<\/li>\r\n\t<li>Hirugarren adineko taldeekin animazio eta sustapen programetan lan egiteko gaitasuna.<\/li>\r\n\t<li>Eskola kirola eta aisialdiko ekintzak dinamizatzeko eta kudeatzeko gaitasuna.<\/li>\r\n\t<li>Praktika hauen eta etengabeko prestakuntzaren bidez eta gaurkotzen eta ikasten jarraitzeko interesa.<\/li>\r\n\t<li>Tresna informatikoekin txostena egiteko gaitasuna.<\/li>\r\n<\/ul>\r\nHalaber, eta <strong>balio erantsi<\/strong> bezala aipatu beharra dago gure ikasleek bezeroei eman beharreko zerbitzuak bi hizkuntzetan (gazteleraz eta <strong>euskaraz<\/strong>) eman ahal dituztela.\r\n\r\nGainera, HarrobiaKO ikasleek edozein lani datxekizkiokeen trebetasunak lantzen dituzte, hala nola, talde-lana, sormena, iniziatiba edo proaktibitatea.","_et_gb_content_width":"","_joinchat":[],"footnotes":""},"class_list":["post-207","page","type-page","status-publish","hentry"],"acf":[],"yoast_head":"<!-- This site is optimized with the Yoast SEO plugin v27.3 - https:\/\/yoast.com\/product\/yoast-seo-wordpress\/ -->\n<title>Competencias de los alumnos - Harrobia | Lanbide heziketa Bizkaian<\/title>\n<meta name=\"robots\" content=\"index, follow, max-snippet:-1, max-image-preview:large, max-video-preview:-1\" \/>\n<link rel=\"canonical\" href=\"https:\/\/harrobia.net\/enpresak\/ikasleen-trebetasunak\/\" \/>\n<meta property=\"og:locale\" content=\"es_ES\" \/>\n<meta property=\"og:type\" content=\"article\" \/>\n<meta property=\"og:title\" content=\"Competencias de los alumnos - Harrobia | Lanbide heziketa Bizkaian\" \/>\n<meta property=\"og:url\" content=\"https:\/\/harrobia.net\/enpresak\/ikasleen-trebetasunak\/\" \/>\n<meta property=\"og:site_name\" content=\"Harrobia Ikastola\" \/>\n<meta property=\"article:publisher\" content=\"https:\/\/www.facebook.com\/HarrobiaIkastola\" \/>\n<meta property=\"article:modified_time\" content=\"2019-05-03T07:35:12+00:00\" \/>\n<meta property=\"og:image\" content=\"https:\/\/harrobia.net\/wp-content\/uploads\/2022\/11\/logoa.jpg\" \/>\n\t<meta property=\"og:image:width\" content=\"819\" \/>\n\t<meta property=\"og:image:height\" content=\"303\" \/>\n\t<meta property=\"og:image:type\" content=\"image\/jpeg\" \/>\n<meta name=\"twitter:card\" content=\"summary_large_image\" \/>\n<meta name=\"twitter:site\" content=\"@harrobiaikas\" \/>\n<meta name=\"twitter:label1\" content=\"Tiempo de lectura\" \/>\n\t<meta name=\"twitter:data1\" content=\"3 minutos\" \/>\n<script type=\"application\/ld+json\" class=\"yoast-schema-graph\">{\"@context\":\"https:\\\/\\\/schema.org\",\"@graph\":[{\"@type\":\"WebPage\",\"@id\":\"https:\\\/\\\/harrobia.net\\\/enpresak\\\/ikasleen-trebetasunak\\\/\",\"url\":\"https:\\\/\\\/harrobia.net\\\/enpresak\\\/ikasleen-trebetasunak\\\/\",\"name\":\"Competencias de los alumnos - Harrobia | Lanbide heziketa Bizkaian\",\"isPartOf\":{\"@id\":\"https:\\\/\\\/harrobia.net\\\/#website\"},\"datePublished\":\"2012-05-08T10:02:14+00:00\",\"dateModified\":\"2019-05-03T07:35:12+00:00\",\"breadcrumb\":{\"@id\":\"https:\\\/\\\/harrobia.net\\\/enpresak\\\/ikasleen-trebetasunak\\\/#breadcrumb\"},\"inLanguage\":\"es\",\"potentialAction\":[{\"@type\":\"ReadAction\",\"target\":[\"https:\\\/\\\/harrobia.net\\\/enpresak\\\/ikasleen-trebetasunak\\\/\"]}]},{\"@type\":\"BreadcrumbList\",\"@id\":\"https:\\\/\\\/harrobia.net\\\/enpresak\\\/ikasleen-trebetasunak\\\/#breadcrumb\",\"itemListElement\":[{\"@type\":\"ListItem\",\"position\":1,\"name\":\"Home\",\"item\":\"https:\\\/\\\/harrobia.net\\\/\"},{\"@type\":\"ListItem\",\"position\":2,\"name\":\"Empresas\",\"item\":\"https:\\\/\\\/harrobia.net\\\/enpresak\\\/\"},{\"@type\":\"ListItem\",\"position\":3,\"name\":\"Competencias de los alumnos\"}]},{\"@type\":\"WebSite\",\"@id\":\"https:\\\/\\\/harrobia.net\\\/#website\",\"url\":\"https:\\\/\\\/harrobia.net\\\/\",\"name\":\"Harrobia Ikastola\",\"description\":\"Harrobia Lanbide Heziketaren Ikastola\",\"publisher\":{\"@id\":\"https:\\\/\\\/harrobia.net\\\/#organization\"},\"potentialAction\":[{\"@type\":\"SearchAction\",\"target\":{\"@type\":\"EntryPoint\",\"urlTemplate\":\"https:\\\/\\\/harrobia.net\\\/?s={search_term_string}\"},\"query-input\":{\"@type\":\"PropertyValueSpecification\",\"valueRequired\":true,\"valueName\":\"search_term_string\"}}],\"inLanguage\":\"es\"},{\"@type\":\"Organization\",\"@id\":\"https:\\\/\\\/harrobia.net\\\/#organization\",\"name\":\"Harrobia Ikastola\",\"url\":\"https:\\\/\\\/harrobia.net\\\/\",\"logo\":{\"@type\":\"ImageObject\",\"inLanguage\":\"es\",\"@id\":\"https:\\\/\\\/harrobia.net\\\/#\\\/schema\\\/logo\\\/image\\\/\",\"url\":\"https:\\\/\\\/harrobia.net\\\/wp-content\\\/uploads\\\/2014\\\/07\\\/harrobia.png\",\"contentUrl\":\"https:\\\/\\\/harrobia.net\\\/wp-content\\\/uploads\\\/2014\\\/07\\\/harrobia.png\",\"width\":256,\"height\":71,\"caption\":\"Harrobia Ikastola\"},\"image\":{\"@id\":\"https:\\\/\\\/harrobia.net\\\/#\\\/schema\\\/logo\\\/image\\\/\"},\"sameAs\":[\"https:\\\/\\\/www.facebook.com\\\/HarrobiaIkastola\",\"https:\\\/\\\/x.com\\\/harrobiaikas\",\"https:\\\/\\\/www.instagram.com\\\/harrobiaikastola\",\"https:\\\/\\\/www.youtube.com\\\/user\\\/IbarezkerraBilbo\"]}]}<\/script>\n<!-- \/ Yoast SEO plugin. -->","yoast_head_json":{"title":"Competencias de los alumnos - Harrobia | Lanbide heziketa Bizkaian","robots":{"index":"index","follow":"follow","max-snippet":"max-snippet:-1","max-image-preview":"max-image-preview:large","max-video-preview":"max-video-preview:-1"},"canonical":"https:\/\/harrobia.net\/enpresak\/ikasleen-trebetasunak\/","og_locale":"es_ES","og_type":"article","og_title":"Competencias de los alumnos - Harrobia | Lanbide heziketa Bizkaian","og_url":"https:\/\/harrobia.net\/enpresak\/ikasleen-trebetasunak\/","og_site_name":"Harrobia Ikastola","article_publisher":"https:\/\/www.facebook.com\/HarrobiaIkastola","article_modified_time":"2019-05-03T07:35:12+00:00","og_image":[{"width":819,"height":303,"url":"https:\/\/harrobia.net\/wp-content\/uploads\/2022\/11\/logoa.jpg","type":"image\/jpeg"}],"twitter_card":"summary_large_image","twitter_site":"@harrobiaikas","twitter_misc":{"Tiempo de lectura":"3 minutos"},"schema":{"@context":"https:\/\/schema.org","@graph":[{"@type":"WebPage","@id":"https:\/\/harrobia.net\/enpresak\/ikasleen-trebetasunak\/","url":"https:\/\/harrobia.net\/enpresak\/ikasleen-trebetasunak\/","name":"Competencias de los alumnos - Harrobia | Lanbide heziketa Bizkaian","isPartOf":{"@id":"https:\/\/harrobia.net\/#website"},"datePublished":"2012-05-08T10:02:14+00:00","dateModified":"2019-05-03T07:35:12+00:00","breadcrumb":{"@id":"https:\/\/harrobia.net\/enpresak\/ikasleen-trebetasunak\/#breadcrumb"},"inLanguage":"es","potentialAction":[{"@type":"ReadAction","target":["https:\/\/harrobia.net\/enpresak\/ikasleen-trebetasunak\/"]}]},{"@type":"BreadcrumbList","@id":"https:\/\/harrobia.net\/enpresak\/ikasleen-trebetasunak\/#breadcrumb","itemListElement":[{"@type":"ListItem","position":1,"name":"Home","item":"https:\/\/harrobia.net\/"},{"@type":"ListItem","position":2,"name":"Empresas","item":"https:\/\/harrobia.net\/enpresak\/"},{"@type":"ListItem","position":3,"name":"Competencias de los alumnos"}]},{"@type":"WebSite","@id":"https:\/\/harrobia.net\/#website","url":"https:\/\/harrobia.net\/","name":"Harrobia Ikastola","description":"Harrobia Lanbide Heziketaren Ikastola","publisher":{"@id":"https:\/\/harrobia.net\/#organization"},"potentialAction":[{"@type":"SearchAction","target":{"@type":"EntryPoint","urlTemplate":"https:\/\/harrobia.net\/?s={search_term_string}"},"query-input":{"@type":"PropertyValueSpecification","valueRequired":true,"valueName":"search_term_string"}}],"inLanguage":"es"},{"@type":"Organization","@id":"https:\/\/harrobia.net\/#organization","name":"Harrobia Ikastola","url":"https:\/\/harrobia.net\/","logo":{"@type":"ImageObject","inLanguage":"es","@id":"https:\/\/harrobia.net\/#\/schema\/logo\/image\/","url":"https:\/\/harrobia.net\/wp-content\/uploads\/2014\/07\/harrobia.png","contentUrl":"https:\/\/harrobia.net\/wp-content\/uploads\/2014\/07\/harrobia.png","width":256,"height":71,"caption":"Harrobia Ikastola"},"image":{"@id":"https:\/\/harrobia.net\/#\/schema\/logo\/image\/"},"sameAs":["https:\/\/www.facebook.com\/HarrobiaIkastola","https:\/\/x.com\/harrobiaikas","https:\/\/www.instagram.com\/harrobiaikastola","https:\/\/www.youtube.com\/user\/IbarezkerraBilbo"]}]}},"jetpack_sharing_enabled":true,"_links":{"self":[{"href":"https:\/\/harrobia.net\/es\/wp-json\/wp\/v2\/pages\/207","targetHints":{"allow":["GET"]}}],"collection":[{"href":"https:\/\/harrobia.net\/es\/wp-json\/wp\/v2\/pages"}],"about":[{"href":"https:\/\/harrobia.net\/es\/wp-json\/wp\/v2\/types\/page"}],"author":[{"embeddable":true,"href":"https:\/\/harrobia.net\/es\/wp-json\/wp\/v2\/users\/6"}],"replies":[{"embeddable":true,"href":"https:\/\/harrobia.net\/es\/wp-json\/wp\/v2\/comments?post=207"}],"version-history":[{"count":2,"href":"https:\/\/harrobia.net\/es\/wp-json\/wp\/v2\/pages\/207\/revisions"}],"predecessor-version":[{"id":19743,"href":"https:\/\/harrobia.net\/es\/wp-json\/wp\/v2\/pages\/207\/revisions\/19743"}],"up":[{"embeddable":true,"href":"https:\/\/harrobia.net\/es\/wp-json\/wp\/v2\/pages\/203"}],"wp:attachment":[{"href":"https:\/\/harrobia.net\/es\/wp-json\/wp\/v2\/media?parent=207"}],"curies":[{"name":"wp","href":"https:\/\/api.w.org\/{rel}","templated":true}]}}