{"id":19501,"date":"2019-04-09T13:53:20","date_gmt":"2019-04-09T11:53:20","guid":{"rendered":"https:\/\/harrobia.net\/catalogo-de-cursos\/hobetuz-2\/berrikuntza-teknikotik-entrenatzaile-pertsonalera\/"},"modified":"2019-09-26T13:09:23","modified_gmt":"2019-09-26T11:09:23","slug":"innovacion-de-tecnic-a-entrenador-a-personal","status":"publish","type":"page","link":"https:\/\/harrobia.net\/es\/lanbide-personas-trabajadoras\/innovacion-de-tecnic-a-entrenador-a-personal\/","title":{"rendered":"Innovaci\u00f3n: De T\u00e9cnic@ a Entrenador\/a Personal"},"content":{"rendered":"<p>[et_pb_section fb_built=\u00bb1&#8243; _builder_version=\u00bb3.22.3&#8243; background_color=\u00bbrgba(171,206,227,0.15)\u00bb custom_padding=\u00bb30px|0px|30px|0px|false|false\u00bb fb_built=\u00bb1&#8243; _i=\u00bb0&#8243; _address=\u00bb0&#8243;][et_pb_row _builder_version=\u00bb3.25&#8243; custom_padding=\u00bb0|0px|0|0px|false|false\u00bb _i=\u00bb0&#8243; _address=\u00bb0.0&#8243;][et_pb_column type=\u00bb4_4&#8243; _builder_version=\u00bb3.25&#8243; custom_padding=\u00bb|||\u00bb _i=\u00bb0&#8243; _address=\u00bb0.0.0&#8243; custom_padding__hover=\u00bb|||\u00bb][et_pb_dcsbcm_divi_breadcrumbs_module homebreadcrumbtext=\u00bb<i class=%22fas fa-school%22><\/i> Hasiera\u00bb _builder_version=\u00bb3.21.1&#8243; fontsbreadcrumbs_font=\u00bb||||||||\u00bb fontsbreadcrumbs_text_color=\u00bb#666666&#8243; fontsseperator_font=\u00bb||||||||\u00bb fontsseperator_text_color=\u00bb#003f7a\u00bb fontsbreadcrumblinks_font=\u00bb||||||||\u00bb fontsbreadcrumblinks_text_color=\u00bb#003f7a\u00bb _i=\u00bb0&#8243; _address=\u00bb0.0.0.0&#8243;][\/et_pb_dcsbcm_divi_breadcrumbs_module][\/et_pb_column][\/et_pb_row][\/et_pb_section][et_pb_section fb_built=\u00bb1&#8243; specialty=\u00bbon\u00bb background_color_1=\u00bb#ffffff\u00bb background_color_2=\u00bb#ffffff\u00bb padding_right_2=\u00bb15px\u00bb padding_left_2=\u00bb15px\u00bb _builder_version=\u00bb3.22.3&#8243; background_color=\u00bbrgba(171,206,227,0.15)\u00bb custom_padding=\u00bb0||54px||false|false\u00bb fb_built=\u00bb1&#8243; _i=\u00bb1&#8243; _address=\u00bb1&#8243;][et_pb_column type=\u00bb3_4&#8243; specialty_columns=\u00bb3&#8243; _builder_version=\u00bb3.25&#8243; custom_padding=\u00bb|||\u00bb _i=\u00bb0&#8243; _address=\u00bb1.0&#8243; custom_padding__hover=\u00bb|||\u00bb][et_pb_row_inner _builder_version=\u00bb3.25&#8243; background_color=\u00bb#ffffff\u00bb custom_padding=\u00bb25px|15px|0|15px|false|false\u00bb box_shadow_style=\u00bbpreset3&#8243; _i=\u00bb0&#8243; _address=\u00bb1.0.0&#8243;][et_pb_column_inner saved_specialty_column_type=\u00bb3_4&#8243; _builder_version=\u00bb3.25&#8243; custom_padding=\u00bb|||\u00bb _i=\u00bb0&#8243; _address=\u00bb1.0.0.0&#8243; custom_padding__hover=\u00bb|||\u00bb][et_pb_post_title meta=\u00bboff\u00bb featured_image=\u00bboff\u00bb _builder_version=\u00bb3.22.7&#8243; title_font=\u00bb||||||||\u00bb title_font_size=\u00bb35px\u00bb meta_font=\u00bb||||||||\u00bb border_width_bottom=\u00bb1px\u00bb border_color_bottom=\u00bb#003f7a\u00bb _i=\u00bb0&#8243; _address=\u00bb1.0.0.0.0&#8243;][\/et_pb_post_title][et_pb_text _builder_version=\u00bb3.27.4&#8243; text_font=\u00bb||||||||\u00bb header_font=\u00bb||||||||\u00bb header_2_font=\u00bb||||||||\u00bb header_3_font=\u00bb||||||||\u00bb _i=\u00bb1&#8243; _address=\u00bb1.0.0.0.1&#8243;]<\/p>\n<h2>Objetivos:<\/h2>\n<p>Adquirir nuevos recursos que le permitan aumentar su polivalencia en el \u00e1mbito del entrenamiento y la preparaci\u00f3n f\u00edsica, ya sea en la direcci\u00f3n de actividades dirigidas y\/o entrenamientos personales.<\/p>\n<p>[\/et_pb_text][et_pb_text _builder_version=\u00bb3.27.4&#8243; text_font=\u00bb||||||||\u00bb header_font=\u00bb||||||||\u00bb header_2_font=\u00bb||||||||\u00bb header_3_font=\u00bb||||||||\u00bb _i=\u00bb2&#8243; _address=\u00bb1.0.0.0.2&#8243;]<\/p>\n<h2>Contenidos:<\/h2>\n<p>M1. M\u00e9todo recogida informaci\u00f3n: cuestionarios y valoraciones iniciales.<\/p>\n<p>M2. Modulo T\u00e9cnicas\u00a0 Suaves: herramientas consciencia y reeducaci\u00f3n postural, respiraci\u00f3n, \u00a0hipopresivos, t\u00e9cnicas miofasciales,\u00a0 t\u00e9cnicas de activaci\u00f3n y estiramientos por cadenas musculares.<\/p>\n<p>M3. Entrenamiento personal: estructura, objetivos, principio de individualizaci\u00f3n, etc\u2026<\/p>\n<p>M4. Entrenamiento Funcional: estructura, objetivos, din\u00e1mica de grupo, etc\u2026<\/p>\n<p>M5. Ejercicio correctivo: continuum del ejercicio correctivo, progresiones, regresiones, etc\u2026<\/p>\n<p>[\/et_pb_text][\/et_pb_column_inner][\/et_pb_row_inner][et_pb_row_inner _builder_version=\u00bb3.25&#8243; background_color=\u00bb#ffffff\u00bb custom_padding=\u00bb25px|15px|29px|15px|false|false\u00bb box_shadow_style=\u00bbpreset3&#8243; _i=\u00bb1&#8243; _address=\u00bb1.0.1&#8243;][et_pb_column_inner saved_specialty_column_type=\u00bb3_4&#8243; _builder_version=\u00bb3.25&#8243; custom_padding=\u00bb|||\u00bb _i=\u00bb0&#8243; _address=\u00bb1.0.1.0&#8243; custom_padding__hover=\u00bb|||\u00bb][et_pb_button button_url=\u00bbhttp:\/\/apps.lanbide.euskadi.net\/apps\/FR_CURSO_DETALLADO?LG=C&#038;ML=FORMEN1&#038;MS=Fcaa&#038;IDRG=19007965&#038;CTRG=2&#038;ORGN=LG%3DE%7CML%3DFORMEN1%7CMS%3DFca%7CCTRG%3D3%7CPM7%3DHARROBIA%7CORDN%3DFECHA%7CFMES%3D%7CFAMB%3D%7CFMUN%3D%7CSVSG%3DN%7CRG%3D1%7CCL%3D0%7CCH%3D0%7CCI%3D0%7CCO%3D0%7CCP%3D0%7CRP%3D5&#8243; url_new_window=\u00bbon\u00bb button_text=\u00bbPreinscripci\u00f3n\u00bb button_alignment=\u00bbcenter\u00bb _builder_version=\u00bb3.29.3&#8243; custom_button=\u00bbon\u00bb button_text_color=\u00bb#ffffff\u00bb button_bg_color=\u00bb#003f7a\u00bb button_border_width=\u00bb1px\u00bb button_border_color=\u00bb#003f7a\u00bb button_border_radius=\u00bb5px\u00bb button_font=\u00bb||||||||\u00bb button_icon=\u00bb%%75%%\u00bb button_on_hover=\u00bboff\u00bb background_layout=\u00bbdark\u00bb custom_margin=\u00bb|||25px\u00bb animation_style=\u00bbflip\u00bb hover_enabled=\u00bb0&#8243; box_shadow_style=\u00bbpreset1&#8243; box_shadow_color=\u00bb#ffffff\u00bb button_text_color__hover_enabled=\u00bbon\u00bb button_text_color__hover=\u00bb#003f7a\u00bb button_bg_color__hover_enabled=\u00bbon\u00bb button_bg_color__hover=\u00bbrgba(0,63,122,0)\u00bb box_shadow_color__hover_enabled=\u00bbon\u00bb box_shadow_color__hover=\u00bb#a1c9e1&#8243; _i=\u00bb0&#8243; _address=\u00bb1.0.1.0.0&#8243;][\/et_pb_button][\/et_pb_column_inner][\/et_pb_row_inner][\/et_pb_column][et_pb_column type=\u00bb1_4&#8243; _builder_version=\u00bb3.25&#8243; custom_padding=\u00bb|||\u00bb _i=\u00bb1&#8243; _address=\u00bb1.1&#8243; custom_padding__hover=\u00bb|||\u00bb][et_pb_sidebar area=\u00bbet_pb_widget_area_6&#8243; show_border=\u00bboff\u00bb _builder_version=\u00bb3.21.3&#8243; header_font=\u00bb||||||||\u00bb header_font_size=\u00bb25px\u00bb body_font=\u00bb||||||||\u00bb body_font_size=\u00bb13px\u00bb _i=\u00bb0&#8243; _address=\u00bb1.1.0&#8243;][\/et_pb_sidebar][\/et_pb_column][\/et_pb_section]<\/p>\n<span class=\"et_bloom_bottom_trigger\"><\/span>","protected":false},"excerpt":{"rendered":"<p>Objetivos: Adquirir nuevos recursos que le permitan aumentar su polivalencia en el \u00e1mbito del entrenamiento y la preparaci\u00f3n f\u00edsica, ya sea en la direcci\u00f3n de actividades dirigidas y\/o entrenamientos personales.Contenidos: M1. M\u00e9todo recogida informaci\u00f3n: cuestionarios y valoraciones iniciales. M2. Modulo T\u00e9cnicas\u00a0 Suaves: herramientas consciencia y reeducaci\u00f3n postural, respiraci\u00f3n, \u00a0hipopresivos, t\u00e9cnicas miofasciales,\u00a0 t\u00e9cnicas de activaci\u00f3n y [&hellip;]<\/p>\n","protected":false},"author":1,"featured_media":0,"parent":19459,"menu_order":0,"comment_status":"closed","ping_status":"closed","template":"","meta":{"_acf_changed":false,"_et_pb_use_builder":"on","_et_pb_old_content":"","_et_gb_content_width":"","_joinchat":[],"footnotes":""},"class_list":["post-19501","page","type-page","status-publish","hentry"],"acf":[],"yoast_head":"<!-- This site is optimized with the Yoast SEO plugin v27.3 - https:\/\/yoast.com\/product\/yoast-seo-wordpress\/ -->\n<title>Innovaci\u00f3n: De T\u00e9cnic@ a Entrenador\/a Personal - Harrobia | Lanbide heziketa Bizkaian<\/title>\n<meta name=\"robots\" content=\"index, follow, max-snippet:-1, max-image-preview:large, max-video-preview:-1\" \/>\n<link rel=\"canonical\" href=\"https:\/\/harrobia.net\/es\/catalogo-de-cursos__trashed\/lanbide-personas-trabajadoras\/innovacion-de-tecnic-a-entrenador-a-personal\/\" \/>\n<meta property=\"og:locale\" content=\"es_ES\" \/>\n<meta property=\"og:type\" content=\"article\" \/>\n<meta property=\"og:title\" content=\"Innovaci\u00f3n: De T\u00e9cnic@ a Entrenador\/a Personal - Harrobia | Lanbide heziketa Bizkaian\" \/>\n<meta property=\"og:url\" content=\"https:\/\/harrobia.net\/es\/catalogo-de-cursos__trashed\/lanbide-personas-trabajadoras\/innovacion-de-tecnic-a-entrenador-a-personal\/\" \/>\n<meta property=\"og:site_name\" content=\"Harrobia Ikastola\" \/>\n<meta property=\"article:publisher\" content=\"https:\/\/www.facebook.com\/HarrobiaIkastola\" \/>\n<meta property=\"article:modified_time\" content=\"2019-09-26T11:09:23+00:00\" \/>\n<meta property=\"og:image\" content=\"https:\/\/harrobia.net\/wp-content\/uploads\/2022\/11\/logoa.jpg\" \/>\n\t<meta property=\"og:image:width\" content=\"819\" \/>\n\t<meta property=\"og:image:height\" content=\"303\" \/>\n\t<meta property=\"og:image:type\" content=\"image\/jpeg\" \/>\n<meta name=\"twitter:card\" content=\"summary_large_image\" \/>\n<meta name=\"twitter:site\" content=\"@harrobiaikas\" \/>\n<meta name=\"twitter:label1\" content=\"Tiempo de lectura\" \/>\n\t<meta name=\"twitter:data1\" content=\"3 minutos\" \/>\n<script type=\"application\/ld+json\" class=\"yoast-schema-graph\">{\"@context\":\"https:\\\/\\\/schema.org\",\"@graph\":[{\"@type\":\"WebPage\",\"@id\":\"https:\\\/\\\/harrobia.net\\\/es\\\/catalogo-de-cursos__trashed\\\/lanbide-personas-trabajadoras\\\/innovacion-de-tecnic-a-entrenador-a-personal\\\/\",\"url\":\"https:\\\/\\\/harrobia.net\\\/es\\\/catalogo-de-cursos__trashed\\\/lanbide-personas-trabajadoras\\\/innovacion-de-tecnic-a-entrenador-a-personal\\\/\",\"name\":\"Innovaci\u00f3n: De T\u00e9cnic@ a Entrenador\\\/a Personal - Harrobia | Lanbide heziketa Bizkaian\",\"isPartOf\":{\"@id\":\"https:\\\/\\\/harrobia.net\\\/#website\"},\"datePublished\":\"2019-04-09T11:53:20+00:00\",\"dateModified\":\"2019-09-26T11:09:23+00:00\",\"breadcrumb\":{\"@id\":\"https:\\\/\\\/harrobia.net\\\/es\\\/catalogo-de-cursos__trashed\\\/lanbide-personas-trabajadoras\\\/innovacion-de-tecnic-a-entrenador-a-personal\\\/#breadcrumb\"},\"inLanguage\":\"es\",\"potentialAction\":[{\"@type\":\"ReadAction\",\"target\":[\"https:\\\/\\\/harrobia.net\\\/es\\\/catalogo-de-cursos__trashed\\\/lanbide-personas-trabajadoras\\\/innovacion-de-tecnic-a-entrenador-a-personal\\\/\"]}]},{\"@type\":\"BreadcrumbList\",\"@id\":\"https:\\\/\\\/harrobia.net\\\/es\\\/catalogo-de-cursos__trashed\\\/lanbide-personas-trabajadoras\\\/innovacion-de-tecnic-a-entrenador-a-personal\\\/#breadcrumb\",\"itemListElement\":[{\"@type\":\"ListItem\",\"position\":1,\"name\":\"Home\",\"item\":\"https:\\\/\\\/harrobia.net\\\/\"},{\"@type\":\"ListItem\",\"position\":2,\"name\":\"Lanbide, personas Trabajadoras\",\"item\":\"https:\\\/\\\/harrobia.net\\\/es\\\/catalogo-de-cursos__trashed\\\/lanbide-personas-trabajadoras\\\/\"},{\"@type\":\"ListItem\",\"position\":3,\"name\":\"Innovaci\u00f3n: De T\u00e9cnic@ a Entrenador\\\/a Personal\"}]},{\"@type\":\"WebSite\",\"@id\":\"https:\\\/\\\/harrobia.net\\\/#website\",\"url\":\"https:\\\/\\\/harrobia.net\\\/\",\"name\":\"Harrobia Ikastola\",\"description\":\"Harrobia Lanbide Heziketaren Ikastola\",\"publisher\":{\"@id\":\"https:\\\/\\\/harrobia.net\\\/#organization\"},\"potentialAction\":[{\"@type\":\"SearchAction\",\"target\":{\"@type\":\"EntryPoint\",\"urlTemplate\":\"https:\\\/\\\/harrobia.net\\\/?s={search_term_string}\"},\"query-input\":{\"@type\":\"PropertyValueSpecification\",\"valueRequired\":true,\"valueName\":\"search_term_string\"}}],\"inLanguage\":\"es\"},{\"@type\":\"Organization\",\"@id\":\"https:\\\/\\\/harrobia.net\\\/#organization\",\"name\":\"Harrobia Ikastola\",\"url\":\"https:\\\/\\\/harrobia.net\\\/\",\"logo\":{\"@type\":\"ImageObject\",\"inLanguage\":\"es\",\"@id\":\"https:\\\/\\\/harrobia.net\\\/#\\\/schema\\\/logo\\\/image\\\/\",\"url\":\"https:\\\/\\\/harrobia.net\\\/wp-content\\\/uploads\\\/2014\\\/07\\\/harrobia.png\",\"contentUrl\":\"https:\\\/\\\/harrobia.net\\\/wp-content\\\/uploads\\\/2014\\\/07\\\/harrobia.png\",\"width\":256,\"height\":71,\"caption\":\"Harrobia Ikastola\"},\"image\":{\"@id\":\"https:\\\/\\\/harrobia.net\\\/#\\\/schema\\\/logo\\\/image\\\/\"},\"sameAs\":[\"https:\\\/\\\/www.facebook.com\\\/HarrobiaIkastola\",\"https:\\\/\\\/x.com\\\/harrobiaikas\",\"https:\\\/\\\/www.instagram.com\\\/harrobiaikastola\",\"https:\\\/\\\/www.youtube.com\\\/user\\\/IbarezkerraBilbo\"]}]}<\/script>\n<!-- \/ Yoast SEO plugin. -->","yoast_head_json":{"title":"Innovaci\u00f3n: De T\u00e9cnic@ a Entrenador\/a Personal - Harrobia | Lanbide heziketa Bizkaian","robots":{"index":"index","follow":"follow","max-snippet":"max-snippet:-1","max-image-preview":"max-image-preview:large","max-video-preview":"max-video-preview:-1"},"canonical":"https:\/\/harrobia.net\/es\/catalogo-de-cursos__trashed\/lanbide-personas-trabajadoras\/innovacion-de-tecnic-a-entrenador-a-personal\/","og_locale":"es_ES","og_type":"article","og_title":"Innovaci\u00f3n: De T\u00e9cnic@ a Entrenador\/a Personal - Harrobia | Lanbide heziketa Bizkaian","og_url":"https:\/\/harrobia.net\/es\/catalogo-de-cursos__trashed\/lanbide-personas-trabajadoras\/innovacion-de-tecnic-a-entrenador-a-personal\/","og_site_name":"Harrobia Ikastola","article_publisher":"https:\/\/www.facebook.com\/HarrobiaIkastola","article_modified_time":"2019-09-26T11:09:23+00:00","og_image":[{"width":819,"height":303,"url":"https:\/\/harrobia.net\/wp-content\/uploads\/2022\/11\/logoa.jpg","type":"image\/jpeg"}],"twitter_card":"summary_large_image","twitter_site":"@harrobiaikas","twitter_misc":{"Tiempo de lectura":"3 minutos"},"schema":{"@context":"https:\/\/schema.org","@graph":[{"@type":"WebPage","@id":"https:\/\/harrobia.net\/es\/catalogo-de-cursos__trashed\/lanbide-personas-trabajadoras\/innovacion-de-tecnic-a-entrenador-a-personal\/","url":"https:\/\/harrobia.net\/es\/catalogo-de-cursos__trashed\/lanbide-personas-trabajadoras\/innovacion-de-tecnic-a-entrenador-a-personal\/","name":"Innovaci\u00f3n: De T\u00e9cnic@ a Entrenador\/a Personal - Harrobia | Lanbide heziketa Bizkaian","isPartOf":{"@id":"https:\/\/harrobia.net\/#website"},"datePublished":"2019-04-09T11:53:20+00:00","dateModified":"2019-09-26T11:09:23+00:00","breadcrumb":{"@id":"https:\/\/harrobia.net\/es\/catalogo-de-cursos__trashed\/lanbide-personas-trabajadoras\/innovacion-de-tecnic-a-entrenador-a-personal\/#breadcrumb"},"inLanguage":"es","potentialAction":[{"@type":"ReadAction","target":["https:\/\/harrobia.net\/es\/catalogo-de-cursos__trashed\/lanbide-personas-trabajadoras\/innovacion-de-tecnic-a-entrenador-a-personal\/"]}]},{"@type":"BreadcrumbList","@id":"https:\/\/harrobia.net\/es\/catalogo-de-cursos__trashed\/lanbide-personas-trabajadoras\/innovacion-de-tecnic-a-entrenador-a-personal\/#breadcrumb","itemListElement":[{"@type":"ListItem","position":1,"name":"Home","item":"https:\/\/harrobia.net\/"},{"@type":"ListItem","position":2,"name":"Lanbide, personas Trabajadoras","item":"https:\/\/harrobia.net\/es\/catalogo-de-cursos__trashed\/lanbide-personas-trabajadoras\/"},{"@type":"ListItem","position":3,"name":"Innovaci\u00f3n: De T\u00e9cnic@ a Entrenador\/a Personal"}]},{"@type":"WebSite","@id":"https:\/\/harrobia.net\/#website","url":"https:\/\/harrobia.net\/","name":"Harrobia Ikastola","description":"Harrobia Lanbide Heziketaren Ikastola","publisher":{"@id":"https:\/\/harrobia.net\/#organization"},"potentialAction":[{"@type":"SearchAction","target":{"@type":"EntryPoint","urlTemplate":"https:\/\/harrobia.net\/?s={search_term_string}"},"query-input":{"@type":"PropertyValueSpecification","valueRequired":true,"valueName":"search_term_string"}}],"inLanguage":"es"},{"@type":"Organization","@id":"https:\/\/harrobia.net\/#organization","name":"Harrobia Ikastola","url":"https:\/\/harrobia.net\/","logo":{"@type":"ImageObject","inLanguage":"es","@id":"https:\/\/harrobia.net\/#\/schema\/logo\/image\/","url":"https:\/\/harrobia.net\/wp-content\/uploads\/2014\/07\/harrobia.png","contentUrl":"https:\/\/harrobia.net\/wp-content\/uploads\/2014\/07\/harrobia.png","width":256,"height":71,"caption":"Harrobia Ikastola"},"image":{"@id":"https:\/\/harrobia.net\/#\/schema\/logo\/image\/"},"sameAs":["https:\/\/www.facebook.com\/HarrobiaIkastola","https:\/\/x.com\/harrobiaikas","https:\/\/www.instagram.com\/harrobiaikastola","https:\/\/www.youtube.com\/user\/IbarezkerraBilbo"]}]}},"jetpack_sharing_enabled":true,"_links":{"self":[{"href":"https:\/\/harrobia.net\/es\/wp-json\/wp\/v2\/pages\/19501","targetHints":{"allow":["GET"]}}],"collection":[{"href":"https:\/\/harrobia.net\/es\/wp-json\/wp\/v2\/pages"}],"about":[{"href":"https:\/\/harrobia.net\/es\/wp-json\/wp\/v2\/types\/page"}],"author":[{"embeddable":true,"href":"https:\/\/harrobia.net\/es\/wp-json\/wp\/v2\/users\/1"}],"replies":[{"embeddable":true,"href":"https:\/\/harrobia.net\/es\/wp-json\/wp\/v2\/comments?post=19501"}],"version-history":[{"count":3,"href":"https:\/\/harrobia.net\/es\/wp-json\/wp\/v2\/pages\/19501\/revisions"}],"predecessor-version":[{"id":25556,"href":"https:\/\/harrobia.net\/es\/wp-json\/wp\/v2\/pages\/19501\/revisions\/25556"}],"up":[{"embeddable":true,"href":"https:\/\/harrobia.net\/es\/wp-json\/wp\/v2\/pages\/19459"}],"wp:attachment":[{"href":"https:\/\/harrobia.net\/es\/wp-json\/wp\/v2\/media?parent=19501"}],"curies":[{"name":"wp","href":"https:\/\/api.w.org\/{rel}","templated":true}]}}