{"id":15136,"date":"2019-02-05T11:04:54","date_gmt":"2019-02-05T10:04:54","guid":{"rendered":"https:\/\/harrobia.net\/?page_id=15136"},"modified":"2019-02-05T11:21:11","modified_gmt":"2019-02-05T10:21:11","slug":"entrenamiento-funcional","status":"publish","type":"page","link":"https:\/\/harrobia.net\/es\/hobetuz__trashed\/entrenamiento-funcional\/","title":{"rendered":"Entrenamiento Funcional"},"content":{"rendered":"<div class=\"irudia\" style=\"padding-left: 30px;\"><span style=\"text-decoration: underline; color: #800000; font-size: 14pt;\"><strong>Objetivos:<\/strong><\/span><\/div>\n<p>&nbsp;<\/p>\n<div style=\"padding-left: 30px;\">\n<ol>\n<li>Dise\u00f1ar ejercicios espec\u00edficos orientados a la mejora de la funcionalidad de la persona.<\/li>\n<\/ol>\n<\/div>\n<p>&nbsp;<\/p>\n<div><\/div>\n<div>\n<div class=\"irudia\" style=\"padding-left: 30px;\"><span style=\"text-decoration: underline; color: #800000; font-size: 14pt;\"><strong>Contenidos:<\/strong><\/span><\/div>\n<p>&nbsp;<\/p>\n<div style=\"padding-left: 30px;\">\n<p>M1- \u00bfQu\u00e9 es el entrenamiento funcional?<\/p>\n<p>M2- C\u00f3mo, a qui\u00e9n y c\u00f3mo orientar el entrenamiento funcional.<\/p>\n<p>M3-\u00a0Material.<\/p>\n<p>M4- Los Principios del Entrenamiento.<\/p>\n<p>M5- C\u00f3mo dise\u00f1ar y estructurar una sesi\u00f3n.<\/p>\n<ul>\n<li>Progresiones.<\/li>\n<li>Regresiones.<\/li>\n<li>Control motor.<\/li>\n<li>Apoyos.<\/li>\n<li>Movimientos b\u00e1sicos.<\/li>\n<li>Respiraci\u00f3n.<\/li>\n<\/ul>\n<p>M6- Los 3 grandes: peso muerto, sentadilla y press de banca.<\/p>\n<\/div>\n<\/div>\n<div>\n<div class=\"desc\" style=\"padding-left: 60px;\"><\/div>\n<\/div>\n<table style=\"width: 209px; height: 50px;\">\n<tbody>\n<tr>\n<td style=\"width: 156px; border-color: #ffffff; background-color: #ffffff; text-align: left;\"><span style=\"font-size: 10pt;\"><a class=\"informaziogehiago\" href=\"mailto:idazkaritza@harrobia.net ?subject=Entrenamiento%20Funcional&amp;body=Al%20mandar%20este%20e-mail%20acepto%20la%20\u201cpol\u00edtica%20de%20privacidad\u201d%20.%20Si%20quieres%20m\u00e1s%20informaci\u00f3n%20entra%20en%20el%20siguiente%20enlace%20:%20https:\/\/harrobia.net\/politica-de-privacidad\/\">\u00a0Pre-inscripci\u00f3n<\/a><\/span><\/td>\n<td style=\"width: 37px; text-align: center; border-color: #ffffff; background-color: #ffffff;\"><\/td>\n<\/tr>\n<\/tbody>\n<\/table>\n<span class=\"et_bloom_bottom_trigger\"><\/span>","protected":false},"excerpt":{"rendered":"<p>Objetivos: &nbsp; Dise\u00f1ar ejercicios espec\u00edficos orientados a la mejora de la funcionalidad de la persona. &nbsp; Contenidos: &nbsp; M1- \u00bfQu\u00e9 es el entrenamiento funcional? M2- C\u00f3mo, a qui\u00e9n y c\u00f3mo orientar el entrenamiento funcional. M3-\u00a0Material. M4- Los Principios del Entrenamiento. M5- C\u00f3mo dise\u00f1ar y estructurar una sesi\u00f3n. Progresiones. Regresiones. Control motor. Apoyos. Movimientos b\u00e1sicos. Respiraci\u00f3n. [&hellip;]<\/p>\n","protected":false},"author":6,"featured_media":0,"parent":13634,"menu_order":0,"comment_status":"closed","ping_status":"closed","template":"","meta":{"_acf_changed":false,"_et_pb_use_builder":"","_et_pb_old_content":"","_et_gb_content_width":"","_joinchat":[],"footnotes":""},"class_list":["post-15136","page","type-page","status-publish","hentry"],"acf":[],"yoast_head":"<!-- This site is optimized with the Yoast SEO plugin v27.3 - https:\/\/yoast.com\/product\/yoast-seo-wordpress\/ -->\n<title>Entrenamiento Funcional - Harrobia | Lanbide heziketa Bizkaian<\/title>\n<meta name=\"description\" content=\"Objetivos: &nbsp; Dise\u00f1ar ejercicios espec\u00edficos orientados a la mejora de la funcionalidad de la persona. &nbsp; Contenidos: &nbsp; M1- \u00bfQu\u00e9 es el\" \/>\n<meta name=\"robots\" content=\"index, follow, max-snippet:-1, max-image-preview:large, max-video-preview:-1\" \/>\n<link rel=\"canonical\" href=\"https:\/\/harrobia.net\/es\/catalogo-de-cursos__trashed\/hobetuz__trashed\/entrenamiento-funcional\/\" \/>\n<meta property=\"og:locale\" content=\"es_ES\" \/>\n<meta property=\"og:type\" content=\"article\" \/>\n<meta property=\"og:title\" content=\"Entrenamiento Funcional - Harrobia | Lanbide heziketa Bizkaian\" \/>\n<meta property=\"og:description\" content=\"Objetivos: &nbsp; Dise\u00f1ar ejercicios espec\u00edficos orientados a la mejora de la funcionalidad de la persona. &nbsp; Contenidos: &nbsp; M1- \u00bfQu\u00e9 es el\" \/>\n<meta property=\"og:url\" content=\"https:\/\/harrobia.net\/es\/catalogo-de-cursos__trashed\/hobetuz__trashed\/entrenamiento-funcional\/\" \/>\n<meta property=\"og:site_name\" content=\"Harrobia Ikastola\" \/>\n<meta property=\"article:publisher\" content=\"https:\/\/www.facebook.com\/HarrobiaIkastola\" \/>\n<meta property=\"article:modified_time\" content=\"2019-02-05T10:21:11+00:00\" \/>\n<meta property=\"og:image\" content=\"https:\/\/harrobia.net\/wp-content\/uploads\/2022\/11\/logoa.jpg\" \/>\n\t<meta property=\"og:image:width\" content=\"819\" \/>\n\t<meta property=\"og:image:height\" content=\"303\" \/>\n\t<meta property=\"og:image:type\" content=\"image\/jpeg\" \/>\n<meta name=\"twitter:card\" content=\"summary_large_image\" \/>\n<meta name=\"twitter:site\" content=\"@harrobiaikas\" \/>\n<script type=\"application\/ld+json\" class=\"yoast-schema-graph\">{\"@context\":\"https:\\\/\\\/schema.org\",\"@graph\":[{\"@type\":\"WebPage\",\"@id\":\"https:\\\/\\\/harrobia.net\\\/es\\\/catalogo-de-cursos__trashed\\\/hobetuz__trashed\\\/entrenamiento-funcional\\\/\",\"url\":\"https:\\\/\\\/harrobia.net\\\/es\\\/catalogo-de-cursos__trashed\\\/hobetuz__trashed\\\/entrenamiento-funcional\\\/\",\"name\":\"Entrenamiento Funcional - Harrobia | Lanbide heziketa Bizkaian\",\"isPartOf\":{\"@id\":\"https:\\\/\\\/harrobia.net\\\/#website\"},\"datePublished\":\"2019-02-05T10:04:54+00:00\",\"dateModified\":\"2019-02-05T10:21:11+00:00\",\"description\":\"Objetivos: &nbsp; Dise\u00f1ar ejercicios espec\u00edficos orientados a la mejora de la funcionalidad de la persona. &nbsp; Contenidos: &nbsp; M1- \u00bfQu\u00e9 es el\",\"breadcrumb\":{\"@id\":\"https:\\\/\\\/harrobia.net\\\/es\\\/catalogo-de-cursos__trashed\\\/hobetuz__trashed\\\/entrenamiento-funcional\\\/#breadcrumb\"},\"inLanguage\":\"es\",\"potentialAction\":[{\"@type\":\"ReadAction\",\"target\":[\"https:\\\/\\\/harrobia.net\\\/es\\\/catalogo-de-cursos__trashed\\\/hobetuz__trashed\\\/entrenamiento-funcional\\\/\"]}]},{\"@type\":\"BreadcrumbList\",\"@id\":\"https:\\\/\\\/harrobia.net\\\/es\\\/catalogo-de-cursos__trashed\\\/hobetuz__trashed\\\/entrenamiento-funcional\\\/#breadcrumb\",\"itemListElement\":[{\"@type\":\"ListItem\",\"position\":1,\"name\":\"Home\",\"item\":\"https:\\\/\\\/harrobia.net\\\/es\\\/\"},{\"@type\":\"ListItem\",\"position\":2,\"name\":\"Hobetuz\",\"item\":\"https:\\\/\\\/harrobia.net\\\/es\\\/?page_id=13634\"},{\"@type\":\"ListItem\",\"position\":3,\"name\":\"Entrenamiento Funcional\"}]},{\"@type\":\"WebSite\",\"@id\":\"https:\\\/\\\/harrobia.net\\\/#website\",\"url\":\"https:\\\/\\\/harrobia.net\\\/\",\"name\":\"Harrobia Ikastola\",\"description\":\"Harrobia Lanbide Heziketaren Ikastola\",\"publisher\":{\"@id\":\"https:\\\/\\\/harrobia.net\\\/#organization\"},\"potentialAction\":[{\"@type\":\"SearchAction\",\"target\":{\"@type\":\"EntryPoint\",\"urlTemplate\":\"https:\\\/\\\/harrobia.net\\\/?s={search_term_string}\"},\"query-input\":{\"@type\":\"PropertyValueSpecification\",\"valueRequired\":true,\"valueName\":\"search_term_string\"}}],\"inLanguage\":\"es\"},{\"@type\":\"Organization\",\"@id\":\"https:\\\/\\\/harrobia.net\\\/#organization\",\"name\":\"Harrobia Ikastola\",\"url\":\"https:\\\/\\\/harrobia.net\\\/\",\"logo\":{\"@type\":\"ImageObject\",\"inLanguage\":\"es\",\"@id\":\"https:\\\/\\\/harrobia.net\\\/#\\\/schema\\\/logo\\\/image\\\/\",\"url\":\"https:\\\/\\\/harrobia.net\\\/wp-content\\\/uploads\\\/2014\\\/07\\\/harrobia.png\",\"contentUrl\":\"https:\\\/\\\/harrobia.net\\\/wp-content\\\/uploads\\\/2014\\\/07\\\/harrobia.png\",\"width\":256,\"height\":71,\"caption\":\"Harrobia Ikastola\"},\"image\":{\"@id\":\"https:\\\/\\\/harrobia.net\\\/#\\\/schema\\\/logo\\\/image\\\/\"},\"sameAs\":[\"https:\\\/\\\/www.facebook.com\\\/HarrobiaIkastola\",\"https:\\\/\\\/x.com\\\/harrobiaikas\",\"https:\\\/\\\/www.instagram.com\\\/harrobiaikastola\",\"https:\\\/\\\/www.youtube.com\\\/user\\\/IbarezkerraBilbo\"]}]}<\/script>\n<!-- \/ Yoast SEO plugin. -->","yoast_head_json":{"title":"Entrenamiento Funcional - Harrobia | Lanbide heziketa Bizkaian","description":"Objetivos: &nbsp; Dise\u00f1ar ejercicios espec\u00edficos orientados a la mejora de la funcionalidad de la persona. &nbsp; Contenidos: &nbsp; M1- \u00bfQu\u00e9 es el","robots":{"index":"index","follow":"follow","max-snippet":"max-snippet:-1","max-image-preview":"max-image-preview:large","max-video-preview":"max-video-preview:-1"},"canonical":"https:\/\/harrobia.net\/es\/catalogo-de-cursos__trashed\/hobetuz__trashed\/entrenamiento-funcional\/","og_locale":"es_ES","og_type":"article","og_title":"Entrenamiento Funcional - Harrobia | Lanbide heziketa Bizkaian","og_description":"Objetivos: &nbsp; Dise\u00f1ar ejercicios espec\u00edficos orientados a la mejora de la funcionalidad de la persona. &nbsp; Contenidos: &nbsp; M1- \u00bfQu\u00e9 es el","og_url":"https:\/\/harrobia.net\/es\/catalogo-de-cursos__trashed\/hobetuz__trashed\/entrenamiento-funcional\/","og_site_name":"Harrobia Ikastola","article_publisher":"https:\/\/www.facebook.com\/HarrobiaIkastola","article_modified_time":"2019-02-05T10:21:11+00:00","og_image":[{"width":819,"height":303,"url":"https:\/\/harrobia.net\/wp-content\/uploads\/2022\/11\/logoa.jpg","type":"image\/jpeg"}],"twitter_card":"summary_large_image","twitter_site":"@harrobiaikas","schema":{"@context":"https:\/\/schema.org","@graph":[{"@type":"WebPage","@id":"https:\/\/harrobia.net\/es\/catalogo-de-cursos__trashed\/hobetuz__trashed\/entrenamiento-funcional\/","url":"https:\/\/harrobia.net\/es\/catalogo-de-cursos__trashed\/hobetuz__trashed\/entrenamiento-funcional\/","name":"Entrenamiento Funcional - Harrobia | Lanbide heziketa Bizkaian","isPartOf":{"@id":"https:\/\/harrobia.net\/#website"},"datePublished":"2019-02-05T10:04:54+00:00","dateModified":"2019-02-05T10:21:11+00:00","description":"Objetivos: &nbsp; Dise\u00f1ar ejercicios espec\u00edficos orientados a la mejora de la funcionalidad de la persona. &nbsp; Contenidos: &nbsp; M1- \u00bfQu\u00e9 es el","breadcrumb":{"@id":"https:\/\/harrobia.net\/es\/catalogo-de-cursos__trashed\/hobetuz__trashed\/entrenamiento-funcional\/#breadcrumb"},"inLanguage":"es","potentialAction":[{"@type":"ReadAction","target":["https:\/\/harrobia.net\/es\/catalogo-de-cursos__trashed\/hobetuz__trashed\/entrenamiento-funcional\/"]}]},{"@type":"BreadcrumbList","@id":"https:\/\/harrobia.net\/es\/catalogo-de-cursos__trashed\/hobetuz__trashed\/entrenamiento-funcional\/#breadcrumb","itemListElement":[{"@type":"ListItem","position":1,"name":"Home","item":"https:\/\/harrobia.net\/es\/"},{"@type":"ListItem","position":2,"name":"Hobetuz","item":"https:\/\/harrobia.net\/es\/?page_id=13634"},{"@type":"ListItem","position":3,"name":"Entrenamiento Funcional"}]},{"@type":"WebSite","@id":"https:\/\/harrobia.net\/#website","url":"https:\/\/harrobia.net\/","name":"Harrobia Ikastola","description":"Harrobia Lanbide Heziketaren Ikastola","publisher":{"@id":"https:\/\/harrobia.net\/#organization"},"potentialAction":[{"@type":"SearchAction","target":{"@type":"EntryPoint","urlTemplate":"https:\/\/harrobia.net\/?s={search_term_string}"},"query-input":{"@type":"PropertyValueSpecification","valueRequired":true,"valueName":"search_term_string"}}],"inLanguage":"es"},{"@type":"Organization","@id":"https:\/\/harrobia.net\/#organization","name":"Harrobia Ikastola","url":"https:\/\/harrobia.net\/","logo":{"@type":"ImageObject","inLanguage":"es","@id":"https:\/\/harrobia.net\/#\/schema\/logo\/image\/","url":"https:\/\/harrobia.net\/wp-content\/uploads\/2014\/07\/harrobia.png","contentUrl":"https:\/\/harrobia.net\/wp-content\/uploads\/2014\/07\/harrobia.png","width":256,"height":71,"caption":"Harrobia Ikastola"},"image":{"@id":"https:\/\/harrobia.net\/#\/schema\/logo\/image\/"},"sameAs":["https:\/\/www.facebook.com\/HarrobiaIkastola","https:\/\/x.com\/harrobiaikas","https:\/\/www.instagram.com\/harrobiaikastola","https:\/\/www.youtube.com\/user\/IbarezkerraBilbo"]}]}},"jetpack_sharing_enabled":true,"_links":{"self":[{"href":"https:\/\/harrobia.net\/es\/wp-json\/wp\/v2\/pages\/15136","targetHints":{"allow":["GET"]}}],"collection":[{"href":"https:\/\/harrobia.net\/es\/wp-json\/wp\/v2\/pages"}],"about":[{"href":"https:\/\/harrobia.net\/es\/wp-json\/wp\/v2\/types\/page"}],"author":[{"embeddable":true,"href":"https:\/\/harrobia.net\/es\/wp-json\/wp\/v2\/users\/6"}],"replies":[{"embeddable":true,"href":"https:\/\/harrobia.net\/es\/wp-json\/wp\/v2\/comments?post=15136"}],"version-history":[{"count":3,"href":"https:\/\/harrobia.net\/es\/wp-json\/wp\/v2\/pages\/15136\/revisions"}],"predecessor-version":[{"id":15139,"href":"https:\/\/harrobia.net\/es\/wp-json\/wp\/v2\/pages\/15136\/revisions\/15139"}],"up":[{"embeddable":true,"href":"https:\/\/harrobia.net\/es\/wp-json\/wp\/v2\/pages\/13634"}],"wp:attachment":[{"href":"https:\/\/harrobia.net\/es\/wp-json\/wp\/v2\/media?parent=15136"}],"curies":[{"name":"wp","href":"https:\/\/api.w.org\/{rel}","templated":true}]}}