{"id":13905,"date":"2019-04-09T10:33:10","date_gmt":"2019-04-09T08:33:10","guid":{"rendered":"https:\/\/harrobia.net\/?page_id=13905"},"modified":"2019-05-13T08:54:52","modified_gmt":"2019-05-13T06:54:52","slug":"principios-fundamentales-eticos-filosoficos-y-misticos-del-yoga","status":"publish","type":"page","link":"https:\/\/harrobia.net\/es\/lanbide-personas-trabajadoras\/principios-fundamentales-eticos-filosoficos-y-misticos-del-yoga\/","title":{"rendered":"Principios fundamentales eticos filosoficos y misticos del yoga"},"content":{"rendered":"<p>[et_pb_section fb_built=\u00bb1&#8243; _builder_version=\u00bb3.22.3&#8243; background_color=\u00bbrgba(171,206,227,0.15)\u00bb custom_padding=\u00bb30px|0px|30px|0px|false|false\u00bb][et_pb_row custom_padding=\u00bb0|0px|0|0px|false|false\u00bb _builder_version=\u00bb3.22.3&#8243;][et_pb_column type=\u00bb4_4&#8243; _builder_version=\u00bb3.21.1&#8243;][et_pb_dcsbcm_divi_breadcrumbs_module hide_homebreadcrumb=\u00bboff\u00bb homebreadcrumbtext=\u00bb<i class=%22fas fa-school%22><\/i> Hasiera\u00bb separator=\u00bbsep-raquo\u00bb _builder_version=\u00bb3.21.1&#8243; fontsbreadcrumbs_font=\u00bb||||||||\u00bb fontsbreadcrumbs_text_color=\u00bb#666666&#8243; fontsseperator_font=\u00bb||||||||\u00bb fontsseperator_text_color=\u00bb#003f7a\u00bb fontsbreadcrumblinks_font=\u00bb||||||||\u00bb fontsbreadcrumblinks_text_color=\u00bb#003f7a\u00bb][\/et_pb_dcsbcm_divi_breadcrumbs_module][\/et_pb_column][\/et_pb_row][\/et_pb_section][et_pb_section fb_built=\u00bb1&#8243; specialty=\u00bbon\u00bb background_color_1=\u00bb#ffffff\u00bb background_color_2=\u00bb#ffffff\u00bb padding_right_2=\u00bb15px\u00bb padding_left_2=\u00bb15px\u00bb _builder_version=\u00bb3.22.3&#8243; background_color=\u00bbrgba(171,206,227,0.15)\u00bb custom_padding=\u00bb0||54px||false|false\u00bb][et_pb_column type=\u00bb3_4&#8243; specialty_columns=\u00bb3&#8243; _builder_version=\u00bb3.0.47&#8243;][et_pb_row_inner custom_padding=\u00bb25px|15px|0|15px|false|false\u00bb _builder_version=\u00bb3.21.1&#8243; background_color=\u00bb#ffffff\u00bb box_shadow_style=\u00bbpreset3&#8243;][et_pb_column_inner type=\u00bb4_4&#8243; saved_specialty_column_type=\u00bb3_4&#8243; _builder_version=\u00bb3.0.47&#8243;][et_pb_post_title meta=\u00bboff\u00bb featured_image=\u00bboff\u00bb _builder_version=\u00bb3.21.4&#8243; title_font=\u00bb||||||||\u00bb title_font_size=\u00bb35px\u00bb meta_font=\u00bb||||||||\u00bb border_width_bottom=\u00bb1px\u00bb border_color_bottom=\u00bb#003f7a\u00bb][\/et_pb_post_title][et_pb_text _builder_version=\u00bb3.21.4&#8243; text_font=\u00bb||||||||\u00bb header_font=\u00bb||||||||\u00bb header_2_font=\u00bb||||||||\u00bb header_3_font=\u00bb||||||||\u00bb]<\/p>\n<h2>Helburuak:<\/h2>\n<p><strong>C1:<\/strong> Aplicar los principios filos\u00f3ficos y de la \u00e9tica del Yoga, siguiendo las sendas cl\u00e1sicas en ejecuciones pr\u00e1cticas.<br \/> <strong>C2.<\/strong> Identificar la estructura del ser humano conforme a la m\u00edstica tradicional hind\u00fa para relacionarla con la concepci\u00f3n hol\u00edstica de la pr\u00e1ctica del Yoga dentro de los principios \u00e9tico-filos\u00f3ficos de la misma.<\/p>\n<p>[\/et_pb_text][et_pb_text _builder_version=\u00bb3.21.4&#8243; text_font=\u00bb||||||||\u00bb header_font=\u00bb||||||||\u00bb header_2_font=\u00bb||||||||\u00bb header_3_font=\u00bb||||||||\u00bb]<\/p>\n<h2>Edukiak:<\/h2>\n<ol>\n<li>Principios \u00e9ticos y filos\u00f3ficos en Yoga.<\/li>\n<li>Estructura del ser humano y la M\u00edstica Hind\u00fa.<\/li>\n<\/ol>\n<p>[\/et_pb_text][\/et_pb_column_inner][\/et_pb_row_inner][et_pb_row_inner custom_padding=\u00bb25px|15px|29px|15px|false|false\u00bb _builder_version=\u00bb3.21.1&#8243; background_color=\u00bb#ffffff\u00bb box_shadow_style=\u00bbpreset3&#8243;][et_pb_column_inner type=\u00bb1_2&#8243; saved_specialty_column_type=\u00bb3_4&#8243; _builder_version=\u00bb3.0.47&#8243;][et_pb_button button_url=\u00bbhttp:\/\/apps.lanbide.euskadi.net\/descargas\/egailancas\/certificados\/UF\/AFDA0311.MF2038_3.UF1916.pdf\u00bb button_text=\u00bbEduki osoa deskargatu\u00bb button_alignment=\u00bbcenter\u00bb _builder_version=\u00bb3.21.4&#8243; custom_button=\u00bbon\u00bb button_text_color=\u00bb#ffffff\u00bb button_bg_color=\u00bb#003f7a\u00bb button_border_width=\u00bb1px\u00bb button_border_color=\u00bb#003f7a\u00bb button_border_radius=\u00bb5px\u00bb button_font=\u00bb||||||||\u00bb button_icon=\u00bb%%98%%\u00bb button_on_hover=\u00bboff\u00bb box_shadow_style=\u00bbpreset1&#8243; box_shadow_color=\u00bb#ffffff\u00bb background_layout=\u00bbdark\u00bb custom_margin=\u00bb|||25px\u00bb animation_style=\u00bbflip\u00bb button_text_color__hover_enabled=\u00bbon\u00bb button_text_color__hover=\u00bb#003f7a\u00bb button_bg_color__hover_enabled=\u00bbon\u00bb button_bg_color__hover=\u00bbrgba(0,63,122,0)\u00bb box_shadow_color__hover_enabled=\u00bbon\u00bb box_shadow_color__hover=\u00bb#a1c9e1&#8243;][\/et_pb_button][\/et_pb_column_inner][et_pb_column_inner type=\u00bb1_2&#8243; saved_specialty_column_type=\u00bb3_4&#8243; _builder_version=\u00bb3.0.47&#8243;][et_pb_button button_url=\u00bbmailto:idazkaritza@harrobia.net%20?subject=Informazio%20gehiago%20nahi%20izanez%20gero%20:%20Yogako%20oinarrizko%20hatsarre%20etikoak%20,%20filosofikoak%20eta%20mistikoak\u00bb button_text=\u00bbAurreinskripzioa\u00bb button_alignment=\u00bbcenter\u00bb _builder_version=\u00bb3.21.4&#8243; custom_button=\u00bbon\u00bb button_text_color=\u00bb#ffffff\u00bb button_bg_color=\u00bb#003f7a\u00bb button_border_width=\u00bb1px\u00bb button_border_color=\u00bb#003f7a\u00bb button_border_radius=\u00bb5px\u00bb button_font=\u00bb||||||||\u00bb button_icon=\u00bb%%75%%\u00bb button_on_hover=\u00bboff\u00bb box_shadow_style=\u00bbpreset1&#8243; box_shadow_color=\u00bb#ffffff\u00bb background_layout=\u00bbdark\u00bb custom_margin=\u00bb|||25px\u00bb animation_style=\u00bbflip\u00bb button_text_color__hover_enabled=\u00bbon\u00bb button_text_color__hover=\u00bb#003f7a\u00bb button_bg_color__hover_enabled=\u00bbon\u00bb button_bg_color__hover=\u00bbrgba(0,63,122,0)\u00bb box_shadow_color__hover_enabled=\u00bbon\u00bb box_shadow_color__hover=\u00bb#a1c9e1&#8243;][\/et_pb_button][\/et_pb_column_inner][\/et_pb_row_inner][\/et_pb_column][et_pb_column type=\u00bb1_4&#8243; _builder_version=\u00bb3.0.47&#8243;][et_pb_sidebar area=\u00bbet_pb_widget_area_6&#8243; show_border=\u00bboff\u00bb _builder_version=\u00bb3.21.3&#8243; header_font=\u00bb||||||||\u00bb header_font_size=\u00bb25px\u00bb body_font=\u00bb||||||||\u00bb body_font_size=\u00bb13px\u00bb][\/et_pb_sidebar][\/et_pb_column][\/et_pb_section]<\/p>\n<span class=\"et_bloom_bottom_trigger\"><\/span>","protected":false},"excerpt":{"rendered":"<p>Helburuak: C1: Aplicar los principios filos\u00f3ficos y de la \u00e9tica del Yoga, siguiendo las sendas cl\u00e1sicas en ejecuciones pr\u00e1cticas. C2. Identificar la estructura del ser humano conforme a la m\u00edstica tradicional hind\u00fa para relacionarla con la concepci\u00f3n hol\u00edstica de la pr\u00e1ctica del Yoga dentro de los principios \u00e9tico-filos\u00f3ficos de la misma.Edukiak: Principios \u00e9ticos y filos\u00f3ficos [&hellip;]<\/p>\n","protected":false},"author":1,"featured_media":0,"parent":19459,"menu_order":0,"comment_status":"closed","ping_status":"closed","template":"","meta":{"_acf_changed":false,"_et_pb_use_builder":"on","_et_pb_old_content":"","_et_gb_content_width":"","_joinchat":[],"footnotes":""},"class_list":["post-13905","page","type-page","status-publish","hentry"],"acf":[],"yoast_head":"<!-- This site is optimized with the Yoast SEO plugin v27.3 - https:\/\/yoast.com\/product\/yoast-seo-wordpress\/ -->\n<title>Principios fundamentales eticos filosoficos y misticos del yoga - Harrobia | Lanbide heziketa Bizkaian<\/title>\n<meta name=\"robots\" content=\"index, follow, max-snippet:-1, max-image-preview:large, max-video-preview:-1\" \/>\n<link rel=\"canonical\" href=\"https:\/\/harrobia.net\/es\/catalogo-de-cursos__trashed\/lanbide-personas-trabajadoras\/principios-fundamentales-eticos-filosoficos-y-misticos-del-yoga\/\" \/>\n<meta property=\"og:locale\" content=\"es_ES\" \/>\n<meta property=\"og:type\" content=\"article\" \/>\n<meta property=\"og:title\" content=\"Principios fundamentales eticos filosoficos y misticos del yoga - Harrobia | Lanbide heziketa Bizkaian\" \/>\n<meta property=\"og:url\" content=\"https:\/\/harrobia.net\/es\/catalogo-de-cursos__trashed\/lanbide-personas-trabajadoras\/principios-fundamentales-eticos-filosoficos-y-misticos-del-yoga\/\" \/>\n<meta property=\"og:site_name\" content=\"Harrobia Ikastola\" \/>\n<meta property=\"article:publisher\" content=\"https:\/\/www.facebook.com\/HarrobiaIkastola\" \/>\n<meta property=\"article:modified_time\" content=\"2019-05-13T06:54:52+00:00\" \/>\n<meta property=\"og:image\" content=\"https:\/\/harrobia.net\/wp-content\/uploads\/2022\/11\/logoa.jpg\" \/>\n\t<meta property=\"og:image:width\" content=\"819\" \/>\n\t<meta property=\"og:image:height\" content=\"303\" \/>\n\t<meta property=\"og:image:type\" content=\"image\/jpeg\" \/>\n<meta name=\"twitter:card\" content=\"summary_large_image\" \/>\n<meta name=\"twitter:site\" content=\"@harrobiaikas\" \/>\n<meta name=\"twitter:label1\" content=\"Tiempo de lectura\" \/>\n\t<meta name=\"twitter:data1\" content=\"3 minutos\" \/>\n<script type=\"application\/ld+json\" class=\"yoast-schema-graph\">{\"@context\":\"https:\\\/\\\/schema.org\",\"@graph\":[{\"@type\":\"WebPage\",\"@id\":\"https:\\\/\\\/harrobia.net\\\/es\\\/catalogo-de-cursos__trashed\\\/lanbide-personas-trabajadoras\\\/principios-fundamentales-eticos-filosoficos-y-misticos-del-yoga\\\/\",\"url\":\"https:\\\/\\\/harrobia.net\\\/es\\\/catalogo-de-cursos__trashed\\\/lanbide-personas-trabajadoras\\\/principios-fundamentales-eticos-filosoficos-y-misticos-del-yoga\\\/\",\"name\":\"Principios fundamentales eticos filosoficos y misticos del yoga - Harrobia | Lanbide heziketa Bizkaian\",\"isPartOf\":{\"@id\":\"https:\\\/\\\/harrobia.net\\\/#website\"},\"datePublished\":\"2019-04-09T08:33:10+00:00\",\"dateModified\":\"2019-05-13T06:54:52+00:00\",\"breadcrumb\":{\"@id\":\"https:\\\/\\\/harrobia.net\\\/es\\\/catalogo-de-cursos__trashed\\\/lanbide-personas-trabajadoras\\\/principios-fundamentales-eticos-filosoficos-y-misticos-del-yoga\\\/#breadcrumb\"},\"inLanguage\":\"es\",\"potentialAction\":[{\"@type\":\"ReadAction\",\"target\":[\"https:\\\/\\\/harrobia.net\\\/es\\\/catalogo-de-cursos__trashed\\\/lanbide-personas-trabajadoras\\\/principios-fundamentales-eticos-filosoficos-y-misticos-del-yoga\\\/\"]}]},{\"@type\":\"BreadcrumbList\",\"@id\":\"https:\\\/\\\/harrobia.net\\\/es\\\/catalogo-de-cursos__trashed\\\/lanbide-personas-trabajadoras\\\/principios-fundamentales-eticos-filosoficos-y-misticos-del-yoga\\\/#breadcrumb\",\"itemListElement\":[{\"@type\":\"ListItem\",\"position\":1,\"name\":\"Home\",\"item\":\"https:\\\/\\\/harrobia.net\\\/\"},{\"@type\":\"ListItem\",\"position\":2,\"name\":\"Lanbide, personas Trabajadoras\",\"item\":\"https:\\\/\\\/harrobia.net\\\/es\\\/catalogo-de-cursos__trashed\\\/lanbide-personas-trabajadoras\\\/\"},{\"@type\":\"ListItem\",\"position\":3,\"name\":\"Principios fundamentales eticos filosoficos y misticos del yoga\"}]},{\"@type\":\"WebSite\",\"@id\":\"https:\\\/\\\/harrobia.net\\\/#website\",\"url\":\"https:\\\/\\\/harrobia.net\\\/\",\"name\":\"Harrobia Ikastola\",\"description\":\"Harrobia Lanbide Heziketaren Ikastola\",\"publisher\":{\"@id\":\"https:\\\/\\\/harrobia.net\\\/#organization\"},\"potentialAction\":[{\"@type\":\"SearchAction\",\"target\":{\"@type\":\"EntryPoint\",\"urlTemplate\":\"https:\\\/\\\/harrobia.net\\\/?s={search_term_string}\"},\"query-input\":{\"@type\":\"PropertyValueSpecification\",\"valueRequired\":true,\"valueName\":\"search_term_string\"}}],\"inLanguage\":\"es\"},{\"@type\":\"Organization\",\"@id\":\"https:\\\/\\\/harrobia.net\\\/#organization\",\"name\":\"Harrobia Ikastola\",\"url\":\"https:\\\/\\\/harrobia.net\\\/\",\"logo\":{\"@type\":\"ImageObject\",\"inLanguage\":\"es\",\"@id\":\"https:\\\/\\\/harrobia.net\\\/#\\\/schema\\\/logo\\\/image\\\/\",\"url\":\"https:\\\/\\\/harrobia.net\\\/wp-content\\\/uploads\\\/2014\\\/07\\\/harrobia.png\",\"contentUrl\":\"https:\\\/\\\/harrobia.net\\\/wp-content\\\/uploads\\\/2014\\\/07\\\/harrobia.png\",\"width\":256,\"height\":71,\"caption\":\"Harrobia Ikastola\"},\"image\":{\"@id\":\"https:\\\/\\\/harrobia.net\\\/#\\\/schema\\\/logo\\\/image\\\/\"},\"sameAs\":[\"https:\\\/\\\/www.facebook.com\\\/HarrobiaIkastola\",\"https:\\\/\\\/x.com\\\/harrobiaikas\",\"https:\\\/\\\/www.instagram.com\\\/harrobiaikastola\",\"https:\\\/\\\/www.youtube.com\\\/user\\\/IbarezkerraBilbo\"]}]}<\/script>\n<!-- \/ Yoast SEO plugin. -->","yoast_head_json":{"title":"Principios fundamentales eticos filosoficos y misticos del yoga - Harrobia | Lanbide heziketa Bizkaian","robots":{"index":"index","follow":"follow","max-snippet":"max-snippet:-1","max-image-preview":"max-image-preview:large","max-video-preview":"max-video-preview:-1"},"canonical":"https:\/\/harrobia.net\/es\/catalogo-de-cursos__trashed\/lanbide-personas-trabajadoras\/principios-fundamentales-eticos-filosoficos-y-misticos-del-yoga\/","og_locale":"es_ES","og_type":"article","og_title":"Principios fundamentales eticos filosoficos y misticos del yoga - Harrobia | Lanbide heziketa Bizkaian","og_url":"https:\/\/harrobia.net\/es\/catalogo-de-cursos__trashed\/lanbide-personas-trabajadoras\/principios-fundamentales-eticos-filosoficos-y-misticos-del-yoga\/","og_site_name":"Harrobia Ikastola","article_publisher":"https:\/\/www.facebook.com\/HarrobiaIkastola","article_modified_time":"2019-05-13T06:54:52+00:00","og_image":[{"width":819,"height":303,"url":"https:\/\/harrobia.net\/wp-content\/uploads\/2022\/11\/logoa.jpg","type":"image\/jpeg"}],"twitter_card":"summary_large_image","twitter_site":"@harrobiaikas","twitter_misc":{"Tiempo de lectura":"3 minutos"},"schema":{"@context":"https:\/\/schema.org","@graph":[{"@type":"WebPage","@id":"https:\/\/harrobia.net\/es\/catalogo-de-cursos__trashed\/lanbide-personas-trabajadoras\/principios-fundamentales-eticos-filosoficos-y-misticos-del-yoga\/","url":"https:\/\/harrobia.net\/es\/catalogo-de-cursos__trashed\/lanbide-personas-trabajadoras\/principios-fundamentales-eticos-filosoficos-y-misticos-del-yoga\/","name":"Principios fundamentales eticos filosoficos y misticos del yoga - Harrobia | Lanbide heziketa Bizkaian","isPartOf":{"@id":"https:\/\/harrobia.net\/#website"},"datePublished":"2019-04-09T08:33:10+00:00","dateModified":"2019-05-13T06:54:52+00:00","breadcrumb":{"@id":"https:\/\/harrobia.net\/es\/catalogo-de-cursos__trashed\/lanbide-personas-trabajadoras\/principios-fundamentales-eticos-filosoficos-y-misticos-del-yoga\/#breadcrumb"},"inLanguage":"es","potentialAction":[{"@type":"ReadAction","target":["https:\/\/harrobia.net\/es\/catalogo-de-cursos__trashed\/lanbide-personas-trabajadoras\/principios-fundamentales-eticos-filosoficos-y-misticos-del-yoga\/"]}]},{"@type":"BreadcrumbList","@id":"https:\/\/harrobia.net\/es\/catalogo-de-cursos__trashed\/lanbide-personas-trabajadoras\/principios-fundamentales-eticos-filosoficos-y-misticos-del-yoga\/#breadcrumb","itemListElement":[{"@type":"ListItem","position":1,"name":"Home","item":"https:\/\/harrobia.net\/"},{"@type":"ListItem","position":2,"name":"Lanbide, personas Trabajadoras","item":"https:\/\/harrobia.net\/es\/catalogo-de-cursos__trashed\/lanbide-personas-trabajadoras\/"},{"@type":"ListItem","position":3,"name":"Principios fundamentales eticos filosoficos y misticos del yoga"}]},{"@type":"WebSite","@id":"https:\/\/harrobia.net\/#website","url":"https:\/\/harrobia.net\/","name":"Harrobia Ikastola","description":"Harrobia Lanbide Heziketaren Ikastola","publisher":{"@id":"https:\/\/harrobia.net\/#organization"},"potentialAction":[{"@type":"SearchAction","target":{"@type":"EntryPoint","urlTemplate":"https:\/\/harrobia.net\/?s={search_term_string}"},"query-input":{"@type":"PropertyValueSpecification","valueRequired":true,"valueName":"search_term_string"}}],"inLanguage":"es"},{"@type":"Organization","@id":"https:\/\/harrobia.net\/#organization","name":"Harrobia Ikastola","url":"https:\/\/harrobia.net\/","logo":{"@type":"ImageObject","inLanguage":"es","@id":"https:\/\/harrobia.net\/#\/schema\/logo\/image\/","url":"https:\/\/harrobia.net\/wp-content\/uploads\/2014\/07\/harrobia.png","contentUrl":"https:\/\/harrobia.net\/wp-content\/uploads\/2014\/07\/harrobia.png","width":256,"height":71,"caption":"Harrobia Ikastola"},"image":{"@id":"https:\/\/harrobia.net\/#\/schema\/logo\/image\/"},"sameAs":["https:\/\/www.facebook.com\/HarrobiaIkastola","https:\/\/x.com\/harrobiaikas","https:\/\/www.instagram.com\/harrobiaikastola","https:\/\/www.youtube.com\/user\/IbarezkerraBilbo"]}]}},"jetpack_sharing_enabled":true,"_links":{"self":[{"href":"https:\/\/harrobia.net\/es\/wp-json\/wp\/v2\/pages\/13905","targetHints":{"allow":["GET"]}}],"collection":[{"href":"https:\/\/harrobia.net\/es\/wp-json\/wp\/v2\/pages"}],"about":[{"href":"https:\/\/harrobia.net\/es\/wp-json\/wp\/v2\/types\/page"}],"author":[{"embeddable":true,"href":"https:\/\/harrobia.net\/es\/wp-json\/wp\/v2\/users\/1"}],"replies":[{"embeddable":true,"href":"https:\/\/harrobia.net\/es\/wp-json\/wp\/v2\/comments?post=13905"}],"version-history":[{"count":4,"href":"https:\/\/harrobia.net\/es\/wp-json\/wp\/v2\/pages\/13905\/revisions"}],"predecessor-version":[{"id":20823,"href":"https:\/\/harrobia.net\/es\/wp-json\/wp\/v2\/pages\/13905\/revisions\/20823"}],"up":[{"embeddable":true,"href":"https:\/\/harrobia.net\/es\/wp-json\/wp\/v2\/pages\/19459"}],"wp:attachment":[{"href":"https:\/\/harrobia.net\/es\/wp-json\/wp\/v2\/media?parent=13905"}],"curies":[{"name":"wp","href":"https:\/\/api.w.org\/{rel}","templated":true}]}}