{"id":11521,"date":"2018-02-02T10:20:38","date_gmt":"2018-02-02T09:20:38","guid":{"rendered":"http:\/\/harrobia.net\/politica-de-cookies"},"modified":"2019-05-03T10:19:22","modified_gmt":"2019-05-03T08:19:22","slug":"politica-de-cookies","status":"publish","type":"page","link":"https:\/\/harrobia.net\/es\/politica-de-cookies\/","title":{"rendered":"Pol\u00edtica de cookies"},"content":{"rendered":"<p>[et_pb_section fb_built=\u00bb1&#8243; _builder_version=\u00bb3.22.3&#8243; background_color=\u00bbrgba(171,206,227,0.15)\u00bb custom_padding=\u00bb30px|0px|30px|0px|false|false\u00bb][et_pb_row custom_padding=\u00bb0|0px|0|0px|false|false\u00bb _builder_version=\u00bb3.22.3&#8243;][et_pb_column type=\u00bb4_4&#8243; _builder_version=\u00bb3.21.1&#8243;][et_pb_dcsbcm_divi_breadcrumbs_module hide_homebreadcrumb=\u00bboff\u00bb homebreadcrumbtext=\u00bb<i class=%22fas fa-school%22><\/i> Hasiera\u00bb separator=\u00bbsep-raquo\u00bb _builder_version=\u00bb3.21.1&#8243; fontsbreadcrumbs_font=\u00bb||||||||\u00bb fontsbreadcrumbs_text_color=\u00bb#666666&#8243; fontsseperator_font=\u00bb||||||||\u00bb fontsseperator_text_color=\u00bb#003f7a\u00bb fontsbreadcrumblinks_font=\u00bb||||||||\u00bb fontsbreadcrumblinks_text_color=\u00bb#003f7a\u00bb][\/et_pb_dcsbcm_divi_breadcrumbs_module][\/et_pb_column][\/et_pb_row][\/et_pb_section][et_pb_section fb_built=\u00bb1&#8243; _builder_version=\u00bb3.22.3&#8243; background_color=\u00bbrgba(171,206,227,0.15)\u00bb custom_padding=\u00bb0|0px|54px|0px|false|false\u00bb][et_pb_row custom_padding=\u00bb30px|15px|30px|15px|false|false\u00bb make_equal=\u00bbon\u00bb _builder_version=\u00bb3.22.3&#8243; background_color=\u00bb#ffffff\u00bb box_shadow_style=\u00bbpreset2&#8243;][et_pb_column type=\u00bb4_4&#8243; _builder_version=\u00bb3.21.1&#8243;][et_pb_post_title meta=\u00bboff\u00bb featured_image=\u00bboff\u00bb _builder_version=\u00bb3.21.1&#8243; title_font=\u00bb||||||||\u00bb title_font_size=\u00bb35px\u00bb meta_font=\u00bb||||||||\u00bb border_width_bottom=\u00bb1px\u00bb border_color_bottom=\u00bb#003f7a\u00bb max_width=\u00bb50%\u00bb][\/et_pb_post_title][et_pb_text _builder_version=\u00bb3.22.6&#8243;]<\/p>\n<p>Una<span>\u00a0<\/span><em>cookie<\/em><span>\u00a0<\/span>es un peque\u00f1o fichero de texto que se almacena en su navegador cuando visita casi cualquier p\u00e1gina web. Su utilidad es que la web sea capaz de recordar su visita cuando vuelva a navegar por esa p\u00e1gina. Las<span>\u00a0<\/span><em>cookies<\/em><span>\u00a0<\/span>suelen almacenar informaci\u00f3n de car\u00e1cter t\u00e9cnico, preferencias personales, personalizaci\u00f3n de contenidos, estad\u00edsticas de uso, enlaces a redes sociales, acceso a cuentas de usuario, etc. El objetivo de la<span>\u00a0<\/span><em>cookie<\/em><span>\u00a0<\/span>es adaptar el contenido de la web a su perfil y necesidades, sin<span>\u00a0<\/span><em>cookies<\/em><span>\u00a0<\/span>los servicios ofrecidos por cualquier p\u00e1gina se ver\u00edan mermados notablemente. Si desea consultar m\u00e1s informaci\u00f3n sobre qu\u00e9 son las<span>\u00a0<\/span><em>cookies<\/em>, qu\u00e9 almacenan, c\u00f3mo eliminarlas, desactivarlas, etc.,<span>\u00a0<\/span><a href=\"https:\/\/harrobia.net\/es\/mas-informacion-sobre-las-cookies\/\">le rogamos se dirija a este enlace.<\/a><\/p>\n<h2>Cookies utilizadas en este sitio web<\/h2>\n<p>Siguiendo las directrices de la Agencia Espa\u00f1ola de Protecci\u00f3n de Datos procedemos a detallar el uso de<span>\u00a0<\/span><em>cookies<\/em><span>\u00a0<\/span>que hace esta web con el fin de informarle con la m\u00e1xima exactitud posible.<\/p>\n<p>Este sitio web utiliza las siguientes<span>\u00a0<\/span><strong>cookies propias<\/strong>:<\/p>\n<ul>\n<li>Cookies de sesi\u00f3n, para garantizar que los usuarios que escriban comentarios en el blog sean humanos y no aplicaciones automatizadas. De esta forma se combate el<span>\u00a0<\/span><em>spam<\/em>.<\/li>\n<\/ul>\n<p>Este sitio web utiliza las siguientes<span>\u00a0<\/span><strong>cookies de terceros<\/strong>:<\/p>\n<ul>\n<li>Google Analytics: Almacena<span>\u00a0<\/span><em>cookies<\/em><span>\u00a0<\/span>para poder elaborar estad\u00edsticas sobre el tr\u00e1fico y volumen de visitas de esta web. Al utilizar este sitio web est\u00e1 consintiendo el tratamiento de informaci\u00f3n acerca de usted por Google. Por tanto, el ejercicio de cualquier derecho en este sentido deber\u00e1 hacerlo comunicando directamente con Google.<\/li>\n<li>Redes sociales: Cada red social utiliza sus propias<span>\u00a0<\/span><em>cookies<\/em><span>\u00a0<\/span>para que usted pueda pinchar en botones del tipo<span>\u00a0<\/span><em>Me gusta<\/em><span>\u00a0<\/span>o<span>\u00a0<\/span><em>Compartir<\/em>.<\/li>\n<\/ul>\n<h2>Desactivaci\u00f3n o eliminaci\u00f3n de cookies<\/h2>\n<p>En cualquier momento podr\u00e1 ejercer su derecho de desactivaci\u00f3n o eliminaci\u00f3n de cookies de este sitio web. Estas acciones se realizan de forma diferente en funci\u00f3n del navegador que est\u00e9 usando.<span>\u00a0<\/span><a href=\"https:\/\/harrobia.net\/es\/mas-informacion-sobre-las-cookies\/#navegadores\">Aqu\u00ed le dejamos una gu\u00eda r\u00e1pida para los navegadores m\u00e1s populares<\/a>.<\/p>\n<h2>Notas adicionales<\/h2>\n<ul>\n<li>Ni esta web ni sus representantes legales se hacen responsables ni del contenido ni de la veracidad de las pol\u00edticas de privacidad que puedan tener los terceros mencionados en esta pol\u00edtica de<span>\u00a0<\/span><em>cookies<\/em>.<\/li>\n<li>Los navegadores web son las herramientas encargadas de almacenar las<span>\u00a0<\/span><em>cookies<\/em><span>\u00a0<\/span>y desde este lugar debe efectuar su derecho a eliminaci\u00f3n o desactivaci\u00f3n de las mismas. Ni esta web ni sus representantes legales pueden garantizar la correcta o incorrecta manipulaci\u00f3n de las<span>\u00a0<\/span><em>cookies<\/em><span>\u00a0<\/span>por parte de los mencionados navegadores.<\/li>\n<li>En algunos casos es necesario instalar<span>\u00a0<\/span><em>cookies<\/em><span>\u00a0<\/span>para que el navegador no olvide su decisi\u00f3n de no aceptaci\u00f3n de las mismas.<\/li>\n<li>En el caso de las<span>\u00a0<\/span><em>cookies<\/em><span>\u00a0<\/span>de Google Analytics, esta empresa almacena las<span>\u00a0<\/span><em>cookies<\/em><span>\u00a0<\/span>en servidores ubicados en Estados Unidos y se compromete a no compartirla con terceros, excepto en los casos en los que sea necesario para el funcionamiento del sistema o cuando la ley obligue a tal efecto. Seg\u00fan Google no guarda su direcci\u00f3n IP. Google Inc. es una compa\u00f1\u00eda adherida al Acuerdo de Puerto Seguro que garantiza que todos los datos transferidos ser\u00e1n tratados con un nivel de protecci\u00f3n acorde a la normativa europea. Puede consultar informaci\u00f3n detallada a este respecto<span>\u00a0<\/span><a href=\"http:\/\/safeharbor.export.gov\/companyinfo.aspx?id=16626\" target=\"_blank\" rel=\"noopener noreferrer\">en este enlace<\/a>. Si desea informaci\u00f3n sobre el uso que Google da a las cookies<span>\u00a0<\/span><a href=\"https:\/\/developers.google.com\/analytics\/devguides\/collection\/analyticsjs\/cookie-usage?hl=es&amp;csw=1\" target=\"_blank\" rel=\"noopener noreferrer\">le adjuntamos este otro enlace<\/a>.<\/li>\n<li>Para cualquier duda o consulta acerca de esta pol\u00edtica de<span>\u00a0<\/span><em>cookies<\/em><span>\u00a0<\/span>no dude en comunicarse con nosotros a trav\u00e9s de la secci\u00f3n de contacto.<\/li>\n<\/ul>\n<p>[\/et_pb_text][\/et_pb_column][\/et_pb_row][\/et_pb_section]<\/p>\n<span class=\"et_bloom_bottom_trigger\"><\/span>","protected":false},"excerpt":{"rendered":"<p>Una\u00a0cookie\u00a0es un peque\u00f1o fichero de texto que se almacena en su navegador cuando visita casi cualquier p\u00e1gina web. Su utilidad es que la web sea capaz de recordar su visita cuando vuelva a navegar por esa p\u00e1gina. Las\u00a0cookies\u00a0suelen almacenar informaci\u00f3n de car\u00e1cter t\u00e9cnico, preferencias personales, personalizaci\u00f3n de contenidos, estad\u00edsticas de uso, enlaces a redes sociales, [&hellip;]<\/p>\n","protected":false},"author":1,"featured_media":0,"parent":0,"menu_order":0,"comment_status":"closed","ping_status":"closed","template":"","meta":{"_acf_changed":false,"_et_pb_use_builder":"on","_et_pb_old_content":"<p>\r\n\tUna <em>cookie<\/em> es un peque\u00f1o fichero de texto que se almacena en su navegador cuando visita casi cualquier p\u00e1gina web. Su utilidad es que la web sea capaz de recordar su visita cuando vuelva a navegar por esa p\u00e1gina. Las <em>cookies<\/em> suelen almacenar informaci\u00f3n de car\u00e1cter t\u00e9cnico, preferencias personales, personalizaci\u00f3n de contenidos, estad\u00edsticas de uso, enlaces a redes sociales, acceso a cuentas de usuario, etc. El objetivo de la <em>cookie<\/em> es adaptar el contenido de la web a su perfil y necesidades, sin <em>cookies<\/em> los servicios ofrecidos por cualquier p\u00e1gina se ver\u00edan mermados notablemente. Si desea consultar m\u00e1s informaci\u00f3n sobre qu\u00e9 son las <em>cookies<\/em>, qu\u00e9 almacenan, c\u00f3mo eliminarlas, desactivarlas, etc., <a href=\"\/?page_id=11519\">le rogamos se dirija a este enlace.<\/a>\r\n<\/p>\r\n<h2>Cookies utilizadas en este sitio web<\/h2>\r\n<p>\r\n\tSiguiendo las directrices de la Agencia Espa\u00f1ola de Protecci\u00f3n de Datos procedemos a detallar el uso de <em>cookies<\/em> que hace esta web con el fin de informarle con la m\u00e1xima exactitud posible.\r\n<\/p>\r\n<p>\r\n\tEste sitio web utiliza las siguientes <strong>cookies propias<\/strong>:\r\n\t<ul>\r\n\t\t<li>Cookies de sesi\u00f3n, para garantizar que los usuarios que escriban comentarios en el blog sean humanos y no aplicaciones automatizadas. De esta forma se combate el <em>spam<\/em>.<\/li>\r\n\t<\/ul>\r\n<\/p>\r\n<p>\r\n\tEste sitio web utiliza las siguientes <strong>cookies de terceros<\/strong>:\r\n\t<ul>\r\n\t\t<li>Google Analytics: Almacena <em>cookies<\/em> para poder elaborar estad\u00edsticas sobre el tr\u00e1fico y volumen de visitas de esta web. Al utilizar este sitio web est\u00e1 consintiendo el tratamiento de informaci\u00f3n acerca de usted por Google. Por tanto, el ejercicio de cualquier derecho en este sentido deber\u00e1 hacerlo comunicando directamente con Google.<\/li>\r\n\t\t<li>Redes sociales: Cada red social utiliza sus propias <em>cookies<\/em> para que usted pueda pinchar en botones del tipo <em>Me gusta<\/em> o <em>Compartir<\/em>.<\/li>\r\n\t<\/ul>\r\n<\/p> \r\n<h2>Desactivaci\u00f3n o eliminaci\u00f3n de cookies<\/h2>\r\n<p>\r\n\tEn cualquier momento podr\u00e1 ejercer su derecho de desactivaci\u00f3n o eliminaci\u00f3n de cookies de este sitio web. Estas acciones se realizan de forma diferente en funci\u00f3n del navegador que est\u00e9 usando. <a href=\"\/?page_id=11519#navegadores\">Aqu\u00ed le dejamos una gu\u00eda r\u00e1pida para los navegadores m\u00e1s populares<\/a>.\r\n<\/p>\r\n<h2>Notas adicionales<\/h2>\r\n<p>\r\n\t<ul>\r\n\t\t<li>\r\n\t\t\tNi esta web ni sus representantes legales se hacen responsables ni del contenido ni de la veracidad de las pol\u00edticas de privacidad que puedan tener los terceros mencionados en esta pol\u00edtica de <em>cookies<\/em>.\r\n\t\t<\/li>\r\n\t\t<li>\r\n\t\t\tLos navegadores web son las herramientas encargadas de almacenar las <em>cookies<\/em> y desde este lugar debe efectuar su derecho a eliminaci\u00f3n o desactivaci\u00f3n de las mismas. Ni esta web ni sus representantes legales pueden garantizar la correcta o incorrecta manipulaci\u00f3n de las <em>cookies<\/em> por parte de los mencionados navegadores.\r\n\t\t<\/li>\r\n\t\t<li>\r\n\t\t\tEn algunos casos es necesario instalar <em>cookies<\/em> para que el navegador no olvide su decisi\u00f3n de no aceptaci\u00f3n de las mismas.\r\n\t\t<\/li>\r\n\t\t<li>\r\n\t\t\tEn el caso de las <em>cookies<\/em> de Google Analytics, esta empresa almacena las <em>cookies<\/em> en servidores ubicados en Estados Unidos y se compromete a no compartirla con terceros, excepto en los casos en los que sea necesario para el funcionamiento del sistema o cuando la ley obligue a tal efecto. Seg\u00fan Google no guarda su direcci\u00f3n IP. Google Inc. es una compa\u00f1\u00eda adherida al Acuerdo de Puerto Seguro que garantiza que todos los datos transferidos ser\u00e1n tratados con un nivel de protecci\u00f3n acorde a la normativa europea. Puede consultar informaci\u00f3n detallada a este respecto <a href=\"http:\/\/safeharbor.export.gov\/companyinfo.aspx?id=16626\" target=\"_blank\">en este enlace<\/a>. Si desea informaci\u00f3n sobre el uso que Google da a las cookies <a href=\"https:\/\/developers.google.com\/analytics\/devguides\/collection\/analyticsjs\/cookie-usage?hl=es&csw=1\" target=\"_blank\">le adjuntamos este otro enlace<\/a>.\r\n\t\t<\/li>\r\n\t\t<li>\r\n\t\t\tPara cualquier duda o consulta acerca de esta pol\u00edtica de <em>cookies<\/em> no dude en comunicarse con nosotros a trav\u00e9s de la secci\u00f3n de contacto.<\/a>\r\n\t\t<\/li>\r\n\t<\/ul>\r\n<\/p>","_et_gb_content_width":"","_joinchat":[],"footnotes":""},"class_list":["post-11521","page","type-page","status-publish","hentry"],"acf":[],"yoast_head":"<!-- This site is optimized with the Yoast SEO plugin v27.3 - https:\/\/yoast.com\/product\/yoast-seo-wordpress\/ -->\n<title>Pol\u00edtica de cookies - Harrobia | Lanbide heziketa Bizkaian<\/title>\n<meta name=\"robots\" content=\"index, follow, max-snippet:-1, max-image-preview:large, max-video-preview:-1\" \/>\n<link rel=\"canonical\" href=\"https:\/\/harrobia.net\/es\/politica-de-cookies\/\" \/>\n<meta property=\"og:locale\" content=\"es_ES\" \/>\n<meta property=\"og:type\" content=\"article\" \/>\n<meta property=\"og:title\" content=\"Pol\u00edtica de cookies - Harrobia | Lanbide heziketa Bizkaian\" \/>\n<meta property=\"og:url\" content=\"https:\/\/harrobia.net\/es\/politica-de-cookies\/\" \/>\n<meta property=\"og:site_name\" content=\"Harrobia Ikastola\" \/>\n<meta property=\"article:publisher\" content=\"https:\/\/www.facebook.com\/HarrobiaIkastola\" \/>\n<meta property=\"article:modified_time\" content=\"2019-05-03T08:19:22+00:00\" \/>\n<meta property=\"og:image\" content=\"https:\/\/harrobia.net\/wp-content\/uploads\/2022\/11\/logoa.jpg\" \/>\n\t<meta property=\"og:image:width\" content=\"819\" \/>\n\t<meta property=\"og:image:height\" content=\"303\" \/>\n\t<meta property=\"og:image:type\" content=\"image\/jpeg\" \/>\n<meta name=\"twitter:card\" content=\"summary_large_image\" \/>\n<meta name=\"twitter:site\" content=\"@harrobiaikas\" \/>\n<meta name=\"twitter:label1\" content=\"Tiempo de lectura\" \/>\n\t<meta name=\"twitter:data1\" content=\"4 minutos\" \/>\n<script type=\"application\/ld+json\" class=\"yoast-schema-graph\">{\"@context\":\"https:\\\/\\\/schema.org\",\"@graph\":[{\"@type\":\"WebPage\",\"@id\":\"https:\\\/\\\/harrobia.net\\\/es\\\/politica-de-cookies\\\/\",\"url\":\"https:\\\/\\\/harrobia.net\\\/es\\\/politica-de-cookies\\\/\",\"name\":\"Pol\u00edtica de cookies - Harrobia | Lanbide heziketa Bizkaian\",\"isPartOf\":{\"@id\":\"https:\\\/\\\/harrobia.net\\\/#website\"},\"datePublished\":\"2018-02-02T09:20:38+00:00\",\"dateModified\":\"2019-05-03T08:19:22+00:00\",\"breadcrumb\":{\"@id\":\"https:\\\/\\\/harrobia.net\\\/es\\\/politica-de-cookies\\\/#breadcrumb\"},\"inLanguage\":\"es\",\"potentialAction\":[{\"@type\":\"ReadAction\",\"target\":[\"https:\\\/\\\/harrobia.net\\\/es\\\/politica-de-cookies\\\/\"]}]},{\"@type\":\"BreadcrumbList\",\"@id\":\"https:\\\/\\\/harrobia.net\\\/es\\\/politica-de-cookies\\\/#breadcrumb\",\"itemListElement\":[{\"@type\":\"ListItem\",\"position\":1,\"name\":\"Home\",\"item\":\"https:\\\/\\\/harrobia.net\\\/\"},{\"@type\":\"ListItem\",\"position\":2,\"name\":\"Pol\u00edtica de cookies\"}]},{\"@type\":\"WebSite\",\"@id\":\"https:\\\/\\\/harrobia.net\\\/#website\",\"url\":\"https:\\\/\\\/harrobia.net\\\/\",\"name\":\"Harrobia Ikastola\",\"description\":\"Harrobia Lanbide Heziketaren Ikastola\",\"publisher\":{\"@id\":\"https:\\\/\\\/harrobia.net\\\/#organization\"},\"potentialAction\":[{\"@type\":\"SearchAction\",\"target\":{\"@type\":\"EntryPoint\",\"urlTemplate\":\"https:\\\/\\\/harrobia.net\\\/?s={search_term_string}\"},\"query-input\":{\"@type\":\"PropertyValueSpecification\",\"valueRequired\":true,\"valueName\":\"search_term_string\"}}],\"inLanguage\":\"es\"},{\"@type\":\"Organization\",\"@id\":\"https:\\\/\\\/harrobia.net\\\/#organization\",\"name\":\"Harrobia Ikastola\",\"url\":\"https:\\\/\\\/harrobia.net\\\/\",\"logo\":{\"@type\":\"ImageObject\",\"inLanguage\":\"es\",\"@id\":\"https:\\\/\\\/harrobia.net\\\/#\\\/schema\\\/logo\\\/image\\\/\",\"url\":\"https:\\\/\\\/harrobia.net\\\/wp-content\\\/uploads\\\/2014\\\/07\\\/harrobia.png\",\"contentUrl\":\"https:\\\/\\\/harrobia.net\\\/wp-content\\\/uploads\\\/2014\\\/07\\\/harrobia.png\",\"width\":256,\"height\":71,\"caption\":\"Harrobia Ikastola\"},\"image\":{\"@id\":\"https:\\\/\\\/harrobia.net\\\/#\\\/schema\\\/logo\\\/image\\\/\"},\"sameAs\":[\"https:\\\/\\\/www.facebook.com\\\/HarrobiaIkastola\",\"https:\\\/\\\/x.com\\\/harrobiaikas\",\"https:\\\/\\\/www.instagram.com\\\/harrobiaikastola\",\"https:\\\/\\\/www.youtube.com\\\/user\\\/IbarezkerraBilbo\"]}]}<\/script>\n<!-- \/ Yoast SEO plugin. -->","yoast_head_json":{"title":"Pol\u00edtica de cookies - Harrobia | Lanbide heziketa Bizkaian","robots":{"index":"index","follow":"follow","max-snippet":"max-snippet:-1","max-image-preview":"max-image-preview:large","max-video-preview":"max-video-preview:-1"},"canonical":"https:\/\/harrobia.net\/es\/politica-de-cookies\/","og_locale":"es_ES","og_type":"article","og_title":"Pol\u00edtica de cookies - Harrobia | Lanbide heziketa Bizkaian","og_url":"https:\/\/harrobia.net\/es\/politica-de-cookies\/","og_site_name":"Harrobia Ikastola","article_publisher":"https:\/\/www.facebook.com\/HarrobiaIkastola","article_modified_time":"2019-05-03T08:19:22+00:00","og_image":[{"width":819,"height":303,"url":"https:\/\/harrobia.net\/wp-content\/uploads\/2022\/11\/logoa.jpg","type":"image\/jpeg"}],"twitter_card":"summary_large_image","twitter_site":"@harrobiaikas","twitter_misc":{"Tiempo de lectura":"4 minutos"},"schema":{"@context":"https:\/\/schema.org","@graph":[{"@type":"WebPage","@id":"https:\/\/harrobia.net\/es\/politica-de-cookies\/","url":"https:\/\/harrobia.net\/es\/politica-de-cookies\/","name":"Pol\u00edtica de cookies - Harrobia | Lanbide heziketa Bizkaian","isPartOf":{"@id":"https:\/\/harrobia.net\/#website"},"datePublished":"2018-02-02T09:20:38+00:00","dateModified":"2019-05-03T08:19:22+00:00","breadcrumb":{"@id":"https:\/\/harrobia.net\/es\/politica-de-cookies\/#breadcrumb"},"inLanguage":"es","potentialAction":[{"@type":"ReadAction","target":["https:\/\/harrobia.net\/es\/politica-de-cookies\/"]}]},{"@type":"BreadcrumbList","@id":"https:\/\/harrobia.net\/es\/politica-de-cookies\/#breadcrumb","itemListElement":[{"@type":"ListItem","position":1,"name":"Home","item":"https:\/\/harrobia.net\/"},{"@type":"ListItem","position":2,"name":"Pol\u00edtica de cookies"}]},{"@type":"WebSite","@id":"https:\/\/harrobia.net\/#website","url":"https:\/\/harrobia.net\/","name":"Harrobia Ikastola","description":"Harrobia Lanbide Heziketaren Ikastola","publisher":{"@id":"https:\/\/harrobia.net\/#organization"},"potentialAction":[{"@type":"SearchAction","target":{"@type":"EntryPoint","urlTemplate":"https:\/\/harrobia.net\/?s={search_term_string}"},"query-input":{"@type":"PropertyValueSpecification","valueRequired":true,"valueName":"search_term_string"}}],"inLanguage":"es"},{"@type":"Organization","@id":"https:\/\/harrobia.net\/#organization","name":"Harrobia Ikastola","url":"https:\/\/harrobia.net\/","logo":{"@type":"ImageObject","inLanguage":"es","@id":"https:\/\/harrobia.net\/#\/schema\/logo\/image\/","url":"https:\/\/harrobia.net\/wp-content\/uploads\/2014\/07\/harrobia.png","contentUrl":"https:\/\/harrobia.net\/wp-content\/uploads\/2014\/07\/harrobia.png","width":256,"height":71,"caption":"Harrobia Ikastola"},"image":{"@id":"https:\/\/harrobia.net\/#\/schema\/logo\/image\/"},"sameAs":["https:\/\/www.facebook.com\/HarrobiaIkastola","https:\/\/x.com\/harrobiaikas","https:\/\/www.instagram.com\/harrobiaikastola","https:\/\/www.youtube.com\/user\/IbarezkerraBilbo"]}]}},"jetpack_sharing_enabled":true,"_links":{"self":[{"href":"https:\/\/harrobia.net\/es\/wp-json\/wp\/v2\/pages\/11521","targetHints":{"allow":["GET"]}}],"collection":[{"href":"https:\/\/harrobia.net\/es\/wp-json\/wp\/v2\/pages"}],"about":[{"href":"https:\/\/harrobia.net\/es\/wp-json\/wp\/v2\/types\/page"}],"author":[{"embeddable":true,"href":"https:\/\/harrobia.net\/es\/wp-json\/wp\/v2\/users\/1"}],"replies":[{"embeddable":true,"href":"https:\/\/harrobia.net\/es\/wp-json\/wp\/v2\/comments?post=11521"}],"version-history":[{"count":3,"href":"https:\/\/harrobia.net\/es\/wp-json\/wp\/v2\/pages\/11521\/revisions"}],"predecessor-version":[{"id":19801,"href":"https:\/\/harrobia.net\/es\/wp-json\/wp\/v2\/pages\/11521\/revisions\/19801"}],"wp:attachment":[{"href":"https:\/\/harrobia.net\/es\/wp-json\/wp\/v2\/media?parent=11521"}],"curies":[{"name":"wp","href":"https:\/\/api.w.org\/{rel}","templated":true}]}}