{"id":11197,"date":"2017-12-26T08:29:44","date_gmt":"2017-12-26T07:29:44","guid":{"rendered":"http:\/\/harrobia.net?page_id=11197"},"modified":"2019-05-06T16:24:03","modified_gmt":"2019-05-06T14:24:03","slug":"trabaja-en-harrobia","status":"publish","type":"page","link":"https:\/\/harrobia.net\/es\/ikastola\/trabaja-en-harrobia\/","title":{"rendered":"Trabaja en Harrobia"},"content":{"rendered":"<p>[et_pb_section fb_built=\u00bb1&#8243; _builder_version=\u00bb3.22.3&#8243; background_color=\u00bbrgba(171,206,227,0.15)\u00bb custom_padding=\u00bb30px|0px|30px|0px|false|false\u00bb][et_pb_row custom_padding=\u00bb0|0px|0|0px|false|false\u00bb _builder_version=\u00bb3.22.3&#8243;][et_pb_column type=\u00bb4_4&#8243; _builder_version=\u00bb3.21.1&#8243;][et_pb_dcsbcm_divi_breadcrumbs_module hide_homebreadcrumb=\u00bboff\u00bb homebreadcrumbtext=\u00bb<i class=%22fas fa-school%22><\/i> Hasiera\u00bb separator=\u00bbsep-raquo\u00bb _builder_version=\u00bb3.21.1&#8243; fontsbreadcrumbs_font=\u00bb||||||||\u00bb fontsbreadcrumbs_text_color=\u00bb#666666&#8243; fontsseperator_font=\u00bb||||||||\u00bb fontsseperator_text_color=\u00bb#003f7a\u00bb fontsbreadcrumblinks_font=\u00bb||||||||\u00bb fontsbreadcrumblinks_text_color=\u00bb#003f7a\u00bb][\/et_pb_dcsbcm_divi_breadcrumbs_module][\/et_pb_column][\/et_pb_row][\/et_pb_section][et_pb_section fb_built=\u00bb1&#8243; specialty=\u00bbon\u00bb background_color_1=\u00bb#ffffff\u00bb background_color_2=\u00bb#ffffff\u00bb padding_right_2=\u00bb15px\u00bb padding_left_2=\u00bb15px\u00bb _builder_version=\u00bb3.22.3&#8243; background_color=\u00bbrgba(171,206,227,0.15)\u00bb custom_padding=\u00bb0||54px||false|false\u00bb][et_pb_column type=\u00bb3_4&#8243; specialty_columns=\u00bb3&#8243; _builder_version=\u00bb3.0.47&#8243;][et_pb_row_inner custom_padding=\u00bb25px|15px|30px|15px|false|false\u00bb _builder_version=\u00bb3.21.1&#8243; background_color=\u00bb#ffffff\u00bb box_shadow_style=\u00bbpreset3&#8243;][et_pb_column_inner type=\u00bb4_4&#8243; saved_specialty_column_type=\u00bb3_4&#8243; _builder_version=\u00bb3.0.47&#8243;][et_pb_post_title meta=\u00bboff\u00bb featured_image=\u00bboff\u00bb _builder_version=\u00bb3.21.3&#8243; title_font=\u00bb||||||||\u00bb title_font_size=\u00bb35px\u00bb meta_font=\u00bb||||||||\u00bb border_width_bottom=\u00bb1px\u00bb border_color_bottom=\u00bb#003f7a\u00bb max_width=\u00bb50%\u00bb max_width_last_edited=\u00bbon|phone\u00bb][\/et_pb_post_title][et_pb_text _builder_version=\u00bb3.22.6&#8243;]<\/p>\n<p><img loading=\"lazy\" decoding=\"async\" src=\"https:\/\/harrobia.net\/wp-content\/uploads\/2019\/02\/RGPD_ES.png\" width=\"559\" height=\"219\" alt=\"\" class=\"wp-image-15560 alignnone size-full\" srcset=\"https:\/\/harrobia.net\/wp-content\/uploads\/2019\/02\/RGPD_ES.png 559w, https:\/\/harrobia.net\/wp-content\/uploads\/2019\/02\/RGPD_ES-300x118.png 300w, https:\/\/harrobia.net\/wp-content\/uploads\/2019\/02\/RGPD_ES-450x176.png 450w, https:\/\/harrobia.net\/wp-content\/uploads\/2019\/02\/RGPD_ES-545x214.png 545w\" sizes=\"(max-width: 559px) 100vw, 559px\" \/><\/p>\n<p>HARROBIA dispone de una pol\u00edtica de gesti\u00f3n de las personas que persigue el respeto a la diversidad, la igualdad de oportunidades y la no discriminaci\u00f3n.<\/p>\n<p>HARROBIA cuenta con un Plan de Igualdad con el que se compromete a integrar la perspectiva de igualdad de trato y de oportunidades.<\/p>\n<p>En HARROBIA siempre buscamos profesionales de amplia experiencia en los campos en los que trabajamos (industrias creativas e industrias del deporte). Si crees que puedes formar parte de nuestra plantilla o tienes alg\u00fan proyecto, m\u00e1ndanos tu CV.<\/p>\n<p>[\/et_pb_text][\/et_pb_column_inner][\/et_pb_row_inner][et_pb_row_inner custom_padding=\u00bb25px|15px|30px|15px|false|false\u00bb _builder_version=\u00bb3.21.1&#8243; background_color=\u00bb#ffffff\u00bb box_shadow_style=\u00bbpreset3&#8243;][et_pb_column_inner type=\u00bb4_4&#8243; saved_specialty_column_type=\u00bb3_4&#8243; _builder_version=\u00bb3.0.47&#8243;][et_pb_code _builder_version=\u00bb3.22.7&#8243;]\n<div class=\"wpcf7 no-js\" id=\"wpcf7-f11219-o1\" lang=\"en-US\" dir=\"ltr\" data-wpcf7-id=\"11219\">\n<div class=\"screen-reader-response\"><p role=\"status\" aria-live=\"polite\" aria-atomic=\"true\"><\/p> <ul><\/ul><\/div>\n<form action=\"\/es\/wp-json\/wp\/v2\/pages\/11197#wpcf7-f11219-o1\" method=\"post\" class=\"wpcf7-form init\" aria-label=\"Contact form\" enctype=\"multipart\/form-data\" novalidate=\"novalidate\" data-status=\"init\">\n<fieldset class=\"hidden-fields-container\"><input type=\"hidden\" name=\"_wpcf7\" value=\"11219\" \/><input type=\"hidden\" name=\"_wpcf7_version\" value=\"6.1.5\" \/><input type=\"hidden\" name=\"_wpcf7_locale\" value=\"en_US\" \/><input type=\"hidden\" name=\"_wpcf7_unit_tag\" value=\"wpcf7-f11219-o1\" \/><input type=\"hidden\" name=\"_wpcf7_container_post\" value=\"0\" \/><input type=\"hidden\" name=\"_wpcf7_posted_data_hash\" value=\"\" \/><input type=\"hidden\" name=\"_wpcf7_recaptcha_response\" value=\"\" \/>\n<\/fieldset>\n<p><label class=\"izena\">Nombre y apellidos*<\/label>\n<\/p>\n<p><span class=\"wpcf7-form-control-wrap\" data-name=\"Izena\"><input size=\"40\" maxlength=\"400\" class=\"wpcf7-form-control wpcf7-text wpcf7-validates-as-required\" aria-required=\"true\" aria-invalid=\"false\" value=\"\" type=\"text\" name=\"Izena\" \/><\/span>\n<\/p>\n<p><label class=\"email\">E-mail*<\/label>\n<\/p>\n<p><span class=\"wpcf7-form-control-wrap\" data-name=\"email\"><input size=\"40\" maxlength=\"400\" class=\"wpcf7-form-control wpcf7-email wpcf7-validates-as-required wpcf7-text wpcf7-validates-as-email\" aria-required=\"true\" aria-invalid=\"false\" value=\"\" type=\"email\" name=\"email\" \/><\/span>\n<\/p>\n<p><label class=\"telefonoa\">Tel\u00e9fono*<\/label>\n<\/p>\n<p><span class=\"wpcf7-form-control-wrap\" data-name=\"telefonoa\"><input size=\"40\" maxlength=\"400\" class=\"wpcf7-form-control wpcf7-text wpcf7-validates-as-required\" aria-required=\"true\" aria-invalid=\"false\" value=\"\" type=\"text\" name=\"telefonoa\" \/><\/span>\n<\/p>\n<p><label class=\"fitx\">Curr\u00edculum v\u00edtae*<\/label>\n<\/p>\n<p><span class=\"wpcf7-form-control-wrap\" data-name=\"fitx\"><input size=\"40\" class=\"wpcf7-form-control wpcf7-file wpcf7-validates-as-required\" accept=\".doc,.odt,.jpeg,.jpg,.pdf,.txt\" aria-required=\"true\" aria-invalid=\"false\" type=\"file\" name=\"fitx\" \/><\/span>\n<\/p>\n<p><span class=\"wpcf7-form-control-wrap\" data-name=\"buletina\"><span class=\"wpcf7-form-control wpcf7-checkbox\"><span class=\"wpcf7-list-item first last\"><input type=\"checkbox\" name=\"buletina[]\" value=\"Quiero recibir el bolet\u00edn de HARROBIA.\" \/><span class=\"wpcf7-list-item-label\">Quiero recibir el bolet\u00edn de HARROBIA.<\/span><\/span><\/span><\/span>\n<\/p>\n<p><span class=\"wpcf7-form-control-wrap\" data-name=\"PROTECCION\"><span class=\"wpcf7-form-control wpcf7-checkbox\"><span class=\"wpcf7-list-item first last\"><input type=\"checkbox\" name=\"PROTECCION[]\" value=\"He le\u00eddo y acepto lo relativo a la protecci\u00f3n de datos.*\" \/><span class=\"wpcf7-list-item-label\">He le\u00eddo y acepto lo relativo a la protecci\u00f3n de datos.*<\/span><\/span><\/span><\/span>\n<\/p>\n<p>&nbsp&nbsp&nbsp&nbsp&nbsp&nbsp&nbsp&nbsp&nbspPuede consultar la informaci\u00f3n adicional y detallada en <a href=\"https:\/\/harrobia.net\/es\/proteccion-de-datos\/\"target=\"_blank\">https:\/\/harrobia.net\/es\/proteccion-de-datos\/<\/a>\n<\/p>\n<p><input class=\"wpcf7-form-control wpcf7-submit has-spinner\" type=\"submit\" value=\"Enviar\" \/>\n<\/p><p style=\"display: none !important;\" class=\"akismet-fields-container\" data-prefix=\"_wpcf7_ak_\"><label>&#916;<textarea name=\"_wpcf7_ak_hp_textarea\" cols=\"45\" rows=\"8\" maxlength=\"100\"><\/textarea><\/label><input type=\"hidden\" id=\"ak_js_1\" name=\"_wpcf7_ak_js\" value=\"53\"\/><script>document.getElementById( \"ak_js_1\" ).setAttribute( \"value\", ( new Date() ).getTime() );<\/script><\/p><div class=\"wpcf7-response-output\" aria-hidden=\"true\"><\/div>\n<\/form>\n<\/div>\n[\/et_pb_code][\/et_pb_column_inner][\/et_pb_row_inner][\/et_pb_column][et_pb_column type=\u00bb1_4&#8243; _builder_version=\u00bb3.0.47&#8243;][et_pb_sidebar area=\u00bbet_pb_widget_area_1&#8243; show_border=\u00bboff\u00bb _builder_version=\u00bb3.21.1&#8243; header_font=\u00bb||||||||\u00bb header_font_size=\u00bb25px\u00bb body_font=\u00bb||||||||\u00bb body_font_size=\u00bb13px\u00bb][\/et_pb_sidebar][et_pb_sidebar area=\u00bbet_pb_widget_area_13&#8243; _builder_version=\u00bb3.21.1&#8243; body_font=\u00bb||||||||\u00bb body_font_size=\u00bb13px\u00bb border_color_all=\u00bbrgba(0,0,0,0)\u00bb][\/et_pb_sidebar][et_pb_sidebar area=\u00bbet_pb_widget_area_2&#8243; show_border=\u00bboff\u00bb _builder_version=\u00bb3.21.1&#8243; header_font=\u00bb||||||||\u00bb header_font_size=\u00bb25px\u00bb body_font=\u00bb||||||||\u00bb body_font_size=\u00bb13px\u00bb][\/et_pb_sidebar][\/et_pb_column][\/et_pb_section]<\/p>\n<span class=\"et_bloom_bottom_trigger\"><\/span>","protected":false},"excerpt":{"rendered":"<p>HARROBIA dispone de una pol\u00edtica de gesti\u00f3n de las personas que persigue el respeto a la diversidad, la igualdad de oportunidades y la no discriminaci\u00f3n. HARROBIA cuenta con un Plan de Igualdad con el que se compromete a integrar la perspectiva de igualdad de trato y de oportunidades. En HARROBIA siempre buscamos profesionales de amplia [&hellip;]<\/p>\n","protected":false},"author":6,"featured_media":0,"parent":81,"menu_order":0,"comment_status":"closed","ping_status":"closed","template":"","meta":{"_acf_changed":false,"_et_pb_use_builder":"on","_et_pb_old_content":"&nbsp;\r\n\r\n<img class=\"size-full wp-image-15564 alignleft\" src=\"https:\/\/harrobia.net\/wp-content\/uploads\/2019\/02\/RGPD_EU.png\" alt=\"\" width=\"563\" height=\"217\" \/>\r\n\r\n&nbsp;\r\n\r\n&nbsp;\r\n\r\n&nbsp;\r\n\r\n&nbsp;\r\n\r\n&nbsp;\r\n\r\n&nbsp;\r\n\r\n&nbsp;\r\n\r\n&nbsp;\r\n\r\n&nbsp;\r\n\r\nHARROBIAk aniztasuna, aukera-berdintasuna eta bazterkeriarik gabeko gizartea aintzatesten duen pertsonen kudeaketa-poltika garatu du.\r\n\r\nHARROBIAk genero berdintasuna bermatzen duen plangintza bat dauka garatuta eta, beronen bidez, tratu- eta aukera-berdintasuna integratzeko konpromisoa hartzen du bere gain.\r\n\r\nHARROBIAk, lanean diharduen eremuetan, betidanik bilatu izan ditu eskarmentu handiko profesionalak (industria sortzaileak eta kirolaren industria). Geure plantillaren parte izan nahi baduzu, edo proiektu interesgarritren bat baldin baduzu, bidal iezaguzu zeure CVa.\r\n\r\n[contact-form-7 id=\"11216\" title=\"Gurekin lan egin\"]","_et_gb_content_width":"","_joinchat":[],"footnotes":""},"class_list":["post-11197","page","type-page","status-publish","hentry"],"acf":[],"yoast_head":"<!-- This site is optimized with the Yoast SEO plugin v27.3 - https:\/\/yoast.com\/product\/yoast-seo-wordpress\/ -->\n<title>Trabaja en Harrobia - Harrobia | Lanbide heziketa Bizkaian<\/title>\n<meta name=\"robots\" content=\"index, follow, max-snippet:-1, max-image-preview:large, max-video-preview:-1\" \/>\n<link rel=\"canonical\" href=\"https:\/\/harrobia.net\/ikastola\/gurekin-lan-egin\/\" \/>\n<meta property=\"og:locale\" content=\"es_ES\" \/>\n<meta property=\"og:type\" content=\"article\" \/>\n<meta property=\"og:title\" content=\"Trabaja en Harrobia - Harrobia | Lanbide heziketa Bizkaian\" \/>\n<meta property=\"og:url\" content=\"https:\/\/harrobia.net\/ikastola\/gurekin-lan-egin\/\" \/>\n<meta property=\"og:site_name\" content=\"Harrobia Ikastola\" \/>\n<meta property=\"article:publisher\" content=\"https:\/\/www.facebook.com\/HarrobiaIkastola\" \/>\n<meta property=\"article:modified_time\" content=\"2019-05-06T14:24:03+00:00\" \/>\n<meta property=\"og:image\" content=\"https:\/\/harrobia.net\/wp-content\/uploads\/2019\/02\/RGPD_ES.png\" \/>\n<meta name=\"twitter:card\" content=\"summary_large_image\" \/>\n<meta name=\"twitter:site\" content=\"@harrobiaikas\" \/>\n<meta name=\"twitter:label1\" content=\"Tiempo de lectura\" \/>\n\t<meta name=\"twitter:data1\" content=\"2 minutos\" \/>\n<script type=\"application\/ld+json\" class=\"yoast-schema-graph\">{\"@context\":\"https:\\\/\\\/schema.org\",\"@graph\":[{\"@type\":\"WebPage\",\"@id\":\"https:\\\/\\\/harrobia.net\\\/ikastola\\\/gurekin-lan-egin\\\/\",\"url\":\"https:\\\/\\\/harrobia.net\\\/ikastola\\\/gurekin-lan-egin\\\/\",\"name\":\"Trabaja en Harrobia - Harrobia | Lanbide heziketa Bizkaian\",\"isPartOf\":{\"@id\":\"https:\\\/\\\/harrobia.net\\\/#website\"},\"primaryImageOfPage\":{\"@id\":\"https:\\\/\\\/harrobia.net\\\/ikastola\\\/gurekin-lan-egin\\\/#primaryimage\"},\"image\":{\"@id\":\"https:\\\/\\\/harrobia.net\\\/ikastola\\\/gurekin-lan-egin\\\/#primaryimage\"},\"thumbnailUrl\":\"https:\\\/\\\/harrobia.net\\\/wp-content\\\/uploads\\\/2019\\\/02\\\/RGPD_ES.png\",\"datePublished\":\"2017-12-26T07:29:44+00:00\",\"dateModified\":\"2019-05-06T14:24:03+00:00\",\"breadcrumb\":{\"@id\":\"https:\\\/\\\/harrobia.net\\\/ikastola\\\/gurekin-lan-egin\\\/#breadcrumb\"},\"inLanguage\":\"es\",\"potentialAction\":[{\"@type\":\"ReadAction\",\"target\":[\"https:\\\/\\\/harrobia.net\\\/ikastola\\\/gurekin-lan-egin\\\/\"]}]},{\"@type\":\"ImageObject\",\"inLanguage\":\"es\",\"@id\":\"https:\\\/\\\/harrobia.net\\\/ikastola\\\/gurekin-lan-egin\\\/#primaryimage\",\"url\":\"https:\\\/\\\/harrobia.net\\\/wp-content\\\/uploads\\\/2019\\\/02\\\/RGPD_ES.png\",\"contentUrl\":\"https:\\\/\\\/harrobia.net\\\/wp-content\\\/uploads\\\/2019\\\/02\\\/RGPD_ES.png\"},{\"@type\":\"BreadcrumbList\",\"@id\":\"https:\\\/\\\/harrobia.net\\\/ikastola\\\/gurekin-lan-egin\\\/#breadcrumb\",\"itemListElement\":[{\"@type\":\"ListItem\",\"position\":1,\"name\":\"Home\",\"item\":\"https:\\\/\\\/harrobia.net\\\/es\\\/\"},{\"@type\":\"ListItem\",\"position\":2,\"name\":\"Ikastola\",\"item\":\"https:\\\/\\\/harrobia.net\\\/ikastola\\\/\"},{\"@type\":\"ListItem\",\"position\":3,\"name\":\"Trabaja en Harrobia\"}]},{\"@type\":\"WebSite\",\"@id\":\"https:\\\/\\\/harrobia.net\\\/#website\",\"url\":\"https:\\\/\\\/harrobia.net\\\/\",\"name\":\"Harrobia Ikastola\",\"description\":\"Harrobia Lanbide Heziketaren Ikastola\",\"publisher\":{\"@id\":\"https:\\\/\\\/harrobia.net\\\/#organization\"},\"potentialAction\":[{\"@type\":\"SearchAction\",\"target\":{\"@type\":\"EntryPoint\",\"urlTemplate\":\"https:\\\/\\\/harrobia.net\\\/?s={search_term_string}\"},\"query-input\":{\"@type\":\"PropertyValueSpecification\",\"valueRequired\":true,\"valueName\":\"search_term_string\"}}],\"inLanguage\":\"es\"},{\"@type\":\"Organization\",\"@id\":\"https:\\\/\\\/harrobia.net\\\/#organization\",\"name\":\"Harrobia Ikastola\",\"url\":\"https:\\\/\\\/harrobia.net\\\/\",\"logo\":{\"@type\":\"ImageObject\",\"inLanguage\":\"es\",\"@id\":\"https:\\\/\\\/harrobia.net\\\/#\\\/schema\\\/logo\\\/image\\\/\",\"url\":\"https:\\\/\\\/harrobia.net\\\/wp-content\\\/uploads\\\/2014\\\/07\\\/harrobia.png\",\"contentUrl\":\"https:\\\/\\\/harrobia.net\\\/wp-content\\\/uploads\\\/2014\\\/07\\\/harrobia.png\",\"width\":256,\"height\":71,\"caption\":\"Harrobia Ikastola\"},\"image\":{\"@id\":\"https:\\\/\\\/harrobia.net\\\/#\\\/schema\\\/logo\\\/image\\\/\"},\"sameAs\":[\"https:\\\/\\\/www.facebook.com\\\/HarrobiaIkastola\",\"https:\\\/\\\/x.com\\\/harrobiaikas\",\"https:\\\/\\\/www.instagram.com\\\/harrobiaikastola\",\"https:\\\/\\\/www.youtube.com\\\/user\\\/IbarezkerraBilbo\"]}]}<\/script>\n<!-- \/ Yoast SEO plugin. -->","yoast_head_json":{"title":"Trabaja en Harrobia - Harrobia | Lanbide heziketa Bizkaian","robots":{"index":"index","follow":"follow","max-snippet":"max-snippet:-1","max-image-preview":"max-image-preview:large","max-video-preview":"max-video-preview:-1"},"canonical":"https:\/\/harrobia.net\/ikastola\/gurekin-lan-egin\/","og_locale":"es_ES","og_type":"article","og_title":"Trabaja en Harrobia - Harrobia | Lanbide heziketa Bizkaian","og_url":"https:\/\/harrobia.net\/ikastola\/gurekin-lan-egin\/","og_site_name":"Harrobia Ikastola","article_publisher":"https:\/\/www.facebook.com\/HarrobiaIkastola","article_modified_time":"2019-05-06T14:24:03+00:00","og_image":[{"url":"https:\/\/harrobia.net\/wp-content\/uploads\/2019\/02\/RGPD_ES.png","type":"","width":"","height":""}],"twitter_card":"summary_large_image","twitter_site":"@harrobiaikas","twitter_misc":{"Tiempo de lectura":"2 minutos"},"schema":{"@context":"https:\/\/schema.org","@graph":[{"@type":"WebPage","@id":"https:\/\/harrobia.net\/ikastola\/gurekin-lan-egin\/","url":"https:\/\/harrobia.net\/ikastola\/gurekin-lan-egin\/","name":"Trabaja en Harrobia - Harrobia | Lanbide heziketa Bizkaian","isPartOf":{"@id":"https:\/\/harrobia.net\/#website"},"primaryImageOfPage":{"@id":"https:\/\/harrobia.net\/ikastola\/gurekin-lan-egin\/#primaryimage"},"image":{"@id":"https:\/\/harrobia.net\/ikastola\/gurekin-lan-egin\/#primaryimage"},"thumbnailUrl":"https:\/\/harrobia.net\/wp-content\/uploads\/2019\/02\/RGPD_ES.png","datePublished":"2017-12-26T07:29:44+00:00","dateModified":"2019-05-06T14:24:03+00:00","breadcrumb":{"@id":"https:\/\/harrobia.net\/ikastola\/gurekin-lan-egin\/#breadcrumb"},"inLanguage":"es","potentialAction":[{"@type":"ReadAction","target":["https:\/\/harrobia.net\/ikastola\/gurekin-lan-egin\/"]}]},{"@type":"ImageObject","inLanguage":"es","@id":"https:\/\/harrobia.net\/ikastola\/gurekin-lan-egin\/#primaryimage","url":"https:\/\/harrobia.net\/wp-content\/uploads\/2019\/02\/RGPD_ES.png","contentUrl":"https:\/\/harrobia.net\/wp-content\/uploads\/2019\/02\/RGPD_ES.png"},{"@type":"BreadcrumbList","@id":"https:\/\/harrobia.net\/ikastola\/gurekin-lan-egin\/#breadcrumb","itemListElement":[{"@type":"ListItem","position":1,"name":"Home","item":"https:\/\/harrobia.net\/es\/"},{"@type":"ListItem","position":2,"name":"Ikastola","item":"https:\/\/harrobia.net\/ikastola\/"},{"@type":"ListItem","position":3,"name":"Trabaja en Harrobia"}]},{"@type":"WebSite","@id":"https:\/\/harrobia.net\/#website","url":"https:\/\/harrobia.net\/","name":"Harrobia Ikastola","description":"Harrobia Lanbide Heziketaren Ikastola","publisher":{"@id":"https:\/\/harrobia.net\/#organization"},"potentialAction":[{"@type":"SearchAction","target":{"@type":"EntryPoint","urlTemplate":"https:\/\/harrobia.net\/?s={search_term_string}"},"query-input":{"@type":"PropertyValueSpecification","valueRequired":true,"valueName":"search_term_string"}}],"inLanguage":"es"},{"@type":"Organization","@id":"https:\/\/harrobia.net\/#organization","name":"Harrobia Ikastola","url":"https:\/\/harrobia.net\/","logo":{"@type":"ImageObject","inLanguage":"es","@id":"https:\/\/harrobia.net\/#\/schema\/logo\/image\/","url":"https:\/\/harrobia.net\/wp-content\/uploads\/2014\/07\/harrobia.png","contentUrl":"https:\/\/harrobia.net\/wp-content\/uploads\/2014\/07\/harrobia.png","width":256,"height":71,"caption":"Harrobia Ikastola"},"image":{"@id":"https:\/\/harrobia.net\/#\/schema\/logo\/image\/"},"sameAs":["https:\/\/www.facebook.com\/HarrobiaIkastola","https:\/\/x.com\/harrobiaikas","https:\/\/www.instagram.com\/harrobiaikastola","https:\/\/www.youtube.com\/user\/IbarezkerraBilbo"]}]}},"jetpack_sharing_enabled":true,"_links":{"self":[{"href":"https:\/\/harrobia.net\/es\/wp-json\/wp\/v2\/pages\/11197","targetHints":{"allow":["GET"]}}],"collection":[{"href":"https:\/\/harrobia.net\/es\/wp-json\/wp\/v2\/pages"}],"about":[{"href":"https:\/\/harrobia.net\/es\/wp-json\/wp\/v2\/types\/page"}],"author":[{"embeddable":true,"href":"https:\/\/harrobia.net\/es\/wp-json\/wp\/v2\/users\/6"}],"replies":[{"embeddable":true,"href":"https:\/\/harrobia.net\/es\/wp-json\/wp\/v2\/comments?post=11197"}],"version-history":[{"count":4,"href":"https:\/\/harrobia.net\/es\/wp-json\/wp\/v2\/pages\/11197\/revisions"}],"predecessor-version":[{"id":20528,"href":"https:\/\/harrobia.net\/es\/wp-json\/wp\/v2\/pages\/11197\/revisions\/20528"}],"up":[{"embeddable":true,"href":"https:\/\/harrobia.net\/es\/wp-json\/wp\/v2\/pages\/81"}],"wp:attachment":[{"href":"https:\/\/harrobia.net\/es\/wp-json\/wp\/v2\/media?parent=11197"}],"curies":[{"name":"wp","href":"https:\/\/api.w.org\/{rel}","templated":true}]}}