{"id":11168,"date":"2017-12-26T07:44:42","date_gmt":"2017-12-26T06:44:42","guid":{"rendered":"http:\/\/harrobia.net?page_id=11168"},"modified":"2024-03-12T13:47:30","modified_gmt":"2024-03-12T12:47:30","slug":"mision-vision-y-valores","status":"publish","type":"page","link":"https:\/\/harrobia.net\/es\/ikastola\/mision-vision-y-valores\/","title":{"rendered":"Misi\u00f3n, visi\u00f3n y valores"},"content":{"rendered":"<p>[et_pb_section fb_built=\u00bb1&#8243; _builder_version=\u00bb4.16&#8243; background_color=\u00bbrgba(171,206,227,0.15)\u00bb custom_padding=\u00bb30px|0px|30px|0px|false|false\u00bb da_disable_devices=\u00bboff|off|off\u00bb global_colors_info=\u00bb{}\u00bb da_is_popup=\u00bboff\u00bb da_exit_intent=\u00bboff\u00bb da_has_close=\u00bbon\u00bb da_alt_close=\u00bboff\u00bb da_dark_close=\u00bboff\u00bb da_not_modal=\u00bbon\u00bb da_is_singular=\u00bboff\u00bb da_with_loader=\u00bboff\u00bb da_has_shadow=\u00bbon\u00bb][et_pb_row _builder_version=\u00bb4.16&#8243; custom_padding=\u00bb0|0px|0|0px|false|false\u00bb global_colors_info=\u00bb{}\u00bb][et_pb_column type=\u00bb4_4&#8243; _builder_version=\u00bb4.16&#8243; custom_padding=\u00bb|||\u00bb global_colors_info=\u00bb{}\u00bb custom_padding__hover=\u00bb|||\u00bb][et_pb_dcsbcm_divi_breadcrumbs_module homebreadcrumbtext=\u00bb<i class=%22fas fa-school%22><\/i> Hasiera\u00bb _builder_version=\u00bb4.16&#8243; fontsbreadcrumbs_font=\u00bb||||||||\u00bb fontsbreadcrumbs_text_color=\u00bb#666666&#8243; fontsseperator_font=\u00bb||||||||\u00bb fontsseperator_text_color=\u00bb#003f7a\u00bb fontsbreadcrumblinks_font=\u00bb||||||||\u00bb fontsbreadcrumblinks_text_color=\u00bb#003f7a\u00bb global_colors_info=\u00bb{}\u00bb][\/et_pb_dcsbcm_divi_breadcrumbs_module][\/et_pb_column][\/et_pb_row][\/et_pb_section][et_pb_section fb_built=\u00bb1&#8243; specialty=\u00bbon\u00bb background_color_1=\u00bb#ffffff\u00bb background_color_2=\u00bb#ffffff\u00bb padding_right_2=\u00bb15px\u00bb padding_left_2=\u00bb15px\u00bb _builder_version=\u00bb4.16&#8243; background_color=\u00bbrgba(171,206,227,0.15)\u00bb custom_padding=\u00bb0||54px||false|false\u00bb da_disable_devices=\u00bboff|off|off\u00bb global_colors_info=\u00bb{}\u00bb da_is_popup=\u00bboff\u00bb da_exit_intent=\u00bboff\u00bb da_has_close=\u00bbon\u00bb da_alt_close=\u00bboff\u00bb da_dark_close=\u00bboff\u00bb da_not_modal=\u00bbon\u00bb da_is_singular=\u00bboff\u00bb da_with_loader=\u00bboff\u00bb da_has_shadow=\u00bbon\u00bb][et_pb_column type=\u00bb3_4&#8243; specialty_columns=\u00bb3&#8243; _builder_version=\u00bb4.16&#8243; custom_padding=\u00bb|||\u00bb global_colors_info=\u00bb{}\u00bb custom_padding__hover=\u00bb|||\u00bb][et_pb_row_inner _builder_version=\u00bb4.16&#8243; background_color=\u00bb#ffffff\u00bb custom_padding=\u00bb25px|15px|30px|15px|false|false\u00bb box_shadow_style=\u00bbpreset3&#8243; global_colors_info=\u00bb{}\u00bb][et_pb_column_inner saved_specialty_column_type=\u00bb3_4&#8243; _builder_version=\u00bb4.16&#8243; custom_padding=\u00bb|||\u00bb global_colors_info=\u00bb{}\u00bb custom_padding__hover=\u00bb|||\u00bb][et_pb_post_title meta=\u00bboff\u00bb featured_image=\u00bboff\u00bb _builder_version=\u00bb4.16&#8243; title_font=\u00bb||||||||\u00bb title_font_size=\u00bb35px\u00bb meta_font=\u00bb||||||||\u00bb max_width=\u00bb70%\u00bb max_width_tablet=\u00bb\u00bb max_width_phone=\u00bb\u00bb max_width_last_edited=\u00bbon|phone\u00bb border_width_bottom=\u00bb1px\u00bb border_color_bottom=\u00bb#003f7a\u00bb global_colors_info=\u00bb{}\u00bb][\/et_pb_post_title][et_pb_text _builder_version=\u00bb4.24.2&#8243; global_colors_info=\u00bb{}\u00bb]<\/p>\n<p>HARROBIA tiene como MISI\u00d3N servir a la sociedad vasca formando personas competentes, facilitando su transici\u00f3n al mundo del trabajo y ayud\u00e1ndoles a crecer profesionalmente a lo largo de toda la vida, desde un proyecto cooperativo, abierto a la innovaci\u00f3n, a crear v\u00ednculos con el entorno empresarial, cultural y social y comprometido con la normalizaci\u00f3n ling\u00fc\u00edstica y los retos sociales actuales (el mercado laboral, la sostenibilidad, la igualdad de g\u00e9nero, la salud y el envejecimiento de la poblaci\u00f3n).<\/p>\n<p><img loading=\"lazy\" decoding=\"async\" class=\"wp-image-49098 alignnone size-large\" src=\"https:\/\/harrobia.net\/wp-content\/uploads\/2024\/03\/HARROBIA-IKASTOLA-FP-1024x600.jpg\" alt=\"\" width=\"1024\" height=\"600\" srcset=\"https:\/\/harrobia.net\/wp-content\/uploads\/2024\/03\/HARROBIA-IKASTOLA-FP-980x575.jpg 980w, https:\/\/harrobia.net\/wp-content\/uploads\/2024\/03\/HARROBIA-IKASTOLA-FP-480x281.jpg 480w\" sizes=\"(min-width: 0px) and (max-width: 480px) 480px, (min-width: 481px) and (max-width: 980px) 980px, (min-width: 981px) 1024px, 100vw\" \/><\/p>\n<p>En Harrobia SOMOS un Centro Integrado de Formaci\u00f3n Profesional:<\/p>\n<ul>\n<li>que genera valor para la industria del deporte y las industrias creativas, a trav\u00e9s de la formaci\u00f3n profesional, el euskera, el servicio de orientaci\u00f3n que ofrecemos y el modelo de colaboraci\u00f3n que proponemos basado en el intercambio de conocimiento, capacidades y recursos.<\/li>\n<li>que sea recomendado por las personas que hayan contactado o pasado por nuestras instalaciones, por el trato personalizado, el euskera y la profesionalidad e implicaci\u00f3n de todas las personas que trabajamos en el mismo.<\/li>\n<li>y que a\u00fana esfuerzos con otros agentes del entorno m\u00e1s cercano para dar respuesta a los retos y necesidades del mismo.<\/li>\n<\/ul>\n<p>Los VALORES que promueve Harrobia son:<\/p>\n<ol>\n<li>Organizaci\u00f3n y gesti\u00f3n \u00e9tica.<\/li>\n<li>Autonom\u00eda y responsabilidad individual.<\/li>\n<li>Solvencia profesional.<\/li>\n<li>Trabajo en grupo para enriquecimiento tanto en lo personal como en lo profesional.<\/li>\n<li>Esp\u00edrito cr\u00edtico y creativo.<\/li>\n<\/ol>\n<p>[\/et_pb_text][\/et_pb_column_inner][\/et_pb_row_inner][\/et_pb_column][et_pb_column type=\u00bb1_4&#8243; _builder_version=\u00bb4.16&#8243; custom_padding=\u00bb|||\u00bb global_colors_info=\u00bb{}\u00bb custom_padding__hover=\u00bb|||\u00bb][et_pb_sidebar area=\u00bbet_pb_widget_area_1&#8243; show_border=\u00bboff\u00bb _builder_version=\u00bb4.16&#8243; header_font=\u00bb||||||||\u00bb header_font_size=\u00bb25px\u00bb body_font=\u00bb||||||||\u00bb body_font_size=\u00bb13px\u00bb global_colors_info=\u00bb{}\u00bb][\/et_pb_sidebar][et_pb_sidebar area=\u00bbet_pb_widget_area_13&#8243; _builder_version=\u00bb4.16&#8243; body_font=\u00bb||||||||\u00bb body_font_size=\u00bb13px\u00bb border_color_all=\u00bbrgba(0,0,0,0)\u00bb global_colors_info=\u00bb{}\u00bb][\/et_pb_sidebar][et_pb_sidebar area=\u00bbet_pb_widget_area_2&#8243; show_border=\u00bboff\u00bb _builder_version=\u00bb4.16&#8243; header_font=\u00bb||||||||\u00bb header_font_size=\u00bb25px\u00bb body_font=\u00bb||||||||\u00bb body_font_size=\u00bb13px\u00bb global_colors_info=\u00bb{}\u00bb][\/et_pb_sidebar][\/et_pb_column][\/et_pb_section]<\/p>\n<span class=\"et_bloom_bottom_trigger\"><\/span>","protected":false},"excerpt":{"rendered":"<p>HARROBIA tiene como MISI\u00d3N servir a la sociedad vasca formando personas competentes, facilitando su transici\u00f3n al mundo del trabajo y ayud\u00e1ndoles a crecer profesionalmente a lo largo de toda la vida, desde un proyecto cooperativo, abierto a la innovaci\u00f3n, a crear v\u00ednculos con el entorno empresarial, cultural y social y comprometido con la normalizaci\u00f3n ling\u00fc\u00edstica [&hellip;]<\/p>\n","protected":false},"author":6,"featured_media":0,"parent":81,"menu_order":0,"comment_status":"closed","ping_status":"closed","template":"","meta":{"_acf_changed":false,"_et_pb_use_builder":"on","_et_pb_old_content":"HARROBIAren EGINKIZUNA Euskal gizarteari zerbitzatzea da taxuzko langileak prestatuz; bidenabar, pertsona horiei laneratzeko aukerak eman eta lan-bizitzan zehar hazten lagundu nahi die. Xede hori proiektu kooperatibo batean oinarritzen da, berrikuntzari so egiten diona, enpresa-,\u00a0 kultur- eta gizarte-ingurunearekin harremanetan dagoena, hizkuntzaren normalizazioarekin\u00a0 eta egungo gizarteak dituen erronkekin (lan merkatua, jasangarritasuna, genero-berdintasuna, biztanleriaren zahartzea) erabateko konpromisoa duena.\r\n\r\n\u00a0\r\n\r\nHARROBIAn Lanbide Heziketako zentro integratua IZAN NAHI DUGU:\r\n<ul>\r\n \t<li>Kirolaren eta industria sortzaileen sektoreetan balioa sortzen duena. Horretarako, lanbide-prestakuntzan, euskaran, eskaintzen duten orientazio zerbitzuan eta ezagupenak, trebetasunak eta errekurtsoak partekatzen dituen elkarlan-eredu batean oinarritzen gara.<\/li>\r\n<\/ul>\r\n\u00a0\r\n<ul>\r\n \t<li>Ezagutu gaituztenek eta bertoko instalazioetatik igaro direnek guregana etortzeko aholkua emango duten pertsonak biltzen dituena, eskainitako tratu pertsonalizatuagatik, euskaragatik eta berton lan egiten dugun guztiok erakutsitako profesionaltasunagatik eta engaiamenduagatik.<\/li>\r\n<\/ul>\r\n\u00a0\r\n<ul>\r\n \t<li>Inguruko beste agente batzuekin batera hurbileko erronkei eta beharrizanei erantzuna emateko ahaleginetan diharduena.<\/li>\r\n<\/ul>\r\nHarrobiak sustatzen dituen BALIOAK honako hauek izango dira:\r\n<ol>\r\n \t<li>Etikan oinarritutako kudeaketa eta antolaketa.<\/li>\r\n \t<li>Autonomia eta banakako erantzukizuna.<\/li>\r\n \t<li>Solbentzia profesionala.<\/li>\r\n \t<li>Talde lana pertsona aberasteko maila pertsonalean eta profesionalean.<\/li>\r\n \t<li>Sen kritikoa eta sortzailea.<\/li>\r\n<\/ol>","_et_gb_content_width":"","_joinchat":[],"footnotes":""},"class_list":["post-11168","page","type-page","status-publish","hentry"],"acf":[],"yoast_head":"<!-- This site is optimized with the Yoast SEO plugin v27.3 - https:\/\/yoast.com\/product\/yoast-seo-wordpress\/ -->\n<title>Misi\u00f3n, visi\u00f3n y valores - Harrobia | Lanbide heziketa Bizkaian<\/title>\n<meta name=\"robots\" content=\"index, follow, max-snippet:-1, max-image-preview:large, max-video-preview:-1\" \/>\n<link rel=\"canonical\" href=\"https:\/\/harrobia.net\/ikastola\/eginkizuna-ikuskera-eta-balioak\/\" \/>\n<meta property=\"og:locale\" content=\"es_ES\" \/>\n<meta property=\"og:type\" content=\"article\" \/>\n<meta property=\"og:title\" content=\"Misi\u00f3n, visi\u00f3n y valores - Harrobia | Lanbide heziketa Bizkaian\" \/>\n<meta property=\"og:url\" content=\"https:\/\/harrobia.net\/ikastola\/eginkizuna-ikuskera-eta-balioak\/\" \/>\n<meta property=\"og:site_name\" content=\"Harrobia Ikastola\" \/>\n<meta property=\"article:publisher\" content=\"https:\/\/www.facebook.com\/HarrobiaIkastola\" \/>\n<meta property=\"article:modified_time\" content=\"2024-03-12T12:47:30+00:00\" \/>\n<meta property=\"og:image\" content=\"https:\/\/harrobia.net\/wp-content\/uploads\/2024\/03\/HARROBIA-IKASTOLA-FP-1024x600.jpg\" \/>\n<meta name=\"twitter:card\" content=\"summary_large_image\" \/>\n<meta name=\"twitter:site\" content=\"@harrobiaikas\" \/>\n<meta name=\"twitter:label1\" content=\"Tiempo de lectura\" \/>\n\t<meta name=\"twitter:data1\" content=\"2 minutos\" \/>\n<script type=\"application\/ld+json\" class=\"yoast-schema-graph\">{\"@context\":\"https:\\\/\\\/schema.org\",\"@graph\":[{\"@type\":\"WebPage\",\"@id\":\"https:\\\/\\\/harrobia.net\\\/ikastola\\\/eginkizuna-ikuskera-eta-balioak\\\/\",\"url\":\"https:\\\/\\\/harrobia.net\\\/ikastola\\\/eginkizuna-ikuskera-eta-balioak\\\/\",\"name\":\"Misi\u00f3n, visi\u00f3n y valores - Harrobia | Lanbide heziketa Bizkaian\",\"isPartOf\":{\"@id\":\"https:\\\/\\\/harrobia.net\\\/#website\"},\"primaryImageOfPage\":{\"@id\":\"https:\\\/\\\/harrobia.net\\\/ikastola\\\/eginkizuna-ikuskera-eta-balioak\\\/#primaryimage\"},\"image\":{\"@id\":\"https:\\\/\\\/harrobia.net\\\/ikastola\\\/eginkizuna-ikuskera-eta-balioak\\\/#primaryimage\"},\"thumbnailUrl\":\"https:\\\/\\\/harrobia.net\\\/wp-content\\\/uploads\\\/2024\\\/03\\\/HARROBIA-IKASTOLA-FP-1024x600.jpg\",\"datePublished\":\"2017-12-26T06:44:42+00:00\",\"dateModified\":\"2024-03-12T12:47:30+00:00\",\"breadcrumb\":{\"@id\":\"https:\\\/\\\/harrobia.net\\\/ikastola\\\/eginkizuna-ikuskera-eta-balioak\\\/#breadcrumb\"},\"inLanguage\":\"es\",\"potentialAction\":[{\"@type\":\"ReadAction\",\"target\":[\"https:\\\/\\\/harrobia.net\\\/ikastola\\\/eginkizuna-ikuskera-eta-balioak\\\/\"]}]},{\"@type\":\"ImageObject\",\"inLanguage\":\"es\",\"@id\":\"https:\\\/\\\/harrobia.net\\\/ikastola\\\/eginkizuna-ikuskera-eta-balioak\\\/#primaryimage\",\"url\":\"https:\\\/\\\/harrobia.net\\\/wp-content\\\/uploads\\\/2024\\\/03\\\/HARROBIA-IKASTOLA-FP-1024x600.jpg\",\"contentUrl\":\"https:\\\/\\\/harrobia.net\\\/wp-content\\\/uploads\\\/2024\\\/03\\\/HARROBIA-IKASTOLA-FP-1024x600.jpg\"},{\"@type\":\"BreadcrumbList\",\"@id\":\"https:\\\/\\\/harrobia.net\\\/ikastola\\\/eginkizuna-ikuskera-eta-balioak\\\/#breadcrumb\",\"itemListElement\":[{\"@type\":\"ListItem\",\"position\":1,\"name\":\"Home\",\"item\":\"https:\\\/\\\/harrobia.net\\\/\"},{\"@type\":\"ListItem\",\"position\":2,\"name\":\"Ikastola\",\"item\":\"https:\\\/\\\/harrobia.net\\\/ikastola\\\/\"},{\"@type\":\"ListItem\",\"position\":3,\"name\":\"Misi\u00f3n, visi\u00f3n y valores\"}]},{\"@type\":\"WebSite\",\"@id\":\"https:\\\/\\\/harrobia.net\\\/#website\",\"url\":\"https:\\\/\\\/harrobia.net\\\/\",\"name\":\"Harrobia Ikastola\",\"description\":\"Harrobia Lanbide Heziketaren Ikastola\",\"publisher\":{\"@id\":\"https:\\\/\\\/harrobia.net\\\/#organization\"},\"potentialAction\":[{\"@type\":\"SearchAction\",\"target\":{\"@type\":\"EntryPoint\",\"urlTemplate\":\"https:\\\/\\\/harrobia.net\\\/?s={search_term_string}\"},\"query-input\":{\"@type\":\"PropertyValueSpecification\",\"valueRequired\":true,\"valueName\":\"search_term_string\"}}],\"inLanguage\":\"es\"},{\"@type\":\"Organization\",\"@id\":\"https:\\\/\\\/harrobia.net\\\/#organization\",\"name\":\"Harrobia Ikastola\",\"url\":\"https:\\\/\\\/harrobia.net\\\/\",\"logo\":{\"@type\":\"ImageObject\",\"inLanguage\":\"es\",\"@id\":\"https:\\\/\\\/harrobia.net\\\/#\\\/schema\\\/logo\\\/image\\\/\",\"url\":\"https:\\\/\\\/harrobia.net\\\/wp-content\\\/uploads\\\/2014\\\/07\\\/harrobia.png\",\"contentUrl\":\"https:\\\/\\\/harrobia.net\\\/wp-content\\\/uploads\\\/2014\\\/07\\\/harrobia.png\",\"width\":256,\"height\":71,\"caption\":\"Harrobia Ikastola\"},\"image\":{\"@id\":\"https:\\\/\\\/harrobia.net\\\/#\\\/schema\\\/logo\\\/image\\\/\"},\"sameAs\":[\"https:\\\/\\\/www.facebook.com\\\/HarrobiaIkastola\",\"https:\\\/\\\/x.com\\\/harrobiaikas\",\"https:\\\/\\\/www.instagram.com\\\/harrobiaikastola\",\"https:\\\/\\\/www.youtube.com\\\/user\\\/IbarezkerraBilbo\"]}]}<\/script>\n<!-- \/ Yoast SEO plugin. -->","yoast_head_json":{"title":"Misi\u00f3n, visi\u00f3n y valores - Harrobia | Lanbide heziketa Bizkaian","robots":{"index":"index","follow":"follow","max-snippet":"max-snippet:-1","max-image-preview":"max-image-preview:large","max-video-preview":"max-video-preview:-1"},"canonical":"https:\/\/harrobia.net\/ikastola\/eginkizuna-ikuskera-eta-balioak\/","og_locale":"es_ES","og_type":"article","og_title":"Misi\u00f3n, visi\u00f3n y valores - Harrobia | Lanbide heziketa Bizkaian","og_url":"https:\/\/harrobia.net\/ikastola\/eginkizuna-ikuskera-eta-balioak\/","og_site_name":"Harrobia Ikastola","article_publisher":"https:\/\/www.facebook.com\/HarrobiaIkastola","article_modified_time":"2024-03-12T12:47:30+00:00","og_image":[{"url":"https:\/\/harrobia.net\/wp-content\/uploads\/2024\/03\/HARROBIA-IKASTOLA-FP-1024x600.jpg","type":"","width":"","height":""}],"twitter_card":"summary_large_image","twitter_site":"@harrobiaikas","twitter_misc":{"Tiempo de lectura":"2 minutos"},"schema":{"@context":"https:\/\/schema.org","@graph":[{"@type":"WebPage","@id":"https:\/\/harrobia.net\/ikastola\/eginkizuna-ikuskera-eta-balioak\/","url":"https:\/\/harrobia.net\/ikastola\/eginkizuna-ikuskera-eta-balioak\/","name":"Misi\u00f3n, visi\u00f3n y valores - Harrobia | Lanbide heziketa Bizkaian","isPartOf":{"@id":"https:\/\/harrobia.net\/#website"},"primaryImageOfPage":{"@id":"https:\/\/harrobia.net\/ikastola\/eginkizuna-ikuskera-eta-balioak\/#primaryimage"},"image":{"@id":"https:\/\/harrobia.net\/ikastola\/eginkizuna-ikuskera-eta-balioak\/#primaryimage"},"thumbnailUrl":"https:\/\/harrobia.net\/wp-content\/uploads\/2024\/03\/HARROBIA-IKASTOLA-FP-1024x600.jpg","datePublished":"2017-12-26T06:44:42+00:00","dateModified":"2024-03-12T12:47:30+00:00","breadcrumb":{"@id":"https:\/\/harrobia.net\/ikastola\/eginkizuna-ikuskera-eta-balioak\/#breadcrumb"},"inLanguage":"es","potentialAction":[{"@type":"ReadAction","target":["https:\/\/harrobia.net\/ikastola\/eginkizuna-ikuskera-eta-balioak\/"]}]},{"@type":"ImageObject","inLanguage":"es","@id":"https:\/\/harrobia.net\/ikastola\/eginkizuna-ikuskera-eta-balioak\/#primaryimage","url":"https:\/\/harrobia.net\/wp-content\/uploads\/2024\/03\/HARROBIA-IKASTOLA-FP-1024x600.jpg","contentUrl":"https:\/\/harrobia.net\/wp-content\/uploads\/2024\/03\/HARROBIA-IKASTOLA-FP-1024x600.jpg"},{"@type":"BreadcrumbList","@id":"https:\/\/harrobia.net\/ikastola\/eginkizuna-ikuskera-eta-balioak\/#breadcrumb","itemListElement":[{"@type":"ListItem","position":1,"name":"Home","item":"https:\/\/harrobia.net\/"},{"@type":"ListItem","position":2,"name":"Ikastola","item":"https:\/\/harrobia.net\/ikastola\/"},{"@type":"ListItem","position":3,"name":"Misi\u00f3n, visi\u00f3n y valores"}]},{"@type":"WebSite","@id":"https:\/\/harrobia.net\/#website","url":"https:\/\/harrobia.net\/","name":"Harrobia Ikastola","description":"Harrobia Lanbide Heziketaren Ikastola","publisher":{"@id":"https:\/\/harrobia.net\/#organization"},"potentialAction":[{"@type":"SearchAction","target":{"@type":"EntryPoint","urlTemplate":"https:\/\/harrobia.net\/?s={search_term_string}"},"query-input":{"@type":"PropertyValueSpecification","valueRequired":true,"valueName":"search_term_string"}}],"inLanguage":"es"},{"@type":"Organization","@id":"https:\/\/harrobia.net\/#organization","name":"Harrobia Ikastola","url":"https:\/\/harrobia.net\/","logo":{"@type":"ImageObject","inLanguage":"es","@id":"https:\/\/harrobia.net\/#\/schema\/logo\/image\/","url":"https:\/\/harrobia.net\/wp-content\/uploads\/2014\/07\/harrobia.png","contentUrl":"https:\/\/harrobia.net\/wp-content\/uploads\/2014\/07\/harrobia.png","width":256,"height":71,"caption":"Harrobia Ikastola"},"image":{"@id":"https:\/\/harrobia.net\/#\/schema\/logo\/image\/"},"sameAs":["https:\/\/www.facebook.com\/HarrobiaIkastola","https:\/\/x.com\/harrobiaikas","https:\/\/www.instagram.com\/harrobiaikastola","https:\/\/www.youtube.com\/user\/IbarezkerraBilbo"]}]}},"jetpack_sharing_enabled":true,"_links":{"self":[{"href":"https:\/\/harrobia.net\/es\/wp-json\/wp\/v2\/pages\/11168","targetHints":{"allow":["GET"]}}],"collection":[{"href":"https:\/\/harrobia.net\/es\/wp-json\/wp\/v2\/pages"}],"about":[{"href":"https:\/\/harrobia.net\/es\/wp-json\/wp\/v2\/types\/page"}],"author":[{"embeddable":true,"href":"https:\/\/harrobia.net\/es\/wp-json\/wp\/v2\/users\/6"}],"replies":[{"embeddable":true,"href":"https:\/\/harrobia.net\/es\/wp-json\/wp\/v2\/comments?post=11168"}],"version-history":[{"count":3,"href":"https:\/\/harrobia.net\/es\/wp-json\/wp\/v2\/pages\/11168\/revisions"}],"predecessor-version":[{"id":49101,"href":"https:\/\/harrobia.net\/es\/wp-json\/wp\/v2\/pages\/11168\/revisions\/49101"}],"up":[{"embeddable":true,"href":"https:\/\/harrobia.net\/es\/wp-json\/wp\/v2\/pages\/81"}],"wp:attachment":[{"href":"https:\/\/harrobia.net\/es\/wp-json\/wp\/v2\/media?parent=11168"}],"curies":[{"name":"wp","href":"https:\/\/api.w.org\/{rel}","templated":true}]}}